{"id":953,"date":"2014-03-12T08:31:55","date_gmt":"2014-03-12T08:31:55","guid":{"rendered":"http:\/\/wp.ohmtalschule.de\/wordpress\/?page_id=953"},"modified":"2014-03-12T10:57:43","modified_gmt":"2014-03-12T10:57:43","slug":"unfaelle-von-schuelern","status":"publish","type":"page","link":"https:\/\/ohmtalschule.de\/?page_id=953","title":{"rendered":"Unf\u00e4lle von Sch\u00fclern"},"content":{"rendered":"<p>Im Falle eines Unfalls w\u00e4hrend einer schulischer Veranstaltung sind ihre Kinder \u00fcber die Unfallkasse Hessen versichert. Siehe auch: <a title=\"http:\/\/www.ukh.de\/die-ukh\/versicherte\/\" href=\"http:\/\/www.ukh.de\/die-ukh\/versicherte\/\">http:\/\/www.ukh.de\/die-ukh\/versicherte\/<\/a><\/p>\n<p>Sollte es zu einem Unfall gekommen sein, so f\u00fcllen sie bitte das <em>Formular\u00a0Unfallanzeige<\/em> aus und geben dieses im Sekretariat der Ohmtalschule ab. Wir leiten die Meldung an die Unfallkasse weiter.<\/p>\n<p>Formular Unfallanzeige:<\/p>\n<p class=\"gde-text\"><a href=\"https:\/\/ohmtalschule.de\/wordpress\/wp-content\/uploads\/2014\/03\/07_2011_unfallanzeige_suv.pdf\" class=\"gde-link\">Download (PDF, 230KB)<\/a><\/p>\n<iframe src=\"\/\/docs.google.com\/viewer?url=https%3A%2F%2Fohmtalschule.de%2Fwordpress%2Fwp-content%2Fuploads%2F2014%2F03%2F07_2011_unfallanzeige_suv.pdf&hl=de&embedded=true\" class=\"gde-frame\" style=\"width:80%; height:500px; border: none;\" scrolling=\"no\"><\/iframe>\n","protected":false},"excerpt":{"rendered":"<p>Im Falle eines Unfalls w\u00e4hrend einer schulischer Veranstaltung sind ihre Kinder \u00fcber die Unfallkasse Hessen versichert. Siehe auch: http:\/\/www.ukh.de\/die-ukh\/versicherte\/ Sollte es zu einem Unfall gekommen sein, so f\u00fcllen sie bitte das Formular\u00a0Unfallanzeige aus und geben dieses im Sekretariat der Ohmtalschule ab. Wir leiten die Meldung an die Unfallkasse weiter. Formular Unfallanzeige:<\/p>\n","protected":false},"author":6,"featured_media":0,"parent":76,"menu_order":0,"comment_status":"closed","ping_status":"closed","template":"page-templates\/full-width.php","meta":{"footnotes":""},"class_list":["post-953","page","type-page","status-publish","hentry"],"yoast_head":"<!-- This site is optimized with the Yoast SEO plugin v27.4 - https:\/\/yoast.com\/product\/yoast-seo-wordpress\/ -->\n<title>Unf\u00e4lle von Sch\u00fclern - Ohmtalschule Homberg<\/title>\n<meta name=\"robots\" content=\"index, follow, max-snippet:-1, max-image-preview:large, max-video-preview:-1\" \/>\n<link rel=\"canonical\" href=\"https:\/\/ohmtalschule.de\/?page_id=953\" \/>\n<meta property=\"og:locale\" content=\"de_DE\" \/>\n<meta property=\"og:type\" content=\"article\" \/>\n<meta property=\"og:title\" content=\"Unf\u00e4lle von Sch\u00fclern - Ohmtalschule Homberg\" \/>\n<meta property=\"og:description\" content=\"Im Falle eines Unfalls w\u00e4hrend einer schulischer Veranstaltung sind ihre Kinder \u00fcber die Unfallkasse Hessen versichert. Siehe auch: http:\/\/www.ukh.de\/die-ukh\/versicherte\/ Sollte es zu einem Unfall gekommen sein, so f\u00fcllen sie bitte das Formular\u00a0Unfallanzeige aus und geben dieses im Sekretariat der Ohmtalschule ab. Wir leiten die Meldung an die Unfallkasse weiter. Formular Unfallanzeige:\" \/>\n<meta property=\"og:url\" content=\"https:\/\/ohmtalschule.de\/?page_id=953\" \/>\n<meta property=\"og:site_name\" content=\"Ohmtalschule Homberg\" \/>\n<meta property=\"article:modified_time\" content=\"2014-03-12T10:57:43+00:00\" \/>\n<meta name=\"twitter:card\" content=\"summary_large_image\" \/>\n<script type=\"application\/ld+json\" class=\"yoast-schema-graph\">{\"@context\":\"https:\\\/\\\/schema.org\",\"@graph\":[{\"@type\":\"WebPage\",\"@id\":\"https:\\\/\\\/ohmtalschule.de\\\/?page_id=953\",\"url\":\"https:\\\/\\\/ohmtalschule.de\\\/?page_id=953\",\"name\":\"Unf\u00e4lle von Sch\u00fclern - Ohmtalschule Homberg\",\"isPartOf\":{\"@id\":\"https:\\\/\\\/ohmtalschule.de\\\/#website\"},\"datePublished\":\"2014-03-12T08:31:55+00:00\",\"dateModified\":\"2014-03-12T10:57:43+00:00\",\"breadcrumb\":{\"@id\":\"https:\\\/\\\/ohmtalschule.de\\\/?page_id=953#breadcrumb\"},\"inLanguage\":\"de\",\"potentialAction\":[{\"@type\":\"ReadAction\",\"target\":[\"https:\\\/\\\/ohmtalschule.de\\\/?page_id=953\"]}]},{\"@type\":\"BreadcrumbList\",\"@id\":\"https:\\\/\\\/ohmtalschule.de\\\/?page_id=953#breadcrumb\",\"itemListElement\":[{\"@type\":\"ListItem\",\"position\":1,\"name\":\"Startseite\",\"item\":\"https:\\\/\\\/ohmtalschule.de\\\/\"},{\"@type\":\"ListItem\",\"position\":2,\"name\":\"Eltern\",\"item\":\"https:\\\/\\\/ohmtalschule.de\\\/?page_id=76\"},{\"@type\":\"ListItem\",\"position\":3,\"name\":\"Unf\u00e4lle von Sch\u00fclern\"}]},{\"@type\":\"WebSite\",\"@id\":\"https:\\\/\\\/ohmtalschule.de\\\/#website\",\"url\":\"https:\\\/\\\/ohmtalschule.de\\\/\",\"name\":\"Ohmtalschule Homberg\",\"description\":\"Gesamtschule des Vogelsbergkreises\",\"potentialAction\":[{\"@type\":\"SearchAction\",\"target\":{\"@type\":\"EntryPoint\",\"urlTemplate\":\"https:\\\/\\\/ohmtalschule.de\\\/?s={search_term_string}\"},\"query-input\":{\"@type\":\"PropertyValueSpecification\",\"valueRequired\":true,\"valueName\":\"search_term_string\"}}],\"inLanguage\":\"de\"}]}<\/script>\n<!-- \/ Yoast SEO plugin. -->","yoast_head_json":{"title":"Unf\u00e4lle von Sch\u00fclern - Ohmtalschule Homberg","robots":{"index":"index","follow":"follow","max-snippet":"max-snippet:-1","max-image-preview":"max-image-preview:large","max-video-preview":"max-video-preview:-1"},"canonical":"https:\/\/ohmtalschule.de\/?page_id=953","og_locale":"de_DE","og_type":"article","og_title":"Unf\u00e4lle von Sch\u00fclern - Ohmtalschule Homberg","og_description":"Im Falle eines Unfalls w\u00e4hrend einer schulischer Veranstaltung sind ihre Kinder \u00fcber die Unfallkasse Hessen versichert. Siehe auch: http:\/\/www.ukh.de\/die-ukh\/versicherte\/ Sollte es zu einem Unfall gekommen sein, so f\u00fcllen sie bitte das Formular\u00a0Unfallanzeige aus und geben dieses im Sekretariat der Ohmtalschule ab. Wir leiten die Meldung an die Unfallkasse weiter. Formular Unfallanzeige:","og_url":"https:\/\/ohmtalschule.de\/?page_id=953","og_site_name":"Ohmtalschule Homberg","article_modified_time":"2014-03-12T10:57:43+00:00","twitter_card":"summary_large_image","schema":{"@context":"https:\/\/schema.org","@graph":[{"@type":"WebPage","@id":"https:\/\/ohmtalschule.de\/?page_id=953","url":"https:\/\/ohmtalschule.de\/?page_id=953","name":"Unf\u00e4lle von Sch\u00fclern - Ohmtalschule Homberg","isPartOf":{"@id":"https:\/\/ohmtalschule.de\/#website"},"datePublished":"2014-03-12T08:31:55+00:00","dateModified":"2014-03-12T10:57:43+00:00","breadcrumb":{"@id":"https:\/\/ohmtalschule.de\/?page_id=953#breadcrumb"},"inLanguage":"de","potentialAction":[{"@type":"ReadAction","target":["https:\/\/ohmtalschule.de\/?page_id=953"]}]},{"@type":"BreadcrumbList","@id":"https:\/\/ohmtalschule.de\/?page_id=953#breadcrumb","itemListElement":[{"@type":"ListItem","position":1,"name":"Startseite","item":"https:\/\/ohmtalschule.de\/"},{"@type":"ListItem","position":2,"name":"Eltern","item":"https:\/\/ohmtalschule.de\/?page_id=76"},{"@type":"ListItem","position":3,"name":"Unf\u00e4lle von Sch\u00fclern"}]},{"@type":"WebSite","@id":"https:\/\/ohmtalschule.de\/#website","url":"https:\/\/ohmtalschule.de\/","name":"Ohmtalschule Homberg","description":"Gesamtschule des Vogelsbergkreises","potentialAction":[{"@type":"SearchAction","target":{"@type":"EntryPoint","urlTemplate":"https:\/\/ohmtalschule.de\/?s={search_term_string}"},"query-input":{"@type":"PropertyValueSpecification","valueRequired":true,"valueName":"search_term_string"}}],"inLanguage":"de"}]}},"_links":{"self":[{"href":"https:\/\/ohmtalschule.de\/index.php?rest_route=\/wp\/v2\/pages\/953","targetHints":{"allow":["GET"]}}],"collection":[{"href":"https:\/\/ohmtalschule.de\/index.php?rest_route=\/wp\/v2\/pages"}],"about":[{"href":"https:\/\/ohmtalschule.de\/index.php?rest_route=\/wp\/v2\/types\/page"}],"author":[{"embeddable":true,"href":"https:\/\/ohmtalschule.de\/index.php?rest_route=\/wp\/v2\/users\/6"}],"replies":[{"embeddable":true,"href":"https:\/\/ohmtalschule.de\/index.php?rest_route=%2Fwp%2Fv2%2Fcomments&post=953"}],"version-history":[{"count":0,"href":"https:\/\/ohmtalschule.de\/index.php?rest_route=\/wp\/v2\/pages\/953\/revisions"}],"up":[{"embeddable":true,"href":"https:\/\/ohmtalschule.de\/index.php?rest_route=\/wp\/v2\/pages\/76"}],"wp:attachment":[{"href":"https:\/\/ohmtalschule.de\/index.php?rest_route=%2Fwp%2Fv2%2Fmedia&parent=953"}],"curies":[{"name":"wp","href":"https:\/\/api.w.org\/{rel}","templated":true}]}}