{"id":929,"date":"2014-03-10T14:51:05","date_gmt":"2014-03-10T14:51:05","guid":{"rendered":"http:\/\/wp.ohmtalschule.de\/wordpress\/?page_id=929"},"modified":"2014-03-10T14:52:12","modified_gmt":"2014-03-10T14:52:12","slug":"gebuehrenordnung-4","status":"publish","type":"page","link":"https:\/\/ohmtalschule.de\/?page_id=929","title":{"rendered":"Geb\u00fchrenordnung (4)"},"content":{"rendered":"<p><b>Stand: April 2006<\/b><\/p>\n<ol>\n<li>Die Ausleihe von Medien aller Art ist kostenlos.<\/li>\n<li>F\u00fcr die Ausleihe von audio-visuellen Materialien (CDs \/ CD-Roms \/ DVDs) ben\u00f6tigt man eine Ausleihberechtigung. Sie kostet einmalig den Betrag von 5 \u20ac.<\/li>\n<li>Bei versp\u00e4teter R\u00fcckgabe werden S\u00e4umnisgeb\u00fchren f\u00e4llig, 010 \u20ac pro Tag und pro Medium (0,50 \u20ac bei Nacht- oder Wochenendausleihe).<\/li>\n<li>Bei Mahnungen werden die Portokosten bzw. Telefonkosten auf die S\u00e4umnisgeb\u00fchr aufgeschlagen.<\/li>\n<li>Die Benutzung der PCs ist f\u00fcr die Recherche (Buchsuche) kostenlos.<\/li>\n<li>F\u00fcr die Benutzung des Bibliothekskopierers wird eine Geb\u00fchr erhoben, f\u00fcr eine Seite s\/w-Druck 0,15 \u20ac.<\/li>\n<li>F\u00fcr den Verlust von Medien werden pauschale Ersatzanspr\u00fcche gestellt, die sich an der H\u00f6he der Anschaffungskosten orientieren. Sie schwanken zwischen 5 und 40 \u20ac bzw. h\u00f6her nach Anschaffungskosten.<\/li>\n<\/ol>\n","protected":false},"excerpt":{"rendered":"<p>Stand: April 2006 Die Ausleihe von Medien aller Art ist kostenlos. F\u00fcr die Ausleihe von audio-visuellen Materialien (CDs \/ CD-Roms \/ DVDs) ben\u00f6tigt man eine Ausleihberechtigung. Sie kostet einmalig den Betrag von 5 \u20ac. Bei versp\u00e4teter R\u00fcckgabe werden S\u00e4umnisgeb\u00fchren f\u00e4llig, 010 \u20ac pro Tag und pro Medium (0,50 \u20ac bei Nacht- oder Wochenendausleihe). Bei Mahnungen &hellip; <a href=\"https:\/\/ohmtalschule.de\/?page_id=929\" class=\"more-link\"><span class=\"screen-reader-text\">Geb\u00fchrenordnung (4)<\/span> weiterlesen <span class=\"meta-nav\">&rarr;<\/span><\/a><\/p>\n","protected":false},"author":2,"featured_media":0,"parent":143,"menu_order":30,"comment_status":"closed","ping_status":"closed","template":"page-templates\/full-width.php","meta":{"footnotes":""},"class_list":["post-929","page","type-page","status-publish","hentry"],"yoast_head":"<!-- This site is optimized with the Yoast SEO plugin v27.4 - https:\/\/yoast.com\/product\/yoast-seo-wordpress\/ -->\n<title>Geb\u00fchrenordnung (4) - Ohmtalschule Homberg<\/title>\n<meta name=\"robots\" content=\"index, follow, max-snippet:-1, max-image-preview:large, max-video-preview:-1\" \/>\n<link rel=\"canonical\" href=\"https:\/\/ohmtalschule.de\/?page_id=929\" \/>\n<meta property=\"og:locale\" content=\"de_DE\" \/>\n<meta property=\"og:type\" content=\"article\" \/>\n<meta property=\"og:title\" content=\"Geb\u00fchrenordnung (4) - Ohmtalschule Homberg\" \/>\n<meta property=\"og:description\" content=\"Stand: April 2006 Die Ausleihe von Medien aller Art ist kostenlos. F\u00fcr die Ausleihe von audio-visuellen Materialien (CDs \/ CD-Roms \/ DVDs) ben\u00f6tigt man eine Ausleihberechtigung. Sie kostet einmalig den Betrag von 5 \u20ac. Bei versp\u00e4teter R\u00fcckgabe werden S\u00e4umnisgeb\u00fchren f\u00e4llig, 010 \u20ac pro Tag und pro Medium (0,50 \u20ac bei Nacht- oder Wochenendausleihe). Bei Mahnungen &hellip; Geb\u00fchrenordnung (4) weiterlesen &rarr;\" \/>\n<meta property=\"og:url\" content=\"https:\/\/ohmtalschule.de\/?page_id=929\" \/>\n<meta property=\"og:site_name\" content=\"Ohmtalschule Homberg\" \/>\n<meta property=\"article:modified_time\" content=\"2014-03-10T14:52:12+00:00\" \/>\n<meta name=\"twitter:card\" content=\"summary_large_image\" \/>\n<meta name=\"twitter:label1\" content=\"Gesch\u00e4tzte Lesezeit\" \/>\n\t<meta name=\"twitter:data1\" content=\"1\u00a0Minute\" \/>\n<script type=\"application\/ld+json\" class=\"yoast-schema-graph\">{\"@context\":\"https:\\\/\\\/schema.org\",\"@graph\":[{\"@type\":\"WebPage\",\"@id\":\"https:\\\/\\\/ohmtalschule.de\\\/?page_id=929\",\"url\":\"https:\\\/\\\/ohmtalschule.de\\\/?page_id=929\",\"name\":\"Geb\u00fchrenordnung (4) - Ohmtalschule Homberg\",\"isPartOf\":{\"@id\":\"https:\\\/\\\/ohmtalschule.de\\\/#website\"},\"datePublished\":\"2014-03-10T14:51:05+00:00\",\"dateModified\":\"2014-03-10T14:52:12+00:00\",\"breadcrumb\":{\"@id\":\"https:\\\/\\\/ohmtalschule.de\\\/?page_id=929#breadcrumb\"},\"inLanguage\":\"de\",\"potentialAction\":[{\"@type\":\"ReadAction\",\"target\":[\"https:\\\/\\\/ohmtalschule.de\\\/?page_id=929\"]}]},{\"@type\":\"BreadcrumbList\",\"@id\":\"https:\\\/\\\/ohmtalschule.de\\\/?page_id=929#breadcrumb\",\"itemListElement\":[{\"@type\":\"ListItem\",\"position\":1,\"name\":\"Startseite\",\"item\":\"https:\\\/\\\/ohmtalschule.de\\\/\"},{\"@type\":\"ListItem\",\"position\":2,\"name\":\"Stadt- &#038; Schulbibliothek\",\"item\":\"https:\\\/\\\/ohmtalschule.de\\\/?page_id=143\"},{\"@type\":\"ListItem\",\"position\":3,\"name\":\"Geb\u00fchrenordnung (4)\"}]},{\"@type\":\"WebSite\",\"@id\":\"https:\\\/\\\/ohmtalschule.de\\\/#website\",\"url\":\"https:\\\/\\\/ohmtalschule.de\\\/\",\"name\":\"Ohmtalschule Homberg\",\"description\":\"Gesamtschule des Vogelsbergkreises\",\"potentialAction\":[{\"@type\":\"SearchAction\",\"target\":{\"@type\":\"EntryPoint\",\"urlTemplate\":\"https:\\\/\\\/ohmtalschule.de\\\/?s={search_term_string}\"},\"query-input\":{\"@type\":\"PropertyValueSpecification\",\"valueRequired\":true,\"valueName\":\"search_term_string\"}}],\"inLanguage\":\"de\"}]}<\/script>\n<!-- \/ Yoast SEO plugin. -->","yoast_head_json":{"title":"Geb\u00fchrenordnung (4) - Ohmtalschule Homberg","robots":{"index":"index","follow":"follow","max-snippet":"max-snippet:-1","max-image-preview":"max-image-preview:large","max-video-preview":"max-video-preview:-1"},"canonical":"https:\/\/ohmtalschule.de\/?page_id=929","og_locale":"de_DE","og_type":"article","og_title":"Geb\u00fchrenordnung (4) - Ohmtalschule Homberg","og_description":"Stand: April 2006 Die Ausleihe von Medien aller Art ist kostenlos. F\u00fcr die Ausleihe von audio-visuellen Materialien (CDs \/ CD-Roms \/ DVDs) ben\u00f6tigt man eine Ausleihberechtigung. Sie kostet einmalig den Betrag von 5 \u20ac. Bei versp\u00e4teter R\u00fcckgabe werden S\u00e4umnisgeb\u00fchren f\u00e4llig, 010 \u20ac pro Tag und pro Medium (0,50 \u20ac bei Nacht- oder Wochenendausleihe). Bei Mahnungen &hellip; Geb\u00fchrenordnung (4) weiterlesen &rarr;","og_url":"https:\/\/ohmtalschule.de\/?page_id=929","og_site_name":"Ohmtalschule Homberg","article_modified_time":"2014-03-10T14:52:12+00:00","twitter_card":"summary_large_image","twitter_misc":{"Gesch\u00e4tzte Lesezeit":"1\u00a0Minute"},"schema":{"@context":"https:\/\/schema.org","@graph":[{"@type":"WebPage","@id":"https:\/\/ohmtalschule.de\/?page_id=929","url":"https:\/\/ohmtalschule.de\/?page_id=929","name":"Geb\u00fchrenordnung (4) - Ohmtalschule Homberg","isPartOf":{"@id":"https:\/\/ohmtalschule.de\/#website"},"datePublished":"2014-03-10T14:51:05+00:00","dateModified":"2014-03-10T14:52:12+00:00","breadcrumb":{"@id":"https:\/\/ohmtalschule.de\/?page_id=929#breadcrumb"},"inLanguage":"de","potentialAction":[{"@type":"ReadAction","target":["https:\/\/ohmtalschule.de\/?page_id=929"]}]},{"@type":"BreadcrumbList","@id":"https:\/\/ohmtalschule.de\/?page_id=929#breadcrumb","itemListElement":[{"@type":"ListItem","position":1,"name":"Startseite","item":"https:\/\/ohmtalschule.de\/"},{"@type":"ListItem","position":2,"name":"Stadt- &#038; Schulbibliothek","item":"https:\/\/ohmtalschule.de\/?page_id=143"},{"@type":"ListItem","position":3,"name":"Geb\u00fchrenordnung (4)"}]},{"@type":"WebSite","@id":"https:\/\/ohmtalschule.de\/#website","url":"https:\/\/ohmtalschule.de\/","name":"Ohmtalschule Homberg","description":"Gesamtschule des Vogelsbergkreises","potentialAction":[{"@type":"SearchAction","target":{"@type":"EntryPoint","urlTemplate":"https:\/\/ohmtalschule.de\/?s={search_term_string}"},"query-input":{"@type":"PropertyValueSpecification","valueRequired":true,"valueName":"search_term_string"}}],"inLanguage":"de"}]}},"_links":{"self":[{"href":"https:\/\/ohmtalschule.de\/index.php?rest_route=\/wp\/v2\/pages\/929","targetHints":{"allow":["GET"]}}],"collection":[{"href":"https:\/\/ohmtalschule.de\/index.php?rest_route=\/wp\/v2\/pages"}],"about":[{"href":"https:\/\/ohmtalschule.de\/index.php?rest_route=\/wp\/v2\/types\/page"}],"author":[{"embeddable":true,"href":"https:\/\/ohmtalschule.de\/index.php?rest_route=\/wp\/v2\/users\/2"}],"replies":[{"embeddable":true,"href":"https:\/\/ohmtalschule.de\/index.php?rest_route=%2Fwp%2Fv2%2Fcomments&post=929"}],"version-history":[{"count":0,"href":"https:\/\/ohmtalschule.de\/index.php?rest_route=\/wp\/v2\/pages\/929\/revisions"}],"up":[{"embeddable":true,"href":"https:\/\/ohmtalschule.de\/index.php?rest_route=\/wp\/v2\/pages\/143"}],"wp:attachment":[{"href":"https:\/\/ohmtalschule.de\/index.php?rest_route=%2Fwp%2Fv2%2Fmedia&parent=929"}],"curies":[{"name":"wp","href":"https:\/\/api.w.org\/{rel}","templated":true}]}}