{"id":776,"date":"2014-03-04T11:23:25","date_gmt":"2014-03-04T11:23:25","guid":{"rendered":"http:\/\/wp.ohmtalschule.de\/wordpress\/?page_id=776"},"modified":"2015-04-29T11:50:55","modified_gmt":"2015-04-29T11:50:55","slug":"beratungsangebote","status":"publish","type":"page","link":"https:\/\/ohmtalschule.de\/?page_id=776","title":{"rendered":"Beratungsangebote \/ Zust\u00e4ndigkeiten"},"content":{"rendered":"<p>F\u00fcr Beratung stehen Ihnen zur Verf\u00fcgung:<\/p>\n\n<table id=\"tablepress-26\" class=\"tablepress tablepress-id-26\">\n<thead>\n<tr class=\"row-1\">\n\t<th class=\"column-1\">Beratungsangebot<\/th><th class=\"column-2\">Zust\u00e4ndigkeit<\/th><th class=\"column-3\">Beschreibung<\/th>\n<\/tr>\n<\/thead>\n<tbody class=\"row-striping row-hover\">\n<tr class=\"row-2\">\n\t<td class=\"column-1\">Suchtpr\u00e4vention<\/td><td class=\"column-2\">Frau Hartmann<\/td><td class=\"column-3\"><\/td>\n<\/tr>\n<tr class=\"row-3\">\n\t<td class=\"column-1\">Jugendmedienschutz<\/td><td class=\"column-2\">Herr K\u00fcnz<br \/>\nHerr Gauger<br \/>\nHerr Falk<\/td><td class=\"column-3\"><\/td>\n<\/tr>\n<tr class=\"row-4\">\n\t<td class=\"column-1\">Vertrauensperson bei sexualisierten \u00dcbergriffe<\/td><td class=\"column-2\">Frau Gloth<br \/>\nHerr Gauger<\/td><td class=\"column-3\"><\/td>\n<\/tr>\n<tr class=\"row-5\">\n\t<td class=\"column-1\">Vertrauenslehrer<\/td><td class=\"column-2\">Frau Wasik, Herr Gauger<\/td><td class=\"column-3\"><\/td>\n<\/tr>\n<tr class=\"row-6\">\n\t<td class=\"column-1\">Beufsberatung<\/td><td class=\"column-2\">Frau Schmuck<\/td><td class=\"column-3\">Angebot der Bundesagentur f\u00fcr Arbeit, mittwochs<\/td>\n<\/tr>\n<tr class=\"row-7\">\n\t<td class=\"column-1\">Unterst\u00fctzung bei Bewerbungen<\/td><td class=\"column-2\">Frau Franz, Herr Hermann<\/td><td class=\"column-3\"><\/td>\n<\/tr>\n<tr class=\"row-8\">\n\t<td class=\"column-1\">Schullaufbahnberatung f\u00fcr Haupt- und Realsch\u00fcler<\/td><td class=\"column-2\">Herr Ludwig<\/td><td class=\"column-3\"><\/td>\n<\/tr>\n<tr class=\"row-9\">\n\t<td class=\"column-1\">Schullaufbahnberatung f\u00fcr Sch\u00fcler des Gymnasialzweiges<\/td><td class=\"column-2\">Frau Hartmann<\/td><td class=\"column-3\"><\/td>\n<\/tr>\n<tr class=\"row-10\">\n\t<td class=\"column-1\">P\u00e4dagogische Beratung und F\u00f6rderung \/ Inklusive Beschulung<\/td><td class=\"column-2\">Frau Gloth<br \/>\nFrau Montermann<br \/>\n<br \/>\n<\/td><td class=\"column-3\"><a href=\"http:\/\/https:\/\/ohmtalschule.de\/wordpress\/?page_id=441\">Die Abteilung f\u00fcr Erziehungshilfe<\/a><\/td>\n<\/tr>\n<tr class=\"row-11\">\n\t<td class=\"column-1\">Schulbezogene Jugendsozialarbeit<\/td><td class=\"column-2\">Frau Gr\u00fcn<\/td><td class=\"column-3\"><a href=\"http:\/\/https:\/\/ohmtalschule.de\/wordpress\/?page_id=1666\">Schulbezogene Jugendsozialarbeit<\/a><\/td>\n<\/tr>\n<\/tbody>\n<\/table>\n<!-- #tablepress-26 from cache -->\n<p>Haben Sie Fragen? Wir helfen gern:<\/p>\n\n<table id=\"tablepress-27\" class=\"tablepress tablepress-id-27\">\n<thead>\n<tr class=\"row-1\">\n\t<th class=\"column-1\">Aufgabe<\/th><th class=\"column-2\">Zust\u00e4ndigkeit<\/th><th class=\"column-3\">Beschreibung<\/th>\n<\/tr>\n<\/thead>\n<tbody class=\"row-striping\">\n<tr class=\"row-2\">\n\t<td class=\"column-1\">An- und Abmeldung von Sch\u00fclern<\/td><td class=\"column-2\">Herr R\u00f6hrscheid<\/td><td class=\"column-3\"><\/td>\n<\/tr>\n<tr class=\"row-3\">\n\t<td class=\"column-1\">Stunden- und Vertretungsplan<\/td><td class=\"column-2\">Herr Leifhelm<\/td><td class=\"column-3\"><\/td>\n<\/tr>\n<tr class=\"row-4\">\n\t<td class=\"column-1\">Bustransport<\/td><td class=\"column-2\">Herr Leifhelm<\/td><td class=\"column-3\"><\/td>\n<\/tr>\n<tr class=\"row-5\">\n\t<td class=\"column-1\">Betriebspraktikum f\u00fcr Sch\u00fcler<\/td><td class=\"column-2\">Frau Franz, Herr Hermann<\/td><td class=\"column-3\"><\/td>\n<\/tr>\n<tr class=\"row-6\">\n\t<td class=\"column-1\">Girls' und Boys' Day<\/td><td class=\"column-2\">Frau Franz, Herr Hermann<\/td><td class=\"column-3\"><\/td>\n<\/tr>\n<tr class=\"row-7\">\n\t<td class=\"column-1\">Jugendaustausch mit Thouar\u00e9 (Frankreich)<\/td><td class=\"column-2\">Frau Bardelmann<br \/>\nFrau Wei\u00df<\/td><td class=\"column-3\"><\/td>\n<\/tr>\n<tr class=\"row-8\">\n\t<td class=\"column-1\">Sch\u00fcleraustausch mit Afjord (Norwegen)<\/td><td class=\"column-2\">Herr Brosig<\/td><td class=\"column-3\"><\/td>\n<\/tr>\n<tr class=\"row-9\">\n\t<td class=\"column-1\">Praktikum der Lehramtsstudenten<\/td><td class=\"column-2\">Herr Leifhelm<\/td><td class=\"column-3\"><\/td>\n<\/tr>\n<tr class=\"row-10\">\n\t<td class=\"column-1\">Belegungsplan der Sporthalle f\u00fcr die Vereine<\/td><td class=\"column-2\">Herr Lanz<\/td><td class=\"column-3\"><\/td>\n<\/tr>\n<tr class=\"row-11\">\n\t<td class=\"column-1\">Datenschutzbeauftragte<\/td><td class=\"column-2\">Herr Falk<\/td><td class=\"column-3\"><\/td>\n<\/tr>\n<tr class=\"row-12\">\n\t<td class=\"column-1\">Sicherheitsbeauftragter<\/td><td class=\"column-2\">Herr Venediger<\/td><td class=\"column-3\"><\/td>\n<\/tr>\n<\/tbody>\n<\/table>\n<!-- #tablepress-27 from cache -->\n","protected":false},"excerpt":{"rendered":"<p>F\u00fcr Beratung stehen Ihnen zur Verf\u00fcgung: Haben Sie Fragen? Wir helfen gern:<\/p>\n","protected":false},"author":6,"featured_media":0,"parent":157,"menu_order":2,"comment_status":"closed","ping_status":"closed","template":"page-templates\/full-width.php","meta":{"footnotes":""},"class_list":["post-776","page","type-page","status-publish","hentry"],"yoast_head":"<!-- This site is optimized with the Yoast SEO plugin v27.4 - https:\/\/yoast.com\/product\/yoast-seo-wordpress\/ -->\n<title>Beratungsangebote \/ Zust\u00e4ndigkeiten - Ohmtalschule Homberg<\/title>\n<meta name=\"robots\" content=\"index, follow, max-snippet:-1, max-image-preview:large, max-video-preview:-1\" \/>\n<link rel=\"canonical\" href=\"https:\/\/ohmtalschule.de\/?page_id=776\" \/>\n<meta property=\"og:locale\" content=\"de_DE\" \/>\n<meta property=\"og:type\" content=\"article\" \/>\n<meta property=\"og:title\" content=\"Beratungsangebote \/ Zust\u00e4ndigkeiten - Ohmtalschule Homberg\" \/>\n<meta property=\"og:description\" content=\"F\u00fcr Beratung stehen Ihnen zur Verf\u00fcgung: Haben Sie Fragen? Wir helfen gern:\" \/>\n<meta property=\"og:url\" content=\"https:\/\/ohmtalschule.de\/?page_id=776\" \/>\n<meta property=\"og:site_name\" content=\"Ohmtalschule Homberg\" \/>\n<meta property=\"article:modified_time\" content=\"2015-04-29T11:50:55+00:00\" \/>\n<meta name=\"twitter:card\" content=\"summary_large_image\" \/>\n<script type=\"application\/ld+json\" class=\"yoast-schema-graph\">{\"@context\":\"https:\\\/\\\/schema.org\",\"@graph\":[{\"@type\":\"WebPage\",\"@id\":\"https:\\\/\\\/ohmtalschule.de\\\/?page_id=776\",\"url\":\"https:\\\/\\\/ohmtalschule.de\\\/?page_id=776\",\"name\":\"Beratungsangebote \\\/ Zust\u00e4ndigkeiten - Ohmtalschule Homberg\",\"isPartOf\":{\"@id\":\"https:\\\/\\\/ohmtalschule.de\\\/#website\"},\"datePublished\":\"2014-03-04T11:23:25+00:00\",\"dateModified\":\"2015-04-29T11:50:55+00:00\",\"breadcrumb\":{\"@id\":\"https:\\\/\\\/ohmtalschule.de\\\/?page_id=776#breadcrumb\"},\"inLanguage\":\"de\",\"potentialAction\":[{\"@type\":\"ReadAction\",\"target\":[\"https:\\\/\\\/ohmtalschule.de\\\/?page_id=776\"]}]},{\"@type\":\"BreadcrumbList\",\"@id\":\"https:\\\/\\\/ohmtalschule.de\\\/?page_id=776#breadcrumb\",\"itemListElement\":[{\"@type\":\"ListItem\",\"position\":1,\"name\":\"Startseite\",\"item\":\"https:\\\/\\\/ohmtalschule.de\\\/\"},{\"@type\":\"ListItem\",\"position\":2,\"name\":\"Unsere Ohmtalschule\",\"item\":\"https:\\\/\\\/ohmtalschule.de\\\/?page_id=21\"},{\"@type\":\"ListItem\",\"position\":3,\"name\":\"Organisation\",\"item\":\"https:\\\/\\\/ohmtalschule.de\\\/?page_id=157\"},{\"@type\":\"ListItem\",\"position\":4,\"name\":\"Beratungsangebote \\\/ Zust\u00e4ndigkeiten\"}]},{\"@type\":\"WebSite\",\"@id\":\"https:\\\/\\\/ohmtalschule.de\\\/#website\",\"url\":\"https:\\\/\\\/ohmtalschule.de\\\/\",\"name\":\"Ohmtalschule Homberg\",\"description\":\"Gesamtschule des Vogelsbergkreises\",\"potentialAction\":[{\"@type\":\"SearchAction\",\"target\":{\"@type\":\"EntryPoint\",\"urlTemplate\":\"https:\\\/\\\/ohmtalschule.de\\\/?s={search_term_string}\"},\"query-input\":{\"@type\":\"PropertyValueSpecification\",\"valueRequired\":true,\"valueName\":\"search_term_string\"}}],\"inLanguage\":\"de\"}]}<\/script>\n<!-- \/ Yoast SEO plugin. -->","yoast_head_json":{"title":"Beratungsangebote \/ Zust\u00e4ndigkeiten - Ohmtalschule Homberg","robots":{"index":"index","follow":"follow","max-snippet":"max-snippet:-1","max-image-preview":"max-image-preview:large","max-video-preview":"max-video-preview:-1"},"canonical":"https:\/\/ohmtalschule.de\/?page_id=776","og_locale":"de_DE","og_type":"article","og_title":"Beratungsangebote \/ Zust\u00e4ndigkeiten - Ohmtalschule Homberg","og_description":"F\u00fcr Beratung stehen Ihnen zur Verf\u00fcgung: Haben Sie Fragen? Wir helfen gern:","og_url":"https:\/\/ohmtalschule.de\/?page_id=776","og_site_name":"Ohmtalschule Homberg","article_modified_time":"2015-04-29T11:50:55+00:00","twitter_card":"summary_large_image","schema":{"@context":"https:\/\/schema.org","@graph":[{"@type":"WebPage","@id":"https:\/\/ohmtalschule.de\/?page_id=776","url":"https:\/\/ohmtalschule.de\/?page_id=776","name":"Beratungsangebote \/ Zust\u00e4ndigkeiten - Ohmtalschule Homberg","isPartOf":{"@id":"https:\/\/ohmtalschule.de\/#website"},"datePublished":"2014-03-04T11:23:25+00:00","dateModified":"2015-04-29T11:50:55+00:00","breadcrumb":{"@id":"https:\/\/ohmtalschule.de\/?page_id=776#breadcrumb"},"inLanguage":"de","potentialAction":[{"@type":"ReadAction","target":["https:\/\/ohmtalschule.de\/?page_id=776"]}]},{"@type":"BreadcrumbList","@id":"https:\/\/ohmtalschule.de\/?page_id=776#breadcrumb","itemListElement":[{"@type":"ListItem","position":1,"name":"Startseite","item":"https:\/\/ohmtalschule.de\/"},{"@type":"ListItem","position":2,"name":"Unsere Ohmtalschule","item":"https:\/\/ohmtalschule.de\/?page_id=21"},{"@type":"ListItem","position":3,"name":"Organisation","item":"https:\/\/ohmtalschule.de\/?page_id=157"},{"@type":"ListItem","position":4,"name":"Beratungsangebote \/ Zust\u00e4ndigkeiten"}]},{"@type":"WebSite","@id":"https:\/\/ohmtalschule.de\/#website","url":"https:\/\/ohmtalschule.de\/","name":"Ohmtalschule Homberg","description":"Gesamtschule des Vogelsbergkreises","potentialAction":[{"@type":"SearchAction","target":{"@type":"EntryPoint","urlTemplate":"https:\/\/ohmtalschule.de\/?s={search_term_string}"},"query-input":{"@type":"PropertyValueSpecification","valueRequired":true,"valueName":"search_term_string"}}],"inLanguage":"de"}]}},"_links":{"self":[{"href":"https:\/\/ohmtalschule.de\/index.php?rest_route=\/wp\/v2\/pages\/776","targetHints":{"allow":["GET"]}}],"collection":[{"href":"https:\/\/ohmtalschule.de\/index.php?rest_route=\/wp\/v2\/pages"}],"about":[{"href":"https:\/\/ohmtalschule.de\/index.php?rest_route=\/wp\/v2\/types\/page"}],"author":[{"embeddable":true,"href":"https:\/\/ohmtalschule.de\/index.php?rest_route=\/wp\/v2\/users\/6"}],"replies":[{"embeddable":true,"href":"https:\/\/ohmtalschule.de\/index.php?rest_route=%2Fwp%2Fv2%2Fcomments&post=776"}],"version-history":[{"count":0,"href":"https:\/\/ohmtalschule.de\/index.php?rest_route=\/wp\/v2\/pages\/776\/revisions"}],"up":[{"embeddable":true,"href":"https:\/\/ohmtalschule.de\/index.php?rest_route=\/wp\/v2\/pages\/157"}],"wp:attachment":[{"href":"https:\/\/ohmtalschule.de\/index.php?rest_route=%2Fwp%2Fv2%2Fmedia&parent=776"}],"curies":[{"name":"wp","href":"https:\/\/api.w.org\/{rel}","templated":true}]}}