{"id":753,"date":"2014-03-03T12:04:12","date_gmt":"2014-03-03T12:04:12","guid":{"rendered":"http:\/\/wp.ohmtalschule.de\/wordpress\/?page_id=753"},"modified":"2021-09-20T09:12:13","modified_gmt":"2021-09-20T07:12:13","slug":"informationen-zum-schulalltag","status":"publish","type":"page","link":"https:\/\/ohmtalschule.de\/?page_id=753","title":{"rendered":"Informationen zum Schulalltag"},"content":{"rendered":"<ol>\n<li>Die Schule ist in der Zeit von 7.30 \u2013 13.00 Uhr unter der Nummer <b>06633\/5075<\/b> zu erreichen.<\/li>\n<li>Erg\u00e4nzende Informationen und den aktuellen <a href=\"https:\/\/ohmtalschule.de\/?page_id=1772\">Schulterminkalender<\/a> findet man auf der Homepage der Ohmtalschule unter <b>www.ohmtalschule.de<\/b>.<\/li>\n<li>Unterrichts- und Pausenzeiten<br \/>\n<table id=\"tablepress-25\">\n<caption><a href=\"admin.php?page=tablepress&amp;action=edit&amp;table_id=25\">Bearbeiten<\/a><\/caption>\n<tbody>\n<tr>\n<td>7:30<\/td>\n<td>7:55<\/td>\n<td>Fr\u00fchbetreuung<\/td>\n<\/tr>\n<tr>\n<td>7:55<\/td>\n<td>8:40<\/td>\n<td>1. Stunde<\/td>\n<\/tr>\n<tr>\n<td>8:40<\/td>\n<td>9:25<\/td>\n<td>2. Stunde<\/td>\n<\/tr>\n<tr>\n<td>9:25<\/td>\n<td>9:45<\/td>\n<td>gro\u00dfe Pause<\/td>\n<\/tr>\n<tr>\n<td>9:45<\/td>\n<td>10:30<\/td>\n<td>3. Stunde<\/td>\n<\/tr>\n<tr>\n<td>10:30<\/td>\n<td>11:15<\/td>\n<td>4. Stunde<\/td>\n<\/tr>\n<tr>\n<td>11:15<\/td>\n<td>11:35<\/td>\n<td>gro\u00dfe Pause<\/td>\n<\/tr>\n<tr>\n<td>11:35<\/td>\n<td>12:20<\/td>\n<td>5. Stunde<\/td>\n<\/tr>\n<tr>\n<td>12:20<\/td>\n<td>13:05<\/td>\n<td>6. Stunde<\/td>\n<\/tr>\n<tr>\n<td>13:05<\/td>\n<td>13:35<\/td>\n<td>Mittagspause<\/td>\n<\/tr>\n<tr>\n<td>13:35<\/td>\n<td>14:20<\/td>\n<td>7. Stunde<\/td>\n<\/tr>\n<tr>\n<td>14:25<\/td>\n<td>15:40<\/td>\n<td>AG-Angebote<\/td>\n<\/tr>\n<tr>\n<td><\/td>\n<td><\/td>\n<td><\/td>\n<\/tr>\n<\/tbody>\n<\/table>\n<\/li>\n<li>Sch\u00fclerinnen und Sch\u00fcler und Lehrkr\u00e4fte informieren sich \u00fcber Stundenplan\u00e4nderungen am entsprechenden Informationskasten.<\/li>\n<li>Unf\u00e4lle m\u00fcssen so schnell wie m\u00f6glich gemeldet werden. Erleidet eine Sch\u00fclerin oder ein Sch\u00fcler einen Unfall auf dem Schulgel\u00e4nde oder auf dem Schulweg ist umgehend durch die jeweilige Lehrkraft oder die Klassenleitung oder Aufsichtskraft im Sekretariat ein <a title=\"Unf\u00e4lle von Sch\u00fclern\" href=\"https:\/\/ohmtalschule.de\/wordpress\/?page_id=953\">Unfallmeldebogen<\/a> auszuf\u00fcllen.<\/li>\n<li>Eltern haften f\u00fcr ihre Kinder, wenn diese Verletzungen oder Sachsch\u00e4den schuldhaft verursachen.<\/li>\n<li>Bei Schulvers\u00e4umnissen werden die entschuldigenden Gr\u00fcnde umgehend, sp\u00e4testens am 3. Tag nach Beginn der Erkrankung, der Schule mitgeteilt. In besonderen F\u00e4llen kann die Schule ein \u00e4rztliches oder amts\u00e4rztliches Attest verlangen.<\/li>\n<li>Jede Lehrkraft bietet eine Sprechstunde bei Voranmeldung f\u00fcr Eltern an.<\/li>\n<li>In jedem Schulhalbjahr finden ein Elternsprechtag und eine Klassenelternversammlung statt.<\/li>\n<li>In jedem Monat gibt es eine SV-Stunde.<\/li>\n<li>Besondere R\u00e4ume und Fl\u00e4chen:\n<ol start=\"1\">\n<li>F\u00fcr die Sporthalle gilt eine besondere\u00a0Hallenordnung.<\/li>\n<li>F\u00fcr die Bibliothek gilt die Bibliotheksordnung.<\/li>\n<li>F\u00fcr Fachr\u00e4ume k\u00f6nnen besondere Ordnungen erstellt \u00a0\u00a0\u00a0\u00a0\u00a0 werden.<b><br \/>\n<\/b><\/li>\n<\/ol>\n<\/li>\n<\/ol>\n","protected":false},"excerpt":{"rendered":"<p>Die Schule ist in der Zeit von 7.30 \u2013 13.00 Uhr unter der Nummer 06633\/5075 zu erreichen. Erg\u00e4nzende Informationen und den aktuellen Schulterminkalender findet man auf der Homepage der Ohmtalschule unter www.ohmtalschule.de. Unterrichts- und Pausenzeiten Bearbeiten 7:30 7:55 Fr\u00fchbetreuung 7:55 8:40 1. Stunde 8:40 9:25 2. Stunde 9:25 9:45 gro\u00dfe Pause 9:45 10:30 3. Stunde &hellip; <a href=\"https:\/\/ohmtalschule.de\/?page_id=753\" class=\"more-link\"><span class=\"screen-reader-text\">Informationen zum Schulalltag<\/span> weiterlesen <span class=\"meta-nav\">&rarr;<\/span><\/a><\/p>\n","protected":false},"author":6,"featured_media":0,"parent":729,"menu_order":3,"comment_status":"closed","ping_status":"closed","template":"page-templates\/full-width.php","meta":{"footnotes":""},"class_list":["post-753","page","type-page","status-publish","hentry"],"yoast_head":"<!-- This site is optimized with the Yoast SEO plugin v27.4 - https:\/\/yoast.com\/product\/yoast-seo-wordpress\/ -->\n<title>Informationen zum Schulalltag - Ohmtalschule Homberg<\/title>\n<meta name=\"robots\" content=\"index, follow, max-snippet:-1, max-image-preview:large, max-video-preview:-1\" \/>\n<link rel=\"canonical\" href=\"https:\/\/ohmtalschule.de\/?page_id=753\" \/>\n<meta property=\"og:locale\" content=\"de_DE\" \/>\n<meta property=\"og:type\" content=\"article\" \/>\n<meta property=\"og:title\" content=\"Informationen zum Schulalltag - Ohmtalschule Homberg\" \/>\n<meta property=\"og:description\" content=\"Die Schule ist in der Zeit von 7.30 \u2013 13.00 Uhr unter der Nummer 06633\/5075 zu erreichen. Erg\u00e4nzende Informationen und den aktuellen Schulterminkalender findet man auf der Homepage der Ohmtalschule unter www.ohmtalschule.de. Unterrichts- und Pausenzeiten Bearbeiten 7:30 7:55 Fr\u00fchbetreuung 7:55 8:40 1. Stunde 8:40 9:25 2. Stunde 9:25 9:45 gro\u00dfe Pause 9:45 10:30 3. Stunde &hellip; Informationen zum Schulalltag weiterlesen &rarr;\" \/>\n<meta property=\"og:url\" content=\"https:\/\/ohmtalschule.de\/?page_id=753\" \/>\n<meta property=\"og:site_name\" content=\"Ohmtalschule Homberg\" \/>\n<meta property=\"article:modified_time\" content=\"2021-09-20T07:12:13+00:00\" \/>\n<meta name=\"twitter:card\" content=\"summary_large_image\" \/>\n<meta name=\"twitter:label1\" content=\"Gesch\u00e4tzte Lesezeit\" \/>\n\t<meta name=\"twitter:data1\" content=\"1\u00a0Minute\" \/>\n<script type=\"application\/ld+json\" class=\"yoast-schema-graph\">{\"@context\":\"https:\\\/\\\/schema.org\",\"@graph\":[{\"@type\":\"WebPage\",\"@id\":\"https:\\\/\\\/ohmtalschule.de\\\/?page_id=753\",\"url\":\"https:\\\/\\\/ohmtalschule.de\\\/?page_id=753\",\"name\":\"Informationen zum Schulalltag - Ohmtalschule Homberg\",\"isPartOf\":{\"@id\":\"https:\\\/\\\/ohmtalschule.de\\\/#website\"},\"datePublished\":\"2014-03-03T12:04:12+00:00\",\"dateModified\":\"2021-09-20T07:12:13+00:00\",\"breadcrumb\":{\"@id\":\"https:\\\/\\\/ohmtalschule.de\\\/?page_id=753#breadcrumb\"},\"inLanguage\":\"de\",\"potentialAction\":[{\"@type\":\"ReadAction\",\"target\":[\"https:\\\/\\\/ohmtalschule.de\\\/?page_id=753\"]}]},{\"@type\":\"BreadcrumbList\",\"@id\":\"https:\\\/\\\/ohmtalschule.de\\\/?page_id=753#breadcrumb\",\"itemListElement\":[{\"@type\":\"ListItem\",\"position\":1,\"name\":\"Startseite\",\"item\":\"https:\\\/\\\/ohmtalschule.de\\\/\"},{\"@type\":\"ListItem\",\"position\":2,\"name\":\"Unsere Ohmtalschule\",\"item\":\"https:\\\/\\\/ohmtalschule.de\\\/?page_id=21\"},{\"@type\":\"ListItem\",\"position\":3,\"name\":\"Die Schulordnung\",\"item\":\"https:\\\/\\\/ohmtalschule.de\\\/?page_id=729\"},{\"@type\":\"ListItem\",\"position\":4,\"name\":\"Informationen zum Schulalltag\"}]},{\"@type\":\"WebSite\",\"@id\":\"https:\\\/\\\/ohmtalschule.de\\\/#website\",\"url\":\"https:\\\/\\\/ohmtalschule.de\\\/\",\"name\":\"Ohmtalschule Homberg\",\"description\":\"Gesamtschule des Vogelsbergkreises\",\"potentialAction\":[{\"@type\":\"SearchAction\",\"target\":{\"@type\":\"EntryPoint\",\"urlTemplate\":\"https:\\\/\\\/ohmtalschule.de\\\/?s={search_term_string}\"},\"query-input\":{\"@type\":\"PropertyValueSpecification\",\"valueRequired\":true,\"valueName\":\"search_term_string\"}}],\"inLanguage\":\"de\"}]}<\/script>\n<!-- \/ Yoast SEO plugin. -->","yoast_head_json":{"title":"Informationen zum Schulalltag - Ohmtalschule Homberg","robots":{"index":"index","follow":"follow","max-snippet":"max-snippet:-1","max-image-preview":"max-image-preview:large","max-video-preview":"max-video-preview:-1"},"canonical":"https:\/\/ohmtalschule.de\/?page_id=753","og_locale":"de_DE","og_type":"article","og_title":"Informationen zum Schulalltag - Ohmtalschule Homberg","og_description":"Die Schule ist in der Zeit von 7.30 \u2013 13.00 Uhr unter der Nummer 06633\/5075 zu erreichen. Erg\u00e4nzende Informationen und den aktuellen Schulterminkalender findet man auf der Homepage der Ohmtalschule unter www.ohmtalschule.de. Unterrichts- und Pausenzeiten Bearbeiten 7:30 7:55 Fr\u00fchbetreuung 7:55 8:40 1. Stunde 8:40 9:25 2. Stunde 9:25 9:45 gro\u00dfe Pause 9:45 10:30 3. Stunde &hellip; Informationen zum Schulalltag weiterlesen &rarr;","og_url":"https:\/\/ohmtalschule.de\/?page_id=753","og_site_name":"Ohmtalschule Homberg","article_modified_time":"2021-09-20T07:12:13+00:00","twitter_card":"summary_large_image","twitter_misc":{"Gesch\u00e4tzte Lesezeit":"1\u00a0Minute"},"schema":{"@context":"https:\/\/schema.org","@graph":[{"@type":"WebPage","@id":"https:\/\/ohmtalschule.de\/?page_id=753","url":"https:\/\/ohmtalschule.de\/?page_id=753","name":"Informationen zum Schulalltag - Ohmtalschule Homberg","isPartOf":{"@id":"https:\/\/ohmtalschule.de\/#website"},"datePublished":"2014-03-03T12:04:12+00:00","dateModified":"2021-09-20T07:12:13+00:00","breadcrumb":{"@id":"https:\/\/ohmtalschule.de\/?page_id=753#breadcrumb"},"inLanguage":"de","potentialAction":[{"@type":"ReadAction","target":["https:\/\/ohmtalschule.de\/?page_id=753"]}]},{"@type":"BreadcrumbList","@id":"https:\/\/ohmtalschule.de\/?page_id=753#breadcrumb","itemListElement":[{"@type":"ListItem","position":1,"name":"Startseite","item":"https:\/\/ohmtalschule.de\/"},{"@type":"ListItem","position":2,"name":"Unsere Ohmtalschule","item":"https:\/\/ohmtalschule.de\/?page_id=21"},{"@type":"ListItem","position":3,"name":"Die Schulordnung","item":"https:\/\/ohmtalschule.de\/?page_id=729"},{"@type":"ListItem","position":4,"name":"Informationen zum Schulalltag"}]},{"@type":"WebSite","@id":"https:\/\/ohmtalschule.de\/#website","url":"https:\/\/ohmtalschule.de\/","name":"Ohmtalschule Homberg","description":"Gesamtschule des Vogelsbergkreises","potentialAction":[{"@type":"SearchAction","target":{"@type":"EntryPoint","urlTemplate":"https:\/\/ohmtalschule.de\/?s={search_term_string}"},"query-input":{"@type":"PropertyValueSpecification","valueRequired":true,"valueName":"search_term_string"}}],"inLanguage":"de"}]}},"_links":{"self":[{"href":"https:\/\/ohmtalschule.de\/index.php?rest_route=\/wp\/v2\/pages\/753","targetHints":{"allow":["GET"]}}],"collection":[{"href":"https:\/\/ohmtalschule.de\/index.php?rest_route=\/wp\/v2\/pages"}],"about":[{"href":"https:\/\/ohmtalschule.de\/index.php?rest_route=\/wp\/v2\/types\/page"}],"author":[{"embeddable":true,"href":"https:\/\/ohmtalschule.de\/index.php?rest_route=\/wp\/v2\/users\/6"}],"replies":[{"embeddable":true,"href":"https:\/\/ohmtalschule.de\/index.php?rest_route=%2Fwp%2Fv2%2Fcomments&post=753"}],"version-history":[{"count":2,"href":"https:\/\/ohmtalschule.de\/index.php?rest_route=\/wp\/v2\/pages\/753\/revisions"}],"predecessor-version":[{"id":4386,"href":"https:\/\/ohmtalschule.de\/index.php?rest_route=\/wp\/v2\/pages\/753\/revisions\/4386"}],"up":[{"embeddable":true,"href":"https:\/\/ohmtalschule.de\/index.php?rest_route=\/wp\/v2\/pages\/729"}],"wp:attachment":[{"href":"https:\/\/ohmtalschule.de\/index.php?rest_route=%2Fwp%2Fv2%2Fmedia&parent=753"}],"curies":[{"name":"wp","href":"https:\/\/api.w.org\/{rel}","templated":true}]}}