{"id":747,"date":"2014-03-03T11:11:09","date_gmt":"2014-03-03T11:11:09","guid":{"rendered":"http:\/\/wp.ohmtalschule.de\/wordpress\/?page_id=747"},"modified":"2014-03-03T13:09:30","modified_gmt":"2014-03-03T13:09:30","slug":"grundsaetze-der-ohmtalschule","status":"publish","type":"page","link":"https:\/\/ohmtalschule.de\/?page_id=747","title":{"rendered":"Grunds\u00e4tze der Ohmtalschule"},"content":{"rendered":"<div>\n<h1>Grunds\u00e4tze der Ohmtalschule<\/h1>\n<p>Die Lehrkr\u00e4fte, Sch\u00fclerinnen und Sch\u00fcler, Mitarbeiterinnen und Mitarbeiter, Eltern und G\u00e4ste der Ohmtalschule bilden eine soziale Gemeinschaft, in der Lernen, Arbeiten und unterschiedliche Aktivit\u00e4ten stattfinden. Damit dieses Zusammenleben gelingt, ist es wichtig, dass alle Beteiligten ihre Rechte, Pflichten und Regeln kennen und einhalten. Festgelegt sind diese durch unsere Schulordnung einschlie\u00dflich der Selbstverpflichtungserkl\u00e4rung sowie durch das Hessische Schulgesetz.\u00a0 Die Klassenleitung bespricht die Schulordnung j\u00e4hrlich mit der Klasse.<\/p>\n<h3>Demokratisches Verhalten<\/h3>\n<p>Die Ohmtalschule versteht sich als demokratische Schule. Demokratie ist nichts Fertiges, sondern muss stets neu erarbeitet werden.<\/p>\n<p>Sie entsteht durch partnerschaftliche Zusammenarbeit aller Mitglieder der Schulgemeinde im Sinne von offener Kommunikation und Transparenz bei Entscheidungen.<\/p>\n<p>Demokratie erfordert: Eigen- und Mitverantwortung, Solidarit\u00e4t, Kooperation, Kritikf\u00e4higkeit und Toleranz. Dies ist nur m\u00f6glich, wenn alle am Schulleben Beteiligten gemeinsame Verhaltensweisen praktizieren. Dazu ist es notwendig Vereinbarungen zu treffen und Regeln aufzustellen, damit \u2026<\/p>\n<ul>\n<li>\u00a0jeder sich wohlf\u00fchlen kann,<\/li>\n<li>es gerecht zugeht,<\/li>\n<li>man zusammenarbeiten kann,<\/li>\n<li>Schw\u00e4chere und alle, die in Not geraten, gesch\u00fctzt werden.<\/li>\n<\/ul>\n<p>Die eigene Freiheit h\u00f6rt da auf, wo sie die Freiheit anderer einschr\u00e4nkt.<\/p>\n<h3>Gewaltfreies Verhalten<\/h3>\n<p>Zunehmende Bereitschaft zur Gewalt ist eine gesamtgesellschaftliche Erscheinung. Gewalt kann zum t\u00e4glichen Erscheinungsbild an Schulen werden, wenn nicht alle Mitglieder der Schulgemeinde ihre Ursachen bek\u00e4mpfen. Diese m\u00fcssen\u00a0 \u2013 nicht nur bei gegebenem Anlass \u2013 im Unterricht er\u00f6rtert werden und es m\u00fcssen Regeln zur Vermeidung von Gewalt erarbeitet und befolgt werden.<\/p>\n<p>Gewaltfreies Verhalten soll im Unterricht aller F\u00e4cher erlernt und im Schulalltag praktiziert werden. Es muss deutlich werden, dass sich Gewalt sowohl k\u00f6rperlich als auch in Worten \u00e4u\u00dfern kann.<\/p>\n<p>Folgende Regeln gelten f\u00fcr alle Mitglieder der Schulgemeinde der Ohmtalschule:<\/p>\n<ul>\n<li>Konflikte sind gewaltfrei zu l\u00f6sen.<\/li>\n<li>Niemand darf wegen seiner Herkunft, seines Aussehens, wegen k\u00f6rperlicher oder geistiger Unterschiede und seiner Ansichten, wenn sie mit dem Grundgesetz vereinbar sind, in seiner Menschenw\u00fcrde verletzt und von der Gemeinschaft ausgegrenzt werden.<\/li>\n<\/ul>\n<p>&#8212;&#8212;&#8212;&#8212;&#8212;&#8212;&#8212;&#8212;&#8212;&#8212;&#8212;&#8212;&#8212;&#8212;&#8212;&#8212;&#8212;&#8212;&#8212;&#8212;&#8212;&#8212;&#8212;&#8212;&#8212;&#8212;&#8212;&#8212;&#8211;<\/p>\n<h3>Selbstverpflichtung (Charta)<\/h3>\n<ol>\n<li>Ich m\u00f6chte von anderen geachtet werden und gehe deshalb auch selbst respektvoll mit anderen um.<\/li>\n<li>Meine Meinung ist wichtig. Sie soll ernst genommen werden. Ebenso setze ich mich mit anderen Meinungen auseinander, \u00a0versuche sie zu verstehen und toleriere sie.<\/li>\n<li>Ich m\u00f6chte den Schulalltag angstfrei erleben k\u00f6nnen und verhalte mich so, dass auch andere keine Angst zu haben brauchen.<\/li>\n<li>Niemand soll mich auslachen, beschimpfen, schlagen oder auf andere Weise verletzen. Auch ich will Konflikte gewaltfrei l\u00f6sen.<\/li>\n<li>Innerhalb und au\u00dferhalb des Unterrichts erwarte ich eine Atmosph\u00e4re, in der ich gut arbeiten und mich wohl f\u00fchlen kann. Dazu geh\u00f6rt f\u00fcr mich, anderen zu helfen und niemanden auszugrenzen.<\/li>\n<li>Ich m\u00f6chte in einer sauberen und sch\u00f6nen Schule mit gepflegter Einrichtung leben und arbeiten und sie auch gestalten. Deshalb gehe ich selbst sorgsam mit allen Materialien und Einrichtungsgegenst\u00e4nden um.<\/li>\n<li>Ich m\u00f6chte, dass unser Schulalltag gut funktioniert und \u00fcbernehme deshalb auch Aufgaben f\u00fcr die Schulgemeinschaft.<\/li>\n<li>Ich m\u00f6chte, dass umweltbewusst gehandelt wird. Ich gehe daher sorgsam mit Wasser, Energie und M\u00fcll um.<\/li>\n<li>Ich wei\u00df, dass die genannten Vorstellungen und W\u00fcnsche nur in die Tat umgesetzt werden k\u00f6nnen, wenn Lehrkr\u00e4fte, Sch\u00fclerinnen und Sch\u00fcler, Eltern und Mitarbeiter und Mitarbeiterinnen vertrauensvoll zusammenarbeiten. Daher unterst\u00fctze ich diese Zusammenarbeit tatkr\u00e4ftig.<\/li>\n<\/ol>\n<p>Ich verpflichte mich, diese Verhaltensweisen einzuhalten.<\/p>\n<table border=\"0\" cellspacing=\"0\" cellpadding=\"0\">\n<tbody>\n<tr>\n<td valign=\"top\" width=\"205\"><\/td>\n<td valign=\"top\" width=\"39\"><\/td>\n<td valign=\"top\" width=\"19\"><\/td>\n<td valign=\"top\" width=\"198\"><\/td>\n<\/tr>\n<tr>\n<td valign=\"top\" width=\"205\">Datum<\/td>\n<td valign=\"top\" width=\"39\"><\/td>\n<td valign=\"top\" width=\"19\"><\/td>\n<td valign=\"top\" width=\"198\">Sch\u00fcler\/in<\/td>\n<\/tr>\n<\/tbody>\n<\/table>\n<p>Wir erkl\u00e4ren uns bereit, im Sinne der Selbstverpflichtung mit der Schule zusammenzuarbeiten.<\/p>\n<table border=\"0\" cellspacing=\"0\" cellpadding=\"0\">\n<tbody>\n<tr>\n<td valign=\"top\" width=\"205\"><\/td>\n<td valign=\"top\" width=\"39\"><\/td>\n<td valign=\"top\" width=\"19\"><\/td>\n<td valign=\"top\" width=\"369\"><\/td>\n<\/tr>\n<tr>\n<td valign=\"top\" width=\"205\">Datum<\/td>\n<td valign=\"top\" width=\"39\"><\/td>\n<td valign=\"top\" width=\"19\"><\/td>\n<td valign=\"top\" width=\"369\">Erziehungsberechtigte\/r<\/td>\n<\/tr>\n<\/tbody>\n<\/table>\n<\/div>\n<p>&nbsp;<\/p>\n","protected":false},"excerpt":{"rendered":"<p>Grunds\u00e4tze der Ohmtalschule Die Lehrkr\u00e4fte, Sch\u00fclerinnen und Sch\u00fcler, Mitarbeiterinnen und Mitarbeiter, Eltern und G\u00e4ste der Ohmtalschule bilden eine soziale Gemeinschaft, in der Lernen, Arbeiten und unterschiedliche Aktivit\u00e4ten stattfinden. Damit dieses Zusammenleben gelingt, ist es wichtig, dass alle Beteiligten ihre Rechte, Pflichten und Regeln kennen und einhalten. Festgelegt sind diese durch unsere Schulordnung einschlie\u00dflich der Selbstverpflichtungserkl\u00e4rung &hellip; <a href=\"https:\/\/ohmtalschule.de\/?page_id=747\" class=\"more-link\"><span class=\"screen-reader-text\">Grunds\u00e4tze der Ohmtalschule<\/span> weiterlesen <span class=\"meta-nav\">&rarr;<\/span><\/a><\/p>\n","protected":false},"author":6,"featured_media":0,"parent":729,"menu_order":1,"comment_status":"closed","ping_status":"closed","template":"page-templates\/full-width.php","meta":{"footnotes":""},"class_list":["post-747","page","type-page","status-publish","hentry"],"yoast_head":"<!-- This site is optimized with the Yoast SEO plugin v27.4 - https:\/\/yoast.com\/product\/yoast-seo-wordpress\/ -->\n<title>Grunds\u00e4tze der Ohmtalschule - Ohmtalschule Homberg<\/title>\n<meta name=\"robots\" content=\"index, follow, max-snippet:-1, max-image-preview:large, max-video-preview:-1\" \/>\n<link rel=\"canonical\" href=\"https:\/\/ohmtalschule.de\/?page_id=747\" \/>\n<meta property=\"og:locale\" content=\"de_DE\" \/>\n<meta property=\"og:type\" content=\"article\" \/>\n<meta property=\"og:title\" content=\"Grunds\u00e4tze der Ohmtalschule - Ohmtalschule Homberg\" \/>\n<meta property=\"og:description\" content=\"Grunds\u00e4tze der Ohmtalschule Die Lehrkr\u00e4fte, Sch\u00fclerinnen und Sch\u00fcler, Mitarbeiterinnen und Mitarbeiter, Eltern und G\u00e4ste der Ohmtalschule bilden eine soziale Gemeinschaft, in der Lernen, Arbeiten und unterschiedliche Aktivit\u00e4ten stattfinden. Damit dieses Zusammenleben gelingt, ist es wichtig, dass alle Beteiligten ihre Rechte, Pflichten und Regeln kennen und einhalten. Festgelegt sind diese durch unsere Schulordnung einschlie\u00dflich der Selbstverpflichtungserkl\u00e4rung &hellip; Grunds\u00e4tze der Ohmtalschule weiterlesen &rarr;\" \/>\n<meta property=\"og:url\" content=\"https:\/\/ohmtalschule.de\/?page_id=747\" \/>\n<meta property=\"og:site_name\" content=\"Ohmtalschule Homberg\" \/>\n<meta property=\"article:modified_time\" content=\"2014-03-03T13:09:30+00:00\" \/>\n<meta name=\"twitter:card\" content=\"summary_large_image\" \/>\n<meta name=\"twitter:label1\" content=\"Gesch\u00e4tzte Lesezeit\" \/>\n\t<meta name=\"twitter:data1\" content=\"3\u00a0Minuten\" \/>\n<script type=\"application\/ld+json\" class=\"yoast-schema-graph\">{\"@context\":\"https:\\\/\\\/schema.org\",\"@graph\":[{\"@type\":\"WebPage\",\"@id\":\"https:\\\/\\\/ohmtalschule.de\\\/?page_id=747\",\"url\":\"https:\\\/\\\/ohmtalschule.de\\\/?page_id=747\",\"name\":\"Grunds\u00e4tze der Ohmtalschule - Ohmtalschule Homberg\",\"isPartOf\":{\"@id\":\"https:\\\/\\\/ohmtalschule.de\\\/#website\"},\"datePublished\":\"2014-03-03T11:11:09+00:00\",\"dateModified\":\"2014-03-03T13:09:30+00:00\",\"breadcrumb\":{\"@id\":\"https:\\\/\\\/ohmtalschule.de\\\/?page_id=747#breadcrumb\"},\"inLanguage\":\"de\",\"potentialAction\":[{\"@type\":\"ReadAction\",\"target\":[\"https:\\\/\\\/ohmtalschule.de\\\/?page_id=747\"]}]},{\"@type\":\"BreadcrumbList\",\"@id\":\"https:\\\/\\\/ohmtalschule.de\\\/?page_id=747#breadcrumb\",\"itemListElement\":[{\"@type\":\"ListItem\",\"position\":1,\"name\":\"Startseite\",\"item\":\"https:\\\/\\\/ohmtalschule.de\\\/\"},{\"@type\":\"ListItem\",\"position\":2,\"name\":\"Unsere Ohmtalschule\",\"item\":\"https:\\\/\\\/ohmtalschule.de\\\/?page_id=21\"},{\"@type\":\"ListItem\",\"position\":3,\"name\":\"Die Schulordnung\",\"item\":\"https:\\\/\\\/ohmtalschule.de\\\/?page_id=729\"},{\"@type\":\"ListItem\",\"position\":4,\"name\":\"Grunds\u00e4tze der Ohmtalschule\"}]},{\"@type\":\"WebSite\",\"@id\":\"https:\\\/\\\/ohmtalschule.de\\\/#website\",\"url\":\"https:\\\/\\\/ohmtalschule.de\\\/\",\"name\":\"Ohmtalschule Homberg\",\"description\":\"Gesamtschule des Vogelsbergkreises\",\"potentialAction\":[{\"@type\":\"SearchAction\",\"target\":{\"@type\":\"EntryPoint\",\"urlTemplate\":\"https:\\\/\\\/ohmtalschule.de\\\/?s={search_term_string}\"},\"query-input\":{\"@type\":\"PropertyValueSpecification\",\"valueRequired\":true,\"valueName\":\"search_term_string\"}}],\"inLanguage\":\"de\"}]}<\/script>\n<!-- \/ Yoast SEO plugin. -->","yoast_head_json":{"title":"Grunds\u00e4tze der Ohmtalschule - Ohmtalschule Homberg","robots":{"index":"index","follow":"follow","max-snippet":"max-snippet:-1","max-image-preview":"max-image-preview:large","max-video-preview":"max-video-preview:-1"},"canonical":"https:\/\/ohmtalschule.de\/?page_id=747","og_locale":"de_DE","og_type":"article","og_title":"Grunds\u00e4tze der Ohmtalschule - Ohmtalschule Homberg","og_description":"Grunds\u00e4tze der Ohmtalschule Die Lehrkr\u00e4fte, Sch\u00fclerinnen und Sch\u00fcler, Mitarbeiterinnen und Mitarbeiter, Eltern und G\u00e4ste der Ohmtalschule bilden eine soziale Gemeinschaft, in der Lernen, Arbeiten und unterschiedliche Aktivit\u00e4ten stattfinden. Damit dieses Zusammenleben gelingt, ist es wichtig, dass alle Beteiligten ihre Rechte, Pflichten und Regeln kennen und einhalten. Festgelegt sind diese durch unsere Schulordnung einschlie\u00dflich der Selbstverpflichtungserkl\u00e4rung &hellip; Grunds\u00e4tze der Ohmtalschule weiterlesen &rarr;","og_url":"https:\/\/ohmtalschule.de\/?page_id=747","og_site_name":"Ohmtalschule Homberg","article_modified_time":"2014-03-03T13:09:30+00:00","twitter_card":"summary_large_image","twitter_misc":{"Gesch\u00e4tzte Lesezeit":"3\u00a0Minuten"},"schema":{"@context":"https:\/\/schema.org","@graph":[{"@type":"WebPage","@id":"https:\/\/ohmtalschule.de\/?page_id=747","url":"https:\/\/ohmtalschule.de\/?page_id=747","name":"Grunds\u00e4tze der Ohmtalschule - Ohmtalschule Homberg","isPartOf":{"@id":"https:\/\/ohmtalschule.de\/#website"},"datePublished":"2014-03-03T11:11:09+00:00","dateModified":"2014-03-03T13:09:30+00:00","breadcrumb":{"@id":"https:\/\/ohmtalschule.de\/?page_id=747#breadcrumb"},"inLanguage":"de","potentialAction":[{"@type":"ReadAction","target":["https:\/\/ohmtalschule.de\/?page_id=747"]}]},{"@type":"BreadcrumbList","@id":"https:\/\/ohmtalschule.de\/?page_id=747#breadcrumb","itemListElement":[{"@type":"ListItem","position":1,"name":"Startseite","item":"https:\/\/ohmtalschule.de\/"},{"@type":"ListItem","position":2,"name":"Unsere Ohmtalschule","item":"https:\/\/ohmtalschule.de\/?page_id=21"},{"@type":"ListItem","position":3,"name":"Die Schulordnung","item":"https:\/\/ohmtalschule.de\/?page_id=729"},{"@type":"ListItem","position":4,"name":"Grunds\u00e4tze der Ohmtalschule"}]},{"@type":"WebSite","@id":"https:\/\/ohmtalschule.de\/#website","url":"https:\/\/ohmtalschule.de\/","name":"Ohmtalschule Homberg","description":"Gesamtschule des Vogelsbergkreises","potentialAction":[{"@type":"SearchAction","target":{"@type":"EntryPoint","urlTemplate":"https:\/\/ohmtalschule.de\/?s={search_term_string}"},"query-input":{"@type":"PropertyValueSpecification","valueRequired":true,"valueName":"search_term_string"}}],"inLanguage":"de"}]}},"_links":{"self":[{"href":"https:\/\/ohmtalschule.de\/index.php?rest_route=\/wp\/v2\/pages\/747","targetHints":{"allow":["GET"]}}],"collection":[{"href":"https:\/\/ohmtalschule.de\/index.php?rest_route=\/wp\/v2\/pages"}],"about":[{"href":"https:\/\/ohmtalschule.de\/index.php?rest_route=\/wp\/v2\/types\/page"}],"author":[{"embeddable":true,"href":"https:\/\/ohmtalschule.de\/index.php?rest_route=\/wp\/v2\/users\/6"}],"replies":[{"embeddable":true,"href":"https:\/\/ohmtalschule.de\/index.php?rest_route=%2Fwp%2Fv2%2Fcomments&post=747"}],"version-history":[{"count":0,"href":"https:\/\/ohmtalschule.de\/index.php?rest_route=\/wp\/v2\/pages\/747\/revisions"}],"up":[{"embeddable":true,"href":"https:\/\/ohmtalschule.de\/index.php?rest_route=\/wp\/v2\/pages\/729"}],"wp:attachment":[{"href":"https:\/\/ohmtalschule.de\/index.php?rest_route=%2Fwp%2Fv2%2Fmedia&parent=747"}],"curies":[{"name":"wp","href":"https:\/\/api.w.org\/{rel}","templated":true}]}}