{"id":681,"date":"2014-02-27T09:25:28","date_gmt":"2014-02-27T09:25:28","guid":{"rendered":"http:\/\/wp.ohmtalschule.de\/wordpress\/?page_id=681"},"modified":"2014-02-27T09:29:45","modified_gmt":"2014-02-27T09:29:45","slug":"fordern-foerdern-kooperieren","status":"publish","type":"page","link":"https:\/\/ohmtalschule.de\/?page_id=681","title":{"rendered":"Fordern, f\u00f6rdern, kooperieren!"},"content":{"rendered":"<ul>\n<ul>\n<li><strong>Wir bieten vielf\u00e4ltige Angebote zur F\u00f6rderung der individuellen St\u00e4rken.<\/strong><\/li>\n<li><strong>Wir erkennen Schw\u00e4chen und mindern diese durch entsprechende Angebote.<\/strong><\/li>\n<li><strong>Wir bieten Unterst\u00fctzung und Beratung im Umgang mit problematischem Verhalten.<\/strong><\/li>\n<li><strong>Wir stellen einen behutsamen \u00dcbergang in die 5. Klasse durch Kooperation mit den Grundschulen sicher.<\/strong><\/li>\n<li><strong>Wir bieten kontinuierliche Beratung in allen Jahrgangsstufen und begleiten den \u00dcbergang in die weiterf\u00fchrenden Schulen.<\/strong><\/li>\n<\/ul>\n<\/ul>\n<p>Formen der Umsetzung:<\/p>\n<ul>\n<li><a title=\"Die Abteilung f\u00fcr Erziehungshilfe\" href=\"https:\/\/ohmtalschule.de\/wordpress\/?page_id=441\">Erziehungshilfe an der allgemeinbildenden Schule<\/a><\/li>\n<li>Hausaufgabenbetreuung<\/li>\n<li>LRS-F\u00f6rderung<\/li>\n<li><a title=\"Ganztagsangebot\" href=\"https:\/\/ohmtalschule.de\/wordpress\/?page_id=161\">Cambridge Certificate<\/a><\/li>\n<li><a title=\"Ganztagsangebot\" href=\"https:\/\/ohmtalschule.de\/wordpress\/?page_id=161\">ECDL<\/a><\/li>\n<li>F\u00f6rderkurse (Mathematik, Deutsch und Englisch in Jahrgangstufe 5+6)<br \/>\n[siehe <a title=\"Die F\u00f6rderstufe\" href=\"https:\/\/ohmtalschule.de\/wordpress\/?page_id=371\">F\u00f6rderstufe<\/a> und <a title=\"Der Gymnasialzweig\" href=\"https:\/\/ohmtalschule.de\/wordpress\/?page_id=365\">Gymnasialzweig]<\/a><\/li>\n<li>Teilnahme an Wettbewerben (Big Challenge, Lesewettbewerb, Mathewettbewerb)<\/li>\n<li>Lesef\u00f6rderkonzept<\/li>\n<li>Vorbereitung auf Abschlusspr\u00fcfungen<\/li>\n<li>Simulationspr\u00fcfungen<\/li>\n<li>Lerntage<\/li>\n<\/ul>\n<p><a title=\"Schulcurriculum Berufsorientierung\" href=\"https:\/\/ohmtalschule.de\/wordpress\/?page_id=516\">Schulcurriculum Berufsorientierung<\/a><\/p>\n","protected":false},"excerpt":{"rendered":"<p>Wir bieten vielf\u00e4ltige Angebote zur F\u00f6rderung der individuellen St\u00e4rken. Wir erkennen Schw\u00e4chen und mindern diese durch entsprechende Angebote. Wir bieten Unterst\u00fctzung und Beratung im Umgang mit problematischem Verhalten. Wir stellen einen behutsamen \u00dcbergang in die 5. Klasse durch Kooperation mit den Grundschulen sicher. Wir bieten kontinuierliche Beratung in allen Jahrgangsstufen und begleiten den \u00dcbergang in &hellip; <a href=\"https:\/\/ohmtalschule.de\/?page_id=681\" class=\"more-link\"><span class=\"screen-reader-text\">Fordern, f\u00f6rdern, kooperieren!<\/span> weiterlesen <span class=\"meta-nav\">&rarr;<\/span><\/a><\/p>\n","protected":false},"author":6,"featured_media":0,"parent":159,"menu_order":0,"comment_status":"closed","ping_status":"closed","template":"page-templates\/full-width.php","meta":{"footnotes":""},"class_list":["post-681","page","type-page","status-publish","hentry"],"yoast_head":"<!-- This site is optimized with the Yoast SEO plugin v27.4 - https:\/\/yoast.com\/product\/yoast-seo-wordpress\/ -->\n<title>Fordern, f\u00f6rdern, kooperieren! - Ohmtalschule Homberg<\/title>\n<meta name=\"robots\" content=\"index, follow, max-snippet:-1, max-image-preview:large, max-video-preview:-1\" \/>\n<link rel=\"canonical\" href=\"https:\/\/ohmtalschule.de\/?page_id=681\" \/>\n<meta property=\"og:locale\" content=\"de_DE\" \/>\n<meta property=\"og:type\" content=\"article\" \/>\n<meta property=\"og:title\" content=\"Fordern, f\u00f6rdern, kooperieren! - Ohmtalschule Homberg\" \/>\n<meta property=\"og:description\" content=\"Wir bieten vielf\u00e4ltige Angebote zur F\u00f6rderung der individuellen St\u00e4rken. Wir erkennen Schw\u00e4chen und mindern diese durch entsprechende Angebote. Wir bieten Unterst\u00fctzung und Beratung im Umgang mit problematischem Verhalten. Wir stellen einen behutsamen \u00dcbergang in die 5. Klasse durch Kooperation mit den Grundschulen sicher. Wir bieten kontinuierliche Beratung in allen Jahrgangsstufen und begleiten den \u00dcbergang in &hellip; Fordern, f\u00f6rdern, kooperieren! weiterlesen &rarr;\" \/>\n<meta property=\"og:url\" content=\"https:\/\/ohmtalschule.de\/?page_id=681\" \/>\n<meta property=\"og:site_name\" content=\"Ohmtalschule Homberg\" \/>\n<meta property=\"article:modified_time\" content=\"2014-02-27T09:29:45+00:00\" \/>\n<meta name=\"twitter:card\" content=\"summary_large_image\" \/>\n<meta name=\"twitter:label1\" content=\"Gesch\u00e4tzte Lesezeit\" \/>\n\t<meta name=\"twitter:data1\" content=\"1\u00a0Minute\" \/>\n<script type=\"application\/ld+json\" class=\"yoast-schema-graph\">{\"@context\":\"https:\\\/\\\/schema.org\",\"@graph\":[{\"@type\":\"WebPage\",\"@id\":\"https:\\\/\\\/ohmtalschule.de\\\/?page_id=681\",\"url\":\"https:\\\/\\\/ohmtalschule.de\\\/?page_id=681\",\"name\":\"Fordern, f\u00f6rdern, kooperieren! - Ohmtalschule Homberg\",\"isPartOf\":{\"@id\":\"https:\\\/\\\/ohmtalschule.de\\\/#website\"},\"datePublished\":\"2014-02-27T09:25:28+00:00\",\"dateModified\":\"2014-02-27T09:29:45+00:00\",\"breadcrumb\":{\"@id\":\"https:\\\/\\\/ohmtalschule.de\\\/?page_id=681#breadcrumb\"},\"inLanguage\":\"de\",\"potentialAction\":[{\"@type\":\"ReadAction\",\"target\":[\"https:\\\/\\\/ohmtalschule.de\\\/?page_id=681\"]}]},{\"@type\":\"BreadcrumbList\",\"@id\":\"https:\\\/\\\/ohmtalschule.de\\\/?page_id=681#breadcrumb\",\"itemListElement\":[{\"@type\":\"ListItem\",\"position\":1,\"name\":\"Startseite\",\"item\":\"https:\\\/\\\/ohmtalschule.de\\\/\"},{\"@type\":\"ListItem\",\"position\":2,\"name\":\"Unsere Ohmtalschule\",\"item\":\"https:\\\/\\\/ohmtalschule.de\\\/?page_id=21\"},{\"@type\":\"ListItem\",\"position\":3,\"name\":\"Leitziele\",\"item\":\"https:\\\/\\\/ohmtalschule.de\\\/?page_id=159\"},{\"@type\":\"ListItem\",\"position\":4,\"name\":\"Fordern, f\u00f6rdern, kooperieren!\"}]},{\"@type\":\"WebSite\",\"@id\":\"https:\\\/\\\/ohmtalschule.de\\\/#website\",\"url\":\"https:\\\/\\\/ohmtalschule.de\\\/\",\"name\":\"Ohmtalschule Homberg\",\"description\":\"Gesamtschule des Vogelsbergkreises\",\"potentialAction\":[{\"@type\":\"SearchAction\",\"target\":{\"@type\":\"EntryPoint\",\"urlTemplate\":\"https:\\\/\\\/ohmtalschule.de\\\/?s={search_term_string}\"},\"query-input\":{\"@type\":\"PropertyValueSpecification\",\"valueRequired\":true,\"valueName\":\"search_term_string\"}}],\"inLanguage\":\"de\"}]}<\/script>\n<!-- \/ Yoast SEO plugin. -->","yoast_head_json":{"title":"Fordern, f\u00f6rdern, kooperieren! - Ohmtalschule Homberg","robots":{"index":"index","follow":"follow","max-snippet":"max-snippet:-1","max-image-preview":"max-image-preview:large","max-video-preview":"max-video-preview:-1"},"canonical":"https:\/\/ohmtalschule.de\/?page_id=681","og_locale":"de_DE","og_type":"article","og_title":"Fordern, f\u00f6rdern, kooperieren! - Ohmtalschule Homberg","og_description":"Wir bieten vielf\u00e4ltige Angebote zur F\u00f6rderung der individuellen St\u00e4rken. Wir erkennen Schw\u00e4chen und mindern diese durch entsprechende Angebote. Wir bieten Unterst\u00fctzung und Beratung im Umgang mit problematischem Verhalten. Wir stellen einen behutsamen \u00dcbergang in die 5. Klasse durch Kooperation mit den Grundschulen sicher. Wir bieten kontinuierliche Beratung in allen Jahrgangsstufen und begleiten den \u00dcbergang in &hellip; Fordern, f\u00f6rdern, kooperieren! weiterlesen &rarr;","og_url":"https:\/\/ohmtalschule.de\/?page_id=681","og_site_name":"Ohmtalschule Homberg","article_modified_time":"2014-02-27T09:29:45+00:00","twitter_card":"summary_large_image","twitter_misc":{"Gesch\u00e4tzte Lesezeit":"1\u00a0Minute"},"schema":{"@context":"https:\/\/schema.org","@graph":[{"@type":"WebPage","@id":"https:\/\/ohmtalschule.de\/?page_id=681","url":"https:\/\/ohmtalschule.de\/?page_id=681","name":"Fordern, f\u00f6rdern, kooperieren! - Ohmtalschule Homberg","isPartOf":{"@id":"https:\/\/ohmtalschule.de\/#website"},"datePublished":"2014-02-27T09:25:28+00:00","dateModified":"2014-02-27T09:29:45+00:00","breadcrumb":{"@id":"https:\/\/ohmtalschule.de\/?page_id=681#breadcrumb"},"inLanguage":"de","potentialAction":[{"@type":"ReadAction","target":["https:\/\/ohmtalschule.de\/?page_id=681"]}]},{"@type":"BreadcrumbList","@id":"https:\/\/ohmtalschule.de\/?page_id=681#breadcrumb","itemListElement":[{"@type":"ListItem","position":1,"name":"Startseite","item":"https:\/\/ohmtalschule.de\/"},{"@type":"ListItem","position":2,"name":"Unsere Ohmtalschule","item":"https:\/\/ohmtalschule.de\/?page_id=21"},{"@type":"ListItem","position":3,"name":"Leitziele","item":"https:\/\/ohmtalschule.de\/?page_id=159"},{"@type":"ListItem","position":4,"name":"Fordern, f\u00f6rdern, kooperieren!"}]},{"@type":"WebSite","@id":"https:\/\/ohmtalschule.de\/#website","url":"https:\/\/ohmtalschule.de\/","name":"Ohmtalschule Homberg","description":"Gesamtschule des Vogelsbergkreises","potentialAction":[{"@type":"SearchAction","target":{"@type":"EntryPoint","urlTemplate":"https:\/\/ohmtalschule.de\/?s={search_term_string}"},"query-input":{"@type":"PropertyValueSpecification","valueRequired":true,"valueName":"search_term_string"}}],"inLanguage":"de"}]}},"_links":{"self":[{"href":"https:\/\/ohmtalschule.de\/index.php?rest_route=\/wp\/v2\/pages\/681","targetHints":{"allow":["GET"]}}],"collection":[{"href":"https:\/\/ohmtalschule.de\/index.php?rest_route=\/wp\/v2\/pages"}],"about":[{"href":"https:\/\/ohmtalschule.de\/index.php?rest_route=\/wp\/v2\/types\/page"}],"author":[{"embeddable":true,"href":"https:\/\/ohmtalschule.de\/index.php?rest_route=\/wp\/v2\/users\/6"}],"replies":[{"embeddable":true,"href":"https:\/\/ohmtalschule.de\/index.php?rest_route=%2Fwp%2Fv2%2Fcomments&post=681"}],"version-history":[{"count":0,"href":"https:\/\/ohmtalschule.de\/index.php?rest_route=\/wp\/v2\/pages\/681\/revisions"}],"up":[{"embeddable":true,"href":"https:\/\/ohmtalschule.de\/index.php?rest_route=\/wp\/v2\/pages\/159"}],"wp:attachment":[{"href":"https:\/\/ohmtalschule.de\/index.php?rest_route=%2Fwp%2Fv2%2Fmedia&parent=681"}],"curies":[{"name":"wp","href":"https:\/\/api.w.org\/{rel}","templated":true}]}}