{"id":679,"date":"2014-02-27T09:22:28","date_gmt":"2014-02-27T09:22:28","guid":{"rendered":"http:\/\/wp.ohmtalschule.de\/wordpress\/?page_id=679"},"modified":"2014-03-10T08:32:01","modified_gmt":"2014-03-10T08:32:01","slug":"methoden-lernen-und-schwerpunkte-bilden","status":"publish","type":"page","link":"https:\/\/ohmtalschule.de\/?page_id=679","title":{"rendered":"Methoden lernen und Schwerpunkte bilden"},"content":{"rendered":"<ul>\n<ul>\n<li><strong>Wir vermitteln den Sch\u00fclerinnen und Sch\u00fclern wichtige Lernmethoden und grundlegende Arbeitstechniken. Besondere Ber\u00fccksichtigung findet dabei die F\u00f6rderung der Teamf\u00e4higkeit im Rahmen des kooperativen Lernens.<\/strong><\/li>\n<li><strong>Wir bieten den Sch\u00fclerinnen und Sch\u00fclern die M\u00f6glichkeit, entsprechend der pers\u00f6nlichen Neigungen und Interessen Schwerpunkte in ihrer schulischen Ausbildung zu setzen. Dies geschieht vorwiegend praxisorientiert in Erg\u00e4nzung der verbindlichen Stundentafel in Form von Wahlangeboten.<\/strong><\/li>\n<\/ul>\n<\/ul>\n<p>Formen der Umsetzung:<\/p>\n<ul>\n<li>Methodentraining im R-Zweig<\/li>\n<li>EDV-Unterricht<\/li>\n<li>Kooperatives Lernen<\/li>\n<li>WPU- Unterricht: Schwerpunkt \u201eErn\u00e4hrung und Technik\u201c<\/li>\n<\/ul>\n","protected":false},"excerpt":{"rendered":"<p>Wir vermitteln den Sch\u00fclerinnen und Sch\u00fclern wichtige Lernmethoden und grundlegende Arbeitstechniken. Besondere Ber\u00fccksichtigung findet dabei die F\u00f6rderung der Teamf\u00e4higkeit im Rahmen des kooperativen Lernens. Wir bieten den Sch\u00fclerinnen und Sch\u00fclern die M\u00f6glichkeit, entsprechend der pers\u00f6nlichen Neigungen und Interessen Schwerpunkte in ihrer schulischen Ausbildung zu setzen. Dies geschieht vorwiegend praxisorientiert in Erg\u00e4nzung der verbindlichen Stundentafel in &hellip; <a href=\"https:\/\/ohmtalschule.de\/?page_id=679\" class=\"more-link\"><span class=\"screen-reader-text\">Methoden lernen und Schwerpunkte bilden<\/span> weiterlesen <span class=\"meta-nav\">&rarr;<\/span><\/a><\/p>\n","protected":false},"author":6,"featured_media":0,"parent":159,"menu_order":0,"comment_status":"closed","ping_status":"closed","template":"page-templates\/full-width.php","meta":{"footnotes":""},"class_list":["post-679","page","type-page","status-publish","hentry"],"yoast_head":"<!-- This site is optimized with the Yoast SEO plugin v27.4 - https:\/\/yoast.com\/product\/yoast-seo-wordpress\/ -->\n<title>Methoden lernen und Schwerpunkte bilden - Ohmtalschule Homberg<\/title>\n<meta name=\"robots\" content=\"index, follow, max-snippet:-1, max-image-preview:large, max-video-preview:-1\" \/>\n<link rel=\"canonical\" href=\"https:\/\/ohmtalschule.de\/?page_id=679\" \/>\n<meta property=\"og:locale\" content=\"de_DE\" \/>\n<meta property=\"og:type\" content=\"article\" \/>\n<meta property=\"og:title\" content=\"Methoden lernen und Schwerpunkte bilden - Ohmtalschule Homberg\" \/>\n<meta property=\"og:description\" content=\"Wir vermitteln den Sch\u00fclerinnen und Sch\u00fclern wichtige Lernmethoden und grundlegende Arbeitstechniken. Besondere Ber\u00fccksichtigung findet dabei die F\u00f6rderung der Teamf\u00e4higkeit im Rahmen des kooperativen Lernens. Wir bieten den Sch\u00fclerinnen und Sch\u00fclern die M\u00f6glichkeit, entsprechend der pers\u00f6nlichen Neigungen und Interessen Schwerpunkte in ihrer schulischen Ausbildung zu setzen. Dies geschieht vorwiegend praxisorientiert in Erg\u00e4nzung der verbindlichen Stundentafel in &hellip; Methoden lernen und Schwerpunkte bilden weiterlesen &rarr;\" \/>\n<meta property=\"og:url\" content=\"https:\/\/ohmtalschule.de\/?page_id=679\" \/>\n<meta property=\"og:site_name\" content=\"Ohmtalschule Homberg\" \/>\n<meta property=\"article:modified_time\" content=\"2014-03-10T08:32:01+00:00\" \/>\n<meta name=\"twitter:card\" content=\"summary_large_image\" \/>\n<script type=\"application\/ld+json\" class=\"yoast-schema-graph\">{\"@context\":\"https:\\\/\\\/schema.org\",\"@graph\":[{\"@type\":\"WebPage\",\"@id\":\"https:\\\/\\\/ohmtalschule.de\\\/?page_id=679\",\"url\":\"https:\\\/\\\/ohmtalschule.de\\\/?page_id=679\",\"name\":\"Methoden lernen und Schwerpunkte bilden - Ohmtalschule Homberg\",\"isPartOf\":{\"@id\":\"https:\\\/\\\/ohmtalschule.de\\\/#website\"},\"datePublished\":\"2014-02-27T09:22:28+00:00\",\"dateModified\":\"2014-03-10T08:32:01+00:00\",\"breadcrumb\":{\"@id\":\"https:\\\/\\\/ohmtalschule.de\\\/?page_id=679#breadcrumb\"},\"inLanguage\":\"de\",\"potentialAction\":[{\"@type\":\"ReadAction\",\"target\":[\"https:\\\/\\\/ohmtalschule.de\\\/?page_id=679\"]}]},{\"@type\":\"BreadcrumbList\",\"@id\":\"https:\\\/\\\/ohmtalschule.de\\\/?page_id=679#breadcrumb\",\"itemListElement\":[{\"@type\":\"ListItem\",\"position\":1,\"name\":\"Startseite\",\"item\":\"https:\\\/\\\/ohmtalschule.de\\\/\"},{\"@type\":\"ListItem\",\"position\":2,\"name\":\"Unsere Ohmtalschule\",\"item\":\"https:\\\/\\\/ohmtalschule.de\\\/?page_id=21\"},{\"@type\":\"ListItem\",\"position\":3,\"name\":\"Leitziele\",\"item\":\"https:\\\/\\\/ohmtalschule.de\\\/?page_id=159\"},{\"@type\":\"ListItem\",\"position\":4,\"name\":\"Methoden lernen und Schwerpunkte bilden\"}]},{\"@type\":\"WebSite\",\"@id\":\"https:\\\/\\\/ohmtalschule.de\\\/#website\",\"url\":\"https:\\\/\\\/ohmtalschule.de\\\/\",\"name\":\"Ohmtalschule Homberg\",\"description\":\"Gesamtschule des Vogelsbergkreises\",\"potentialAction\":[{\"@type\":\"SearchAction\",\"target\":{\"@type\":\"EntryPoint\",\"urlTemplate\":\"https:\\\/\\\/ohmtalschule.de\\\/?s={search_term_string}\"},\"query-input\":{\"@type\":\"PropertyValueSpecification\",\"valueRequired\":true,\"valueName\":\"search_term_string\"}}],\"inLanguage\":\"de\"}]}<\/script>\n<!-- \/ Yoast SEO plugin. -->","yoast_head_json":{"title":"Methoden lernen und Schwerpunkte bilden - Ohmtalschule Homberg","robots":{"index":"index","follow":"follow","max-snippet":"max-snippet:-1","max-image-preview":"max-image-preview:large","max-video-preview":"max-video-preview:-1"},"canonical":"https:\/\/ohmtalschule.de\/?page_id=679","og_locale":"de_DE","og_type":"article","og_title":"Methoden lernen und Schwerpunkte bilden - Ohmtalschule Homberg","og_description":"Wir vermitteln den Sch\u00fclerinnen und Sch\u00fclern wichtige Lernmethoden und grundlegende Arbeitstechniken. Besondere Ber\u00fccksichtigung findet dabei die F\u00f6rderung der Teamf\u00e4higkeit im Rahmen des kooperativen Lernens. Wir bieten den Sch\u00fclerinnen und Sch\u00fclern die M\u00f6glichkeit, entsprechend der pers\u00f6nlichen Neigungen und Interessen Schwerpunkte in ihrer schulischen Ausbildung zu setzen. Dies geschieht vorwiegend praxisorientiert in Erg\u00e4nzung der verbindlichen Stundentafel in &hellip; Methoden lernen und Schwerpunkte bilden weiterlesen &rarr;","og_url":"https:\/\/ohmtalschule.de\/?page_id=679","og_site_name":"Ohmtalschule Homberg","article_modified_time":"2014-03-10T08:32:01+00:00","twitter_card":"summary_large_image","schema":{"@context":"https:\/\/schema.org","@graph":[{"@type":"WebPage","@id":"https:\/\/ohmtalschule.de\/?page_id=679","url":"https:\/\/ohmtalschule.de\/?page_id=679","name":"Methoden lernen und Schwerpunkte bilden - Ohmtalschule Homberg","isPartOf":{"@id":"https:\/\/ohmtalschule.de\/#website"},"datePublished":"2014-02-27T09:22:28+00:00","dateModified":"2014-03-10T08:32:01+00:00","breadcrumb":{"@id":"https:\/\/ohmtalschule.de\/?page_id=679#breadcrumb"},"inLanguage":"de","potentialAction":[{"@type":"ReadAction","target":["https:\/\/ohmtalschule.de\/?page_id=679"]}]},{"@type":"BreadcrumbList","@id":"https:\/\/ohmtalschule.de\/?page_id=679#breadcrumb","itemListElement":[{"@type":"ListItem","position":1,"name":"Startseite","item":"https:\/\/ohmtalschule.de\/"},{"@type":"ListItem","position":2,"name":"Unsere Ohmtalschule","item":"https:\/\/ohmtalschule.de\/?page_id=21"},{"@type":"ListItem","position":3,"name":"Leitziele","item":"https:\/\/ohmtalschule.de\/?page_id=159"},{"@type":"ListItem","position":4,"name":"Methoden lernen und Schwerpunkte bilden"}]},{"@type":"WebSite","@id":"https:\/\/ohmtalschule.de\/#website","url":"https:\/\/ohmtalschule.de\/","name":"Ohmtalschule Homberg","description":"Gesamtschule des Vogelsbergkreises","potentialAction":[{"@type":"SearchAction","target":{"@type":"EntryPoint","urlTemplate":"https:\/\/ohmtalschule.de\/?s={search_term_string}"},"query-input":{"@type":"PropertyValueSpecification","valueRequired":true,"valueName":"search_term_string"}}],"inLanguage":"de"}]}},"_links":{"self":[{"href":"https:\/\/ohmtalschule.de\/index.php?rest_route=\/wp\/v2\/pages\/679","targetHints":{"allow":["GET"]}}],"collection":[{"href":"https:\/\/ohmtalschule.de\/index.php?rest_route=\/wp\/v2\/pages"}],"about":[{"href":"https:\/\/ohmtalschule.de\/index.php?rest_route=\/wp\/v2\/types\/page"}],"author":[{"embeddable":true,"href":"https:\/\/ohmtalschule.de\/index.php?rest_route=\/wp\/v2\/users\/6"}],"replies":[{"embeddable":true,"href":"https:\/\/ohmtalschule.de\/index.php?rest_route=%2Fwp%2Fv2%2Fcomments&post=679"}],"version-history":[{"count":0,"href":"https:\/\/ohmtalschule.de\/index.php?rest_route=\/wp\/v2\/pages\/679\/revisions"}],"up":[{"embeddable":true,"href":"https:\/\/ohmtalschule.de\/index.php?rest_route=\/wp\/v2\/pages\/159"}],"wp:attachment":[{"href":"https:\/\/ohmtalschule.de\/index.php?rest_route=%2Fwp%2Fv2%2Fmedia&parent=679"}],"curies":[{"name":"wp","href":"https:\/\/api.w.org\/{rel}","templated":true}]}}