{"id":677,"date":"2014-02-27T09:19:23","date_gmt":"2014-02-27T09:19:23","guid":{"rendered":"http:\/\/wp.ohmtalschule.de\/wordpress\/?page_id=677"},"modified":"2014-03-10T08:31:14","modified_gmt":"2014-03-10T08:31:14","slug":"fit-fuer-die-berufswahl","status":"publish","type":"page","link":"https:\/\/ohmtalschule.de\/?page_id=677","title":{"rendered":"Fit f\u00fcr die Berufswahl"},"content":{"rendered":"<ul>\n<ul>\n<li><strong>Wir m\u00f6chten, dass Sch\u00fclerinnen und Sch\u00fcler eine begr\u00fcndete Berufswahlentscheidung treffen.<\/strong><\/li>\n<li><strong>Wir unterst\u00fctzen sie beginnend ab der Jahrgangsstufe 7 beim Erkennen ihrer Interessen und St\u00e4rken, erm\u00f6glichen vielf\u00e4ltige Praxiserfahrungen und unterst\u00fctzen insbesondere die Haupt- und Realsch\u00fcler bei Bewerbung und Ausbildungsplatzsuche.<\/strong><\/li>\n<\/ul>\n<\/ul>\n<p>Formen der Umsetzung:<\/p>\n<ul>\n<li>Regelm\u00e4\u00dfige Treffen mit regionalen Betrieben<\/li>\n<li>Bewerbertag<\/li>\n<li>Kompetenzfeststellung ((Kompo 7, BLZ)<\/li>\n<li>Bewerbungstraining<\/li>\n<li>Beratungsstunde bei Fr. Ebert<\/li>\n<li>Fahrt zu Bildungsmessen<\/li>\n<li>Betriebspraktika<\/li>\n<li>Beratung zu FSJ und Bundeswehr<\/li>\n<li>Seminar \u201eSicher u. selbstbewusst\u201c<\/li>\n<li>Berufsberatung der Arbeitsagentur<\/li>\n<li>WPU- Unterricht: Schwerpunkt \u201eErn\u00e4hrung und Technik\u201c)<\/li>\n<\/ul>\n<p>siehe: <a title=\"Schulcurriculum Berufsorientierung\" href=\"https:\/\/ohmtalschule.de\/wordpress\/?page_id=516\">Schulcurriculum Berufsorientierung<\/a><\/p>\n","protected":false},"excerpt":{"rendered":"<p>Wir m\u00f6chten, dass Sch\u00fclerinnen und Sch\u00fcler eine begr\u00fcndete Berufswahlentscheidung treffen. Wir unterst\u00fctzen sie beginnend ab der Jahrgangsstufe 7 beim Erkennen ihrer Interessen und St\u00e4rken, erm\u00f6glichen vielf\u00e4ltige Praxiserfahrungen und unterst\u00fctzen insbesondere die Haupt- und Realsch\u00fcler bei Bewerbung und Ausbildungsplatzsuche. Formen der Umsetzung: Regelm\u00e4\u00dfige Treffen mit regionalen Betrieben Bewerbertag Kompetenzfeststellung ((Kompo 7, BLZ) Bewerbungstraining Beratungsstunde bei Fr. &hellip; <a href=\"https:\/\/ohmtalschule.de\/?page_id=677\" class=\"more-link\"><span class=\"screen-reader-text\">Fit f\u00fcr die Berufswahl<\/span> weiterlesen <span class=\"meta-nav\">&rarr;<\/span><\/a><\/p>\n","protected":false},"author":6,"featured_media":0,"parent":159,"menu_order":0,"comment_status":"closed","ping_status":"closed","template":"page-templates\/full-width.php","meta":{"footnotes":""},"class_list":["post-677","page","type-page","status-publish","hentry"],"yoast_head":"<!-- This site is optimized with the Yoast SEO plugin v27.4 - https:\/\/yoast.com\/product\/yoast-seo-wordpress\/ -->\n<title>Fit f\u00fcr die Berufswahl - Ohmtalschule Homberg<\/title>\n<meta name=\"robots\" content=\"index, follow, max-snippet:-1, max-image-preview:large, max-video-preview:-1\" \/>\n<link rel=\"canonical\" href=\"https:\/\/ohmtalschule.de\/?page_id=677\" \/>\n<meta property=\"og:locale\" content=\"de_DE\" \/>\n<meta property=\"og:type\" content=\"article\" \/>\n<meta property=\"og:title\" content=\"Fit f\u00fcr die Berufswahl - Ohmtalschule Homberg\" \/>\n<meta property=\"og:description\" content=\"Wir m\u00f6chten, dass Sch\u00fclerinnen und Sch\u00fcler eine begr\u00fcndete Berufswahlentscheidung treffen. Wir unterst\u00fctzen sie beginnend ab der Jahrgangsstufe 7 beim Erkennen ihrer Interessen und St\u00e4rken, erm\u00f6glichen vielf\u00e4ltige Praxiserfahrungen und unterst\u00fctzen insbesondere die Haupt- und Realsch\u00fcler bei Bewerbung und Ausbildungsplatzsuche. Formen der Umsetzung: Regelm\u00e4\u00dfige Treffen mit regionalen Betrieben Bewerbertag Kompetenzfeststellung ((Kompo 7, BLZ) Bewerbungstraining Beratungsstunde bei Fr. &hellip; Fit f\u00fcr die Berufswahl weiterlesen &rarr;\" \/>\n<meta property=\"og:url\" content=\"https:\/\/ohmtalschule.de\/?page_id=677\" \/>\n<meta property=\"og:site_name\" content=\"Ohmtalschule Homberg\" \/>\n<meta property=\"article:modified_time\" content=\"2014-03-10T08:31:14+00:00\" \/>\n<meta name=\"twitter:card\" content=\"summary_large_image\" \/>\n<script type=\"application\/ld+json\" class=\"yoast-schema-graph\">{\"@context\":\"https:\\\/\\\/schema.org\",\"@graph\":[{\"@type\":\"WebPage\",\"@id\":\"https:\\\/\\\/ohmtalschule.de\\\/?page_id=677\",\"url\":\"https:\\\/\\\/ohmtalschule.de\\\/?page_id=677\",\"name\":\"Fit f\u00fcr die Berufswahl - Ohmtalschule Homberg\",\"isPartOf\":{\"@id\":\"https:\\\/\\\/ohmtalschule.de\\\/#website\"},\"datePublished\":\"2014-02-27T09:19:23+00:00\",\"dateModified\":\"2014-03-10T08:31:14+00:00\",\"breadcrumb\":{\"@id\":\"https:\\\/\\\/ohmtalschule.de\\\/?page_id=677#breadcrumb\"},\"inLanguage\":\"de\",\"potentialAction\":[{\"@type\":\"ReadAction\",\"target\":[\"https:\\\/\\\/ohmtalschule.de\\\/?page_id=677\"]}]},{\"@type\":\"BreadcrumbList\",\"@id\":\"https:\\\/\\\/ohmtalschule.de\\\/?page_id=677#breadcrumb\",\"itemListElement\":[{\"@type\":\"ListItem\",\"position\":1,\"name\":\"Startseite\",\"item\":\"https:\\\/\\\/ohmtalschule.de\\\/\"},{\"@type\":\"ListItem\",\"position\":2,\"name\":\"Unsere Ohmtalschule\",\"item\":\"https:\\\/\\\/ohmtalschule.de\\\/?page_id=21\"},{\"@type\":\"ListItem\",\"position\":3,\"name\":\"Leitziele\",\"item\":\"https:\\\/\\\/ohmtalschule.de\\\/?page_id=159\"},{\"@type\":\"ListItem\",\"position\":4,\"name\":\"Fit f\u00fcr die Berufswahl\"}]},{\"@type\":\"WebSite\",\"@id\":\"https:\\\/\\\/ohmtalschule.de\\\/#website\",\"url\":\"https:\\\/\\\/ohmtalschule.de\\\/\",\"name\":\"Ohmtalschule Homberg\",\"description\":\"Gesamtschule des Vogelsbergkreises\",\"potentialAction\":[{\"@type\":\"SearchAction\",\"target\":{\"@type\":\"EntryPoint\",\"urlTemplate\":\"https:\\\/\\\/ohmtalschule.de\\\/?s={search_term_string}\"},\"query-input\":{\"@type\":\"PropertyValueSpecification\",\"valueRequired\":true,\"valueName\":\"search_term_string\"}}],\"inLanguage\":\"de\"}]}<\/script>\n<!-- \/ Yoast SEO plugin. -->","yoast_head_json":{"title":"Fit f\u00fcr die Berufswahl - Ohmtalschule Homberg","robots":{"index":"index","follow":"follow","max-snippet":"max-snippet:-1","max-image-preview":"max-image-preview:large","max-video-preview":"max-video-preview:-1"},"canonical":"https:\/\/ohmtalschule.de\/?page_id=677","og_locale":"de_DE","og_type":"article","og_title":"Fit f\u00fcr die Berufswahl - Ohmtalschule Homberg","og_description":"Wir m\u00f6chten, dass Sch\u00fclerinnen und Sch\u00fcler eine begr\u00fcndete Berufswahlentscheidung treffen. Wir unterst\u00fctzen sie beginnend ab der Jahrgangsstufe 7 beim Erkennen ihrer Interessen und St\u00e4rken, erm\u00f6glichen vielf\u00e4ltige Praxiserfahrungen und unterst\u00fctzen insbesondere die Haupt- und Realsch\u00fcler bei Bewerbung und Ausbildungsplatzsuche. Formen der Umsetzung: Regelm\u00e4\u00dfige Treffen mit regionalen Betrieben Bewerbertag Kompetenzfeststellung ((Kompo 7, BLZ) Bewerbungstraining Beratungsstunde bei Fr. &hellip; Fit f\u00fcr die Berufswahl weiterlesen &rarr;","og_url":"https:\/\/ohmtalschule.de\/?page_id=677","og_site_name":"Ohmtalschule Homberg","article_modified_time":"2014-03-10T08:31:14+00:00","twitter_card":"summary_large_image","schema":{"@context":"https:\/\/schema.org","@graph":[{"@type":"WebPage","@id":"https:\/\/ohmtalschule.de\/?page_id=677","url":"https:\/\/ohmtalschule.de\/?page_id=677","name":"Fit f\u00fcr die Berufswahl - Ohmtalschule Homberg","isPartOf":{"@id":"https:\/\/ohmtalschule.de\/#website"},"datePublished":"2014-02-27T09:19:23+00:00","dateModified":"2014-03-10T08:31:14+00:00","breadcrumb":{"@id":"https:\/\/ohmtalschule.de\/?page_id=677#breadcrumb"},"inLanguage":"de","potentialAction":[{"@type":"ReadAction","target":["https:\/\/ohmtalschule.de\/?page_id=677"]}]},{"@type":"BreadcrumbList","@id":"https:\/\/ohmtalschule.de\/?page_id=677#breadcrumb","itemListElement":[{"@type":"ListItem","position":1,"name":"Startseite","item":"https:\/\/ohmtalschule.de\/"},{"@type":"ListItem","position":2,"name":"Unsere Ohmtalschule","item":"https:\/\/ohmtalschule.de\/?page_id=21"},{"@type":"ListItem","position":3,"name":"Leitziele","item":"https:\/\/ohmtalschule.de\/?page_id=159"},{"@type":"ListItem","position":4,"name":"Fit f\u00fcr die Berufswahl"}]},{"@type":"WebSite","@id":"https:\/\/ohmtalschule.de\/#website","url":"https:\/\/ohmtalschule.de\/","name":"Ohmtalschule Homberg","description":"Gesamtschule des Vogelsbergkreises","potentialAction":[{"@type":"SearchAction","target":{"@type":"EntryPoint","urlTemplate":"https:\/\/ohmtalschule.de\/?s={search_term_string}"},"query-input":{"@type":"PropertyValueSpecification","valueRequired":true,"valueName":"search_term_string"}}],"inLanguage":"de"}]}},"_links":{"self":[{"href":"https:\/\/ohmtalschule.de\/index.php?rest_route=\/wp\/v2\/pages\/677","targetHints":{"allow":["GET"]}}],"collection":[{"href":"https:\/\/ohmtalschule.de\/index.php?rest_route=\/wp\/v2\/pages"}],"about":[{"href":"https:\/\/ohmtalschule.de\/index.php?rest_route=\/wp\/v2\/types\/page"}],"author":[{"embeddable":true,"href":"https:\/\/ohmtalschule.de\/index.php?rest_route=\/wp\/v2\/users\/6"}],"replies":[{"embeddable":true,"href":"https:\/\/ohmtalschule.de\/index.php?rest_route=%2Fwp%2Fv2%2Fcomments&post=677"}],"version-history":[{"count":0,"href":"https:\/\/ohmtalschule.de\/index.php?rest_route=\/wp\/v2\/pages\/677\/revisions"}],"up":[{"embeddable":true,"href":"https:\/\/ohmtalschule.de\/index.php?rest_route=\/wp\/v2\/pages\/159"}],"wp:attachment":[{"href":"https:\/\/ohmtalschule.de\/index.php?rest_route=%2Fwp%2Fv2%2Fmedia&parent=677"}],"curies":[{"name":"wp","href":"https:\/\/api.w.org\/{rel}","templated":true}]}}