{"id":662,"date":"2014-02-27T08:31:59","date_gmt":"2014-02-27T08:31:59","guid":{"rendered":"http:\/\/wp.ohmtalschule.de\/wordpress\/?page_id=662"},"modified":"2014-03-18T10:40:14","modified_gmt":"2014-03-18T10:40:14","slug":"unsere-ohmtalschule-wir-sind-gemeinsam-aktiv","status":"publish","type":"page","link":"https:\/\/ohmtalschule.de\/?page_id=662","title":{"rendered":"Unsere Ohmtalschule &#8211; wir sind gemeinsam aktiv"},"content":{"rendered":"<ul>\n<ul>\n<li><strong>Wir wollen uns \u00fcber den Unterrichtsalltag hinaus aktiv ins Schulleben einbringen.<\/strong><\/li>\n<li><strong>Wir wollen die gemeinsame Identifikation mit der Schule erh\u00f6hen.<\/strong><\/li>\n<li><strong>Wir finden Angebote, die unseren Interessen und F\u00e4higkeiten entsprechen.<\/strong><\/li>\n<li><strong>Wir erreichen unsere Ziele durch Integration und Kooperation.<\/strong><\/li>\n<li><strong>Wir pr\u00e4sentieren selbstbewusst unsere Schule.<\/strong><\/li>\n<\/ul>\n<\/ul>\n<p>Umsetzung in den folgenden Arbeitsschwerpunkten:<\/p>\n<ul>\n<li><a title=\"Die ev. schulbezogene Jugendarbeit\" href=\"https:\/\/ohmtalschule.de\/wordpress\/?page_id=468\">Halbzeit<\/a><\/li>\n<li><a title=\"Interessen wecken\" href=\"https:\/\/ohmtalschule.de\/wordpress\/?page_id=431\">IW (MuKu &#8211; WPU 5+6)<\/a><\/li>\n<li>Einsatzm\u00f6glichkeiten des Schullogos<\/li>\n<li>Schulkleidung<\/li>\n<li>Schulradio<\/li>\n<li>Bibliotheks AG<\/li>\n<li>Bunter Abend<\/li>\n<li>AG Pausengestaltung<\/li>\n<li>Kooperation mit TV Homberg und anderen Tr\u00e4gern<\/li>\n<li>Theater-AG<\/li>\n<li>Ohmtal-Cup<\/li>\n<li>Kennenlerntage mit Grundsch\u00fclern<\/li>\n<li>Fu\u00dfballturnier (Klasse 4+5)<\/li>\n<li>Schwimmbadfest<\/li>\n<li>Tag der offenen T\u00fcr<\/li>\n<li>SV-Arbeit<\/li>\n<\/ul>\n<p>siehe: <a title=\"Ganztagsangebot\" href=\"https:\/\/ohmtalschule.de\/wordpress\/?page_id=161\">Ganztagsangebote<\/a><\/p>\n","protected":false},"excerpt":{"rendered":"<p>Wir wollen uns \u00fcber den Unterrichtsalltag hinaus aktiv ins Schulleben einbringen. Wir wollen die gemeinsame Identifikation mit der Schule erh\u00f6hen. Wir finden Angebote, die unseren Interessen und F\u00e4higkeiten entsprechen. Wir erreichen unsere Ziele durch Integration und Kooperation. Wir pr\u00e4sentieren selbstbewusst unsere Schule. Umsetzung in den folgenden Arbeitsschwerpunkten: Halbzeit IW (MuKu &#8211; WPU 5+6) Einsatzm\u00f6glichkeiten des &hellip; <a href=\"https:\/\/ohmtalschule.de\/?page_id=662\" class=\"more-link\"><span class=\"screen-reader-text\">Unsere Ohmtalschule &#8211; wir sind gemeinsam aktiv<\/span> weiterlesen <span class=\"meta-nav\">&rarr;<\/span><\/a><\/p>\n","protected":false},"author":6,"featured_media":0,"parent":159,"menu_order":0,"comment_status":"closed","ping_status":"closed","template":"page-templates\/full-width.php","meta":{"footnotes":""},"class_list":["post-662","page","type-page","status-publish","hentry"],"yoast_head":"<!-- This site is optimized with the Yoast SEO plugin v27.4 - https:\/\/yoast.com\/product\/yoast-seo-wordpress\/ -->\n<title>Unsere Ohmtalschule - wir sind gemeinsam aktiv - Ohmtalschule Homberg<\/title>\n<meta name=\"robots\" content=\"index, follow, max-snippet:-1, max-image-preview:large, max-video-preview:-1\" \/>\n<link rel=\"canonical\" href=\"https:\/\/ohmtalschule.de\/?page_id=662\" \/>\n<meta property=\"og:locale\" content=\"de_DE\" \/>\n<meta property=\"og:type\" content=\"article\" \/>\n<meta property=\"og:title\" content=\"Unsere Ohmtalschule - wir sind gemeinsam aktiv - Ohmtalschule Homberg\" \/>\n<meta property=\"og:description\" content=\"Wir wollen uns \u00fcber den Unterrichtsalltag hinaus aktiv ins Schulleben einbringen. Wir wollen die gemeinsame Identifikation mit der Schule erh\u00f6hen. Wir finden Angebote, die unseren Interessen und F\u00e4higkeiten entsprechen. Wir erreichen unsere Ziele durch Integration und Kooperation. Wir pr\u00e4sentieren selbstbewusst unsere Schule. Umsetzung in den folgenden Arbeitsschwerpunkten: Halbzeit IW (MuKu &#8211; WPU 5+6) Einsatzm\u00f6glichkeiten des &hellip; Unsere Ohmtalschule &#8211; wir sind gemeinsam aktiv weiterlesen &rarr;\" \/>\n<meta property=\"og:url\" content=\"https:\/\/ohmtalschule.de\/?page_id=662\" \/>\n<meta property=\"og:site_name\" content=\"Ohmtalschule Homberg\" \/>\n<meta property=\"article:modified_time\" content=\"2014-03-18T10:40:14+00:00\" \/>\n<meta name=\"twitter:card\" content=\"summary_large_image\" \/>\n<script type=\"application\/ld+json\" class=\"yoast-schema-graph\">{\"@context\":\"https:\\\/\\\/schema.org\",\"@graph\":[{\"@type\":\"WebPage\",\"@id\":\"https:\\\/\\\/ohmtalschule.de\\\/?page_id=662\",\"url\":\"https:\\\/\\\/ohmtalschule.de\\\/?page_id=662\",\"name\":\"Unsere Ohmtalschule - wir sind gemeinsam aktiv - Ohmtalschule Homberg\",\"isPartOf\":{\"@id\":\"https:\\\/\\\/ohmtalschule.de\\\/#website\"},\"datePublished\":\"2014-02-27T08:31:59+00:00\",\"dateModified\":\"2014-03-18T10:40:14+00:00\",\"breadcrumb\":{\"@id\":\"https:\\\/\\\/ohmtalschule.de\\\/?page_id=662#breadcrumb\"},\"inLanguage\":\"de\",\"potentialAction\":[{\"@type\":\"ReadAction\",\"target\":[\"https:\\\/\\\/ohmtalschule.de\\\/?page_id=662\"]}]},{\"@type\":\"BreadcrumbList\",\"@id\":\"https:\\\/\\\/ohmtalschule.de\\\/?page_id=662#breadcrumb\",\"itemListElement\":[{\"@type\":\"ListItem\",\"position\":1,\"name\":\"Startseite\",\"item\":\"https:\\\/\\\/ohmtalschule.de\\\/\"},{\"@type\":\"ListItem\",\"position\":2,\"name\":\"Unsere Ohmtalschule\",\"item\":\"https:\\\/\\\/ohmtalschule.de\\\/?page_id=21\"},{\"@type\":\"ListItem\",\"position\":3,\"name\":\"Leitziele\",\"item\":\"https:\\\/\\\/ohmtalschule.de\\\/?page_id=159\"},{\"@type\":\"ListItem\",\"position\":4,\"name\":\"Unsere Ohmtalschule &#8211; wir sind gemeinsam aktiv\"}]},{\"@type\":\"WebSite\",\"@id\":\"https:\\\/\\\/ohmtalschule.de\\\/#website\",\"url\":\"https:\\\/\\\/ohmtalschule.de\\\/\",\"name\":\"Ohmtalschule Homberg\",\"description\":\"Gesamtschule des Vogelsbergkreises\",\"potentialAction\":[{\"@type\":\"SearchAction\",\"target\":{\"@type\":\"EntryPoint\",\"urlTemplate\":\"https:\\\/\\\/ohmtalschule.de\\\/?s={search_term_string}\"},\"query-input\":{\"@type\":\"PropertyValueSpecification\",\"valueRequired\":true,\"valueName\":\"search_term_string\"}}],\"inLanguage\":\"de\"}]}<\/script>\n<!-- \/ Yoast SEO plugin. -->","yoast_head_json":{"title":"Unsere Ohmtalschule - wir sind gemeinsam aktiv - Ohmtalschule Homberg","robots":{"index":"index","follow":"follow","max-snippet":"max-snippet:-1","max-image-preview":"max-image-preview:large","max-video-preview":"max-video-preview:-1"},"canonical":"https:\/\/ohmtalschule.de\/?page_id=662","og_locale":"de_DE","og_type":"article","og_title":"Unsere Ohmtalschule - wir sind gemeinsam aktiv - Ohmtalschule Homberg","og_description":"Wir wollen uns \u00fcber den Unterrichtsalltag hinaus aktiv ins Schulleben einbringen. Wir wollen die gemeinsame Identifikation mit der Schule erh\u00f6hen. Wir finden Angebote, die unseren Interessen und F\u00e4higkeiten entsprechen. Wir erreichen unsere Ziele durch Integration und Kooperation. Wir pr\u00e4sentieren selbstbewusst unsere Schule. Umsetzung in den folgenden Arbeitsschwerpunkten: Halbzeit IW (MuKu &#8211; WPU 5+6) Einsatzm\u00f6glichkeiten des &hellip; Unsere Ohmtalschule &#8211; wir sind gemeinsam aktiv weiterlesen &rarr;","og_url":"https:\/\/ohmtalschule.de\/?page_id=662","og_site_name":"Ohmtalschule Homberg","article_modified_time":"2014-03-18T10:40:14+00:00","twitter_card":"summary_large_image","schema":{"@context":"https:\/\/schema.org","@graph":[{"@type":"WebPage","@id":"https:\/\/ohmtalschule.de\/?page_id=662","url":"https:\/\/ohmtalschule.de\/?page_id=662","name":"Unsere Ohmtalschule - wir sind gemeinsam aktiv - Ohmtalschule Homberg","isPartOf":{"@id":"https:\/\/ohmtalschule.de\/#website"},"datePublished":"2014-02-27T08:31:59+00:00","dateModified":"2014-03-18T10:40:14+00:00","breadcrumb":{"@id":"https:\/\/ohmtalschule.de\/?page_id=662#breadcrumb"},"inLanguage":"de","potentialAction":[{"@type":"ReadAction","target":["https:\/\/ohmtalschule.de\/?page_id=662"]}]},{"@type":"BreadcrumbList","@id":"https:\/\/ohmtalschule.de\/?page_id=662#breadcrumb","itemListElement":[{"@type":"ListItem","position":1,"name":"Startseite","item":"https:\/\/ohmtalschule.de\/"},{"@type":"ListItem","position":2,"name":"Unsere Ohmtalschule","item":"https:\/\/ohmtalschule.de\/?page_id=21"},{"@type":"ListItem","position":3,"name":"Leitziele","item":"https:\/\/ohmtalschule.de\/?page_id=159"},{"@type":"ListItem","position":4,"name":"Unsere Ohmtalschule &#8211; wir sind gemeinsam aktiv"}]},{"@type":"WebSite","@id":"https:\/\/ohmtalschule.de\/#website","url":"https:\/\/ohmtalschule.de\/","name":"Ohmtalschule Homberg","description":"Gesamtschule des Vogelsbergkreises","potentialAction":[{"@type":"SearchAction","target":{"@type":"EntryPoint","urlTemplate":"https:\/\/ohmtalschule.de\/?s={search_term_string}"},"query-input":{"@type":"PropertyValueSpecification","valueRequired":true,"valueName":"search_term_string"}}],"inLanguage":"de"}]}},"_links":{"self":[{"href":"https:\/\/ohmtalschule.de\/index.php?rest_route=\/wp\/v2\/pages\/662","targetHints":{"allow":["GET"]}}],"collection":[{"href":"https:\/\/ohmtalschule.de\/index.php?rest_route=\/wp\/v2\/pages"}],"about":[{"href":"https:\/\/ohmtalschule.de\/index.php?rest_route=\/wp\/v2\/types\/page"}],"author":[{"embeddable":true,"href":"https:\/\/ohmtalschule.de\/index.php?rest_route=\/wp\/v2\/users\/6"}],"replies":[{"embeddable":true,"href":"https:\/\/ohmtalschule.de\/index.php?rest_route=%2Fwp%2Fv2%2Fcomments&post=662"}],"version-history":[{"count":0,"href":"https:\/\/ohmtalschule.de\/index.php?rest_route=\/wp\/v2\/pages\/662\/revisions"}],"up":[{"embeddable":true,"href":"https:\/\/ohmtalschule.de\/index.php?rest_route=\/wp\/v2\/pages\/159"}],"wp:attachment":[{"href":"https:\/\/ohmtalschule.de\/index.php?rest_route=%2Fwp%2Fv2%2Fmedia&parent=662"}],"curies":[{"name":"wp","href":"https:\/\/api.w.org\/{rel}","templated":true}]}}