{"id":586,"date":"2014-02-25T13:24:16","date_gmt":"2014-02-25T13:24:16","guid":{"rendered":"http:\/\/wp.ohmtalschule.de\/wordpress\/?page_id=586"},"modified":"2014-03-10T14:48:02","modified_gmt":"2014-03-10T14:48:02","slug":"bibliotheksordnung","status":"publish","type":"page","link":"https:\/\/ohmtalschule.de\/?page_id=586","title":{"rendered":"Benutzungssordnung"},"content":{"rendered":"<p style=\"text-align: left;\" align=\"center\"><b>Stand: (10.3.2014)<\/b><\/p>\n<p style=\"text-align: justify;\"><b><span style=\"text-decoration: underline;\">1. Allgemeines<\/span><\/b><b><\/b><\/p>\n<ol style=\"list-style-type: lower-alpha; text-align: justify;\">\n<li>Die Bibliothek steht der \u00d6ffentlichkeit Hombergs sowie der Lehrer- Sch\u00fclerschaft der Ohmtalschule w\u00e4hrend der \u00d6ffnungszeiten zur Verf\u00fcgung.<\/li>\n<li>Der Zugang erfolgt \u00fcber den Haupteingang der Schule und die Pausenhalle.<\/li>\n<li>Beim Betreten der Bibliothek sind Taschen (Ranzen\/Aktentaschen\/Einkaufstaschen) und Garderobe (M\u00e4ntel\/Jacken) an den daf\u00fcr vorgesehenen Stellen abzulegen.<\/li>\n<li>Rauchen, Essen (einschlie\u00dflich Kaugummis) und Trinken, sowie lautes Sprechen und Rennen sind in der Bibliothek nicht gestattet. Die Bibliothek ist ein Ruhe- und Arbeitsraum.<\/li>\n<li>Den Anweisungen des Bibliothekspersonals ist Folge zu leisten.<\/li>\n<li>Die Bibliothek arbeitet mit EDV. Alle pers\u00f6nlichen Daten von Benutzern\/innen werden gesch\u00fctzt.<\/li>\n<\/ol>\n<p style=\"text-align: left;\">\u00a0<b><span style=\"text-decoration: underline;\">2. Ausleihe\/R\u00fcckgabe von Medien<\/span><\/b><\/p>\n<ol style=\"list-style-type: lower-alpha; text-align: justify;\">\n<li>Die Ausleihe und R\u00fcckgabe von Medien erfolgt w\u00e4hrend der offiziellen \u00d6ffnungszeiten der Bibliothek.<\/li>\n<li>F\u00fcr die Ausleihe von AV-Materialien (z.B. CDs\/CDRs\/DVDs) ben\u00f6tigt man zus\u00e4tzlich eine Ausleihberechtigung. Sie ist kostenpflichtig (vgl. Geb\u00fchrenordnung).<\/li>\n<li>Die Ausleihe von Medien aller Art ist kostenlos.<\/li>\n<li>Ausgeliehene Medien d\u00fcrfen nicht an Dritte weitergegeben werden.<\/li>\n<li>Die Ausleihfrist betr\u00e4gt 3 Wochen (AV-Material 1 Woche). Sie kann verl\u00e4ngert werden. Dazu m\u00fcssen die Medien vorgelegt werden. Bei AV-Medien ist keine Verl\u00e4ngerung m\u00f6glich.<\/li>\n<li>B\u00fccher k\u00f6nnen in angemessener Menge entliehen werden, AV-Material nur bis maximal 2 St\u00fcck.<\/li>\n<li>Bei versp\u00e4teter R\u00fcckgabe werden Geb\u00fchren f\u00e4llig.<\/li>\n<li>Die Ausleihe von Lexika ist als Wochenend- oder Nachtausleihe m\u00f6glich.<\/li>\n<li>Medien aus dem Bereich Unterrichtsmaterial (gelbes Etikett) werden nur an Lehrkr\u00e4fte der Ohmtalschule ausgeliehen.<\/li>\n<li>B\u00fccher mit CDs werden nur mit AV-Berechtigung ausgeliehen.<\/li>\n<li>Die Benutzung der PC-Arbeitspl\u00e4tze erfolgt nur nach Absprache im Vormittagsbereich zu Unterrichtszwecken mit Lehrkr\u00e4ften. Zum Abspeichern von Computerdaten d\u00fcrfen nur USB-Sticks verwendet werden.<\/li>\n<\/ol>\n<p style=\"text-align: justify;\"><span style=\"text-decoration: underline;\"><b>3. Behandlung von Bibliothekseigentum<\/b><\/span><b><\/b><\/p>\n<ol style=\"text-align: justify; list-style-type: lower-alpha;\">\n<li>Alle Bibliotheksbenutzer\/innen sind verpflichtet, das Bibliothekseigentum sorgf\u00e4ltig zu behandeln.<\/li>\n<li>Besch\u00e4digtes oder verloren gegangenes Eigentum der Bibliothek muss in angemessener H\u00f6he ersetzt werden. Dazu kommt eine Einarbeitungsgeb\u00fchr. Besch\u00e4digtes Material ist in H\u00f6he der Instandsetzungskosten zu begleichen.<\/li>\n<\/ol>\n<p><span style=\"text-decoration: underline;\"><b>4. Aufl\u00f6sung des Benutzungsanspruchs<\/b><\/span><b><\/b><\/p>\n<ol style=\"list-style-type: lower-alpha;\">\n<li style=\"text-align: justify;\">Alle Benutzer\/innen erkennen diese Benutzungsordnung an.<\/li>\n<li style=\"text-align: justify;\">Personen, die gegen diese Bibliotheksordnung versto\u00dfen, k\u00f6nnen von der weiteren Benutzung der Bibliothek befristet oder ganz ausgeschlossen werden.<\/li>\n<\/ol>\n<p>&nbsp;<\/p>\n","protected":false},"excerpt":{"rendered":"<p>Stand: (10.3.2014) 1. Allgemeines Die Bibliothek steht der \u00d6ffentlichkeit Hombergs sowie der Lehrer- Sch\u00fclerschaft der Ohmtalschule w\u00e4hrend der \u00d6ffnungszeiten zur Verf\u00fcgung. Der Zugang erfolgt \u00fcber den Haupteingang der Schule und die Pausenhalle. Beim Betreten der Bibliothek sind Taschen (Ranzen\/Aktentaschen\/Einkaufstaschen) und Garderobe (M\u00e4ntel\/Jacken) an den daf\u00fcr vorgesehenen Stellen abzulegen. Rauchen, Essen (einschlie\u00dflich Kaugummis) und Trinken, sowie &hellip; <a href=\"https:\/\/ohmtalschule.de\/?page_id=586\" class=\"more-link\"><span class=\"screen-reader-text\">Benutzungssordnung<\/span> weiterlesen <span class=\"meta-nav\">&rarr;<\/span><\/a><\/p>\n","protected":false},"author":2,"featured_media":0,"parent":143,"menu_order":10,"comment_status":"closed","ping_status":"closed","template":"page-templates\/full-width.php","meta":{"footnotes":""},"class_list":["post-586","page","type-page","status-publish","hentry"],"yoast_head":"<!-- This site is optimized with the Yoast SEO plugin v27.5 - https:\/\/yoast.com\/product\/yoast-seo-wordpress\/ -->\n<title>Benutzungssordnung - Ohmtalschule Homberg<\/title>\n<meta name=\"robots\" content=\"index, follow, max-snippet:-1, max-image-preview:large, max-video-preview:-1\" \/>\n<link rel=\"canonical\" href=\"https:\/\/ohmtalschule.de\/?page_id=586\" \/>\n<meta property=\"og:locale\" content=\"de_DE\" \/>\n<meta property=\"og:type\" content=\"article\" \/>\n<meta property=\"og:title\" content=\"Benutzungssordnung - Ohmtalschule Homberg\" \/>\n<meta property=\"og:description\" content=\"Stand: (10.3.2014) 1. Allgemeines Die Bibliothek steht der \u00d6ffentlichkeit Hombergs sowie der Lehrer- Sch\u00fclerschaft der Ohmtalschule w\u00e4hrend der \u00d6ffnungszeiten zur Verf\u00fcgung. Der Zugang erfolgt \u00fcber den Haupteingang der Schule und die Pausenhalle. Beim Betreten der Bibliothek sind Taschen (Ranzen\/Aktentaschen\/Einkaufstaschen) und Garderobe (M\u00e4ntel\/Jacken) an den daf\u00fcr vorgesehenen Stellen abzulegen. Rauchen, Essen (einschlie\u00dflich Kaugummis) und Trinken, sowie &hellip; Benutzungssordnung weiterlesen &rarr;\" \/>\n<meta property=\"og:url\" content=\"https:\/\/ohmtalschule.de\/?page_id=586\" \/>\n<meta property=\"og:site_name\" content=\"Ohmtalschule Homberg\" \/>\n<meta property=\"article:modified_time\" content=\"2014-03-10T14:48:02+00:00\" \/>\n<meta name=\"twitter:card\" content=\"summary_large_image\" \/>\n<meta name=\"twitter:label1\" content=\"Gesch\u00e4tzte Lesezeit\" \/>\n\t<meta name=\"twitter:data1\" content=\"2\u00a0Minuten\" \/>\n<script type=\"application\/ld+json\" class=\"yoast-schema-graph\">{\"@context\":\"https:\\\/\\\/schema.org\",\"@graph\":[{\"@type\":\"WebPage\",\"@id\":\"https:\\\/\\\/ohmtalschule.de\\\/?page_id=586\",\"url\":\"https:\\\/\\\/ohmtalschule.de\\\/?page_id=586\",\"name\":\"Benutzungssordnung - Ohmtalschule Homberg\",\"isPartOf\":{\"@id\":\"https:\\\/\\\/ohmtalschule.de\\\/#website\"},\"datePublished\":\"2014-02-25T13:24:16+00:00\",\"dateModified\":\"2014-03-10T14:48:02+00:00\",\"breadcrumb\":{\"@id\":\"https:\\\/\\\/ohmtalschule.de\\\/?page_id=586#breadcrumb\"},\"inLanguage\":\"de\",\"potentialAction\":[{\"@type\":\"ReadAction\",\"target\":[\"https:\\\/\\\/ohmtalschule.de\\\/?page_id=586\"]}]},{\"@type\":\"BreadcrumbList\",\"@id\":\"https:\\\/\\\/ohmtalschule.de\\\/?page_id=586#breadcrumb\",\"itemListElement\":[{\"@type\":\"ListItem\",\"position\":1,\"name\":\"Startseite\",\"item\":\"https:\\\/\\\/ohmtalschule.de\\\/\"},{\"@type\":\"ListItem\",\"position\":2,\"name\":\"Stadt- &#038; Schulbibliothek\",\"item\":\"https:\\\/\\\/ohmtalschule.de\\\/?page_id=143\"},{\"@type\":\"ListItem\",\"position\":3,\"name\":\"Benutzungssordnung\"}]},{\"@type\":\"WebSite\",\"@id\":\"https:\\\/\\\/ohmtalschule.de\\\/#website\",\"url\":\"https:\\\/\\\/ohmtalschule.de\\\/\",\"name\":\"Ohmtalschule Homberg\",\"description\":\"Gesamtschule des Vogelsbergkreises\",\"potentialAction\":[{\"@type\":\"SearchAction\",\"target\":{\"@type\":\"EntryPoint\",\"urlTemplate\":\"https:\\\/\\\/ohmtalschule.de\\\/?s={search_term_string}\"},\"query-input\":{\"@type\":\"PropertyValueSpecification\",\"valueRequired\":true,\"valueName\":\"search_term_string\"}}],\"inLanguage\":\"de\"}]}<\/script>\n<!-- \/ Yoast SEO plugin. -->","yoast_head_json":{"title":"Benutzungssordnung - Ohmtalschule Homberg","robots":{"index":"index","follow":"follow","max-snippet":"max-snippet:-1","max-image-preview":"max-image-preview:large","max-video-preview":"max-video-preview:-1"},"canonical":"https:\/\/ohmtalschule.de\/?page_id=586","og_locale":"de_DE","og_type":"article","og_title":"Benutzungssordnung - Ohmtalschule Homberg","og_description":"Stand: (10.3.2014) 1. Allgemeines Die Bibliothek steht der \u00d6ffentlichkeit Hombergs sowie der Lehrer- Sch\u00fclerschaft der Ohmtalschule w\u00e4hrend der \u00d6ffnungszeiten zur Verf\u00fcgung. Der Zugang erfolgt \u00fcber den Haupteingang der Schule und die Pausenhalle. Beim Betreten der Bibliothek sind Taschen (Ranzen\/Aktentaschen\/Einkaufstaschen) und Garderobe (M\u00e4ntel\/Jacken) an den daf\u00fcr vorgesehenen Stellen abzulegen. Rauchen, Essen (einschlie\u00dflich Kaugummis) und Trinken, sowie &hellip; Benutzungssordnung weiterlesen &rarr;","og_url":"https:\/\/ohmtalschule.de\/?page_id=586","og_site_name":"Ohmtalschule Homberg","article_modified_time":"2014-03-10T14:48:02+00:00","twitter_card":"summary_large_image","twitter_misc":{"Gesch\u00e4tzte Lesezeit":"2\u00a0Minuten"},"schema":{"@context":"https:\/\/schema.org","@graph":[{"@type":"WebPage","@id":"https:\/\/ohmtalschule.de\/?page_id=586","url":"https:\/\/ohmtalschule.de\/?page_id=586","name":"Benutzungssordnung - Ohmtalschule Homberg","isPartOf":{"@id":"https:\/\/ohmtalschule.de\/#website"},"datePublished":"2014-02-25T13:24:16+00:00","dateModified":"2014-03-10T14:48:02+00:00","breadcrumb":{"@id":"https:\/\/ohmtalschule.de\/?page_id=586#breadcrumb"},"inLanguage":"de","potentialAction":[{"@type":"ReadAction","target":["https:\/\/ohmtalschule.de\/?page_id=586"]}]},{"@type":"BreadcrumbList","@id":"https:\/\/ohmtalschule.de\/?page_id=586#breadcrumb","itemListElement":[{"@type":"ListItem","position":1,"name":"Startseite","item":"https:\/\/ohmtalschule.de\/"},{"@type":"ListItem","position":2,"name":"Stadt- &#038; Schulbibliothek","item":"https:\/\/ohmtalschule.de\/?page_id=143"},{"@type":"ListItem","position":3,"name":"Benutzungssordnung"}]},{"@type":"WebSite","@id":"https:\/\/ohmtalschule.de\/#website","url":"https:\/\/ohmtalschule.de\/","name":"Ohmtalschule Homberg","description":"Gesamtschule des Vogelsbergkreises","potentialAction":[{"@type":"SearchAction","target":{"@type":"EntryPoint","urlTemplate":"https:\/\/ohmtalschule.de\/?s={search_term_string}"},"query-input":{"@type":"PropertyValueSpecification","valueRequired":true,"valueName":"search_term_string"}}],"inLanguage":"de"}]}},"_links":{"self":[{"href":"https:\/\/ohmtalschule.de\/index.php?rest_route=\/wp\/v2\/pages\/586","targetHints":{"allow":["GET"]}}],"collection":[{"href":"https:\/\/ohmtalschule.de\/index.php?rest_route=\/wp\/v2\/pages"}],"about":[{"href":"https:\/\/ohmtalschule.de\/index.php?rest_route=\/wp\/v2\/types\/page"}],"author":[{"embeddable":true,"href":"https:\/\/ohmtalschule.de\/index.php?rest_route=\/wp\/v2\/users\/2"}],"replies":[{"embeddable":true,"href":"https:\/\/ohmtalschule.de\/index.php?rest_route=%2Fwp%2Fv2%2Fcomments&post=586"}],"version-history":[{"count":0,"href":"https:\/\/ohmtalschule.de\/index.php?rest_route=\/wp\/v2\/pages\/586\/revisions"}],"up":[{"embeddable":true,"href":"https:\/\/ohmtalschule.de\/index.php?rest_route=\/wp\/v2\/pages\/143"}],"wp:attachment":[{"href":"https:\/\/ohmtalschule.de\/index.php?rest_route=%2Fwp%2Fv2%2Fmedia&parent=586"}],"curies":[{"name":"wp","href":"https:\/\/api.w.org\/{rel}","templated":true}]}}