{"id":516,"date":"2014-02-24T13:22:37","date_gmt":"2014-02-24T13:22:37","guid":{"rendered":"http:\/\/wp.ohmtalschule.de\/wordpress\/?page_id=516"},"modified":"2014-03-10T08:33:43","modified_gmt":"2014-03-10T08:33:43","slug":"schulcurriculum-berufsorientierung","status":"publish","type":"page","link":"https:\/\/ohmtalschule.de\/?page_id=516","title":{"rendered":"Schulcurriculum Berufsorientierung"},"content":{"rendered":"<p><b><span style=\"text-decoration: underline;\">Allgemeim:<\/span><\/b><\/p>\n<ul>\n<li><b>Schulkoordinatoren<\/b> f\u00fcr die <b>Berufsorientierung<\/b>: Hr. Henning, Fr. Ebert.<\/li>\n<li>\u00a0Schulinterne <b>Veranstaltungen<\/b> zur Berufsorientierung sind fester <b>Bestandteil<\/b> des <b>Jahresterminplanes<\/b> (z.B. Ausbildungsmesse mit regionalen Betrieben, Info weiterf\u00fchrende Schulen).<\/li>\n<li>\u00a0Ab der Jahrgangsstufe 7 (Hauptschulzweig) bzw. 8 (Realschulzweig) bearbeiten die Sch\u00fclerinnen und Sch\u00fcler einen schulintern erstellten \u201e<b>Berufswahlordner<\/b>\u201c.<\/li>\n<li>Zentraler <b>Aushang<\/b> von Anzeigen \u201e<b>Freie Lehrstellen<\/b>\u201c, feste w\u00f6chentl. <b>Beratungsstunde<\/b> f\u00fcr Schulabg\u00e4nger mit Fachlehrkraft.<\/li>\n<li>Regelm\u00e4\u00dfige <b>Fortbildung<\/b> der Fachkolleginnen \/ Fachkollegen durch Teilnahme an Veranstaltungen des Arbeitskreises \u201eSchule-Wirtschaft\u201c, des \u201eBildungswerkes der Hessischen Wirtschaft\u201c, Firmenbesuche, etc. .<\/li>\n<li>Aufeinander aufbauendes <b>Training<\/b> der <b>Sozialkompetenz<\/b> in mehreren Jahrg\u00e4ngen. (\u201eSoziales Lernen\u201c in den Jahrgangsstufen 5-6, \u201ecool sein-cool bleiben\u201c im Jahrgang 8) .<\/li>\n<li>\u00a0Kontakte der Schule zu <b>heimischen Wirtschaftsbetrieben<\/b> (regelm\u00e4\u00dfige Treffen mit Vertretern der Betriebe im Rahmen eines <b>\u201eRunden Tisches\u201c).<\/b><\/li>\n<li>\u201e<b>Tag der Ausbildung\u201c<\/b> an der Ohmtalschule (kleine lokale Ausbildungsmesse mit regionalen Ausbildungsbetrieben).<\/li>\n<li>In Einzelf\u00e4llen Zusammenarbeit mit der <b>Vogelsberg-Consult GmbH.<\/b><\/li>\n<li>Nicht im Zeugnis dokumentierte <b>Teilleistungen<\/b> werden <b>zertifiziert<\/b> (z.B. ECDL, Cambridge Zertificate, Praktikumszeugnis \u2026).<\/li>\n<li>Dokumentation des gesamten Berufswahlvorbereitungs-Prozesses im \u201e<b>Berufswahlpass<\/b>\u201c.<\/li>\n<li>Fester w\u00f6chentlicher <b>Sprechtag<\/b> der Berufsberatung der <b>Arbeitsagentur<\/b>.<\/li>\n<\/ul>\n<p><b><span style=\"text-decoration: underline;\">Jahrgangsstufe 7:<\/span><\/b><\/p>\n<ul>\n<li>Durchf\u00fchrung einer <b>\u201ePotentialanalyse\u201c<\/b> im Haupt- und Realschulzweig.<\/li>\n<\/ul>\n<p style=\"padding-left: 60px;\">(Ergebnisbesprechung mit Sch\u00fclern, Eltern und in Klassenkonferenzen)<\/p>\n<ul>\n<li>\u00a0<b>Methodenkompetenztraining<\/b> im Realschulzweig.<\/li>\n<li>\u00a0Ein <b>Praktikumstag<\/b> f\u00fcr alle Sch\u00fclerinnen und Sch\u00fcler in Klasse 7 (girl\u2018s day).<\/li>\n<\/ul>\n<p><b><span style=\"text-decoration: underline;\">Jahrgangsstufe 8:<\/span><\/b><\/p>\n<ul>\n<li>\u00a0Methodenkompetenztraining im Realschulzweig.<\/li>\n<li>Kooperation (Vertrag) mit dem <b>\u201eBildungs- und Technologiezentrum f\u00fcr Elektro- und Informationstechnik e.V.\u201c<\/b> in Lauterbach.<\/li>\n<\/ul>\n<p style=\"padding-left: 60px;\">Hier: <b>14t\u00e4giges Orientierungspraktikum<\/b> den Klassen 8H und 8R in 5 wechselnden Berufen mit <b>St\u00e4rken \/ Schw\u00e4chen Analyse (Kompetenzprofil).<\/b><\/p>\n<ul>\n<li>\u00a0Zweiw\u00f6chiges <b>Betriebspraktikum<\/b> den Klassen 8H und 8R mit anschlie\u00dfender Ausstellung f\u00fcr die Jahrgangsstufe 7 .<\/li>\n<li><b>Betriebserkundung<\/b> bei der Firma \u201eKAMAX\u201c. (Eine Betriebserkundung ist verbindlich).<\/li>\n<\/ul>\n<p><b><span style=\"text-decoration: underline;\">Jahrgangsstufe 9:<\/span><\/b><\/p>\n<ul>\n<li>\u00a0<b>Methodenkompetenztraining<\/b> im Realschulzweig.<\/li>\n<li>Zweiw\u00f6chiges <b>Betriebspraktikum<\/b> der Klassen 9H, 9R und 9G.<\/li>\n<li>Besuch der <b>Ausbildungsmesse<\/b> in <b>Alsfeld<\/b> (Klassen 9H).<\/li>\n<li>2t\u00e4giges <b>Seminar \u201eSicher Auftreten \u2013 frei Sprechen\u201c<\/b> in allen 9. Klassen.<\/li>\n<li><b>Elternabend<\/b> und <b>Berufsinformationsstunde<\/b> mit dem <b>Berufsberater<\/b>.<\/li>\n<li>Beratungsgespr\u00e4che mit dem zust\u00e4ndigen <b>Berufsberater der Bundesagentur f\u00fcr Arbeit.<\/b><\/li>\n<li><b>Bewerbungstraining<\/b> mit au\u00dferschulischen Partnern (AOK, Sparkasse, Volksbank).<\/li>\n<\/ul>\n<p><b><span style=\"text-decoration: underline;\">Jahrgangsstufe 10:<\/span><\/b><\/p>\n<ul>\n<li>\u00a0Zwei zweiw\u00f6chige <b>Betriebspraktika<\/b> der Klasse 10H *).<\/li>\n<li>Ein mehrmonatiges <b>Tagespraktikum<\/b> f\u00fcr Sch\u00fclerinnen \/ Sch\u00fcler der Klasse 10H *), die nicht den Mittleren Bildungsabschluss anstreben.<\/li>\n<li><b>Individuelle<\/b> und klassenbezogene <b>Berufsberatung der Arbeitsagentur<\/b> mit Sch\u00fclern und <b>Eltern<\/b> in den Klassen 10H und 10R.<\/li>\n<li>Besuch der <b>Ausbildungsmessen<\/b> in <b>Alsfeld und Gie\u00dfen<\/b> (Klassen 10R, 9H).<\/li>\n<li><b>Bewerbungstraining<\/b> mit au\u00dferschulischen Partnern (AOK, Sparkasse, Volksbank).<\/li>\n<li>Vorstellung von Ausbildungsm\u00f6glichkeiten bei der <b>Bundeswehr<\/b> (Jugendoffizier).<\/li>\n<li><b>Individuelles Beratungsangebot<\/b> f\u00fcr Sch\u00fclerinnen und Sch\u00fcler der <b>Abgangsklassen<\/b>. (W\u00f6chentliche Sprechstunde mit AL-Lehrerin).<\/li>\n<li>Seminar <b>\u201eSicher und selbstbewusst\u201c.<\/b><\/li>\n<\/ul>\n<p><span style=\"font-size: 12px;\">*) sofern eine Klasse 10H aufgrund gen\u00fcgender Anmeldungen gebildet werden kann.<\/span><\/p>\n","protected":false},"excerpt":{"rendered":"<p>Allgemeim: Schulkoordinatoren f\u00fcr die Berufsorientierung: Hr. Henning, Fr. Ebert. \u00a0Schulinterne Veranstaltungen zur Berufsorientierung sind fester Bestandteil des Jahresterminplanes (z.B. Ausbildungsmesse mit regionalen Betrieben, Info weiterf\u00fchrende Schulen). \u00a0Ab der Jahrgangsstufe 7 (Hauptschulzweig) bzw. 8 (Realschulzweig) bearbeiten die Sch\u00fclerinnen und Sch\u00fcler einen schulintern erstellten \u201eBerufswahlordner\u201c. Zentraler Aushang von Anzeigen \u201eFreie Lehrstellen\u201c, feste w\u00f6chentl. Beratungsstunde f\u00fcr Schulabg\u00e4nger mit &hellip; <a href=\"https:\/\/ohmtalschule.de\/?page_id=516\" class=\"more-link\"><span class=\"screen-reader-text\">Schulcurriculum Berufsorientierung<\/span> weiterlesen <span class=\"meta-nav\">&rarr;<\/span><\/a><\/p>\n","protected":false},"author":6,"featured_media":0,"parent":436,"menu_order":0,"comment_status":"closed","ping_status":"closed","template":"page-templates\/full-width.php","meta":{"footnotes":""},"class_list":["post-516","page","type-page","status-publish","hentry"],"yoast_head":"<!-- This site is optimized with the Yoast SEO plugin v27.4 - https:\/\/yoast.com\/product\/yoast-seo-wordpress\/ -->\n<title>Schulcurriculum Berufsorientierung - Ohmtalschule Homberg<\/title>\n<meta name=\"robots\" content=\"index, follow, max-snippet:-1, max-image-preview:large, max-video-preview:-1\" \/>\n<link rel=\"canonical\" href=\"https:\/\/ohmtalschule.de\/?page_id=516\" \/>\n<meta property=\"og:locale\" content=\"de_DE\" \/>\n<meta property=\"og:type\" content=\"article\" \/>\n<meta property=\"og:title\" content=\"Schulcurriculum Berufsorientierung - Ohmtalschule Homberg\" \/>\n<meta property=\"og:description\" content=\"Allgemeim: Schulkoordinatoren f\u00fcr die Berufsorientierung: Hr. Henning, Fr. Ebert. \u00a0Schulinterne Veranstaltungen zur Berufsorientierung sind fester Bestandteil des Jahresterminplanes (z.B. Ausbildungsmesse mit regionalen Betrieben, Info weiterf\u00fchrende Schulen). \u00a0Ab der Jahrgangsstufe 7 (Hauptschulzweig) bzw. 8 (Realschulzweig) bearbeiten die Sch\u00fclerinnen und Sch\u00fcler einen schulintern erstellten \u201eBerufswahlordner\u201c. Zentraler Aushang von Anzeigen \u201eFreie Lehrstellen\u201c, feste w\u00f6chentl. Beratungsstunde f\u00fcr Schulabg\u00e4nger mit &hellip; Schulcurriculum Berufsorientierung weiterlesen &rarr;\" \/>\n<meta property=\"og:url\" content=\"https:\/\/ohmtalschule.de\/?page_id=516\" \/>\n<meta property=\"og:site_name\" content=\"Ohmtalschule Homberg\" \/>\n<meta property=\"article:modified_time\" content=\"2014-03-10T08:33:43+00:00\" \/>\n<meta name=\"twitter:card\" content=\"summary_large_image\" \/>\n<meta name=\"twitter:label1\" content=\"Gesch\u00e4tzte Lesezeit\" \/>\n\t<meta name=\"twitter:data1\" content=\"2\u00a0Minuten\" \/>\n<script type=\"application\/ld+json\" class=\"yoast-schema-graph\">{\"@context\":\"https:\\\/\\\/schema.org\",\"@graph\":[{\"@type\":\"WebPage\",\"@id\":\"https:\\\/\\\/ohmtalschule.de\\\/?page_id=516\",\"url\":\"https:\\\/\\\/ohmtalschule.de\\\/?page_id=516\",\"name\":\"Schulcurriculum Berufsorientierung - Ohmtalschule Homberg\",\"isPartOf\":{\"@id\":\"https:\\\/\\\/ohmtalschule.de\\\/#website\"},\"datePublished\":\"2014-02-24T13:22:37+00:00\",\"dateModified\":\"2014-03-10T08:33:43+00:00\",\"breadcrumb\":{\"@id\":\"https:\\\/\\\/ohmtalschule.de\\\/?page_id=516#breadcrumb\"},\"inLanguage\":\"de\",\"potentialAction\":[{\"@type\":\"ReadAction\",\"target\":[\"https:\\\/\\\/ohmtalschule.de\\\/?page_id=516\"]}]},{\"@type\":\"BreadcrumbList\",\"@id\":\"https:\\\/\\\/ohmtalschule.de\\\/?page_id=516#breadcrumb\",\"itemListElement\":[{\"@type\":\"ListItem\",\"position\":1,\"name\":\"Startseite\",\"item\":\"https:\\\/\\\/ohmtalschule.de\\\/\"},{\"@type\":\"ListItem\",\"position\":2,\"name\":\"Unsere Ohmtalschule\",\"item\":\"https:\\\/\\\/ohmtalschule.de\\\/?page_id=21\"},{\"@type\":\"ListItem\",\"position\":3,\"name\":\"P\u00e4dagogische Konzepte\",\"item\":\"https:\\\/\\\/ohmtalschule.de\\\/?page_id=436\"},{\"@type\":\"ListItem\",\"position\":4,\"name\":\"Schulcurriculum Berufsorientierung\"}]},{\"@type\":\"WebSite\",\"@id\":\"https:\\\/\\\/ohmtalschule.de\\\/#website\",\"url\":\"https:\\\/\\\/ohmtalschule.de\\\/\",\"name\":\"Ohmtalschule Homberg\",\"description\":\"Gesamtschule des Vogelsbergkreises\",\"potentialAction\":[{\"@type\":\"SearchAction\",\"target\":{\"@type\":\"EntryPoint\",\"urlTemplate\":\"https:\\\/\\\/ohmtalschule.de\\\/?s={search_term_string}\"},\"query-input\":{\"@type\":\"PropertyValueSpecification\",\"valueRequired\":true,\"valueName\":\"search_term_string\"}}],\"inLanguage\":\"de\"}]}<\/script>\n<!-- \/ Yoast SEO plugin. -->","yoast_head_json":{"title":"Schulcurriculum Berufsorientierung - Ohmtalschule Homberg","robots":{"index":"index","follow":"follow","max-snippet":"max-snippet:-1","max-image-preview":"max-image-preview:large","max-video-preview":"max-video-preview:-1"},"canonical":"https:\/\/ohmtalschule.de\/?page_id=516","og_locale":"de_DE","og_type":"article","og_title":"Schulcurriculum Berufsorientierung - Ohmtalschule Homberg","og_description":"Allgemeim: Schulkoordinatoren f\u00fcr die Berufsorientierung: Hr. Henning, Fr. Ebert. \u00a0Schulinterne Veranstaltungen zur Berufsorientierung sind fester Bestandteil des Jahresterminplanes (z.B. Ausbildungsmesse mit regionalen Betrieben, Info weiterf\u00fchrende Schulen). \u00a0Ab der Jahrgangsstufe 7 (Hauptschulzweig) bzw. 8 (Realschulzweig) bearbeiten die Sch\u00fclerinnen und Sch\u00fcler einen schulintern erstellten \u201eBerufswahlordner\u201c. Zentraler Aushang von Anzeigen \u201eFreie Lehrstellen\u201c, feste w\u00f6chentl. Beratungsstunde f\u00fcr Schulabg\u00e4nger mit &hellip; Schulcurriculum Berufsorientierung weiterlesen &rarr;","og_url":"https:\/\/ohmtalschule.de\/?page_id=516","og_site_name":"Ohmtalschule Homberg","article_modified_time":"2014-03-10T08:33:43+00:00","twitter_card":"summary_large_image","twitter_misc":{"Gesch\u00e4tzte Lesezeit":"2\u00a0Minuten"},"schema":{"@context":"https:\/\/schema.org","@graph":[{"@type":"WebPage","@id":"https:\/\/ohmtalschule.de\/?page_id=516","url":"https:\/\/ohmtalschule.de\/?page_id=516","name":"Schulcurriculum Berufsorientierung - Ohmtalschule Homberg","isPartOf":{"@id":"https:\/\/ohmtalschule.de\/#website"},"datePublished":"2014-02-24T13:22:37+00:00","dateModified":"2014-03-10T08:33:43+00:00","breadcrumb":{"@id":"https:\/\/ohmtalschule.de\/?page_id=516#breadcrumb"},"inLanguage":"de","potentialAction":[{"@type":"ReadAction","target":["https:\/\/ohmtalschule.de\/?page_id=516"]}]},{"@type":"BreadcrumbList","@id":"https:\/\/ohmtalschule.de\/?page_id=516#breadcrumb","itemListElement":[{"@type":"ListItem","position":1,"name":"Startseite","item":"https:\/\/ohmtalschule.de\/"},{"@type":"ListItem","position":2,"name":"Unsere Ohmtalschule","item":"https:\/\/ohmtalschule.de\/?page_id=21"},{"@type":"ListItem","position":3,"name":"P\u00e4dagogische Konzepte","item":"https:\/\/ohmtalschule.de\/?page_id=436"},{"@type":"ListItem","position":4,"name":"Schulcurriculum Berufsorientierung"}]},{"@type":"WebSite","@id":"https:\/\/ohmtalschule.de\/#website","url":"https:\/\/ohmtalschule.de\/","name":"Ohmtalschule Homberg","description":"Gesamtschule des Vogelsbergkreises","potentialAction":[{"@type":"SearchAction","target":{"@type":"EntryPoint","urlTemplate":"https:\/\/ohmtalschule.de\/?s={search_term_string}"},"query-input":{"@type":"PropertyValueSpecification","valueRequired":true,"valueName":"search_term_string"}}],"inLanguage":"de"}]}},"_links":{"self":[{"href":"https:\/\/ohmtalschule.de\/index.php?rest_route=\/wp\/v2\/pages\/516","targetHints":{"allow":["GET"]}}],"collection":[{"href":"https:\/\/ohmtalschule.de\/index.php?rest_route=\/wp\/v2\/pages"}],"about":[{"href":"https:\/\/ohmtalschule.de\/index.php?rest_route=\/wp\/v2\/types\/page"}],"author":[{"embeddable":true,"href":"https:\/\/ohmtalschule.de\/index.php?rest_route=\/wp\/v2\/users\/6"}],"replies":[{"embeddable":true,"href":"https:\/\/ohmtalschule.de\/index.php?rest_route=%2Fwp%2Fv2%2Fcomments&post=516"}],"version-history":[{"count":0,"href":"https:\/\/ohmtalschule.de\/index.php?rest_route=\/wp\/v2\/pages\/516\/revisions"}],"up":[{"embeddable":true,"href":"https:\/\/ohmtalschule.de\/index.php?rest_route=\/wp\/v2\/pages\/436"}],"wp:attachment":[{"href":"https:\/\/ohmtalschule.de\/index.php?rest_route=%2Fwp%2Fv2%2Fmedia&parent=516"}],"curies":[{"name":"wp","href":"https:\/\/api.w.org\/{rel}","templated":true}]}}