{"id":497,"date":"2014-02-24T10:53:53","date_gmt":"2014-02-24T10:53:53","guid":{"rendered":"http:\/\/wp.ohmtalschule.de\/wordpress\/?page_id=497"},"modified":"2022-06-02T13:43:46","modified_gmt":"2022-06-02T11:43:46","slug":"elterninformationen-der-ohmtalschule","status":"publish","type":"page","link":"https:\/\/ohmtalschule.de\/?page_id=497","title":{"rendered":"IPAD &#8230; Downloads &#8230; An- &#038; Abmeldung"},"content":{"rendered":"\n<p><\/p>\n\n\n\n<ul class=\"wp-block-list\"><li><a href=\"#Umgang mit dem IPAD\">Umgang mit dem IPAD<\/a><\/li><li><a href=\"#Bildschirmzeit\">Bildschirmzeit<\/a> &#8211; eine Pr\u00e4sentation f\u00fcr verantwortungsvolle Eltern<\/li><li><a href=\"#Anmeldung\">Anmeldung<\/a> zum Besuch der Ohmtalschule<\/li><li><a href=\"#Anmeldung f\u00fcr Sch\u00fcler\/innen aus der Ukraine\">Anmeldung f\u00fcr Sch\u00fcler\/innen aus der Ukraine<\/a><\/li><li><a href=\"#Masernschutz\">Masernschutz<\/a>: Nachweisformular<\/li><li><a href=\"#Abmeldung\">Abmeldung <\/a>vom Besuch der Ohmtalschule<\/li><li><a href=\"#Infektionsschutzgesetz\">Infektionsschutzgesetz<\/a><\/li><\/ul>\n\n\n\n<h3 class=\"wp-block-heading\" id=\"Umgang-mit-dem-IPAD\">Umgang mit dem IPAD:<\/h3>\n\n\n\n<p>Zum bewu\u00dften und verantwortlichen Umgang mit dem IPAD halten wir ein Video <a href=\"https:\/\/youtu.be\/oVgQbNE-mww\">https:\/\/youtu.be\/oVgQbNE-mww<\/a> und die Power-Point-Pr\u00e4sentation &#8220;Bildschirmzeit&#8221; f\u00fcr Sie bereit :<\/p>\n\n\n\n<h2 class=\"wp-block-heading\" id=\"Bildschirmzeit\">Bildschirmzeit<\/h2>\n\n\n\n<div data-wp-interactive=\"core\/file\" class=\"wp-block-file\"><object data-wp-bind--hidden=\"!state.hasPdfPreview\" hidden class=\"wp-block-file__embed\" data=\"https:\/\/ohmtalschule.de\/wordpress\/wp-content\/uploads\/2022\/06\/Bildschirmzeit.pdf\" type=\"application\/pdf\" style=\"width:100%;height:600px\" aria-label=\"Einbettung von Einbettung von Bildschirmzeit..\"><\/object><a id=\"wp-block-file--media-bd680a24-fa7b-4846-bd83-49eb60f91530\" href=\"https:\/\/ohmtalschule.de\/wordpress\/wp-content\/uploads\/2022\/06\/Bildschirmzeit.pdf\">Bildschirmzeit<\/a><a href=\"https:\/\/ohmtalschule.de\/wordpress\/wp-content\/uploads\/2022\/06\/Bildschirmzeit.pdf\" class=\"wp-block-file__button\" download aria-describedby=\"wp-block-file--media-bd680a24-fa7b-4846-bd83-49eb60f91530\">Herunterladen<\/a><\/div>\n\n\n\n<h2 class=\"wp-block-heading\" id=\"Anmeldung\">Anmeldung zum Besuch der Ohmtalschule<\/h2>\n\n\n\n<div data-wp-interactive=\"core\/file\" class=\"wp-block-file\"><object data-wp-bind--hidden=\"!state.hasPdfPreview\" hidden class=\"wp-block-file__embed\" data=\"https:\/\/ohmtalschule.de\/wordpress\/wp-content\/uploads\/2022\/06\/01a_Anmeldung_Stand_2022_05_31.pdf\" type=\"application\/pdf\" style=\"width:100%;height:600px\" aria-label=\"Einbettung von Einbettung von 01a_Anmeldung_Stand_2022_05_31..\"><\/object><a id=\"wp-block-file--media-3aa5672e-cc53-4554-a769-e7e7e051951b\" href=\"https:\/\/ohmtalschule.de\/wordpress\/wp-content\/uploads\/2022\/06\/01a_Anmeldung_Stand_2022_05_31.pdf\">01a_Anmeldung_Stand_2022_05_31<\/a><a href=\"https:\/\/ohmtalschule.de\/wordpress\/wp-content\/uploads\/2022\/06\/01a_Anmeldung_Stand_2022_05_31.pdf\" class=\"wp-block-file__button\" download aria-describedby=\"wp-block-file--media-3aa5672e-cc53-4554-a769-e7e7e051951b\">Herunterladen<\/a><\/div>\n\n\n\n<h2 class=\"wp-block-heading\" id=\"Anmeldung-f\u00fcr-ukrainische-Sch\u00fcler\/innen\">Anmeldung f\u00fcr Sch\u00fcler\/innen aus der Ukraine<\/h2>\n\n\n\n<div data-wp-interactive=\"core\/file\" class=\"wp-block-file\"><object data-wp-bind--hidden=\"!state.hasPdfPreview\" hidden class=\"wp-block-file__embed\" data=\"https:\/\/ohmtalschule.de\/wordpress\/wp-content\/uploads\/2022\/06\/01b_Anmeldung-fuer-SchuelerInnen-aus-der-Ukraine.pdf\" type=\"application\/pdf\" style=\"width:100%;height:600px\" aria-label=\"Einbettung von Einbettung von 01b_Anmeldung f\u00fcr Sch\u00fclerInnen aus der Ukraine..\"><\/object><a id=\"wp-block-file--media-af31eebd-c4e0-43f0-b24e-773025ed8b01\" href=\"https:\/\/ohmtalschule.de\/wordpress\/wp-content\/uploads\/2022\/06\/01b_Anmeldung-fuer-SchuelerInnen-aus-der-Ukraine.pdf\">01b_Anmeldung f\u00fcr Sch\u00fclerInnen aus der Ukraine<\/a><a href=\"https:\/\/ohmtalschule.de\/wordpress\/wp-content\/uploads\/2022\/06\/01b_Anmeldung-fuer-SchuelerInnen-aus-der-Ukraine.pdf\" class=\"wp-block-file__button\" download aria-describedby=\"wp-block-file--media-af31eebd-c4e0-43f0-b24e-773025ed8b01\">Herunterladen<\/a><\/div>\n\n\n\n<h2 class=\"wp-block-heading\" id=\"Masernschutz\">Masernschutz Nachweis<\/h2>\n\n\n\n<div data-wp-interactive=\"core\/file\" class=\"wp-block-file\"><object data-wp-bind--hidden=\"!state.hasPdfPreview\" hidden class=\"wp-block-file__embed\" data=\"https:\/\/ohmtalschule.de\/wordpress\/wp-content\/uploads\/2022\/06\/01c_Nachweis-Masernschutz.pdf\" type=\"application\/pdf\" style=\"width:100%;height:600px\" aria-label=\"Einbettung von Einbettung von 01c_Nachweis Masernschutz..\"><\/object><a id=\"wp-block-file--media-05cb2ee6-ab74-4635-8234-f27f30f475a6\" href=\"https:\/\/ohmtalschule.de\/wordpress\/wp-content\/uploads\/2022\/06\/01c_Nachweis-Masernschutz.pdf\">01c_Nachweis Masernschutz<\/a><a href=\"https:\/\/ohmtalschule.de\/wordpress\/wp-content\/uploads\/2022\/06\/01c_Nachweis-Masernschutz.pdf\" class=\"wp-block-file__button\" download aria-describedby=\"wp-block-file--media-05cb2ee6-ab74-4635-8234-f27f30f475a6\">Herunterladen<\/a><\/div>\n\n\n\n<h2 class=\"wp-block-heading\" id=\"Abmeldung\">Abmeldung vom Besuch der Ohmtalschule<\/h2>\n\n\n\n<div data-wp-interactive=\"core\/file\" class=\"wp-block-file\"><object data-wp-bind--hidden=\"!state.hasPdfPreview\" hidden class=\"wp-block-file__embed\" data=\"https:\/\/ohmtalschule.de\/wordpress\/wp-content\/uploads\/2022\/06\/02_Abmeldung-vom-Besuch-der-Ohmtalschule.pdf\" type=\"application\/pdf\" style=\"width:100%;height:600px\" aria-label=\"Einbettung von Einbettung von 02_Abmeldung vom Besuch der Ohmtalschule..\"><\/object><a id=\"wp-block-file--media-76fb7b28-fe68-4b50-9a02-34f7e5f56151\" href=\"https:\/\/ohmtalschule.de\/wordpress\/wp-content\/uploads\/2022\/06\/02_Abmeldung-vom-Besuch-der-Ohmtalschule.pdf\">02_Abmeldung vom Besuch der Ohmtalschule<\/a><a href=\"https:\/\/ohmtalschule.de\/wordpress\/wp-content\/uploads\/2022\/06\/02_Abmeldung-vom-Besuch-der-Ohmtalschule.pdf\" class=\"wp-block-file__button\" download aria-describedby=\"wp-block-file--media-76fb7b28-fe68-4b50-9a02-34f7e5f56151\">Herunterladen<\/a><\/div>\n\n\n\n<h3 class=\"wp-block-heading\" id=\"Infektionsschutzgesetz\">Infektionsschutzgesetz<\/h3>\n\n\n<p class=\"gde-text\"><a href=\"https:\/\/ohmtalschule.de\/wordpress\/wp-content\/uploads\/2014\/02\/infektionsschutz.pdf\" class=\"gde-link\">Download (PDF, 1.88MB)<\/a><\/p>\n<iframe src=\"\/\/docs.google.com\/viewer?url=https%3A%2F%2Fohmtalschule.de%2Fwordpress%2Fwp-content%2Fuploads%2F2014%2F02%2Finfektionsschutz.pdf&hl=de&embedded=true\" class=\"gde-frame\" style=\"width:80%; height:500px; border: none;\" scrolling=\"no\"><\/iframe>\n","protected":false},"excerpt":{"rendered":"<p>Umgang mit dem IPAD Bildschirmzeit &#8211; eine Pr\u00e4sentation f\u00fcr verantwortungsvolle Eltern Anmeldung zum Besuch der Ohmtalschule Anmeldung f\u00fcr Sch\u00fcler\/innen aus der Ukraine Masernschutz: Nachweisformular Abmeldung vom Besuch der Ohmtalschule Infektionsschutzgesetz Umgang mit dem IPAD: Zum bewu\u00dften und verantwortlichen Umgang mit dem IPAD halten wir ein Video https:\/\/youtu.be\/oVgQbNE-mww und die Power-Point-Pr\u00e4sentation &#8220;Bildschirmzeit&#8221; f\u00fcr Sie bereit : &hellip; <a href=\"https:\/\/ohmtalschule.de\/?page_id=497\" class=\"more-link\"><span class=\"screen-reader-text\">IPAD &#8230; Downloads &#8230; An- &#038; Abmeldung<\/span> weiterlesen <span class=\"meta-nav\">&rarr;<\/span><\/a><\/p>\n","protected":false},"author":6,"featured_media":0,"parent":76,"menu_order":1,"comment_status":"closed","ping_status":"closed","template":"page-templates\/full-width.php","meta":{"footnotes":""},"class_list":["post-497","page","type-page","status-publish","hentry"],"yoast_head":"<!-- This site is optimized with the Yoast SEO plugin v27.4 - https:\/\/yoast.com\/product\/yoast-seo-wordpress\/ -->\n<title>IPAD ... Downloads ... An- &amp; Abmeldung - Ohmtalschule Homberg<\/title>\n<meta name=\"robots\" content=\"index, follow, max-snippet:-1, max-image-preview:large, max-video-preview:-1\" \/>\n<link rel=\"canonical\" href=\"https:\/\/ohmtalschule.de\/?page_id=497\" \/>\n<meta property=\"og:locale\" content=\"de_DE\" \/>\n<meta property=\"og:type\" content=\"article\" \/>\n<meta property=\"og:title\" content=\"IPAD ... Downloads ... An- &amp; Abmeldung - Ohmtalschule Homberg\" \/>\n<meta property=\"og:description\" content=\"Umgang mit dem IPAD Bildschirmzeit &#8211; eine Pr\u00e4sentation f\u00fcr verantwortungsvolle Eltern Anmeldung zum Besuch der Ohmtalschule Anmeldung f\u00fcr Sch\u00fcler\/innen aus der Ukraine Masernschutz: Nachweisformular Abmeldung vom Besuch der Ohmtalschule Infektionsschutzgesetz Umgang mit dem IPAD: Zum bewu\u00dften und verantwortlichen Umgang mit dem IPAD halten wir ein Video https:\/\/youtu.be\/oVgQbNE-mww und die Power-Point-Pr\u00e4sentation &#8220;Bildschirmzeit&#8221; f\u00fcr Sie bereit : &hellip; IPAD &#8230; Downloads &#8230; An- &#038; Abmeldung weiterlesen &rarr;\" \/>\n<meta property=\"og:url\" content=\"https:\/\/ohmtalschule.de\/?page_id=497\" \/>\n<meta property=\"og:site_name\" content=\"Ohmtalschule Homberg\" \/>\n<meta property=\"article:modified_time\" content=\"2022-06-02T11:43:46+00:00\" \/>\n<meta name=\"twitter:card\" content=\"summary_large_image\" \/>\n<meta name=\"twitter:label1\" content=\"Gesch\u00e4tzte Lesezeit\" \/>\n\t<meta name=\"twitter:data1\" content=\"1\u00a0Minute\" \/>\n<script type=\"application\/ld+json\" class=\"yoast-schema-graph\">{\"@context\":\"https:\\\/\\\/schema.org\",\"@graph\":[{\"@type\":\"WebPage\",\"@id\":\"https:\\\/\\\/ohmtalschule.de\\\/?page_id=497\",\"url\":\"https:\\\/\\\/ohmtalschule.de\\\/?page_id=497\",\"name\":\"IPAD ... Downloads ... An- & Abmeldung - Ohmtalschule Homberg\",\"isPartOf\":{\"@id\":\"https:\\\/\\\/ohmtalschule.de\\\/#website\"},\"datePublished\":\"2014-02-24T10:53:53+00:00\",\"dateModified\":\"2022-06-02T11:43:46+00:00\",\"breadcrumb\":{\"@id\":\"https:\\\/\\\/ohmtalschule.de\\\/?page_id=497#breadcrumb\"},\"inLanguage\":\"de\",\"potentialAction\":[{\"@type\":\"ReadAction\",\"target\":[\"https:\\\/\\\/ohmtalschule.de\\\/?page_id=497\"]}]},{\"@type\":\"BreadcrumbList\",\"@id\":\"https:\\\/\\\/ohmtalschule.de\\\/?page_id=497#breadcrumb\",\"itemListElement\":[{\"@type\":\"ListItem\",\"position\":1,\"name\":\"Startseite\",\"item\":\"https:\\\/\\\/ohmtalschule.de\\\/\"},{\"@type\":\"ListItem\",\"position\":2,\"name\":\"Eltern\",\"item\":\"https:\\\/\\\/ohmtalschule.de\\\/?page_id=76\"},{\"@type\":\"ListItem\",\"position\":3,\"name\":\"IPAD &#8230; Downloads &#8230; An- &#038; Abmeldung\"}]},{\"@type\":\"WebSite\",\"@id\":\"https:\\\/\\\/ohmtalschule.de\\\/#website\",\"url\":\"https:\\\/\\\/ohmtalschule.de\\\/\",\"name\":\"Ohmtalschule Homberg\",\"description\":\"Gesamtschule des Vogelsbergkreises\",\"potentialAction\":[{\"@type\":\"SearchAction\",\"target\":{\"@type\":\"EntryPoint\",\"urlTemplate\":\"https:\\\/\\\/ohmtalschule.de\\\/?s={search_term_string}\"},\"query-input\":{\"@type\":\"PropertyValueSpecification\",\"valueRequired\":true,\"valueName\":\"search_term_string\"}}],\"inLanguage\":\"de\"}]}<\/script>\n<!-- \/ Yoast SEO plugin. -->","yoast_head_json":{"title":"IPAD ... Downloads ... An- & Abmeldung - Ohmtalschule Homberg","robots":{"index":"index","follow":"follow","max-snippet":"max-snippet:-1","max-image-preview":"max-image-preview:large","max-video-preview":"max-video-preview:-1"},"canonical":"https:\/\/ohmtalschule.de\/?page_id=497","og_locale":"de_DE","og_type":"article","og_title":"IPAD ... Downloads ... An- & Abmeldung - Ohmtalschule Homberg","og_description":"Umgang mit dem IPAD Bildschirmzeit &#8211; eine Pr\u00e4sentation f\u00fcr verantwortungsvolle Eltern Anmeldung zum Besuch der Ohmtalschule Anmeldung f\u00fcr Sch\u00fcler\/innen aus der Ukraine Masernschutz: Nachweisformular Abmeldung vom Besuch der Ohmtalschule Infektionsschutzgesetz Umgang mit dem IPAD: Zum bewu\u00dften und verantwortlichen Umgang mit dem IPAD halten wir ein Video https:\/\/youtu.be\/oVgQbNE-mww und die Power-Point-Pr\u00e4sentation &#8220;Bildschirmzeit&#8221; f\u00fcr Sie bereit : &hellip; IPAD &#8230; Downloads &#8230; An- &#038; Abmeldung weiterlesen &rarr;","og_url":"https:\/\/ohmtalschule.de\/?page_id=497","og_site_name":"Ohmtalschule Homberg","article_modified_time":"2022-06-02T11:43:46+00:00","twitter_card":"summary_large_image","twitter_misc":{"Gesch\u00e4tzte Lesezeit":"1\u00a0Minute"},"schema":{"@context":"https:\/\/schema.org","@graph":[{"@type":"WebPage","@id":"https:\/\/ohmtalschule.de\/?page_id=497","url":"https:\/\/ohmtalschule.de\/?page_id=497","name":"IPAD ... Downloads ... An- & Abmeldung - Ohmtalschule Homberg","isPartOf":{"@id":"https:\/\/ohmtalschule.de\/#website"},"datePublished":"2014-02-24T10:53:53+00:00","dateModified":"2022-06-02T11:43:46+00:00","breadcrumb":{"@id":"https:\/\/ohmtalschule.de\/?page_id=497#breadcrumb"},"inLanguage":"de","potentialAction":[{"@type":"ReadAction","target":["https:\/\/ohmtalschule.de\/?page_id=497"]}]},{"@type":"BreadcrumbList","@id":"https:\/\/ohmtalschule.de\/?page_id=497#breadcrumb","itemListElement":[{"@type":"ListItem","position":1,"name":"Startseite","item":"https:\/\/ohmtalschule.de\/"},{"@type":"ListItem","position":2,"name":"Eltern","item":"https:\/\/ohmtalschule.de\/?page_id=76"},{"@type":"ListItem","position":3,"name":"IPAD &#8230; Downloads &#8230; An- &#038; Abmeldung"}]},{"@type":"WebSite","@id":"https:\/\/ohmtalschule.de\/#website","url":"https:\/\/ohmtalschule.de\/","name":"Ohmtalschule Homberg","description":"Gesamtschule des Vogelsbergkreises","potentialAction":[{"@type":"SearchAction","target":{"@type":"EntryPoint","urlTemplate":"https:\/\/ohmtalschule.de\/?s={search_term_string}"},"query-input":{"@type":"PropertyValueSpecification","valueRequired":true,"valueName":"search_term_string"}}],"inLanguage":"de"}]}},"_links":{"self":[{"href":"https:\/\/ohmtalschule.de\/index.php?rest_route=\/wp\/v2\/pages\/497","targetHints":{"allow":["GET"]}}],"collection":[{"href":"https:\/\/ohmtalschule.de\/index.php?rest_route=\/wp\/v2\/pages"}],"about":[{"href":"https:\/\/ohmtalschule.de\/index.php?rest_route=\/wp\/v2\/types\/page"}],"author":[{"embeddable":true,"href":"https:\/\/ohmtalschule.de\/index.php?rest_route=\/wp\/v2\/users\/6"}],"replies":[{"embeddable":true,"href":"https:\/\/ohmtalschule.de\/index.php?rest_route=%2Fwp%2Fv2%2Fcomments&post=497"}],"version-history":[{"count":15,"href":"https:\/\/ohmtalschule.de\/index.php?rest_route=\/wp\/v2\/pages\/497\/revisions"}],"predecessor-version":[{"id":4586,"href":"https:\/\/ohmtalschule.de\/index.php?rest_route=\/wp\/v2\/pages\/497\/revisions\/4586"}],"up":[{"embeddable":true,"href":"https:\/\/ohmtalschule.de\/index.php?rest_route=\/wp\/v2\/pages\/76"}],"wp:attachment":[{"href":"https:\/\/ohmtalschule.de\/index.php?rest_route=%2Fwp%2Fv2%2Fmedia&parent=497"}],"curies":[{"name":"wp","href":"https:\/\/api.w.org\/{rel}","templated":true}]}}