{"id":471,"date":"2014-02-23T13:14:30","date_gmt":"2014-02-23T13:14:30","guid":{"rendered":"http:\/\/wp.ohmtalschule.de\/wordpress\/?page_id=471"},"modified":"2014-02-23T13:21:44","modified_gmt":"2014-02-23T13:21:44","slug":"schulung-soziale-kompetenzen","status":"publish","type":"page","link":"https:\/\/ohmtalschule.de\/?page_id=471","title":{"rendered":"Schulung soziale Kompetenzen"},"content":{"rendered":"<ul>\n<li>Umfangreiches AG-Angebot<\/li>\n<li>Sch\u00fcleraustauschfahrten<\/li>\n<li>Soziales Lernen:<\/li>\n<\/ul>\n<ul>\n<ul>\n<li>Erziehung zur Selbstst\u00e4ndigkeit<\/li>\n<li>Erziehung zur Kooperation<\/li>\n<li>St\u00e4rkung von Selbstvertrauen<\/li>\n<li>Entwicklung von Kommunikationsf\u00e4higkeit<\/li>\n<li>Eigenverantwortliches Lernen<\/li>\n<li>Erziehung zum demokratischen Miteinander<\/li>\n<\/ul>\n<\/ul>\n<p>Formen der Umsetzung:<\/p>\n<p style=\"padding-left: 60px;\">&#8211; Sch\u00fclerstreitschlichtung<br \/>\n&#8211; Trainingsraumkonzept<br \/>\n&#8211; Klassenrat<br \/>\n&#8211; SV-Arbeit<\/p>\n","protected":false},"excerpt":{"rendered":"<p>Umfangreiches AG-Angebot Sch\u00fcleraustauschfahrten Soziales Lernen: Erziehung zur Selbstst\u00e4ndigkeit Erziehung zur Kooperation St\u00e4rkung von Selbstvertrauen Entwicklung von Kommunikationsf\u00e4higkeit Eigenverantwortliches Lernen Erziehung zum demokratischen Miteinander Formen der Umsetzung: &#8211; Sch\u00fclerstreitschlichtung &#8211; Trainingsraumkonzept &#8211; Klassenrat &#8211; SV-Arbeit<\/p>\n","protected":false},"author":6,"featured_media":0,"parent":436,"menu_order":0,"comment_status":"closed","ping_status":"closed","template":"page-templates\/full-width.php","meta":{"footnotes":""},"class_list":["post-471","page","type-page","status-publish","hentry"],"yoast_head":"<!-- This site is optimized with the Yoast SEO plugin v27.4 - https:\/\/yoast.com\/product\/yoast-seo-wordpress\/ -->\n<title>Schulung soziale Kompetenzen - Ohmtalschule Homberg<\/title>\n<meta name=\"robots\" content=\"index, follow, max-snippet:-1, max-image-preview:large, max-video-preview:-1\" \/>\n<link rel=\"canonical\" href=\"https:\/\/ohmtalschule.de\/?page_id=471\" \/>\n<meta property=\"og:locale\" content=\"de_DE\" \/>\n<meta property=\"og:type\" content=\"article\" \/>\n<meta property=\"og:title\" content=\"Schulung soziale Kompetenzen - Ohmtalschule Homberg\" \/>\n<meta property=\"og:description\" content=\"Umfangreiches AG-Angebot Sch\u00fcleraustauschfahrten Soziales Lernen: Erziehung zur Selbstst\u00e4ndigkeit Erziehung zur Kooperation St\u00e4rkung von Selbstvertrauen Entwicklung von Kommunikationsf\u00e4higkeit Eigenverantwortliches Lernen Erziehung zum demokratischen Miteinander Formen der Umsetzung: &#8211; Sch\u00fclerstreitschlichtung &#8211; Trainingsraumkonzept &#8211; Klassenrat &#8211; SV-Arbeit\" \/>\n<meta property=\"og:url\" content=\"https:\/\/ohmtalschule.de\/?page_id=471\" \/>\n<meta property=\"og:site_name\" content=\"Ohmtalschule Homberg\" \/>\n<meta property=\"article:modified_time\" content=\"2014-02-23T13:21:44+00:00\" \/>\n<meta name=\"twitter:card\" content=\"summary_large_image\" \/>\n<script type=\"application\/ld+json\" class=\"yoast-schema-graph\">{\"@context\":\"https:\\\/\\\/schema.org\",\"@graph\":[{\"@type\":\"WebPage\",\"@id\":\"https:\\\/\\\/ohmtalschule.de\\\/?page_id=471\",\"url\":\"https:\\\/\\\/ohmtalschule.de\\\/?page_id=471\",\"name\":\"Schulung soziale Kompetenzen - Ohmtalschule Homberg\",\"isPartOf\":{\"@id\":\"https:\\\/\\\/ohmtalschule.de\\\/#website\"},\"datePublished\":\"2014-02-23T13:14:30+00:00\",\"dateModified\":\"2014-02-23T13:21:44+00:00\",\"breadcrumb\":{\"@id\":\"https:\\\/\\\/ohmtalschule.de\\\/?page_id=471#breadcrumb\"},\"inLanguage\":\"de\",\"potentialAction\":[{\"@type\":\"ReadAction\",\"target\":[\"https:\\\/\\\/ohmtalschule.de\\\/?page_id=471\"]}]},{\"@type\":\"BreadcrumbList\",\"@id\":\"https:\\\/\\\/ohmtalschule.de\\\/?page_id=471#breadcrumb\",\"itemListElement\":[{\"@type\":\"ListItem\",\"position\":1,\"name\":\"Startseite\",\"item\":\"https:\\\/\\\/ohmtalschule.de\\\/\"},{\"@type\":\"ListItem\",\"position\":2,\"name\":\"Unsere Ohmtalschule\",\"item\":\"https:\\\/\\\/ohmtalschule.de\\\/?page_id=21\"},{\"@type\":\"ListItem\",\"position\":3,\"name\":\"P\u00e4dagogische Konzepte\",\"item\":\"https:\\\/\\\/ohmtalschule.de\\\/?page_id=436\"},{\"@type\":\"ListItem\",\"position\":4,\"name\":\"Schulung soziale Kompetenzen\"}]},{\"@type\":\"WebSite\",\"@id\":\"https:\\\/\\\/ohmtalschule.de\\\/#website\",\"url\":\"https:\\\/\\\/ohmtalschule.de\\\/\",\"name\":\"Ohmtalschule Homberg\",\"description\":\"Gesamtschule des Vogelsbergkreises\",\"potentialAction\":[{\"@type\":\"SearchAction\",\"target\":{\"@type\":\"EntryPoint\",\"urlTemplate\":\"https:\\\/\\\/ohmtalschule.de\\\/?s={search_term_string}\"},\"query-input\":{\"@type\":\"PropertyValueSpecification\",\"valueRequired\":true,\"valueName\":\"search_term_string\"}}],\"inLanguage\":\"de\"}]}<\/script>\n<!-- \/ Yoast SEO plugin. -->","yoast_head_json":{"title":"Schulung soziale Kompetenzen - Ohmtalschule Homberg","robots":{"index":"index","follow":"follow","max-snippet":"max-snippet:-1","max-image-preview":"max-image-preview:large","max-video-preview":"max-video-preview:-1"},"canonical":"https:\/\/ohmtalschule.de\/?page_id=471","og_locale":"de_DE","og_type":"article","og_title":"Schulung soziale Kompetenzen - Ohmtalschule Homberg","og_description":"Umfangreiches AG-Angebot Sch\u00fcleraustauschfahrten Soziales Lernen: Erziehung zur Selbstst\u00e4ndigkeit Erziehung zur Kooperation St\u00e4rkung von Selbstvertrauen Entwicklung von Kommunikationsf\u00e4higkeit Eigenverantwortliches Lernen Erziehung zum demokratischen Miteinander Formen der Umsetzung: &#8211; Sch\u00fclerstreitschlichtung &#8211; Trainingsraumkonzept &#8211; Klassenrat &#8211; SV-Arbeit","og_url":"https:\/\/ohmtalschule.de\/?page_id=471","og_site_name":"Ohmtalschule Homberg","article_modified_time":"2014-02-23T13:21:44+00:00","twitter_card":"summary_large_image","schema":{"@context":"https:\/\/schema.org","@graph":[{"@type":"WebPage","@id":"https:\/\/ohmtalschule.de\/?page_id=471","url":"https:\/\/ohmtalschule.de\/?page_id=471","name":"Schulung soziale Kompetenzen - Ohmtalschule Homberg","isPartOf":{"@id":"https:\/\/ohmtalschule.de\/#website"},"datePublished":"2014-02-23T13:14:30+00:00","dateModified":"2014-02-23T13:21:44+00:00","breadcrumb":{"@id":"https:\/\/ohmtalschule.de\/?page_id=471#breadcrumb"},"inLanguage":"de","potentialAction":[{"@type":"ReadAction","target":["https:\/\/ohmtalschule.de\/?page_id=471"]}]},{"@type":"BreadcrumbList","@id":"https:\/\/ohmtalschule.de\/?page_id=471#breadcrumb","itemListElement":[{"@type":"ListItem","position":1,"name":"Startseite","item":"https:\/\/ohmtalschule.de\/"},{"@type":"ListItem","position":2,"name":"Unsere Ohmtalschule","item":"https:\/\/ohmtalschule.de\/?page_id=21"},{"@type":"ListItem","position":3,"name":"P\u00e4dagogische Konzepte","item":"https:\/\/ohmtalschule.de\/?page_id=436"},{"@type":"ListItem","position":4,"name":"Schulung soziale Kompetenzen"}]},{"@type":"WebSite","@id":"https:\/\/ohmtalschule.de\/#website","url":"https:\/\/ohmtalschule.de\/","name":"Ohmtalschule Homberg","description":"Gesamtschule des Vogelsbergkreises","potentialAction":[{"@type":"SearchAction","target":{"@type":"EntryPoint","urlTemplate":"https:\/\/ohmtalschule.de\/?s={search_term_string}"},"query-input":{"@type":"PropertyValueSpecification","valueRequired":true,"valueName":"search_term_string"}}],"inLanguage":"de"}]}},"_links":{"self":[{"href":"https:\/\/ohmtalschule.de\/index.php?rest_route=\/wp\/v2\/pages\/471","targetHints":{"allow":["GET"]}}],"collection":[{"href":"https:\/\/ohmtalschule.de\/index.php?rest_route=\/wp\/v2\/pages"}],"about":[{"href":"https:\/\/ohmtalschule.de\/index.php?rest_route=\/wp\/v2\/types\/page"}],"author":[{"embeddable":true,"href":"https:\/\/ohmtalschule.de\/index.php?rest_route=\/wp\/v2\/users\/6"}],"replies":[{"embeddable":true,"href":"https:\/\/ohmtalschule.de\/index.php?rest_route=%2Fwp%2Fv2%2Fcomments&post=471"}],"version-history":[{"count":0,"href":"https:\/\/ohmtalschule.de\/index.php?rest_route=\/wp\/v2\/pages\/471\/revisions"}],"up":[{"embeddable":true,"href":"https:\/\/ohmtalschule.de\/index.php?rest_route=\/wp\/v2\/pages\/436"}],"wp:attachment":[{"href":"https:\/\/ohmtalschule.de\/index.php?rest_route=%2Fwp%2Fv2%2Fmedia&parent=471"}],"curies":[{"name":"wp","href":"https:\/\/api.w.org\/{rel}","templated":true}]}}