{"id":468,"date":"2014-02-23T13:03:35","date_gmt":"2014-02-23T13:03:35","guid":{"rendered":"http:\/\/wp.ohmtalschule.de\/wordpress\/?page_id=468"},"modified":"2014-02-23T17:48:15","modified_gmt":"2014-02-23T17:48:15","slug":"die-ev-schulbezogene-jugendarbeit","status":"publish","type":"page","link":"https:\/\/ohmtalschule.de\/?page_id=468","title":{"rendered":"Die ev. schulbezogene Jugendarbeit"},"content":{"rendered":"<p>Grundlage f\u00fcr die Jugendarbeit ist eine etablierte Zusammenarbeit zwischen dem evangelischen Dekanat Alsfeld und der Ohmtalschule.<\/p>\n<ul>\n<li>\u201eHalbzeit\u201c \u2013 der Spiel- und Begegnungsraum in den Pausen<\/li>\n<li>Aktionstage \u201eSoziales Lernen\u201c<\/li>\n<li>Angebote zur religi\u00f6sen Orientierung<\/li>\n<li>Beratungsarbeit und vielf\u00e4ltige AG-Angebote<\/li>\n<li>Erlebnisp\u00e4dagogische Einheiten<\/li>\n<li>Kooperation mit kommunalen und kirchlichen Einrichtungen<\/li>\n<\/ul>\n","protected":false},"excerpt":{"rendered":"<p>Grundlage f\u00fcr die Jugendarbeit ist eine etablierte Zusammenarbeit zwischen dem evangelischen Dekanat Alsfeld und der Ohmtalschule. \u201eHalbzeit\u201c \u2013 der Spiel- und Begegnungsraum in den Pausen Aktionstage \u201eSoziales Lernen\u201c Angebote zur religi\u00f6sen Orientierung Beratungsarbeit und vielf\u00e4ltige AG-Angebote Erlebnisp\u00e4dagogische Einheiten Kooperation mit kommunalen und kirchlichen Einrichtungen<\/p>\n","protected":false},"author":6,"featured_media":0,"parent":169,"menu_order":0,"comment_status":"closed","ping_status":"closed","template":"page-templates\/full-width.php","meta":{"footnotes":""},"class_list":["post-468","page","type-page","status-publish","hentry"],"yoast_head":"<!-- This site is optimized with the Yoast SEO plugin v27.4 - https:\/\/yoast.com\/product\/yoast-seo-wordpress\/ -->\n<title>Die ev. schulbezogene Jugendarbeit - Ohmtalschule Homberg<\/title>\n<meta name=\"robots\" content=\"index, follow, max-snippet:-1, max-image-preview:large, max-video-preview:-1\" \/>\n<link rel=\"canonical\" href=\"https:\/\/ohmtalschule.de\/?page_id=468\" \/>\n<meta property=\"og:locale\" content=\"de_DE\" \/>\n<meta property=\"og:type\" content=\"article\" \/>\n<meta property=\"og:title\" content=\"Die ev. schulbezogene Jugendarbeit - Ohmtalschule Homberg\" \/>\n<meta property=\"og:description\" content=\"Grundlage f\u00fcr die Jugendarbeit ist eine etablierte Zusammenarbeit zwischen dem evangelischen Dekanat Alsfeld und der Ohmtalschule. \u201eHalbzeit\u201c \u2013 der Spiel- und Begegnungsraum in den Pausen Aktionstage \u201eSoziales Lernen\u201c Angebote zur religi\u00f6sen Orientierung Beratungsarbeit und vielf\u00e4ltige AG-Angebote Erlebnisp\u00e4dagogische Einheiten Kooperation mit kommunalen und kirchlichen Einrichtungen\" \/>\n<meta property=\"og:url\" content=\"https:\/\/ohmtalschule.de\/?page_id=468\" \/>\n<meta property=\"og:site_name\" content=\"Ohmtalschule Homberg\" \/>\n<meta property=\"article:modified_time\" content=\"2014-02-23T17:48:15+00:00\" \/>\n<meta name=\"twitter:card\" content=\"summary_large_image\" \/>\n<script type=\"application\/ld+json\" class=\"yoast-schema-graph\">{\"@context\":\"https:\\\/\\\/schema.org\",\"@graph\":[{\"@type\":\"WebPage\",\"@id\":\"https:\\\/\\\/ohmtalschule.de\\\/?page_id=468\",\"url\":\"https:\\\/\\\/ohmtalschule.de\\\/?page_id=468\",\"name\":\"Die ev. schulbezogene Jugendarbeit - Ohmtalschule Homberg\",\"isPartOf\":{\"@id\":\"https:\\\/\\\/ohmtalschule.de\\\/#website\"},\"datePublished\":\"2014-02-23T13:03:35+00:00\",\"dateModified\":\"2014-02-23T17:48:15+00:00\",\"breadcrumb\":{\"@id\":\"https:\\\/\\\/ohmtalschule.de\\\/?page_id=468#breadcrumb\"},\"inLanguage\":\"de\",\"potentialAction\":[{\"@type\":\"ReadAction\",\"target\":[\"https:\\\/\\\/ohmtalschule.de\\\/?page_id=468\"]}]},{\"@type\":\"BreadcrumbList\",\"@id\":\"https:\\\/\\\/ohmtalschule.de\\\/?page_id=468#breadcrumb\",\"itemListElement\":[{\"@type\":\"ListItem\",\"position\":1,\"name\":\"Startseite\",\"item\":\"https:\\\/\\\/ohmtalschule.de\\\/\"},{\"@type\":\"ListItem\",\"position\":2,\"name\":\"Unsere Ohmtalschule\",\"item\":\"https:\\\/\\\/ohmtalschule.de\\\/?page_id=21\"},{\"@type\":\"ListItem\",\"position\":3,\"name\":\"Schulleben\",\"item\":\"https:\\\/\\\/ohmtalschule.de\\\/?page_id=169\"},{\"@type\":\"ListItem\",\"position\":4,\"name\":\"Die ev. schulbezogene Jugendarbeit\"}]},{\"@type\":\"WebSite\",\"@id\":\"https:\\\/\\\/ohmtalschule.de\\\/#website\",\"url\":\"https:\\\/\\\/ohmtalschule.de\\\/\",\"name\":\"Ohmtalschule Homberg\",\"description\":\"Gesamtschule des Vogelsbergkreises\",\"potentialAction\":[{\"@type\":\"SearchAction\",\"target\":{\"@type\":\"EntryPoint\",\"urlTemplate\":\"https:\\\/\\\/ohmtalschule.de\\\/?s={search_term_string}\"},\"query-input\":{\"@type\":\"PropertyValueSpecification\",\"valueRequired\":true,\"valueName\":\"search_term_string\"}}],\"inLanguage\":\"de\"}]}<\/script>\n<!-- \/ Yoast SEO plugin. -->","yoast_head_json":{"title":"Die ev. schulbezogene Jugendarbeit - Ohmtalschule Homberg","robots":{"index":"index","follow":"follow","max-snippet":"max-snippet:-1","max-image-preview":"max-image-preview:large","max-video-preview":"max-video-preview:-1"},"canonical":"https:\/\/ohmtalschule.de\/?page_id=468","og_locale":"de_DE","og_type":"article","og_title":"Die ev. schulbezogene Jugendarbeit - Ohmtalschule Homberg","og_description":"Grundlage f\u00fcr die Jugendarbeit ist eine etablierte Zusammenarbeit zwischen dem evangelischen Dekanat Alsfeld und der Ohmtalschule. \u201eHalbzeit\u201c \u2013 der Spiel- und Begegnungsraum in den Pausen Aktionstage \u201eSoziales Lernen\u201c Angebote zur religi\u00f6sen Orientierung Beratungsarbeit und vielf\u00e4ltige AG-Angebote Erlebnisp\u00e4dagogische Einheiten Kooperation mit kommunalen und kirchlichen Einrichtungen","og_url":"https:\/\/ohmtalschule.de\/?page_id=468","og_site_name":"Ohmtalschule Homberg","article_modified_time":"2014-02-23T17:48:15+00:00","twitter_card":"summary_large_image","schema":{"@context":"https:\/\/schema.org","@graph":[{"@type":"WebPage","@id":"https:\/\/ohmtalschule.de\/?page_id=468","url":"https:\/\/ohmtalschule.de\/?page_id=468","name":"Die ev. schulbezogene Jugendarbeit - Ohmtalschule Homberg","isPartOf":{"@id":"https:\/\/ohmtalschule.de\/#website"},"datePublished":"2014-02-23T13:03:35+00:00","dateModified":"2014-02-23T17:48:15+00:00","breadcrumb":{"@id":"https:\/\/ohmtalschule.de\/?page_id=468#breadcrumb"},"inLanguage":"de","potentialAction":[{"@type":"ReadAction","target":["https:\/\/ohmtalschule.de\/?page_id=468"]}]},{"@type":"BreadcrumbList","@id":"https:\/\/ohmtalschule.de\/?page_id=468#breadcrumb","itemListElement":[{"@type":"ListItem","position":1,"name":"Startseite","item":"https:\/\/ohmtalschule.de\/"},{"@type":"ListItem","position":2,"name":"Unsere Ohmtalschule","item":"https:\/\/ohmtalschule.de\/?page_id=21"},{"@type":"ListItem","position":3,"name":"Schulleben","item":"https:\/\/ohmtalschule.de\/?page_id=169"},{"@type":"ListItem","position":4,"name":"Die ev. schulbezogene Jugendarbeit"}]},{"@type":"WebSite","@id":"https:\/\/ohmtalschule.de\/#website","url":"https:\/\/ohmtalschule.de\/","name":"Ohmtalschule Homberg","description":"Gesamtschule des Vogelsbergkreises","potentialAction":[{"@type":"SearchAction","target":{"@type":"EntryPoint","urlTemplate":"https:\/\/ohmtalschule.de\/?s={search_term_string}"},"query-input":{"@type":"PropertyValueSpecification","valueRequired":true,"valueName":"search_term_string"}}],"inLanguage":"de"}]}},"_links":{"self":[{"href":"https:\/\/ohmtalschule.de\/index.php?rest_route=\/wp\/v2\/pages\/468","targetHints":{"allow":["GET"]}}],"collection":[{"href":"https:\/\/ohmtalschule.de\/index.php?rest_route=\/wp\/v2\/pages"}],"about":[{"href":"https:\/\/ohmtalschule.de\/index.php?rest_route=\/wp\/v2\/types\/page"}],"author":[{"embeddable":true,"href":"https:\/\/ohmtalschule.de\/index.php?rest_route=\/wp\/v2\/users\/6"}],"replies":[{"embeddable":true,"href":"https:\/\/ohmtalschule.de\/index.php?rest_route=%2Fwp%2Fv2%2Fcomments&post=468"}],"version-history":[{"count":0,"href":"https:\/\/ohmtalschule.de\/index.php?rest_route=\/wp\/v2\/pages\/468\/revisions"}],"up":[{"embeddable":true,"href":"https:\/\/ohmtalschule.de\/index.php?rest_route=\/wp\/v2\/pages\/169"}],"wp:attachment":[{"href":"https:\/\/ohmtalschule.de\/index.php?rest_route=%2Fwp%2Fv2%2Fmedia&parent=468"}],"curies":[{"name":"wp","href":"https:\/\/api.w.org\/{rel}","templated":true}]}}