{"id":441,"date":"2014-02-22T11:27:43","date_gmt":"2014-02-22T11:27:43","guid":{"rendered":"http:\/\/wp.ohmtalschule.de\/wordpress\/?page_id=441"},"modified":"2025-02-12T17:54:41","modified_gmt":"2025-02-12T16:54:41","slug":"die-abteilung-fuer-erziehungshilfe","status":"publish","type":"page","link":"https:\/\/ohmtalschule.de\/?page_id=441","title":{"rendered":"ERICH-K\u00c4STNER-SCHULE ALSFELD"},"content":{"rendered":"<h1 class=\"wp-block wp-block-post-title block-editor-block-list__block editor-post-title editor-post-title__input rich-text is-selected\" role=\"textbox\" contenteditable=\"true\" aria-label=\"Titel hier eingeben\" aria-multiline=\"true\">Regionales Beratungs- und F\u00f6rderzentrum Schule mit dem F\u00f6rderschwerpunkt Lernen<\/h1>\n<p>Wir sind ein Team aus F\u00f6rderschullehrkr\u00e4ften, die die Ohmtalschule bei der Beschulung von Sch\u00fclerinnen und Sch\u00fclern mit besonderen Bedarfen unterst\u00fctzt.<\/p>\n<p><strong>Wir bieten:<\/strong><\/p>\n<ul>\n<li>Sonderp\u00e4dagogische Beratung, inklusive Beschulung, vorbeugende Ma\u00dfnahmen (Elterngespr\u00e4che, Begleitung im Unterricht, Kleingruppenf\u00f6rderung)<\/li>\n<li>Diagnostik (Lernausgangslage, Intelligenzdiagnostik)<\/li>\n<li>Vernetzung und Zusammenarbeit mit au\u00dferschulischen Institutionen<\/li>\n<\/ul>\n<p>Ansprechpartnerinnen:<\/p>\n\n<table id=\"tablepress-29\" class=\"tablepress tablepress-id-29\">\n<tbody class=\"row-striping row-hover\">\n<tr class=\"row-1\">\n\t<td class=\"column-1\">Frau Gloth<\/td><td class=\"column-2\">06633\/9110812<\/td><td class=\"column-3\"><a href=\"mailto: katrin.gloth@schule-homberg.de\" >Kontakt<\/a><\/td><td class=\"column-4\">Mo., Di., Mi.:<br \/>\nTermine nach Vereinbarung<\/td>\n<\/tr>\n<tr class=\"row-2\">\n\t<td class=\"column-1\">Frau Rose-Kupfer<\/td><td class=\"column-2\">06633\/9110813<\/td><td class=\"column-3\"><a href=\"mailto: magdalena.rose-kupfer@schule-homberg.de\" >Kontakt<\/a><\/td><td class=\"column-4\">Mo., Di., Do., Fr.:<br \/>\nTermine nach Vereinbarung<\/td>\n<\/tr>\n<\/tbody>\n<\/table>\n<!-- #tablepress-29 from cache -->\n\n\n<p><\/p>\n","protected":false},"excerpt":{"rendered":"<p>Regionales Beratungs- und F\u00f6rderzentrum Schule mit dem F\u00f6rderschwerpunkt Lernen Wir sind ein Team aus F\u00f6rderschullehrkr\u00e4ften, die die Ohmtalschule bei der Beschulung von Sch\u00fclerinnen und Sch\u00fclern mit besonderen Bedarfen unterst\u00fctzt. Wir bieten: Sonderp\u00e4dagogische Beratung, inklusive Beschulung, vorbeugende Ma\u00dfnahmen (Elterngespr\u00e4che, Begleitung im Unterricht, Kleingruppenf\u00f6rderung) Diagnostik (Lernausgangslage, Intelligenzdiagnostik) Vernetzung und Zusammenarbeit mit au\u00dferschulischen Institutionen Ansprechpartnerinnen:<\/p>\n","protected":false},"author":6,"featured_media":0,"parent":157,"menu_order":3,"comment_status":"closed","ping_status":"closed","template":"page-templates\/full-width.php","meta":{"footnotes":""},"class_list":["post-441","page","type-page","status-publish","hentry"],"yoast_head":"<!-- This site is optimized with the Yoast SEO plugin v27.4 - https:\/\/yoast.com\/product\/yoast-seo-wordpress\/ -->\n<title>ERICH-K\u00c4STNER-SCHULE ALSFELD - Ohmtalschule Homberg<\/title>\n<meta name=\"robots\" content=\"index, follow, max-snippet:-1, max-image-preview:large, max-video-preview:-1\" \/>\n<link rel=\"canonical\" href=\"https:\/\/ohmtalschule.de\/?page_id=441\" \/>\n<meta property=\"og:locale\" content=\"de_DE\" \/>\n<meta property=\"og:type\" content=\"article\" \/>\n<meta property=\"og:title\" content=\"ERICH-K\u00c4STNER-SCHULE ALSFELD - Ohmtalschule Homberg\" \/>\n<meta property=\"og:description\" content=\"Regionales Beratungs- und F\u00f6rderzentrum Schule mit dem F\u00f6rderschwerpunkt Lernen Wir sind ein Team aus F\u00f6rderschullehrkr\u00e4ften, die die Ohmtalschule bei der Beschulung von Sch\u00fclerinnen und Sch\u00fclern mit besonderen Bedarfen unterst\u00fctzt. Wir bieten: Sonderp\u00e4dagogische Beratung, inklusive Beschulung, vorbeugende Ma\u00dfnahmen (Elterngespr\u00e4che, Begleitung im Unterricht, Kleingruppenf\u00f6rderung) Diagnostik (Lernausgangslage, Intelligenzdiagnostik) Vernetzung und Zusammenarbeit mit au\u00dferschulischen Institutionen Ansprechpartnerinnen:\" \/>\n<meta property=\"og:url\" content=\"https:\/\/ohmtalschule.de\/?page_id=441\" \/>\n<meta property=\"og:site_name\" content=\"Ohmtalschule Homberg\" \/>\n<meta property=\"article:modified_time\" content=\"2025-02-12T16:54:41+00:00\" \/>\n<meta name=\"twitter:card\" content=\"summary_large_image\" \/>\n<meta name=\"twitter:label1\" content=\"Gesch\u00e4tzte Lesezeit\" \/>\n\t<meta name=\"twitter:data1\" content=\"1\u00a0Minute\" \/>\n<script type=\"application\/ld+json\" class=\"yoast-schema-graph\">{\"@context\":\"https:\\\/\\\/schema.org\",\"@graph\":[{\"@type\":\"WebPage\",\"@id\":\"https:\\\/\\\/ohmtalschule.de\\\/?page_id=441\",\"url\":\"https:\\\/\\\/ohmtalschule.de\\\/?page_id=441\",\"name\":\"ERICH-K\u00c4STNER-SCHULE ALSFELD - Ohmtalschule Homberg\",\"isPartOf\":{\"@id\":\"https:\\\/\\\/ohmtalschule.de\\\/#website\"},\"datePublished\":\"2014-02-22T11:27:43+00:00\",\"dateModified\":\"2025-02-12T16:54:41+00:00\",\"breadcrumb\":{\"@id\":\"https:\\\/\\\/ohmtalschule.de\\\/?page_id=441#breadcrumb\"},\"inLanguage\":\"de\",\"potentialAction\":[{\"@type\":\"ReadAction\",\"target\":[\"https:\\\/\\\/ohmtalschule.de\\\/?page_id=441\"]}]},{\"@type\":\"BreadcrumbList\",\"@id\":\"https:\\\/\\\/ohmtalschule.de\\\/?page_id=441#breadcrumb\",\"itemListElement\":[{\"@type\":\"ListItem\",\"position\":1,\"name\":\"Startseite\",\"item\":\"https:\\\/\\\/ohmtalschule.de\\\/\"},{\"@type\":\"ListItem\",\"position\":2,\"name\":\"Unsere Ohmtalschule\",\"item\":\"https:\\\/\\\/ohmtalschule.de\\\/?page_id=21\"},{\"@type\":\"ListItem\",\"position\":3,\"name\":\"Organisation\",\"item\":\"https:\\\/\\\/ohmtalschule.de\\\/?page_id=157\"},{\"@type\":\"ListItem\",\"position\":4,\"name\":\"ERICH-K\u00c4STNER-SCHULE ALSFELD\"}]},{\"@type\":\"WebSite\",\"@id\":\"https:\\\/\\\/ohmtalschule.de\\\/#website\",\"url\":\"https:\\\/\\\/ohmtalschule.de\\\/\",\"name\":\"Ohmtalschule Homberg\",\"description\":\"Gesamtschule des Vogelsbergkreises\",\"potentialAction\":[{\"@type\":\"SearchAction\",\"target\":{\"@type\":\"EntryPoint\",\"urlTemplate\":\"https:\\\/\\\/ohmtalschule.de\\\/?s={search_term_string}\"},\"query-input\":{\"@type\":\"PropertyValueSpecification\",\"valueRequired\":true,\"valueName\":\"search_term_string\"}}],\"inLanguage\":\"de\"}]}<\/script>\n<!-- \/ Yoast SEO plugin. -->","yoast_head_json":{"title":"ERICH-K\u00c4STNER-SCHULE ALSFELD - Ohmtalschule Homberg","robots":{"index":"index","follow":"follow","max-snippet":"max-snippet:-1","max-image-preview":"max-image-preview:large","max-video-preview":"max-video-preview:-1"},"canonical":"https:\/\/ohmtalschule.de\/?page_id=441","og_locale":"de_DE","og_type":"article","og_title":"ERICH-K\u00c4STNER-SCHULE ALSFELD - Ohmtalschule Homberg","og_description":"Regionales Beratungs- und F\u00f6rderzentrum Schule mit dem F\u00f6rderschwerpunkt Lernen Wir sind ein Team aus F\u00f6rderschullehrkr\u00e4ften, die die Ohmtalschule bei der Beschulung von Sch\u00fclerinnen und Sch\u00fclern mit besonderen Bedarfen unterst\u00fctzt. Wir bieten: Sonderp\u00e4dagogische Beratung, inklusive Beschulung, vorbeugende Ma\u00dfnahmen (Elterngespr\u00e4che, Begleitung im Unterricht, Kleingruppenf\u00f6rderung) Diagnostik (Lernausgangslage, Intelligenzdiagnostik) Vernetzung und Zusammenarbeit mit au\u00dferschulischen Institutionen Ansprechpartnerinnen:","og_url":"https:\/\/ohmtalschule.de\/?page_id=441","og_site_name":"Ohmtalschule Homberg","article_modified_time":"2025-02-12T16:54:41+00:00","twitter_card":"summary_large_image","twitter_misc":{"Gesch\u00e4tzte Lesezeit":"1\u00a0Minute"},"schema":{"@context":"https:\/\/schema.org","@graph":[{"@type":"WebPage","@id":"https:\/\/ohmtalschule.de\/?page_id=441","url":"https:\/\/ohmtalschule.de\/?page_id=441","name":"ERICH-K\u00c4STNER-SCHULE ALSFELD - Ohmtalschule Homberg","isPartOf":{"@id":"https:\/\/ohmtalschule.de\/#website"},"datePublished":"2014-02-22T11:27:43+00:00","dateModified":"2025-02-12T16:54:41+00:00","breadcrumb":{"@id":"https:\/\/ohmtalschule.de\/?page_id=441#breadcrumb"},"inLanguage":"de","potentialAction":[{"@type":"ReadAction","target":["https:\/\/ohmtalschule.de\/?page_id=441"]}]},{"@type":"BreadcrumbList","@id":"https:\/\/ohmtalschule.de\/?page_id=441#breadcrumb","itemListElement":[{"@type":"ListItem","position":1,"name":"Startseite","item":"https:\/\/ohmtalschule.de\/"},{"@type":"ListItem","position":2,"name":"Unsere Ohmtalschule","item":"https:\/\/ohmtalschule.de\/?page_id=21"},{"@type":"ListItem","position":3,"name":"Organisation","item":"https:\/\/ohmtalschule.de\/?page_id=157"},{"@type":"ListItem","position":4,"name":"ERICH-K\u00c4STNER-SCHULE ALSFELD"}]},{"@type":"WebSite","@id":"https:\/\/ohmtalschule.de\/#website","url":"https:\/\/ohmtalschule.de\/","name":"Ohmtalschule Homberg","description":"Gesamtschule des Vogelsbergkreises","potentialAction":[{"@type":"SearchAction","target":{"@type":"EntryPoint","urlTemplate":"https:\/\/ohmtalschule.de\/?s={search_term_string}"},"query-input":{"@type":"PropertyValueSpecification","valueRequired":true,"valueName":"search_term_string"}}],"inLanguage":"de"}]}},"_links":{"self":[{"href":"https:\/\/ohmtalschule.de\/index.php?rest_route=\/wp\/v2\/pages\/441","targetHints":{"allow":["GET"]}}],"collection":[{"href":"https:\/\/ohmtalschule.de\/index.php?rest_route=\/wp\/v2\/pages"}],"about":[{"href":"https:\/\/ohmtalschule.de\/index.php?rest_route=\/wp\/v2\/types\/page"}],"author":[{"embeddable":true,"href":"https:\/\/ohmtalschule.de\/index.php?rest_route=\/wp\/v2\/users\/6"}],"replies":[{"embeddable":true,"href":"https:\/\/ohmtalschule.de\/index.php?rest_route=%2Fwp%2Fv2%2Fcomments&post=441"}],"version-history":[{"count":4,"href":"https:\/\/ohmtalschule.de\/index.php?rest_route=\/wp\/v2\/pages\/441\/revisions"}],"predecessor-version":[{"id":5548,"href":"https:\/\/ohmtalschule.de\/index.php?rest_route=\/wp\/v2\/pages\/441\/revisions\/5548"}],"up":[{"embeddable":true,"href":"https:\/\/ohmtalschule.de\/index.php?rest_route=\/wp\/v2\/pages\/157"}],"wp:attachment":[{"href":"https:\/\/ohmtalschule.de\/index.php?rest_route=%2Fwp%2Fv2%2Fmedia&parent=441"}],"curies":[{"name":"wp","href":"https:\/\/api.w.org\/{rel}","templated":true}]}}