{"id":433,"date":"2014-02-22T11:25:08","date_gmt":"2014-02-22T11:25:08","guid":{"rendered":"http:\/\/wp.ohmtalschule.de\/wordpress\/?page_id=433"},"modified":"2014-02-24T12:26:50","modified_gmt":"2014-02-24T12:26:50","slug":"unsere-ausstattung","status":"publish","type":"page","link":"https:\/\/ohmtalschule.de\/?page_id=433","title":{"rendered":"Unsere Ausstattung"},"content":{"rendered":"<ul>\n<li>Ausstattung aller Klassenr\u00e4ume mit \u201eActivBoards\u201c<\/li>\n<li>Naturwissenschaften: Moderne \u00dcbungs- und Demonstrationsr\u00e4ume<\/li>\n<\/ul>\n<p style=\"text-align: right;\">\u00a0<a href=\"https:\/\/ohmtalschule.de\/wordpress\/wp-content\/uploads\/2014\/02\/Physikraum.jpg\"><img loading=\"lazy\" decoding=\"async\" class=\"alignnone  wp-image-479\" style=\"width: 311px;\" alt=\"Physikraum\" src=\"https:\/\/ohmtalschule.de\/wordpress\/wp-content\/uploads\/2014\/02\/Physikraum-300x225.jpg\" width=\"300\" height=\"140\" \/><\/a><\/p>\n<ul>\n<li>Vielf\u00e4ltige Materialien zum Experimentieren<\/li>\n<li>Musikr\u00e4ume mit umfangreicher Ausstattung<\/li>\n<li>Gemeinsame Stadt- und Schulbibliothek<\/li>\n<\/ul>\n<p><a href=\"https:\/\/ohmtalschule.de\/wordpress\/wp-content\/uploads\/2014\/02\/Bibliothek.jpg\"><img loading=\"lazy\" decoding=\"async\" class=\"wp-image-481 alignright\" style=\"width: 176px;\" alt=\"Bibliothek\" src=\"https:\/\/ohmtalschule.de\/wordpress\/wp-content\/uploads\/2014\/02\/Bibliothek-300x200.jpg\" width=\"300\" height=\"126\" \/><br \/>\n<\/a><\/p>\n<ul>\n<li>Lernwerkstatt<\/li>\n<\/ul>\n<p style=\"text-align: right;\">\u00a0<a href=\"https:\/\/ohmtalschule.de\/wordpress\/wp-content\/uploads\/2014\/02\/Lernwerkstatt.jpg\"><img loading=\"lazy\" decoding=\"async\" class=\"alignnone  wp-image-483\" style=\"width: 174px;\" alt=\"Lernwerkstatt\" src=\"https:\/\/ohmtalschule.de\/wordpress\/wp-content\/uploads\/2014\/02\/Lernwerkstatt-300x225.jpg\" width=\"300\" height=\"162\" \/><\/a><\/p>\n<ul>\n<li>Werkr\u00e4ume<\/li>\n<li>Moderne Lehrk\u00fcche<\/li>\n<\/ul>\n<p style=\"text-align: right;\"><a href=\"https:\/\/ohmtalschule.de\/wordpress\/wp-content\/uploads\/2014\/02\/K\u00fcche.jpg\"><img loading=\"lazy\" decoding=\"async\" class=\"wp-image-477 aligncenter\" style=\"width: 173px;\" alt=\"K\u00fcche\" src=\"https:\/\/ohmtalschule.de\/wordpress\/wp-content\/uploads\/2014\/02\/K\u00fcche-300x225.jpg\" width=\"300\" height=\"151\" \/><\/a><\/p>\n<ul>\n<li>Gro\u00dfsporthalle<span style=\"line-height: 1.5;\">\u00a0<\/span><\/li>\n<\/ul>\n<p><b>Ausstattung im Bereich \u201eNeue Medien\u201c:<\/b><\/p>\n<ul>\n<li>Internetzugang in allen R\u00e4umen<\/li>\n<li>3 PC-R\u00e4ume<\/li>\n<\/ul>\n<p style=\"text-align: right;\"><a href=\"https:\/\/ohmtalschule.de\/wordpress\/wp-content\/uploads\/2014\/02\/PC-Raum.jpg\"><img loading=\"lazy\" decoding=\"async\" class=\"aligncenter\" style=\"width: 203px;\" alt=\"PC-Raum\" src=\"https:\/\/ohmtalschule.de\/wordpress\/wp-content\/uploads\/2014\/02\/PC-Raum-300x225.jpg\" width=\"300\" height=\"163\" \/><\/a><\/p>\n<ul>\n<li>Laptop-Klassensatz<\/li>\n<li>Naturwissenschaftlicher \u00dcbungsraum mit 10 PC-Pl\u00e4tzen<\/li>\n<li>PC-Pl\u00e4tze in der Bibliothek<\/li>\n<\/ul>\n","protected":false},"excerpt":{"rendered":"<p>Ausstattung aller Klassenr\u00e4ume mit \u201eActivBoards\u201c Naturwissenschaften: Moderne \u00dcbungs- und Demonstrationsr\u00e4ume \u00a0 Vielf\u00e4ltige Materialien zum Experimentieren Musikr\u00e4ume mit umfangreicher Ausstattung Gemeinsame Stadt- und Schulbibliothek Lernwerkstatt \u00a0 Werkr\u00e4ume Moderne Lehrk\u00fcche Gro\u00dfsporthalle\u00a0 Ausstattung im Bereich \u201eNeue Medien\u201c: Internetzugang in allen R\u00e4umen 3 PC-R\u00e4ume Laptop-Klassensatz Naturwissenschaftlicher \u00dcbungsraum mit 10 PC-Pl\u00e4tzen PC-Pl\u00e4tze in der Bibliothek<\/p>\n","protected":false},"author":6,"featured_media":0,"parent":21,"menu_order":5,"comment_status":"closed","ping_status":"closed","template":"page-templates\/full-width.php","meta":{"footnotes":""},"class_list":["post-433","page","type-page","status-publish","hentry"],"yoast_head":"<!-- This site is optimized with the Yoast SEO plugin v27.4 - https:\/\/yoast.com\/product\/yoast-seo-wordpress\/ -->\n<title>Unsere Ausstattung - Ohmtalschule Homberg<\/title>\n<meta name=\"robots\" content=\"index, follow, max-snippet:-1, max-image-preview:large, max-video-preview:-1\" \/>\n<link rel=\"canonical\" href=\"https:\/\/ohmtalschule.de\/?page_id=433\" \/>\n<meta property=\"og:locale\" content=\"de_DE\" \/>\n<meta property=\"og:type\" content=\"article\" \/>\n<meta property=\"og:title\" content=\"Unsere Ausstattung - Ohmtalschule Homberg\" \/>\n<meta property=\"og:description\" content=\"Ausstattung aller Klassenr\u00e4ume mit \u201eActivBoards\u201c Naturwissenschaften: Moderne \u00dcbungs- und Demonstrationsr\u00e4ume \u00a0 Vielf\u00e4ltige Materialien zum Experimentieren Musikr\u00e4ume mit umfangreicher Ausstattung Gemeinsame Stadt- und Schulbibliothek Lernwerkstatt \u00a0 Werkr\u00e4ume Moderne Lehrk\u00fcche Gro\u00dfsporthalle\u00a0 Ausstattung im Bereich \u201eNeue Medien\u201c: Internetzugang in allen R\u00e4umen 3 PC-R\u00e4ume Laptop-Klassensatz Naturwissenschaftlicher \u00dcbungsraum mit 10 PC-Pl\u00e4tzen PC-Pl\u00e4tze in der Bibliothek\" \/>\n<meta property=\"og:url\" content=\"https:\/\/ohmtalschule.de\/?page_id=433\" \/>\n<meta property=\"og:site_name\" content=\"Ohmtalschule Homberg\" \/>\n<meta property=\"article:modified_time\" content=\"2014-02-24T12:26:50+00:00\" \/>\n<meta property=\"og:image\" content=\"https:\/\/ohmtalschule.de\/wordpress\/wp-content\/uploads\/2014\/02\/Physikraum-300x225.jpg\" \/>\n<meta name=\"twitter:card\" content=\"summary_large_image\" \/>\n<script type=\"application\/ld+json\" class=\"yoast-schema-graph\">{\"@context\":\"https:\\\/\\\/schema.org\",\"@graph\":[{\"@type\":\"WebPage\",\"@id\":\"https:\\\/\\\/ohmtalschule.de\\\/?page_id=433\",\"url\":\"https:\\\/\\\/ohmtalschule.de\\\/?page_id=433\",\"name\":\"Unsere Ausstattung - Ohmtalschule Homberg\",\"isPartOf\":{\"@id\":\"https:\\\/\\\/ohmtalschule.de\\\/#website\"},\"primaryImageOfPage\":{\"@id\":\"https:\\\/\\\/ohmtalschule.de\\\/?page_id=433#primaryimage\"},\"image\":{\"@id\":\"https:\\\/\\\/ohmtalschule.de\\\/?page_id=433#primaryimage\"},\"thumbnailUrl\":\"https:\\\/\\\/ohmtalschule.de\\\/wordpress\\\/wp-content\\\/uploads\\\/2014\\\/02\\\/Physikraum-300x225.jpg\",\"datePublished\":\"2014-02-22T11:25:08+00:00\",\"dateModified\":\"2014-02-24T12:26:50+00:00\",\"breadcrumb\":{\"@id\":\"https:\\\/\\\/ohmtalschule.de\\\/?page_id=433#breadcrumb\"},\"inLanguage\":\"de\",\"potentialAction\":[{\"@type\":\"ReadAction\",\"target\":[\"https:\\\/\\\/ohmtalschule.de\\\/?page_id=433\"]}]},{\"@type\":\"ImageObject\",\"inLanguage\":\"de\",\"@id\":\"https:\\\/\\\/ohmtalschule.de\\\/?page_id=433#primaryimage\",\"url\":\"https:\\\/\\\/ohmtalschule.de\\\/wordpress\\\/wp-content\\\/uploads\\\/2014\\\/02\\\/Physikraum-300x225.jpg\",\"contentUrl\":\"https:\\\/\\\/ohmtalschule.de\\\/wordpress\\\/wp-content\\\/uploads\\\/2014\\\/02\\\/Physikraum-300x225.jpg\"},{\"@type\":\"BreadcrumbList\",\"@id\":\"https:\\\/\\\/ohmtalschule.de\\\/?page_id=433#breadcrumb\",\"itemListElement\":[{\"@type\":\"ListItem\",\"position\":1,\"name\":\"Startseite\",\"item\":\"https:\\\/\\\/ohmtalschule.de\\\/\"},{\"@type\":\"ListItem\",\"position\":2,\"name\":\"Unsere Ohmtalschule\",\"item\":\"https:\\\/\\\/ohmtalschule.de\\\/?page_id=21\"},{\"@type\":\"ListItem\",\"position\":3,\"name\":\"Unsere Ausstattung\"}]},{\"@type\":\"WebSite\",\"@id\":\"https:\\\/\\\/ohmtalschule.de\\\/#website\",\"url\":\"https:\\\/\\\/ohmtalschule.de\\\/\",\"name\":\"Ohmtalschule Homberg\",\"description\":\"Gesamtschule des Vogelsbergkreises\",\"potentialAction\":[{\"@type\":\"SearchAction\",\"target\":{\"@type\":\"EntryPoint\",\"urlTemplate\":\"https:\\\/\\\/ohmtalschule.de\\\/?s={search_term_string}\"},\"query-input\":{\"@type\":\"PropertyValueSpecification\",\"valueRequired\":true,\"valueName\":\"search_term_string\"}}],\"inLanguage\":\"de\"}]}<\/script>\n<!-- \/ Yoast SEO plugin. -->","yoast_head_json":{"title":"Unsere Ausstattung - Ohmtalschule Homberg","robots":{"index":"index","follow":"follow","max-snippet":"max-snippet:-1","max-image-preview":"max-image-preview:large","max-video-preview":"max-video-preview:-1"},"canonical":"https:\/\/ohmtalschule.de\/?page_id=433","og_locale":"de_DE","og_type":"article","og_title":"Unsere Ausstattung - Ohmtalschule Homberg","og_description":"Ausstattung aller Klassenr\u00e4ume mit \u201eActivBoards\u201c Naturwissenschaften: Moderne \u00dcbungs- und Demonstrationsr\u00e4ume \u00a0 Vielf\u00e4ltige Materialien zum Experimentieren Musikr\u00e4ume mit umfangreicher Ausstattung Gemeinsame Stadt- und Schulbibliothek Lernwerkstatt \u00a0 Werkr\u00e4ume Moderne Lehrk\u00fcche Gro\u00dfsporthalle\u00a0 Ausstattung im Bereich \u201eNeue Medien\u201c: Internetzugang in allen R\u00e4umen 3 PC-R\u00e4ume Laptop-Klassensatz Naturwissenschaftlicher \u00dcbungsraum mit 10 PC-Pl\u00e4tzen PC-Pl\u00e4tze in der Bibliothek","og_url":"https:\/\/ohmtalschule.de\/?page_id=433","og_site_name":"Ohmtalschule Homberg","article_modified_time":"2014-02-24T12:26:50+00:00","og_image":[{"url":"https:\/\/ohmtalschule.de\/wordpress\/wp-content\/uploads\/2014\/02\/Physikraum-300x225.jpg","type":"","width":"","height":""}],"twitter_card":"summary_large_image","schema":{"@context":"https:\/\/schema.org","@graph":[{"@type":"WebPage","@id":"https:\/\/ohmtalschule.de\/?page_id=433","url":"https:\/\/ohmtalschule.de\/?page_id=433","name":"Unsere Ausstattung - Ohmtalschule Homberg","isPartOf":{"@id":"https:\/\/ohmtalschule.de\/#website"},"primaryImageOfPage":{"@id":"https:\/\/ohmtalschule.de\/?page_id=433#primaryimage"},"image":{"@id":"https:\/\/ohmtalschule.de\/?page_id=433#primaryimage"},"thumbnailUrl":"https:\/\/ohmtalschule.de\/wordpress\/wp-content\/uploads\/2014\/02\/Physikraum-300x225.jpg","datePublished":"2014-02-22T11:25:08+00:00","dateModified":"2014-02-24T12:26:50+00:00","breadcrumb":{"@id":"https:\/\/ohmtalschule.de\/?page_id=433#breadcrumb"},"inLanguage":"de","potentialAction":[{"@type":"ReadAction","target":["https:\/\/ohmtalschule.de\/?page_id=433"]}]},{"@type":"ImageObject","inLanguage":"de","@id":"https:\/\/ohmtalschule.de\/?page_id=433#primaryimage","url":"https:\/\/ohmtalschule.de\/wordpress\/wp-content\/uploads\/2014\/02\/Physikraum-300x225.jpg","contentUrl":"https:\/\/ohmtalschule.de\/wordpress\/wp-content\/uploads\/2014\/02\/Physikraum-300x225.jpg"},{"@type":"BreadcrumbList","@id":"https:\/\/ohmtalschule.de\/?page_id=433#breadcrumb","itemListElement":[{"@type":"ListItem","position":1,"name":"Startseite","item":"https:\/\/ohmtalschule.de\/"},{"@type":"ListItem","position":2,"name":"Unsere Ohmtalschule","item":"https:\/\/ohmtalschule.de\/?page_id=21"},{"@type":"ListItem","position":3,"name":"Unsere Ausstattung"}]},{"@type":"WebSite","@id":"https:\/\/ohmtalschule.de\/#website","url":"https:\/\/ohmtalschule.de\/","name":"Ohmtalschule Homberg","description":"Gesamtschule des Vogelsbergkreises","potentialAction":[{"@type":"SearchAction","target":{"@type":"EntryPoint","urlTemplate":"https:\/\/ohmtalschule.de\/?s={search_term_string}"},"query-input":{"@type":"PropertyValueSpecification","valueRequired":true,"valueName":"search_term_string"}}],"inLanguage":"de"}]}},"_links":{"self":[{"href":"https:\/\/ohmtalschule.de\/index.php?rest_route=\/wp\/v2\/pages\/433","targetHints":{"allow":["GET"]}}],"collection":[{"href":"https:\/\/ohmtalschule.de\/index.php?rest_route=\/wp\/v2\/pages"}],"about":[{"href":"https:\/\/ohmtalschule.de\/index.php?rest_route=\/wp\/v2\/types\/page"}],"author":[{"embeddable":true,"href":"https:\/\/ohmtalschule.de\/index.php?rest_route=\/wp\/v2\/users\/6"}],"replies":[{"embeddable":true,"href":"https:\/\/ohmtalschule.de\/index.php?rest_route=%2Fwp%2Fv2%2Fcomments&post=433"}],"version-history":[{"count":0,"href":"https:\/\/ohmtalschule.de\/index.php?rest_route=\/wp\/v2\/pages\/433\/revisions"}],"up":[{"embeddable":true,"href":"https:\/\/ohmtalschule.de\/index.php?rest_route=\/wp\/v2\/pages\/21"}],"wp:attachment":[{"href":"https:\/\/ohmtalschule.de\/index.php?rest_route=%2Fwp%2Fv2%2Fmedia&parent=433"}],"curies":[{"name":"wp","href":"https:\/\/api.w.org\/{rel}","templated":true}]}}