{"id":431,"date":"2014-02-22T11:22:42","date_gmt":"2014-02-22T11:22:42","guid":{"rendered":"http:\/\/wp.ohmtalschule.de\/wordpress\/?page_id=431"},"modified":"2024-04-24T08:17:37","modified_gmt":"2024-04-24T06:17:37","slug":"iw-angebote-im-schuljahr-201314","status":"publish","type":"page","link":"https:\/\/ohmtalschule.de\/?page_id=431","title":{"rendered":"Interessen wecken"},"content":{"rendered":"<h6>Wahlpflichtunterricht der Jahrgangsstufen 5 und 6<\/h6>\n<p><span style=\"line-height: 24px;\">Die Ohmtalschule bietet allen Sch\u00fclerinnen und Sch\u00fclern der Jahrgangsstufen 5 und 6 einen zweist\u00fcndigen schulform- und f\u00e4cher\u00fcbergreifenden Wahlpflichtunterricht aus den Bereichen Musik, Werken, Hauswirtschaft, Naturwissenschaften und Sport an. <\/span>Die Wahlangebote sto\u00dfen auf gro\u00dfes Interesse, die Sch\u00fcler arbeiten in den Kursen hoch motiviert. Auch einheimische K\u00fcnstler und Betreuer der hiesigen Vereine bieten Kurse an.<\/p>\n<p><span style=\"text-decoration: underline;\"><span style=\"color: #000000; text-decoration: underline;\">Das aktuelle Kursangebot:<\/span><\/span><\/p>\n\n<table id=\"tablepress-19\" class=\"tablepress tablepress-id-19\">\n<tbody class=\"row-striping row-hover\">\n<tr class=\"row-1\">\n\t<td class=\"column-1\">Fitness<\/td><td class=\"column-2\"><\/td>\n<\/tr>\n<tr class=\"row-2\">\n\t<td class=\"column-1\">Bogenschie\u00dfen<\/td><td class=\"column-2\"><\/td>\n<\/tr>\n<tr class=\"row-3\">\n\t<td class=\"column-1\">Sport und Spiel f\u00fcr M\u00e4dchen<\/td><td class=\"column-2\"><\/td>\n<\/tr>\n<tr class=\"row-4\">\n\t<td class=\"column-1\">Technik<\/td><td class=\"column-2\"><\/td>\n<\/tr>\n<tr class=\"row-5\">\n\t<td class=\"column-1\">Chemie<\/td><td class=\"column-2\"><\/td>\n<\/tr>\n<tr class=\"row-6\">\n\t<td class=\"column-1\">Textiles Gestalten<\/td><td class=\"column-2\"><\/td>\n<\/tr>\n<tr class=\"row-7\">\n\t<td class=\"column-1\">Kochen<\/td><td class=\"column-2\"><\/td>\n<\/tr>\n<tr class=\"row-8\">\n\t<td class=\"column-1\">Werken<\/td><td class=\"column-2\"><\/td>\n<\/tr>\n<tr class=\"row-9\">\n\t<td class=\"column-1\">Kunstwerkstatt<\/td><td class=\"column-2\"><\/td>\n<\/tr>\n<tr class=\"row-10\">\n\t<td class=\"column-1\">Papercraft<\/td><td class=\"column-2\"><\/td>\n<\/tr>\n<tr class=\"row-11\">\n\t<td class=\"column-1\">Theater<\/td><td class=\"column-2\"><\/td>\n<\/tr>\n<tr class=\"row-12\">\n\t<td class=\"column-1\">Natur<\/td><td class=\"column-2\"><\/td>\n<\/tr>\n<\/tbody>\n<\/table>\n<!-- #tablepress-19 from cache -->\n","protected":false},"excerpt":{"rendered":"<p>Wahlpflichtunterricht der Jahrgangsstufen 5 und 6 Die Ohmtalschule bietet allen Sch\u00fclerinnen und Sch\u00fclern der Jahrgangsstufen 5 und 6 einen zweist\u00fcndigen schulform- und f\u00e4cher\u00fcbergreifenden Wahlpflichtunterricht aus den Bereichen Musik, Werken, Hauswirtschaft, Naturwissenschaften und Sport an. Die Wahlangebote sto\u00dfen auf gro\u00dfes Interesse, die Sch\u00fcler arbeiten in den Kursen hoch motiviert. Auch einheimische K\u00fcnstler und Betreuer der hiesigen &hellip; <a href=\"https:\/\/ohmtalschule.de\/?page_id=431\" class=\"more-link\"><span class=\"screen-reader-text\">Interessen wecken<\/span> weiterlesen <span class=\"meta-nav\">&rarr;<\/span><\/a><\/p>\n","protected":false},"author":6,"featured_media":0,"parent":161,"menu_order":0,"comment_status":"closed","ping_status":"closed","template":"page-templates\/full-width.php","meta":{"footnotes":""},"class_list":["post-431","page","type-page","status-publish","hentry"],"yoast_head":"<!-- This site is optimized with the Yoast SEO plugin v27.4 - https:\/\/yoast.com\/product\/yoast-seo-wordpress\/ -->\n<title>Interessen wecken - Ohmtalschule Homberg<\/title>\n<meta name=\"robots\" content=\"index, follow, max-snippet:-1, max-image-preview:large, max-video-preview:-1\" \/>\n<link rel=\"canonical\" href=\"https:\/\/ohmtalschule.de\/?page_id=431\" \/>\n<meta property=\"og:locale\" content=\"de_DE\" \/>\n<meta property=\"og:type\" content=\"article\" \/>\n<meta property=\"og:title\" content=\"Interessen wecken - Ohmtalschule Homberg\" \/>\n<meta property=\"og:description\" content=\"Wahlpflichtunterricht der Jahrgangsstufen 5 und 6 Die Ohmtalschule bietet allen Sch\u00fclerinnen und Sch\u00fclern der Jahrgangsstufen 5 und 6 einen zweist\u00fcndigen schulform- und f\u00e4cher\u00fcbergreifenden Wahlpflichtunterricht aus den Bereichen Musik, Werken, Hauswirtschaft, Naturwissenschaften und Sport an. Die Wahlangebote sto\u00dfen auf gro\u00dfes Interesse, die Sch\u00fcler arbeiten in den Kursen hoch motiviert. Auch einheimische K\u00fcnstler und Betreuer der hiesigen &hellip; Interessen wecken weiterlesen &rarr;\" \/>\n<meta property=\"og:url\" content=\"https:\/\/ohmtalschule.de\/?page_id=431\" \/>\n<meta property=\"og:site_name\" content=\"Ohmtalschule Homberg\" \/>\n<meta property=\"article:modified_time\" content=\"2024-04-24T06:17:37+00:00\" \/>\n<meta name=\"twitter:card\" content=\"summary_large_image\" \/>\n<meta name=\"twitter:label1\" content=\"Gesch\u00e4tzte Lesezeit\" \/>\n\t<meta name=\"twitter:data1\" content=\"1\u00a0Minute\" \/>\n<script type=\"application\/ld+json\" class=\"yoast-schema-graph\">{\"@context\":\"https:\\\/\\\/schema.org\",\"@graph\":[{\"@type\":\"WebPage\",\"@id\":\"https:\\\/\\\/ohmtalschule.de\\\/?page_id=431\",\"url\":\"https:\\\/\\\/ohmtalschule.de\\\/?page_id=431\",\"name\":\"Interessen wecken - Ohmtalschule Homberg\",\"isPartOf\":{\"@id\":\"https:\\\/\\\/ohmtalschule.de\\\/#website\"},\"datePublished\":\"2014-02-22T11:22:42+00:00\",\"dateModified\":\"2024-04-24T06:17:37+00:00\",\"breadcrumb\":{\"@id\":\"https:\\\/\\\/ohmtalschule.de\\\/?page_id=431#breadcrumb\"},\"inLanguage\":\"de\",\"potentialAction\":[{\"@type\":\"ReadAction\",\"target\":[\"https:\\\/\\\/ohmtalschule.de\\\/?page_id=431\"]}]},{\"@type\":\"BreadcrumbList\",\"@id\":\"https:\\\/\\\/ohmtalschule.de\\\/?page_id=431#breadcrumb\",\"itemListElement\":[{\"@type\":\"ListItem\",\"position\":1,\"name\":\"Startseite\",\"item\":\"https:\\\/\\\/ohmtalschule.de\\\/\"},{\"@type\":\"ListItem\",\"position\":2,\"name\":\"Unsere Ohmtalschule\",\"item\":\"https:\\\/\\\/ohmtalschule.de\\\/?page_id=21\"},{\"@type\":\"ListItem\",\"position\":3,\"name\":\"Organisation\",\"item\":\"https:\\\/\\\/ohmtalschule.de\\\/?page_id=157\"},{\"@type\":\"ListItem\",\"position\":4,\"name\":\"Ganztagsangebot\",\"item\":\"https:\\\/\\\/ohmtalschule.de\\\/?page_id=161\"},{\"@type\":\"ListItem\",\"position\":5,\"name\":\"Interessen wecken\"}]},{\"@type\":\"WebSite\",\"@id\":\"https:\\\/\\\/ohmtalschule.de\\\/#website\",\"url\":\"https:\\\/\\\/ohmtalschule.de\\\/\",\"name\":\"Ohmtalschule Homberg\",\"description\":\"Gesamtschule des Vogelsbergkreises\",\"potentialAction\":[{\"@type\":\"SearchAction\",\"target\":{\"@type\":\"EntryPoint\",\"urlTemplate\":\"https:\\\/\\\/ohmtalschule.de\\\/?s={search_term_string}\"},\"query-input\":{\"@type\":\"PropertyValueSpecification\",\"valueRequired\":true,\"valueName\":\"search_term_string\"}}],\"inLanguage\":\"de\"}]}<\/script>\n<!-- \/ Yoast SEO plugin. -->","yoast_head_json":{"title":"Interessen wecken - Ohmtalschule Homberg","robots":{"index":"index","follow":"follow","max-snippet":"max-snippet:-1","max-image-preview":"max-image-preview:large","max-video-preview":"max-video-preview:-1"},"canonical":"https:\/\/ohmtalschule.de\/?page_id=431","og_locale":"de_DE","og_type":"article","og_title":"Interessen wecken - Ohmtalschule Homberg","og_description":"Wahlpflichtunterricht der Jahrgangsstufen 5 und 6 Die Ohmtalschule bietet allen Sch\u00fclerinnen und Sch\u00fclern der Jahrgangsstufen 5 und 6 einen zweist\u00fcndigen schulform- und f\u00e4cher\u00fcbergreifenden Wahlpflichtunterricht aus den Bereichen Musik, Werken, Hauswirtschaft, Naturwissenschaften und Sport an. Die Wahlangebote sto\u00dfen auf gro\u00dfes Interesse, die Sch\u00fcler arbeiten in den Kursen hoch motiviert. Auch einheimische K\u00fcnstler und Betreuer der hiesigen &hellip; Interessen wecken weiterlesen &rarr;","og_url":"https:\/\/ohmtalschule.de\/?page_id=431","og_site_name":"Ohmtalschule Homberg","article_modified_time":"2024-04-24T06:17:37+00:00","twitter_card":"summary_large_image","twitter_misc":{"Gesch\u00e4tzte Lesezeit":"1\u00a0Minute"},"schema":{"@context":"https:\/\/schema.org","@graph":[{"@type":"WebPage","@id":"https:\/\/ohmtalschule.de\/?page_id=431","url":"https:\/\/ohmtalschule.de\/?page_id=431","name":"Interessen wecken - Ohmtalschule Homberg","isPartOf":{"@id":"https:\/\/ohmtalschule.de\/#website"},"datePublished":"2014-02-22T11:22:42+00:00","dateModified":"2024-04-24T06:17:37+00:00","breadcrumb":{"@id":"https:\/\/ohmtalschule.de\/?page_id=431#breadcrumb"},"inLanguage":"de","potentialAction":[{"@type":"ReadAction","target":["https:\/\/ohmtalschule.de\/?page_id=431"]}]},{"@type":"BreadcrumbList","@id":"https:\/\/ohmtalschule.de\/?page_id=431#breadcrumb","itemListElement":[{"@type":"ListItem","position":1,"name":"Startseite","item":"https:\/\/ohmtalschule.de\/"},{"@type":"ListItem","position":2,"name":"Unsere Ohmtalschule","item":"https:\/\/ohmtalschule.de\/?page_id=21"},{"@type":"ListItem","position":3,"name":"Organisation","item":"https:\/\/ohmtalschule.de\/?page_id=157"},{"@type":"ListItem","position":4,"name":"Ganztagsangebot","item":"https:\/\/ohmtalschule.de\/?page_id=161"},{"@type":"ListItem","position":5,"name":"Interessen wecken"}]},{"@type":"WebSite","@id":"https:\/\/ohmtalschule.de\/#website","url":"https:\/\/ohmtalschule.de\/","name":"Ohmtalschule Homberg","description":"Gesamtschule des Vogelsbergkreises","potentialAction":[{"@type":"SearchAction","target":{"@type":"EntryPoint","urlTemplate":"https:\/\/ohmtalschule.de\/?s={search_term_string}"},"query-input":{"@type":"PropertyValueSpecification","valueRequired":true,"valueName":"search_term_string"}}],"inLanguage":"de"}]}},"_links":{"self":[{"href":"https:\/\/ohmtalschule.de\/index.php?rest_route=\/wp\/v2\/pages\/431","targetHints":{"allow":["GET"]}}],"collection":[{"href":"https:\/\/ohmtalschule.de\/index.php?rest_route=\/wp\/v2\/pages"}],"about":[{"href":"https:\/\/ohmtalschule.de\/index.php?rest_route=\/wp\/v2\/types\/page"}],"author":[{"embeddable":true,"href":"https:\/\/ohmtalschule.de\/index.php?rest_route=\/wp\/v2\/users\/6"}],"replies":[{"embeddable":true,"href":"https:\/\/ohmtalschule.de\/index.php?rest_route=%2Fwp%2Fv2%2Fcomments&post=431"}],"version-history":[{"count":1,"href":"https:\/\/ohmtalschule.de\/index.php?rest_route=\/wp\/v2\/pages\/431\/revisions"}],"predecessor-version":[{"id":5326,"href":"https:\/\/ohmtalschule.de\/index.php?rest_route=\/wp\/v2\/pages\/431\/revisions\/5326"}],"up":[{"embeddable":true,"href":"https:\/\/ohmtalschule.de\/index.php?rest_route=\/wp\/v2\/pages\/161"}],"wp:attachment":[{"href":"https:\/\/ohmtalschule.de\/index.php?rest_route=%2Fwp%2Fv2%2Fmedia&parent=431"}],"curies":[{"name":"wp","href":"https:\/\/api.w.org\/{rel}","templated":true}]}}