{"id":412,"date":"2014-02-22T10:20:47","date_gmt":"2014-02-22T10:20:47","guid":{"rendered":"http:\/\/wp.ohmtalschule.de\/wordpress\/?page_id=412"},"modified":"2014-02-24T13:28:34","modified_gmt":"2014-02-24T13:28:34","slug":"internationale-kontakte","status":"publish","type":"page","link":"https:\/\/ohmtalschule.de\/?page_id=412","title":{"rendered":"Internationale Kontakte"},"content":{"rendered":"<p>Jeder Sch\u00fcler\/ jede Sch\u00fclerin\u00a0der Ohmtalschule erh\u00e4lt w\u00e4hrend seiner\/ihrer Schulzeit an der Ohmtalschule die Gelegenheit, Auslandserfahrungen zu sammeln. Dies soll nicht im Rahmen von Klassenfahrten geschehen, sondern durch Teilnahme an jahrgangs- und zweig\u00fcbergreifenden Angeboten.<\/p>\n<p>Angebunden an das Fremdsprachenangebot in der Ohmtalschule k\u00f6nnen Sch\u00fcler aus drei Angeboten w\u00e4hlen:<\/p>\n<p>a) Studienfahrt nach London<\/p>\n<p>b) Austauschfahrt \u00a0in die Partnerstadt\u00a0 Thouar\u00e9 (Frankreich)<\/p>\n<p>c) Austauschfahrt nach Afjord (Norwegen).<\/p>\n<p>&nbsp;<\/p>\n<h2>Studienfahrt nach London<\/h2>\n<p>Diese Studienfahrt findet im zweij\u00e4hrigen Abstand statt. Teilnehmen k\u00f6nnen Sch\u00fcler aller Zweige\u00a0 der Jahrgangsstufen 7 -10. Ziel dieser Studienfahrt ist es, die Metropole London kennenzulernen und bekannte, im Lehrbuch beschriebene Sehensw\u00fcrdigkeiten, vor Ort zu besichtigen. W\u00e4hrend des einw\u00f6chigen Aufenthaltes sind die Sch\u00fcler in Gastfamilien untergebracht.<\/p>\n<p>&nbsp;<\/p>\n<h2>Austauschfahrt in die Partnerstadt Thouar\u00e9:<\/h2>\n<p>An dem j\u00e4hrlich stattfindenden Jugendaustausch der Partnerst\u00e4dte Homberg (Ohm) und Thouar\u00e9 nehmen \u00fcberwiegend Sch\u00fcler der Ohmtalschule teil. Die OTS ist bei der Planung und Umsetzung der Austauschfahrt federf\u00fchrend eingebunden, sie plant gemeinsam mit der Partnerstadt-Kommission die Durchf\u00fchrung. Homberger Sch\u00fcler fahren f\u00fcr jeweils eine Woche im Oktober nach Frankreich, die franz\u00f6sischen Jugendlichen\u00a0 revanchieren sich mit einem Besuch der\u00a0 Stadt Homberg und der Ohmtalschule im darauf folgenden Februar.<\/p>\n<p>&nbsp;<\/p>\n<h2>Austauschfahrt nach Afjord (Norwegen)<\/h2>\n<p>Vorrangiges Ziel dieser Austauschfahrt ist das interkulturelle Lernen der teilnehmenden Sch\u00fcler, die jeweils 4 Wochen im Partnerland in Gastfamilien leben und teilweise am Unterricht der norwegischen und unserer Schule teilnehmen. Alle deutschen Sch\u00fcler sollen durch die Teilnahme an dieser Austauschfahrt auch ihre fremdsprachlichen Kenntnisse in der Sprache Englisch erweitern, da sie lediglich einen Crashkurs in Norwegisch erhalten und sich in Afjord \u00fcberwiegend in Englisch unterhalten.<\/p>\n<p style=\"padding-left: 60px;\"><span style=\"color: #ff6600; font-size: 16px;\">\u00a0<\/span><\/p>\n","protected":false},"excerpt":{"rendered":"<p>Jeder Sch\u00fcler\/ jede Sch\u00fclerin\u00a0der Ohmtalschule erh\u00e4lt w\u00e4hrend seiner\/ihrer Schulzeit an der Ohmtalschule die Gelegenheit, Auslandserfahrungen zu sammeln. Dies soll nicht im Rahmen von Klassenfahrten geschehen, sondern durch Teilnahme an jahrgangs- und zweig\u00fcbergreifenden Angeboten. Angebunden an das Fremdsprachenangebot in der Ohmtalschule k\u00f6nnen Sch\u00fcler aus drei Angeboten w\u00e4hlen: a) Studienfahrt nach London b) Austauschfahrt \u00a0in die Partnerstadt\u00a0 &hellip; <a href=\"https:\/\/ohmtalschule.de\/?page_id=412\" class=\"more-link\"><span class=\"screen-reader-text\">Internationale Kontakte<\/span> weiterlesen <span class=\"meta-nav\">&rarr;<\/span><\/a><\/p>\n","protected":false},"author":6,"featured_media":0,"parent":169,"menu_order":0,"comment_status":"closed","ping_status":"closed","template":"page-templates\/full-width.php","meta":{"footnotes":""},"class_list":["post-412","page","type-page","status-publish","hentry"],"yoast_head":"<!-- This site is optimized with the Yoast SEO plugin v27.4 - https:\/\/yoast.com\/product\/yoast-seo-wordpress\/ -->\n<title>Internationale Kontakte - Ohmtalschule Homberg<\/title>\n<meta name=\"robots\" content=\"index, follow, max-snippet:-1, max-image-preview:large, max-video-preview:-1\" \/>\n<link rel=\"canonical\" href=\"https:\/\/ohmtalschule.de\/?page_id=412\" \/>\n<meta property=\"og:locale\" content=\"de_DE\" \/>\n<meta property=\"og:type\" content=\"article\" \/>\n<meta property=\"og:title\" content=\"Internationale Kontakte - Ohmtalschule Homberg\" \/>\n<meta property=\"og:description\" content=\"Jeder Sch\u00fcler\/ jede Sch\u00fclerin\u00a0der Ohmtalschule erh\u00e4lt w\u00e4hrend seiner\/ihrer Schulzeit an der Ohmtalschule die Gelegenheit, Auslandserfahrungen zu sammeln. Dies soll nicht im Rahmen von Klassenfahrten geschehen, sondern durch Teilnahme an jahrgangs- und zweig\u00fcbergreifenden Angeboten. Angebunden an das Fremdsprachenangebot in der Ohmtalschule k\u00f6nnen Sch\u00fcler aus drei Angeboten w\u00e4hlen: a) Studienfahrt nach London b) Austauschfahrt \u00a0in die Partnerstadt\u00a0 &hellip; Internationale Kontakte weiterlesen &rarr;\" \/>\n<meta property=\"og:url\" content=\"https:\/\/ohmtalschule.de\/?page_id=412\" \/>\n<meta property=\"og:site_name\" content=\"Ohmtalschule Homberg\" \/>\n<meta property=\"article:modified_time\" content=\"2014-02-24T13:28:34+00:00\" \/>\n<meta name=\"twitter:card\" content=\"summary_large_image\" \/>\n<meta name=\"twitter:label1\" content=\"Gesch\u00e4tzte Lesezeit\" \/>\n\t<meta name=\"twitter:data1\" content=\"1\u00a0Minute\" \/>\n<script type=\"application\/ld+json\" class=\"yoast-schema-graph\">{\"@context\":\"https:\\\/\\\/schema.org\",\"@graph\":[{\"@type\":\"WebPage\",\"@id\":\"https:\\\/\\\/ohmtalschule.de\\\/?page_id=412\",\"url\":\"https:\\\/\\\/ohmtalschule.de\\\/?page_id=412\",\"name\":\"Internationale Kontakte - Ohmtalschule Homberg\",\"isPartOf\":{\"@id\":\"https:\\\/\\\/ohmtalschule.de\\\/#website\"},\"datePublished\":\"2014-02-22T10:20:47+00:00\",\"dateModified\":\"2014-02-24T13:28:34+00:00\",\"breadcrumb\":{\"@id\":\"https:\\\/\\\/ohmtalschule.de\\\/?page_id=412#breadcrumb\"},\"inLanguage\":\"de\",\"potentialAction\":[{\"@type\":\"ReadAction\",\"target\":[\"https:\\\/\\\/ohmtalschule.de\\\/?page_id=412\"]}]},{\"@type\":\"BreadcrumbList\",\"@id\":\"https:\\\/\\\/ohmtalschule.de\\\/?page_id=412#breadcrumb\",\"itemListElement\":[{\"@type\":\"ListItem\",\"position\":1,\"name\":\"Startseite\",\"item\":\"https:\\\/\\\/ohmtalschule.de\\\/\"},{\"@type\":\"ListItem\",\"position\":2,\"name\":\"Unsere Ohmtalschule\",\"item\":\"https:\\\/\\\/ohmtalschule.de\\\/?page_id=21\"},{\"@type\":\"ListItem\",\"position\":3,\"name\":\"Schulleben\",\"item\":\"https:\\\/\\\/ohmtalschule.de\\\/?page_id=169\"},{\"@type\":\"ListItem\",\"position\":4,\"name\":\"Internationale Kontakte\"}]},{\"@type\":\"WebSite\",\"@id\":\"https:\\\/\\\/ohmtalschule.de\\\/#website\",\"url\":\"https:\\\/\\\/ohmtalschule.de\\\/\",\"name\":\"Ohmtalschule Homberg\",\"description\":\"Gesamtschule des Vogelsbergkreises\",\"potentialAction\":[{\"@type\":\"SearchAction\",\"target\":{\"@type\":\"EntryPoint\",\"urlTemplate\":\"https:\\\/\\\/ohmtalschule.de\\\/?s={search_term_string}\"},\"query-input\":{\"@type\":\"PropertyValueSpecification\",\"valueRequired\":true,\"valueName\":\"search_term_string\"}}],\"inLanguage\":\"de\"}]}<\/script>\n<!-- \/ Yoast SEO plugin. -->","yoast_head_json":{"title":"Internationale Kontakte - Ohmtalschule Homberg","robots":{"index":"index","follow":"follow","max-snippet":"max-snippet:-1","max-image-preview":"max-image-preview:large","max-video-preview":"max-video-preview:-1"},"canonical":"https:\/\/ohmtalschule.de\/?page_id=412","og_locale":"de_DE","og_type":"article","og_title":"Internationale Kontakte - Ohmtalschule Homberg","og_description":"Jeder Sch\u00fcler\/ jede Sch\u00fclerin\u00a0der Ohmtalschule erh\u00e4lt w\u00e4hrend seiner\/ihrer Schulzeit an der Ohmtalschule die Gelegenheit, Auslandserfahrungen zu sammeln. Dies soll nicht im Rahmen von Klassenfahrten geschehen, sondern durch Teilnahme an jahrgangs- und zweig\u00fcbergreifenden Angeboten. Angebunden an das Fremdsprachenangebot in der Ohmtalschule k\u00f6nnen Sch\u00fcler aus drei Angeboten w\u00e4hlen: a) Studienfahrt nach London b) Austauschfahrt \u00a0in die Partnerstadt\u00a0 &hellip; Internationale Kontakte weiterlesen &rarr;","og_url":"https:\/\/ohmtalschule.de\/?page_id=412","og_site_name":"Ohmtalschule Homberg","article_modified_time":"2014-02-24T13:28:34+00:00","twitter_card":"summary_large_image","twitter_misc":{"Gesch\u00e4tzte Lesezeit":"1\u00a0Minute"},"schema":{"@context":"https:\/\/schema.org","@graph":[{"@type":"WebPage","@id":"https:\/\/ohmtalschule.de\/?page_id=412","url":"https:\/\/ohmtalschule.de\/?page_id=412","name":"Internationale Kontakte - Ohmtalschule Homberg","isPartOf":{"@id":"https:\/\/ohmtalschule.de\/#website"},"datePublished":"2014-02-22T10:20:47+00:00","dateModified":"2014-02-24T13:28:34+00:00","breadcrumb":{"@id":"https:\/\/ohmtalschule.de\/?page_id=412#breadcrumb"},"inLanguage":"de","potentialAction":[{"@type":"ReadAction","target":["https:\/\/ohmtalschule.de\/?page_id=412"]}]},{"@type":"BreadcrumbList","@id":"https:\/\/ohmtalschule.de\/?page_id=412#breadcrumb","itemListElement":[{"@type":"ListItem","position":1,"name":"Startseite","item":"https:\/\/ohmtalschule.de\/"},{"@type":"ListItem","position":2,"name":"Unsere Ohmtalschule","item":"https:\/\/ohmtalschule.de\/?page_id=21"},{"@type":"ListItem","position":3,"name":"Schulleben","item":"https:\/\/ohmtalschule.de\/?page_id=169"},{"@type":"ListItem","position":4,"name":"Internationale Kontakte"}]},{"@type":"WebSite","@id":"https:\/\/ohmtalschule.de\/#website","url":"https:\/\/ohmtalschule.de\/","name":"Ohmtalschule Homberg","description":"Gesamtschule des Vogelsbergkreises","potentialAction":[{"@type":"SearchAction","target":{"@type":"EntryPoint","urlTemplate":"https:\/\/ohmtalschule.de\/?s={search_term_string}"},"query-input":{"@type":"PropertyValueSpecification","valueRequired":true,"valueName":"search_term_string"}}],"inLanguage":"de"}]}},"_links":{"self":[{"href":"https:\/\/ohmtalschule.de\/index.php?rest_route=\/wp\/v2\/pages\/412","targetHints":{"allow":["GET"]}}],"collection":[{"href":"https:\/\/ohmtalschule.de\/index.php?rest_route=\/wp\/v2\/pages"}],"about":[{"href":"https:\/\/ohmtalschule.de\/index.php?rest_route=\/wp\/v2\/types\/page"}],"author":[{"embeddable":true,"href":"https:\/\/ohmtalschule.de\/index.php?rest_route=\/wp\/v2\/users\/6"}],"replies":[{"embeddable":true,"href":"https:\/\/ohmtalschule.de\/index.php?rest_route=%2Fwp%2Fv2%2Fcomments&post=412"}],"version-history":[{"count":0,"href":"https:\/\/ohmtalschule.de\/index.php?rest_route=\/wp\/v2\/pages\/412\/revisions"}],"up":[{"embeddable":true,"href":"https:\/\/ohmtalschule.de\/index.php?rest_route=\/wp\/v2\/pages\/169"}],"wp:attachment":[{"href":"https:\/\/ohmtalschule.de\/index.php?rest_route=%2Fwp%2Fv2%2Fmedia&parent=412"}],"curies":[{"name":"wp","href":"https:\/\/api.w.org\/{rel}","templated":true}]}}