{"id":371,"date":"2014-02-20T20:52:22","date_gmt":"2014-02-20T20:52:22","guid":{"rendered":"http:\/\/wp.ohmtalschule.de\/wordpress\/?page_id=371"},"modified":"2014-03-18T10:43:10","modified_gmt":"2014-03-18T10:43:10","slug":"die-foerderstufe","status":"publish","type":"page","link":"https:\/\/ohmtalschule.de\/?page_id=371","title":{"rendered":"Die F\u00f6rderstufe"},"content":{"rendered":"<h3>bietet vor allem &#8230;<\/h3>\n<ul>\n<li style=\"text-align: left;\">die Verbindung\u00a0 zwischen Grundschule\u00a0 und weiterf\u00fchrender Schule<\/li>\n<li style=\"text-align: left;\">Unterricht im Klassenverband (in Klasse 5 in <b>allen<\/b> F\u00e4chern)<\/li>\n<li style=\"text-align: left;\">Differenzierung ab Klasse 6 in den F\u00e4chern Englisch und Mathematik<\/li>\n<li style=\"text-align: left;\">Entscheidung \u00fcber den weiteren Bildungsweg nach Klasse 6<\/li>\n<li style=\"text-align: left;\">durchgehende Deutsch- und LRS-F\u00f6rderung (eine F\u00f6rderstunde Deutsch f\u00fcr alle Sch\u00fcler und zwei F\u00f6rderstunden f\u00fcr \u201eLRS-Sch\u00fcler\u201c)<\/li>\n<li style=\"text-align: left;\">breites, schulform\u00fcbergreifendes Angebot an Wahlpflichtkursen im Bereich \u201eInteressen wecken\u201c in Kunst, Musik und Sport<\/li>\n<li style=\"text-align: left;\">p\u00e4dagogische Einheit: zwei\u00a0 weitere Jahre der Entwicklung und Orientierung<\/li>\n<li style=\"text-align: left;\">F\u00f6rderunterricht in Deutsch, Englisch und Mathematik:<\/li>\n<\/ul>\n<p><a href=\"https:\/\/ohmtalschule.de\/wordpress\/wp-content\/uploads\/2014\/02\/F\u00f6rderung-F\u00f6rderstufe1.jpg\"><img loading=\"lazy\" decoding=\"async\" class=\"wp-image-374 aligncenter\" alt=\"F\u00f6rderung F\u00f6rderstufe\" src=\"https:\/\/ohmtalschule.de\/wordpress\/wp-content\/uploads\/2014\/02\/F\u00f6rderung-F\u00f6rderstufe1.jpg\" width=\"559\" height=\"409\" srcset=\"https:\/\/ohmtalschule.de\/wordpress\/wp-content\/uploads\/2014\/02\/F\u00f6rderung-F\u00f6rderstufe1.jpg 559w, https:\/\/ohmtalschule.de\/wordpress\/wp-content\/uploads\/2014\/02\/F\u00f6rderung-F\u00f6rderstufe1-300x219.jpg 300w\" sizes=\"auto, (max-width: 559px) 100vw, 559px\" \/><\/a><\/p>\n<p>&nbsp;<\/p>\n<p>&nbsp;<\/p>\n<ul>\n<li><span style=\"text-decoration: underline; color: #0000ff;\"><a title=\"Bildungsg\u00e4nge im \u00dcberblick\" href=\"https:\/\/ohmtalschule.de\/wordpress\/?page_id=359\"><span style=\"color: #0000ff; text-decoration: underline;\">Bildungsg\u00e4nge im \u00dcberblick<\/span><\/a><\/span><\/li>\n<li><span style=\"text-decoration: underline; color: #0000ff;\"><a title=\"Der Gymnasialzweig\" href=\"https:\/\/ohmtalschule.de\/wordpress\/?page_id=365\"><span style=\"color: #0000ff; text-decoration: underline;\">Der Gymnasialzweig<\/span><\/a><\/span><\/li>\n<li><span style=\"text-decoration: underline; color: #0000ff;\"><a style=\"line-height: 1.5;\" title=\"Der Hauptschulzweig\" href=\"https:\/\/ohmtalschule.de\/wordpress\/?page_id=386\"><span style=\"color: #0000ff; text-decoration: underline;\">Der Hauptschulzweig<\/span><\/a><\/span><\/li>\n<li><span style=\"text-decoration: underline; color: #0000ff;\"><a title=\"Der Realschulzweig\" href=\"https:\/\/ohmtalschule.de\/wordpress\/?page_id=388\"><span style=\"color: #0000ff; text-decoration: underline;\">Der Realschulzweig<\/span><\/a><\/span><\/li>\n<\/ul>\n","protected":false},"excerpt":{"rendered":"<p>bietet vor allem &#8230; die Verbindung\u00a0 zwischen Grundschule\u00a0 und weiterf\u00fchrender Schule Unterricht im Klassenverband (in Klasse 5 in allen F\u00e4chern) Differenzierung ab Klasse 6 in den F\u00e4chern Englisch und Mathematik Entscheidung \u00fcber den weiteren Bildungsweg nach Klasse 6 durchgehende Deutsch- und LRS-F\u00f6rderung (eine F\u00f6rderstunde Deutsch f\u00fcr alle Sch\u00fcler und zwei F\u00f6rderstunden f\u00fcr \u201eLRS-Sch\u00fcler\u201c) breites, schulform\u00fcbergreifendes &hellip; <a href=\"https:\/\/ohmtalschule.de\/?page_id=371\" class=\"more-link\"><span class=\"screen-reader-text\">Die F\u00f6rderstufe<\/span> weiterlesen <span class=\"meta-nav\">&rarr;<\/span><\/a><\/p>\n","protected":false},"author":2,"featured_media":0,"parent":359,"menu_order":2,"comment_status":"closed","ping_status":"closed","template":"page-templates\/full-width.php","meta":{"footnotes":""},"class_list":["post-371","page","type-page","status-publish","hentry"],"yoast_head":"<!-- This site is optimized with the Yoast SEO plugin v27.4 - https:\/\/yoast.com\/product\/yoast-seo-wordpress\/ -->\n<title>Die F\u00f6rderstufe - Ohmtalschule Homberg<\/title>\n<meta name=\"robots\" content=\"index, follow, max-snippet:-1, max-image-preview:large, max-video-preview:-1\" \/>\n<link rel=\"canonical\" href=\"https:\/\/ohmtalschule.de\/?page_id=371\" \/>\n<meta property=\"og:locale\" content=\"de_DE\" \/>\n<meta property=\"og:type\" content=\"article\" \/>\n<meta property=\"og:title\" content=\"Die F\u00f6rderstufe - Ohmtalschule Homberg\" \/>\n<meta property=\"og:description\" content=\"bietet vor allem &#8230; die Verbindung\u00a0 zwischen Grundschule\u00a0 und weiterf\u00fchrender Schule Unterricht im Klassenverband (in Klasse 5 in allen F\u00e4chern) Differenzierung ab Klasse 6 in den F\u00e4chern Englisch und Mathematik Entscheidung \u00fcber den weiteren Bildungsweg nach Klasse 6 durchgehende Deutsch- und LRS-F\u00f6rderung (eine F\u00f6rderstunde Deutsch f\u00fcr alle Sch\u00fcler und zwei F\u00f6rderstunden f\u00fcr \u201eLRS-Sch\u00fcler\u201c) breites, schulform\u00fcbergreifendes &hellip; Die F\u00f6rderstufe weiterlesen &rarr;\" \/>\n<meta property=\"og:url\" content=\"https:\/\/ohmtalschule.de\/?page_id=371\" \/>\n<meta property=\"og:site_name\" content=\"Ohmtalschule Homberg\" \/>\n<meta property=\"article:modified_time\" content=\"2014-03-18T10:43:10+00:00\" \/>\n<meta property=\"og:image\" content=\"https:\/\/ohmtalschule.de\/wordpress\/wp-content\/uploads\/2014\/02\/F\u00f6rderung-F\u00f6rderstufe1.jpg\" \/>\n<meta name=\"twitter:card\" content=\"summary_large_image\" \/>\n<meta name=\"twitter:label1\" content=\"Gesch\u00e4tzte Lesezeit\" \/>\n\t<meta name=\"twitter:data1\" content=\"1\u00a0Minute\" \/>\n<script type=\"application\/ld+json\" class=\"yoast-schema-graph\">{\"@context\":\"https:\\\/\\\/schema.org\",\"@graph\":[{\"@type\":\"WebPage\",\"@id\":\"https:\\\/\\\/ohmtalschule.de\\\/?page_id=371\",\"url\":\"https:\\\/\\\/ohmtalschule.de\\\/?page_id=371\",\"name\":\"Die F\u00f6rderstufe - Ohmtalschule Homberg\",\"isPartOf\":{\"@id\":\"https:\\\/\\\/ohmtalschule.de\\\/#website\"},\"datePublished\":\"2014-02-20T20:52:22+00:00\",\"dateModified\":\"2014-03-18T10:43:10+00:00\",\"breadcrumb\":{\"@id\":\"https:\\\/\\\/ohmtalschule.de\\\/?page_id=371#breadcrumb\"},\"inLanguage\":\"de\",\"potentialAction\":[{\"@type\":\"ReadAction\",\"target\":[\"https:\\\/\\\/ohmtalschule.de\\\/?page_id=371\"]}]},{\"@type\":\"BreadcrumbList\",\"@id\":\"https:\\\/\\\/ohmtalschule.de\\\/?page_id=371#breadcrumb\",\"itemListElement\":[{\"@type\":\"ListItem\",\"position\":1,\"name\":\"Startseite\",\"item\":\"https:\\\/\\\/ohmtalschule.de\\\/\"},{\"@type\":\"ListItem\",\"position\":2,\"name\":\"Unsere Ohmtalschule\",\"item\":\"https:\\\/\\\/ohmtalschule.de\\\/?page_id=21\"},{\"@type\":\"ListItem\",\"position\":3,\"name\":\"Organisation\",\"item\":\"https:\\\/\\\/ohmtalschule.de\\\/?page_id=157\"},{\"@type\":\"ListItem\",\"position\":4,\"name\":\"Bildungsg\u00e4nge im \u00dcberblick\",\"item\":\"https:\\\/\\\/ohmtalschule.de\\\/?page_id=359\"},{\"@type\":\"ListItem\",\"position\":5,\"name\":\"Die F\u00f6rderstufe\"}]},{\"@type\":\"WebSite\",\"@id\":\"https:\\\/\\\/ohmtalschule.de\\\/#website\",\"url\":\"https:\\\/\\\/ohmtalschule.de\\\/\",\"name\":\"Ohmtalschule Homberg\",\"description\":\"Gesamtschule des Vogelsbergkreises\",\"potentialAction\":[{\"@type\":\"SearchAction\",\"target\":{\"@type\":\"EntryPoint\",\"urlTemplate\":\"https:\\\/\\\/ohmtalschule.de\\\/?s={search_term_string}\"},\"query-input\":{\"@type\":\"PropertyValueSpecification\",\"valueRequired\":true,\"valueName\":\"search_term_string\"}}],\"inLanguage\":\"de\"}]}<\/script>\n<!-- \/ Yoast SEO plugin. -->","yoast_head_json":{"title":"Die F\u00f6rderstufe - Ohmtalschule Homberg","robots":{"index":"index","follow":"follow","max-snippet":"max-snippet:-1","max-image-preview":"max-image-preview:large","max-video-preview":"max-video-preview:-1"},"canonical":"https:\/\/ohmtalschule.de\/?page_id=371","og_locale":"de_DE","og_type":"article","og_title":"Die F\u00f6rderstufe - Ohmtalschule Homberg","og_description":"bietet vor allem &#8230; die Verbindung\u00a0 zwischen Grundschule\u00a0 und weiterf\u00fchrender Schule Unterricht im Klassenverband (in Klasse 5 in allen F\u00e4chern) Differenzierung ab Klasse 6 in den F\u00e4chern Englisch und Mathematik Entscheidung \u00fcber den weiteren Bildungsweg nach Klasse 6 durchgehende Deutsch- und LRS-F\u00f6rderung (eine F\u00f6rderstunde Deutsch f\u00fcr alle Sch\u00fcler und zwei F\u00f6rderstunden f\u00fcr \u201eLRS-Sch\u00fcler\u201c) breites, schulform\u00fcbergreifendes &hellip; Die F\u00f6rderstufe weiterlesen &rarr;","og_url":"https:\/\/ohmtalschule.de\/?page_id=371","og_site_name":"Ohmtalschule Homberg","article_modified_time":"2014-03-18T10:43:10+00:00","og_image":[{"url":"https:\/\/ohmtalschule.de\/wordpress\/wp-content\/uploads\/2014\/02\/F\u00f6rderung-F\u00f6rderstufe1.jpg","type":"","width":"","height":""}],"twitter_card":"summary_large_image","twitter_misc":{"Gesch\u00e4tzte Lesezeit":"1\u00a0Minute"},"schema":{"@context":"https:\/\/schema.org","@graph":[{"@type":"WebPage","@id":"https:\/\/ohmtalschule.de\/?page_id=371","url":"https:\/\/ohmtalschule.de\/?page_id=371","name":"Die F\u00f6rderstufe - Ohmtalschule Homberg","isPartOf":{"@id":"https:\/\/ohmtalschule.de\/#website"},"datePublished":"2014-02-20T20:52:22+00:00","dateModified":"2014-03-18T10:43:10+00:00","breadcrumb":{"@id":"https:\/\/ohmtalschule.de\/?page_id=371#breadcrumb"},"inLanguage":"de","potentialAction":[{"@type":"ReadAction","target":["https:\/\/ohmtalschule.de\/?page_id=371"]}]},{"@type":"BreadcrumbList","@id":"https:\/\/ohmtalschule.de\/?page_id=371#breadcrumb","itemListElement":[{"@type":"ListItem","position":1,"name":"Startseite","item":"https:\/\/ohmtalschule.de\/"},{"@type":"ListItem","position":2,"name":"Unsere Ohmtalschule","item":"https:\/\/ohmtalschule.de\/?page_id=21"},{"@type":"ListItem","position":3,"name":"Organisation","item":"https:\/\/ohmtalschule.de\/?page_id=157"},{"@type":"ListItem","position":4,"name":"Bildungsg\u00e4nge im \u00dcberblick","item":"https:\/\/ohmtalschule.de\/?page_id=359"},{"@type":"ListItem","position":5,"name":"Die F\u00f6rderstufe"}]},{"@type":"WebSite","@id":"https:\/\/ohmtalschule.de\/#website","url":"https:\/\/ohmtalschule.de\/","name":"Ohmtalschule Homberg","description":"Gesamtschule des Vogelsbergkreises","potentialAction":[{"@type":"SearchAction","target":{"@type":"EntryPoint","urlTemplate":"https:\/\/ohmtalschule.de\/?s={search_term_string}"},"query-input":{"@type":"PropertyValueSpecification","valueRequired":true,"valueName":"search_term_string"}}],"inLanguage":"de"}]}},"_links":{"self":[{"href":"https:\/\/ohmtalschule.de\/index.php?rest_route=\/wp\/v2\/pages\/371","targetHints":{"allow":["GET"]}}],"collection":[{"href":"https:\/\/ohmtalschule.de\/index.php?rest_route=\/wp\/v2\/pages"}],"about":[{"href":"https:\/\/ohmtalschule.de\/index.php?rest_route=\/wp\/v2\/types\/page"}],"author":[{"embeddable":true,"href":"https:\/\/ohmtalschule.de\/index.php?rest_route=\/wp\/v2\/users\/2"}],"replies":[{"embeddable":true,"href":"https:\/\/ohmtalschule.de\/index.php?rest_route=%2Fwp%2Fv2%2Fcomments&post=371"}],"version-history":[{"count":0,"href":"https:\/\/ohmtalschule.de\/index.php?rest_route=\/wp\/v2\/pages\/371\/revisions"}],"up":[{"embeddable":true,"href":"https:\/\/ohmtalschule.de\/index.php?rest_route=\/wp\/v2\/pages\/359"}],"wp:attachment":[{"href":"https:\/\/ohmtalschule.de\/index.php?rest_route=%2Fwp%2Fv2%2Fmedia&parent=371"}],"curies":[{"name":"wp","href":"https:\/\/api.w.org\/{rel}","templated":true}]}}