{"id":3106,"date":"2017-11-29T15:22:00","date_gmt":"2017-11-29T14:22:00","guid":{"rendered":"http:\/\/wp.ohmtalschule.de\/wordpress\/?page_id=3106"},"modified":"2018-10-19T10:22:25","modified_gmt":"2018-10-19T08:22:25","slug":"3106-2","status":"publish","type":"page","link":"https:\/\/ohmtalschule.de\/?page_id=3106","title":{"rendered":"Hauptschulabschluss"},"content":{"rendered":"<p>Im Bildungsgang Hauptschule nehmen Sch\u00fclerinnen und Sch\u00fcler in der Jahrgangsstufe 9 an einem Abschlussverfahren teil. Dieses besteht aus zwei Teilen: den zentralen Abschlussarbeiten in den F\u00e4chern Deutsch, Mathematik und gegebenenfalls der ersten Fremdsprache sowie aus einer Projektpr\u00fcfung. Dieses Verfahren gew\u00e4hrleistet landesweit vergleichbare Abschl\u00fcsse. Nach Erreichen des Hauptschulabschlusses stehen den Sch\u00fclerinnen und Sch\u00fclern neben dem Einstieg in die duale Ausbildung auch vielf\u00e4ltige M\u00f6glichkeiten der schulischen Aus- und Weiterbildung offen.<\/p>\n<p>In der Projektpr\u00fcfung stellen die Sch\u00fclerinnen und Sch\u00fcler ihre bislang erworbenen Schl\u00fcsselkompetenzen unter Beweis, indem drei- bis vierk\u00f6pfige Sch\u00fclergruppen ein von ihnen selbst gew\u00e4hltes Thema gemeinsam bearbeiten und das Ergebnis der Pr\u00fcfungskommission vorstellen.<\/p>\n<p>Entscheidend f\u00fcr die Abschlussvergabe am Ende der Jahrgangsstufe 9 ist nicht alleine das Abschneiden in den Pr\u00fcfungen; besonderes Gewicht wird vielmehr auf die Leistungen gelegt, die im Unterricht aller F\u00e4cher erbracht wurden.<\/p>\n<h3>Qualifizierender Hauptschulabschluss<\/h3>\n<p>Gute Leistungen werden durch die Erteilung eines qualifizierenden Hauptschulabschlusses deutlich gemacht (zus\u00e4tzliche Teilnahme an den zentralen Abschlussarbeiten im Fach Englisch und eine Gesamtleistung von mindestens 3,0 einschlie\u00dflich der Fachnote Englisch). Sch\u00fclerinnen und Sch\u00fcler mit qualifizierendem Hauptschulabschluss k\u00f6nnen den mittleren Abschluss auf unterschiedlichen Wegen gem\u00e4\u00df der jeweils geltenden Voraussetzungen erreichen, zum Beispiel\u00a0durch den Besuch der zweij\u00e4hrigen Berufsfachschule, durch den \u00dcbergang in den Bildungsgang Realschule oder im Rahmen einer dualen Ausbildung.<\/p>\n","protected":false},"excerpt":{"rendered":"<p>Im Bildungsgang Hauptschule nehmen Sch\u00fclerinnen und Sch\u00fcler in der Jahrgangsstufe 9 an einem Abschlussverfahren teil. Dieses besteht aus zwei Teilen: den zentralen Abschlussarbeiten in den F\u00e4chern Deutsch, Mathematik und gegebenenfalls der ersten Fremdsprache sowie aus einer Projektpr\u00fcfung. Dieses Verfahren gew\u00e4hrleistet landesweit vergleichbare Abschl\u00fcsse. Nach Erreichen des Hauptschulabschlusses stehen den Sch\u00fclerinnen und Sch\u00fclern neben dem Einstieg &hellip; <a href=\"https:\/\/ohmtalschule.de\/?page_id=3106\" class=\"more-link\"><span class=\"screen-reader-text\">Hauptschulabschluss<\/span> weiterlesen <span class=\"meta-nav\">&rarr;<\/span><\/a><\/p>\n","protected":false},"author":2,"featured_media":0,"parent":3419,"menu_order":0,"comment_status":"closed","ping_status":"closed","template":"","meta":{"footnotes":""},"class_list":["post-3106","page","type-page","status-publish","hentry"],"yoast_head":"<!-- This site is optimized with the Yoast SEO plugin v27.4 - https:\/\/yoast.com\/product\/yoast-seo-wordpress\/ -->\n<title>Hauptschulabschluss - Ohmtalschule Homberg<\/title>\n<meta name=\"robots\" content=\"index, follow, max-snippet:-1, max-image-preview:large, max-video-preview:-1\" \/>\n<link rel=\"canonical\" href=\"https:\/\/ohmtalschule.de\/?page_id=3106\" \/>\n<meta property=\"og:locale\" content=\"de_DE\" \/>\n<meta property=\"og:type\" content=\"article\" \/>\n<meta property=\"og:title\" content=\"Hauptschulabschluss - Ohmtalschule Homberg\" \/>\n<meta property=\"og:description\" content=\"Im Bildungsgang Hauptschule nehmen Sch\u00fclerinnen und Sch\u00fcler in der Jahrgangsstufe 9 an einem Abschlussverfahren teil. Dieses besteht aus zwei Teilen: den zentralen Abschlussarbeiten in den F\u00e4chern Deutsch, Mathematik und gegebenenfalls der ersten Fremdsprache sowie aus einer Projektpr\u00fcfung. Dieses Verfahren gew\u00e4hrleistet landesweit vergleichbare Abschl\u00fcsse. Nach Erreichen des Hauptschulabschlusses stehen den Sch\u00fclerinnen und Sch\u00fclern neben dem Einstieg &hellip; Hauptschulabschluss weiterlesen &rarr;\" \/>\n<meta property=\"og:url\" content=\"https:\/\/ohmtalschule.de\/?page_id=3106\" \/>\n<meta property=\"og:site_name\" content=\"Ohmtalschule Homberg\" \/>\n<meta property=\"article:modified_time\" content=\"2018-10-19T08:22:25+00:00\" \/>\n<meta name=\"twitter:card\" content=\"summary_large_image\" \/>\n<meta name=\"twitter:label1\" content=\"Gesch\u00e4tzte Lesezeit\" \/>\n\t<meta name=\"twitter:data1\" content=\"1\u00a0Minute\" \/>\n<script type=\"application\/ld+json\" class=\"yoast-schema-graph\">{\"@context\":\"https:\\\/\\\/schema.org\",\"@graph\":[{\"@type\":\"WebPage\",\"@id\":\"https:\\\/\\\/ohmtalschule.de\\\/?page_id=3106\",\"url\":\"https:\\\/\\\/ohmtalschule.de\\\/?page_id=3106\",\"name\":\"Hauptschulabschluss - Ohmtalschule Homberg\",\"isPartOf\":{\"@id\":\"https:\\\/\\\/ohmtalschule.de\\\/#website\"},\"datePublished\":\"2017-11-29T14:22:00+00:00\",\"dateModified\":\"2018-10-19T08:22:25+00:00\",\"breadcrumb\":{\"@id\":\"https:\\\/\\\/ohmtalschule.de\\\/?page_id=3106#breadcrumb\"},\"inLanguage\":\"de\",\"potentialAction\":[{\"@type\":\"ReadAction\",\"target\":[\"https:\\\/\\\/ohmtalschule.de\\\/?page_id=3106\"]}]},{\"@type\":\"BreadcrumbList\",\"@id\":\"https:\\\/\\\/ohmtalschule.de\\\/?page_id=3106#breadcrumb\",\"itemListElement\":[{\"@type\":\"ListItem\",\"position\":1,\"name\":\"Startseite\",\"item\":\"https:\\\/\\\/ohmtalschule.de\\\/\"},{\"@type\":\"ListItem\",\"position\":2,\"name\":\"Unsere Ohmtalschule\",\"item\":\"https:\\\/\\\/ohmtalschule.de\\\/?page_id=21\"},{\"@type\":\"ListItem\",\"position\":3,\"name\":\"Organisation\",\"item\":\"https:\\\/\\\/ohmtalschule.de\\\/?page_id=157\"},{\"@type\":\"ListItem\",\"position\":4,\"name\":\"Bildungsg\u00e4nge im \u00dcberblick\",\"item\":\"https:\\\/\\\/ohmtalschule.de\\\/?page_id=359\"},{\"@type\":\"ListItem\",\"position\":5,\"name\":\"Die &#8220;Verbundene Haupt- &#038; Realschule&#8221;\",\"item\":\"https:\\\/\\\/ohmtalschule.de\\\/?page_id=3419\"},{\"@type\":\"ListItem\",\"position\":6,\"name\":\"Hauptschulabschluss\"}]},{\"@type\":\"WebSite\",\"@id\":\"https:\\\/\\\/ohmtalschule.de\\\/#website\",\"url\":\"https:\\\/\\\/ohmtalschule.de\\\/\",\"name\":\"Ohmtalschule Homberg\",\"description\":\"Gesamtschule des Vogelsbergkreises\",\"potentialAction\":[{\"@type\":\"SearchAction\",\"target\":{\"@type\":\"EntryPoint\",\"urlTemplate\":\"https:\\\/\\\/ohmtalschule.de\\\/?s={search_term_string}\"},\"query-input\":{\"@type\":\"PropertyValueSpecification\",\"valueRequired\":true,\"valueName\":\"search_term_string\"}}],\"inLanguage\":\"de\"}]}<\/script>\n<!-- \/ Yoast SEO plugin. -->","yoast_head_json":{"title":"Hauptschulabschluss - Ohmtalschule Homberg","robots":{"index":"index","follow":"follow","max-snippet":"max-snippet:-1","max-image-preview":"max-image-preview:large","max-video-preview":"max-video-preview:-1"},"canonical":"https:\/\/ohmtalschule.de\/?page_id=3106","og_locale":"de_DE","og_type":"article","og_title":"Hauptschulabschluss - Ohmtalschule Homberg","og_description":"Im Bildungsgang Hauptschule nehmen Sch\u00fclerinnen und Sch\u00fcler in der Jahrgangsstufe 9 an einem Abschlussverfahren teil. Dieses besteht aus zwei Teilen: den zentralen Abschlussarbeiten in den F\u00e4chern Deutsch, Mathematik und gegebenenfalls der ersten Fremdsprache sowie aus einer Projektpr\u00fcfung. Dieses Verfahren gew\u00e4hrleistet landesweit vergleichbare Abschl\u00fcsse. Nach Erreichen des Hauptschulabschlusses stehen den Sch\u00fclerinnen und Sch\u00fclern neben dem Einstieg &hellip; Hauptschulabschluss weiterlesen &rarr;","og_url":"https:\/\/ohmtalschule.de\/?page_id=3106","og_site_name":"Ohmtalschule Homberg","article_modified_time":"2018-10-19T08:22:25+00:00","twitter_card":"summary_large_image","twitter_misc":{"Gesch\u00e4tzte Lesezeit":"1\u00a0Minute"},"schema":{"@context":"https:\/\/schema.org","@graph":[{"@type":"WebPage","@id":"https:\/\/ohmtalschule.de\/?page_id=3106","url":"https:\/\/ohmtalschule.de\/?page_id=3106","name":"Hauptschulabschluss - Ohmtalschule Homberg","isPartOf":{"@id":"https:\/\/ohmtalschule.de\/#website"},"datePublished":"2017-11-29T14:22:00+00:00","dateModified":"2018-10-19T08:22:25+00:00","breadcrumb":{"@id":"https:\/\/ohmtalschule.de\/?page_id=3106#breadcrumb"},"inLanguage":"de","potentialAction":[{"@type":"ReadAction","target":["https:\/\/ohmtalschule.de\/?page_id=3106"]}]},{"@type":"BreadcrumbList","@id":"https:\/\/ohmtalschule.de\/?page_id=3106#breadcrumb","itemListElement":[{"@type":"ListItem","position":1,"name":"Startseite","item":"https:\/\/ohmtalschule.de\/"},{"@type":"ListItem","position":2,"name":"Unsere Ohmtalschule","item":"https:\/\/ohmtalschule.de\/?page_id=21"},{"@type":"ListItem","position":3,"name":"Organisation","item":"https:\/\/ohmtalschule.de\/?page_id=157"},{"@type":"ListItem","position":4,"name":"Bildungsg\u00e4nge im \u00dcberblick","item":"https:\/\/ohmtalschule.de\/?page_id=359"},{"@type":"ListItem","position":5,"name":"Die &#8220;Verbundene Haupt- &#038; Realschule&#8221;","item":"https:\/\/ohmtalschule.de\/?page_id=3419"},{"@type":"ListItem","position":6,"name":"Hauptschulabschluss"}]},{"@type":"WebSite","@id":"https:\/\/ohmtalschule.de\/#website","url":"https:\/\/ohmtalschule.de\/","name":"Ohmtalschule Homberg","description":"Gesamtschule des Vogelsbergkreises","potentialAction":[{"@type":"SearchAction","target":{"@type":"EntryPoint","urlTemplate":"https:\/\/ohmtalschule.de\/?s={search_term_string}"},"query-input":{"@type":"PropertyValueSpecification","valueRequired":true,"valueName":"search_term_string"}}],"inLanguage":"de"}]}},"_links":{"self":[{"href":"https:\/\/ohmtalschule.de\/index.php?rest_route=\/wp\/v2\/pages\/3106","targetHints":{"allow":["GET"]}}],"collection":[{"href":"https:\/\/ohmtalschule.de\/index.php?rest_route=\/wp\/v2\/pages"}],"about":[{"href":"https:\/\/ohmtalschule.de\/index.php?rest_route=\/wp\/v2\/types\/page"}],"author":[{"embeddable":true,"href":"https:\/\/ohmtalschule.de\/index.php?rest_route=\/wp\/v2\/users\/2"}],"replies":[{"embeddable":true,"href":"https:\/\/ohmtalschule.de\/index.php?rest_route=%2Fwp%2Fv2%2Fcomments&post=3106"}],"version-history":[{"count":2,"href":"https:\/\/ohmtalschule.de\/index.php?rest_route=\/wp\/v2\/pages\/3106\/revisions"}],"predecessor-version":[{"id":3437,"href":"https:\/\/ohmtalschule.de\/index.php?rest_route=\/wp\/v2\/pages\/3106\/revisions\/3437"}],"up":[{"embeddable":true,"href":"https:\/\/ohmtalschule.de\/index.php?rest_route=\/wp\/v2\/pages\/3419"}],"wp:attachment":[{"href":"https:\/\/ohmtalschule.de\/index.php?rest_route=%2Fwp%2Fv2%2Fmedia&parent=3106"}],"curies":[{"name":"wp","href":"https:\/\/api.w.org\/{rel}","templated":true}]}}