{"id":3100,"date":"2017-11-29T15:12:08","date_gmt":"2017-11-29T14:12:08","guid":{"rendered":"http:\/\/wp.ohmtalschule.de\/wordpress\/?page_id=3100"},"modified":"2018-10-19T10:20:34","modified_gmt":"2018-10-19T08:20:34","slug":"abschluesse-im-realschulzweig","status":"publish","type":"page","link":"https:\/\/ohmtalschule.de\/?page_id=3100","title":{"rendered":"Realschulabschluss"},"content":{"rendered":"<p>Im Bildungsgang Realschule nehmen Sch\u00fclerinnen und Sch\u00fcler in der Jahrgangsstufe 10 an einem Abschlussverfahren teil. Dieses besteht aus zwei Teilen: den zentralen Abschlussarbeiten sowie einer Hausarbeit mit einer Pr\u00e4sentation.<\/p>\n<ul>\n<li>Die zentralen Abschlussarbeiten werden in den F\u00e4chern Deutsch, Mathematik und in der ersten Fremdsprache geschrieben.<\/li>\n<li>Die Hausarbeit mit der Pr\u00e4sentation findet\u00a0in einem anderen Fach aus dem Pflichtbereich statt. Die Aufgabenstellung bezieht sich auf das gew\u00e4hlte Thema.<\/li>\n<\/ul>\n<h3>Grundlage der Bewertung<\/h3>\n<p>Grundlage der Bewertung ist nicht die Hausarbeit, die der Vorbereitung der Pr\u00e4sentation einschlie\u00dflich der m\u00f6glichen Nachfragen dient, sondern die Pr\u00e4sentation. Die Pr\u00e4sentation wird vom Pr\u00fcfungsausschuss bewertet. Bewertungskriterien der Pr\u00e4sentation sind fachliche Anspr\u00fcche, fachgerechte Vorgehensweisen, Probleml\u00f6sungsf\u00e4higkeit, Qualit\u00e4t des Ergebnisses, Selbstst\u00e4ndigkeit, Kommunikationsf\u00e4higkeit und Medieneinsatz.<\/p>\n<h3>Abschl\u00fcsse<\/h3>\n<p>Dieses Verfahren gew\u00e4hrleistet landesweit vergleichbare Abschl\u00fcsse. Der Realschulabschluss (mittlerer Abschluss) bietet den Einstieg in eine duale Ausbildung und berechtigt je nach Leistung auch zum \u00dcbergang in weiterf\u00fchrende Schulen.<\/p>\n<h3>Qualifizierender Realschulabschluss<\/h3>\n<p>Der mittlere Abschluss in Form des qualifizierenden Realschulabschlusses berechtigt zum \u00dcbergang in die gymnasiale Oberstufe und das berufliche Gymnasium. Der qualifizierende Realschulabschluss wird zuerkannt, wenn die Durchschnittsnote in den F\u00e4chern Deutsch, Mathematik, der ersten Fremdsprache sowie in den \u00fcbrigen F\u00e4chern besser als 3,0 ist.<\/p>\n<p>Der \u00dcbergang in die Einf\u00fchrungsphase der gymnasialen Oberstufe ist gem\u00e4\u00df Oberstufen- und Abiturverordnung in der jeweils geltenden Fassung auch m\u00f6glich, wenn die Klassenkonferenz der abgebenden Schule die Sch\u00fclerin oder den Sch\u00fcler als geeignet f\u00fcr den \u00dcbergang in die gymnasiale Oberstufe beurteilt. Die Voraussetzungen f\u00fcr den \u00dcbergang und die Bef\u00fcrwortung durch die Klassenkonferenz sind gegeben, wenn die Lernentwicklung, der Leistungsstand sowie die Arbeitshaltung ein erfolgreiches Mitarbeiten in der gymnasialen Oberstufe erwarten lassen. Die Durchschnittsnote in den F\u00e4chern Deutsch, Mathematik, der ersten Fremdsprache sowie in den \u00fcbrigen F\u00e4chern muss gleichfalls besser als befriedigend (3,0) sein.<\/p>\n","protected":false},"excerpt":{"rendered":"<p>Im Bildungsgang Realschule nehmen Sch\u00fclerinnen und Sch\u00fcler in der Jahrgangsstufe 10 an einem Abschlussverfahren teil. Dieses besteht aus zwei Teilen: den zentralen Abschlussarbeiten sowie einer Hausarbeit mit einer Pr\u00e4sentation. Die zentralen Abschlussarbeiten werden in den F\u00e4chern Deutsch, Mathematik und in der ersten Fremdsprache geschrieben. Die Hausarbeit mit der Pr\u00e4sentation findet\u00a0in einem anderen Fach aus dem &hellip; <a href=\"https:\/\/ohmtalschule.de\/?page_id=3100\" class=\"more-link\"><span class=\"screen-reader-text\">Realschulabschluss<\/span> weiterlesen <span class=\"meta-nav\">&rarr;<\/span><\/a><\/p>\n","protected":false},"author":2,"featured_media":0,"parent":3419,"menu_order":0,"comment_status":"closed","ping_status":"closed","template":"page-templates\/full-width.php","meta":{"footnotes":""},"class_list":["post-3100","page","type-page","status-publish","hentry"],"yoast_head":"<!-- This site is optimized with the Yoast SEO plugin v27.4 - https:\/\/yoast.com\/product\/yoast-seo-wordpress\/ -->\n<title>Realschulabschluss - Ohmtalschule Homberg<\/title>\n<meta name=\"robots\" content=\"index, follow, max-snippet:-1, max-image-preview:large, max-video-preview:-1\" \/>\n<link rel=\"canonical\" href=\"https:\/\/ohmtalschule.de\/?page_id=3100\" \/>\n<meta property=\"og:locale\" content=\"de_DE\" \/>\n<meta property=\"og:type\" content=\"article\" \/>\n<meta property=\"og:title\" content=\"Realschulabschluss - Ohmtalschule Homberg\" \/>\n<meta property=\"og:description\" content=\"Im Bildungsgang Realschule nehmen Sch\u00fclerinnen und Sch\u00fcler in der Jahrgangsstufe 10 an einem Abschlussverfahren teil. Dieses besteht aus zwei Teilen: den zentralen Abschlussarbeiten sowie einer Hausarbeit mit einer Pr\u00e4sentation. Die zentralen Abschlussarbeiten werden in den F\u00e4chern Deutsch, Mathematik und in der ersten Fremdsprache geschrieben. Die Hausarbeit mit der Pr\u00e4sentation findet\u00a0in einem anderen Fach aus dem &hellip; Realschulabschluss weiterlesen &rarr;\" \/>\n<meta property=\"og:url\" content=\"https:\/\/ohmtalschule.de\/?page_id=3100\" \/>\n<meta property=\"og:site_name\" content=\"Ohmtalschule Homberg\" \/>\n<meta property=\"article:modified_time\" content=\"2018-10-19T08:20:34+00:00\" \/>\n<meta name=\"twitter:card\" content=\"summary_large_image\" \/>\n<meta name=\"twitter:label1\" content=\"Gesch\u00e4tzte Lesezeit\" \/>\n\t<meta name=\"twitter:data1\" content=\"2\u00a0Minuten\" \/>\n<script type=\"application\/ld+json\" class=\"yoast-schema-graph\">{\"@context\":\"https:\\\/\\\/schema.org\",\"@graph\":[{\"@type\":\"WebPage\",\"@id\":\"https:\\\/\\\/ohmtalschule.de\\\/?page_id=3100\",\"url\":\"https:\\\/\\\/ohmtalschule.de\\\/?page_id=3100\",\"name\":\"Realschulabschluss - Ohmtalschule Homberg\",\"isPartOf\":{\"@id\":\"https:\\\/\\\/ohmtalschule.de\\\/#website\"},\"datePublished\":\"2017-11-29T14:12:08+00:00\",\"dateModified\":\"2018-10-19T08:20:34+00:00\",\"breadcrumb\":{\"@id\":\"https:\\\/\\\/ohmtalschule.de\\\/?page_id=3100#breadcrumb\"},\"inLanguage\":\"de\",\"potentialAction\":[{\"@type\":\"ReadAction\",\"target\":[\"https:\\\/\\\/ohmtalschule.de\\\/?page_id=3100\"]}]},{\"@type\":\"BreadcrumbList\",\"@id\":\"https:\\\/\\\/ohmtalschule.de\\\/?page_id=3100#breadcrumb\",\"itemListElement\":[{\"@type\":\"ListItem\",\"position\":1,\"name\":\"Startseite\",\"item\":\"https:\\\/\\\/ohmtalschule.de\\\/\"},{\"@type\":\"ListItem\",\"position\":2,\"name\":\"Unsere Ohmtalschule\",\"item\":\"https:\\\/\\\/ohmtalschule.de\\\/?page_id=21\"},{\"@type\":\"ListItem\",\"position\":3,\"name\":\"Organisation\",\"item\":\"https:\\\/\\\/ohmtalschule.de\\\/?page_id=157\"},{\"@type\":\"ListItem\",\"position\":4,\"name\":\"Bildungsg\u00e4nge im \u00dcberblick\",\"item\":\"https:\\\/\\\/ohmtalschule.de\\\/?page_id=359\"},{\"@type\":\"ListItem\",\"position\":5,\"name\":\"Die &#8220;Verbundene Haupt- &#038; Realschule&#8221;\",\"item\":\"https:\\\/\\\/ohmtalschule.de\\\/?page_id=3419\"},{\"@type\":\"ListItem\",\"position\":6,\"name\":\"Realschulabschluss\"}]},{\"@type\":\"WebSite\",\"@id\":\"https:\\\/\\\/ohmtalschule.de\\\/#website\",\"url\":\"https:\\\/\\\/ohmtalschule.de\\\/\",\"name\":\"Ohmtalschule Homberg\",\"description\":\"Gesamtschule des Vogelsbergkreises\",\"potentialAction\":[{\"@type\":\"SearchAction\",\"target\":{\"@type\":\"EntryPoint\",\"urlTemplate\":\"https:\\\/\\\/ohmtalschule.de\\\/?s={search_term_string}\"},\"query-input\":{\"@type\":\"PropertyValueSpecification\",\"valueRequired\":true,\"valueName\":\"search_term_string\"}}],\"inLanguage\":\"de\"}]}<\/script>\n<!-- \/ Yoast SEO plugin. -->","yoast_head_json":{"title":"Realschulabschluss - Ohmtalschule Homberg","robots":{"index":"index","follow":"follow","max-snippet":"max-snippet:-1","max-image-preview":"max-image-preview:large","max-video-preview":"max-video-preview:-1"},"canonical":"https:\/\/ohmtalschule.de\/?page_id=3100","og_locale":"de_DE","og_type":"article","og_title":"Realschulabschluss - Ohmtalschule Homberg","og_description":"Im Bildungsgang Realschule nehmen Sch\u00fclerinnen und Sch\u00fcler in der Jahrgangsstufe 10 an einem Abschlussverfahren teil. Dieses besteht aus zwei Teilen: den zentralen Abschlussarbeiten sowie einer Hausarbeit mit einer Pr\u00e4sentation. Die zentralen Abschlussarbeiten werden in den F\u00e4chern Deutsch, Mathematik und in der ersten Fremdsprache geschrieben. Die Hausarbeit mit der Pr\u00e4sentation findet\u00a0in einem anderen Fach aus dem &hellip; Realschulabschluss weiterlesen &rarr;","og_url":"https:\/\/ohmtalschule.de\/?page_id=3100","og_site_name":"Ohmtalschule Homberg","article_modified_time":"2018-10-19T08:20:34+00:00","twitter_card":"summary_large_image","twitter_misc":{"Gesch\u00e4tzte Lesezeit":"2\u00a0Minuten"},"schema":{"@context":"https:\/\/schema.org","@graph":[{"@type":"WebPage","@id":"https:\/\/ohmtalschule.de\/?page_id=3100","url":"https:\/\/ohmtalschule.de\/?page_id=3100","name":"Realschulabschluss - Ohmtalschule Homberg","isPartOf":{"@id":"https:\/\/ohmtalschule.de\/#website"},"datePublished":"2017-11-29T14:12:08+00:00","dateModified":"2018-10-19T08:20:34+00:00","breadcrumb":{"@id":"https:\/\/ohmtalschule.de\/?page_id=3100#breadcrumb"},"inLanguage":"de","potentialAction":[{"@type":"ReadAction","target":["https:\/\/ohmtalschule.de\/?page_id=3100"]}]},{"@type":"BreadcrumbList","@id":"https:\/\/ohmtalschule.de\/?page_id=3100#breadcrumb","itemListElement":[{"@type":"ListItem","position":1,"name":"Startseite","item":"https:\/\/ohmtalschule.de\/"},{"@type":"ListItem","position":2,"name":"Unsere Ohmtalschule","item":"https:\/\/ohmtalschule.de\/?page_id=21"},{"@type":"ListItem","position":3,"name":"Organisation","item":"https:\/\/ohmtalschule.de\/?page_id=157"},{"@type":"ListItem","position":4,"name":"Bildungsg\u00e4nge im \u00dcberblick","item":"https:\/\/ohmtalschule.de\/?page_id=359"},{"@type":"ListItem","position":5,"name":"Die &#8220;Verbundene Haupt- &#038; Realschule&#8221;","item":"https:\/\/ohmtalschule.de\/?page_id=3419"},{"@type":"ListItem","position":6,"name":"Realschulabschluss"}]},{"@type":"WebSite","@id":"https:\/\/ohmtalschule.de\/#website","url":"https:\/\/ohmtalschule.de\/","name":"Ohmtalschule Homberg","description":"Gesamtschule des Vogelsbergkreises","potentialAction":[{"@type":"SearchAction","target":{"@type":"EntryPoint","urlTemplate":"https:\/\/ohmtalschule.de\/?s={search_term_string}"},"query-input":{"@type":"PropertyValueSpecification","valueRequired":true,"valueName":"search_term_string"}}],"inLanguage":"de"}]}},"_links":{"self":[{"href":"https:\/\/ohmtalschule.de\/index.php?rest_route=\/wp\/v2\/pages\/3100","targetHints":{"allow":["GET"]}}],"collection":[{"href":"https:\/\/ohmtalschule.de\/index.php?rest_route=\/wp\/v2\/pages"}],"about":[{"href":"https:\/\/ohmtalschule.de\/index.php?rest_route=\/wp\/v2\/types\/page"}],"author":[{"embeddable":true,"href":"https:\/\/ohmtalschule.de\/index.php?rest_route=\/wp\/v2\/users\/2"}],"replies":[{"embeddable":true,"href":"https:\/\/ohmtalschule.de\/index.php?rest_route=%2Fwp%2Fv2%2Fcomments&post=3100"}],"version-history":[{"count":3,"href":"https:\/\/ohmtalschule.de\/index.php?rest_route=\/wp\/v2\/pages\/3100\/revisions"}],"predecessor-version":[{"id":3435,"href":"https:\/\/ohmtalschule.de\/index.php?rest_route=\/wp\/v2\/pages\/3100\/revisions\/3435"}],"up":[{"embeddable":true,"href":"https:\/\/ohmtalschule.de\/index.php?rest_route=\/wp\/v2\/pages\/3419"}],"wp:attachment":[{"href":"https:\/\/ohmtalschule.de\/index.php?rest_route=%2Fwp%2Fv2%2Fmedia&parent=3100"}],"curies":[{"name":"wp","href":"https:\/\/api.w.org\/{rel}","templated":true}]}}