{"id":218,"date":"2014-02-18T19:35:21","date_gmt":"2014-02-18T19:35:21","guid":{"rendered":"http:\/\/wp.ohmtalschule.de\/wordpress\/?page_id=218"},"modified":"2025-05-25T16:27:00","modified_gmt":"2025-05-25T14:27:00","slug":"downloads-des-foerdervereins","status":"publish","type":"page","link":"https:\/\/ohmtalschule.de\/?page_id=218","title":{"rendered":"Downloads"},"content":{"rendered":"\n<p>Der Downloadbereich des F\u00f6rdervereins der Gesamtschule Ohmtal e.V. enth\u00e4lt folgende Inhalte:<\/p>\n\n\n\n<ul class=\"wp-block-list\">\n<li><a href=\"#Beitrittserkl\u00e4rung\">Beitrittserkl\u00e4rung<\/a> zum F\u00f6rderverein<\/li>\n\n\n\n<li><a href=\"#Datenschutzinformationen\">Datenschutzinformationen<\/a><\/li>\n\n\n\n<li><a href=\"#Satzung\">Satzung<\/a> des F\u00f6rdervereins<\/li>\n\n\n\n<li><a href=\"#Protokoll\">Protokoll<\/a> zur letzten Jahreshauptversammlung<\/li>\n<\/ul>\n\n\n\n<h2 class=\"wp-block-heading has-medium-font-size\" id=\"Beitrittserkl\u00e4rung\">Beitrittserkl\u00e4rung<\/h2>\n\n\n\n<div data-wp-interactive=\"core\/file\" class=\"wp-block-file\"><object data-wp-bind--hidden=\"!state.hasPdfPreview\" hidden class=\"wp-block-file__embed\" data=\"https:\/\/ohmtalschule.de\/wordpress\/wp-content\/uploads\/2019\/03\/F\u00d6V_Beitrittserkl\u00e4rung_Stand_20190320_Download.pdf\" type=\"application\/pdf\" style=\"width:100%;height:200px\" aria-label=\"Einbettung von Beitrittserkl\u00e4rung zum F\u00f6rderverein.\"><\/object><a id=\"wp-block-file--media-a0cc1e14-2c38-4a0a-8e8f-f0318c940af7\" href=\"https:\/\/ohmtalschule.de\/wordpress\/wp-content\/uploads\/2019\/03\/F\u00d6V_Beitrittserkl\u00e4rung_Stand_20190320_Download.pdf\">Beitrittserkl\u00e4rung zum F\u00f6rderverein<\/a><a href=\"https:\/\/ohmtalschule.de\/wordpress\/wp-content\/uploads\/2019\/03\/F\u00d6V_Beitrittserkl\u00e4rung_Stand_20190320_Download.pdf\" class=\"wp-block-file__button wp-element-button\" download aria-describedby=\"wp-block-file--media-a0cc1e14-2c38-4a0a-8e8f-f0318c940af7\">Herunterladen<\/a><\/div>\n\n\n\n<p><\/p>\n\n\n\n<p><\/p>\n\n\n\n<h2 class=\"wp-block-heading has-medium-font-size\" id=\"Datenschutzinformationen\">Datenschutzinformationen<\/h2>\n\n\n\n<div data-wp-interactive=\"core\/file\" class=\"wp-block-file\"><object data-wp-bind--hidden=\"!state.hasPdfPreview\" hidden class=\"wp-block-file__embed\" data=\"https:\/\/ohmtalschule.de\/wordpress\/wp-content\/uploads\/2019\/03\/Datenschutzinformationen_Stand_2019_03_20.pdf\" type=\"application\/pdf\" style=\"width:100%;height:200px\" aria-label=\"Einbettung von Datenschutzinformationen_Stand_2019_03_20.\"><\/object><a id=\"wp-block-file--media-c7d61384-40d5-44e8-be3f-206282261747\" href=\"https:\/\/ohmtalschule.de\/wordpress\/wp-content\/uploads\/2019\/03\/Datenschutzinformationen_Stand_2019_03_20.pdf\">Datenschutzinformationen_Stand_2019_03_20<\/a><a href=\"https:\/\/ohmtalschule.de\/wordpress\/wp-content\/uploads\/2019\/03\/Datenschutzinformationen_Stand_2019_03_20.pdf\" class=\"wp-block-file__button wp-element-button\" download aria-describedby=\"wp-block-file--media-c7d61384-40d5-44e8-be3f-206282261747\">Herunterladen<\/a><\/div>\n\n\n\n<p><\/p>\n\n\n\n<p><\/p>\n\n\n\n<p><\/p>\n\n\n\n<h2 class=\"wp-block-heading has-medium-font-size\" id=\"Satzung\">Satzung<\/h2>\n\n\n\n<div data-wp-interactive=\"core\/file\" class=\"wp-block-file\"><object data-wp-bind--hidden=\"!state.hasPdfPreview\" hidden class=\"wp-block-file__embed\" data=\"https:\/\/ohmtalschule.de\/wordpress\/wp-content\/uploads\/2017\/03\/F\u00d6V_Satzung-_20050323.pdf\" type=\"application\/pdf\" style=\"width:100%;height:200px\" aria-label=\"Einbettung von Satzung des F\u00f6rdervereins.\"><\/object><a id=\"wp-block-file--media-3ac88e75-f53c-40bf-a3fd-ff9ed4ae04fc\" href=\"https:\/\/ohmtalschule.de\/wordpress\/wp-content\/uploads\/2017\/03\/F\u00d6V_Satzung-_20050323.pdf\">Satzung des F\u00f6rdervereins<\/a><a href=\"https:\/\/ohmtalschule.de\/wordpress\/wp-content\/uploads\/2017\/03\/F\u00d6V_Satzung-_20050323.pdf\" class=\"wp-block-file__button wp-element-button\" download aria-describedby=\"wp-block-file--media-3ac88e75-f53c-40bf-a3fd-ff9ed4ae04fc\">Herunterladen<\/a><\/div>\n\n\n\n<div class=\"wp-block-media-text is-stacked-on-mobile\"><figure class=\"wp-block-media-text__media\"><\/figure><div class=\"wp-block-media-text__content\">\n<p><\/p>\n<\/div><\/div>\n\n\n\n<p><\/p>\n\n\n\n<h2 class=\"wp-block-heading\" id=\"Protokoll\">Protokoll der letzten Jahreshauptversammlung<\/h2>\n\n\n\n<div data-wp-interactive=\"core\/file\" class=\"wp-block-file\"><object data-wp-bind--hidden=\"!state.hasPdfPreview\" hidden class=\"wp-block-file__embed\" data=\"https:\/\/ohmtalschule.de\/wordpress\/wp-content\/uploads\/2025\/05\/FOeV_Protokoll_JHV_2025_03_31-2.pdf\" type=\"application\/pdf\" style=\"width:100%;height:600px\" aria-label=\"Einbettung von F\u00d6V_Protokoll_JHV_2025_03_31.\"><\/object><a id=\"wp-block-file--media-2b5b3ccb-0e6e-42e8-b3ae-8569919e55c9\" href=\"https:\/\/ohmtalschule.de\/wordpress\/wp-content\/uploads\/2025\/05\/FOeV_Protokoll_JHV_2025_03_31-2.pdf\">F\u00d6V_Protokoll_JHV_2025_03_31<\/a><a href=\"https:\/\/ohmtalschule.de\/wordpress\/wp-content\/uploads\/2025\/05\/FOeV_Protokoll_JHV_2025_03_31-2.pdf\" class=\"wp-block-file__button wp-element-button\" download aria-describedby=\"wp-block-file--media-2b5b3ccb-0e6e-42e8-b3ae-8569919e55c9\">Herunterladen<\/a><\/div>\n\n\n\n<div class=\"wp-block-media-text is-stacked-on-mobile\"><figure class=\"wp-block-media-text__media\"><\/figure><div class=\"wp-block-media-text__content\">\n<p><\/p>\n<\/div><\/div>\n","protected":false},"excerpt":{"rendered":"<p>Der Downloadbereich des F\u00f6rdervereins der Gesamtschule Ohmtal e.V. enth\u00e4lt folgende Inhalte: Beitrittserkl\u00e4rung Datenschutzinformationen Satzung Protokoll der letzten Jahreshauptversammlung<\/p>\n","protected":false},"author":2,"featured_media":0,"parent":141,"menu_order":20,"comment_status":"closed","ping_status":"closed","template":"page-templates\/full-width.php","meta":{"footnotes":""},"class_list":["post-218","page","type-page","status-publish","hentry"],"yoast_head":"<!-- This site is optimized with the Yoast SEO plugin v27.4 - https:\/\/yoast.com\/product\/yoast-seo-wordpress\/ -->\n<title>Downloads - Ohmtalschule Homberg<\/title>\n<meta name=\"robots\" content=\"index, follow, max-snippet:-1, max-image-preview:large, max-video-preview:-1\" \/>\n<link rel=\"canonical\" href=\"https:\/\/ohmtalschule.de\/?page_id=218\" \/>\n<meta property=\"og:locale\" content=\"de_DE\" \/>\n<meta property=\"og:type\" content=\"article\" \/>\n<meta property=\"og:title\" content=\"Downloads - Ohmtalschule Homberg\" \/>\n<meta property=\"og:description\" content=\"Der Downloadbereich des F\u00f6rdervereins der Gesamtschule Ohmtal e.V. enth\u00e4lt folgende Inhalte: Beitrittserkl\u00e4rung Datenschutzinformationen Satzung Protokoll der letzten Jahreshauptversammlung\" \/>\n<meta property=\"og:url\" content=\"https:\/\/ohmtalschule.de\/?page_id=218\" \/>\n<meta property=\"og:site_name\" content=\"Ohmtalschule Homberg\" \/>\n<meta property=\"article:modified_time\" content=\"2025-05-25T14:27:00+00:00\" \/>\n<meta name=\"twitter:card\" content=\"summary_large_image\" \/>\n<meta name=\"twitter:label1\" content=\"Gesch\u00e4tzte Lesezeit\" \/>\n\t<meta name=\"twitter:data1\" content=\"1\u00a0Minute\" \/>\n<script type=\"application\/ld+json\" class=\"yoast-schema-graph\">{\"@context\":\"https:\\\/\\\/schema.org\",\"@graph\":[{\"@type\":\"WebPage\",\"@id\":\"https:\\\/\\\/ohmtalschule.de\\\/?page_id=218\",\"url\":\"https:\\\/\\\/ohmtalschule.de\\\/?page_id=218\",\"name\":\"Downloads - Ohmtalschule Homberg\",\"isPartOf\":{\"@id\":\"https:\\\/\\\/ohmtalschule.de\\\/#website\"},\"datePublished\":\"2014-02-18T19:35:21+00:00\",\"dateModified\":\"2025-05-25T14:27:00+00:00\",\"breadcrumb\":{\"@id\":\"https:\\\/\\\/ohmtalschule.de\\\/?page_id=218#breadcrumb\"},\"inLanguage\":\"de\",\"potentialAction\":[{\"@type\":\"ReadAction\",\"target\":[\"https:\\\/\\\/ohmtalschule.de\\\/?page_id=218\"]}]},{\"@type\":\"BreadcrumbList\",\"@id\":\"https:\\\/\\\/ohmtalschule.de\\\/?page_id=218#breadcrumb\",\"itemListElement\":[{\"@type\":\"ListItem\",\"position\":1,\"name\":\"Startseite\",\"item\":\"https:\\\/\\\/ohmtalschule.de\\\/\"},{\"@type\":\"ListItem\",\"position\":2,\"name\":\"F\u00f6rderverein\",\"item\":\"https:\\\/\\\/ohmtalschule.de\\\/?page_id=141\"},{\"@type\":\"ListItem\",\"position\":3,\"name\":\"Downloads\"}]},{\"@type\":\"WebSite\",\"@id\":\"https:\\\/\\\/ohmtalschule.de\\\/#website\",\"url\":\"https:\\\/\\\/ohmtalschule.de\\\/\",\"name\":\"Ohmtalschule Homberg\",\"description\":\"Gesamtschule des Vogelsbergkreises\",\"potentialAction\":[{\"@type\":\"SearchAction\",\"target\":{\"@type\":\"EntryPoint\",\"urlTemplate\":\"https:\\\/\\\/ohmtalschule.de\\\/?s={search_term_string}\"},\"query-input\":{\"@type\":\"PropertyValueSpecification\",\"valueRequired\":true,\"valueName\":\"search_term_string\"}}],\"inLanguage\":\"de\"}]}<\/script>\n<!-- \/ Yoast SEO plugin. -->","yoast_head_json":{"title":"Downloads - Ohmtalschule Homberg","robots":{"index":"index","follow":"follow","max-snippet":"max-snippet:-1","max-image-preview":"max-image-preview:large","max-video-preview":"max-video-preview:-1"},"canonical":"https:\/\/ohmtalschule.de\/?page_id=218","og_locale":"de_DE","og_type":"article","og_title":"Downloads - Ohmtalschule Homberg","og_description":"Der Downloadbereich des F\u00f6rdervereins der Gesamtschule Ohmtal e.V. enth\u00e4lt folgende Inhalte: Beitrittserkl\u00e4rung Datenschutzinformationen Satzung Protokoll der letzten Jahreshauptversammlung","og_url":"https:\/\/ohmtalschule.de\/?page_id=218","og_site_name":"Ohmtalschule Homberg","article_modified_time":"2025-05-25T14:27:00+00:00","twitter_card":"summary_large_image","twitter_misc":{"Gesch\u00e4tzte Lesezeit":"1\u00a0Minute"},"schema":{"@context":"https:\/\/schema.org","@graph":[{"@type":"WebPage","@id":"https:\/\/ohmtalschule.de\/?page_id=218","url":"https:\/\/ohmtalschule.de\/?page_id=218","name":"Downloads - Ohmtalschule Homberg","isPartOf":{"@id":"https:\/\/ohmtalschule.de\/#website"},"datePublished":"2014-02-18T19:35:21+00:00","dateModified":"2025-05-25T14:27:00+00:00","breadcrumb":{"@id":"https:\/\/ohmtalschule.de\/?page_id=218#breadcrumb"},"inLanguage":"de","potentialAction":[{"@type":"ReadAction","target":["https:\/\/ohmtalschule.de\/?page_id=218"]}]},{"@type":"BreadcrumbList","@id":"https:\/\/ohmtalschule.de\/?page_id=218#breadcrumb","itemListElement":[{"@type":"ListItem","position":1,"name":"Startseite","item":"https:\/\/ohmtalschule.de\/"},{"@type":"ListItem","position":2,"name":"F\u00f6rderverein","item":"https:\/\/ohmtalschule.de\/?page_id=141"},{"@type":"ListItem","position":3,"name":"Downloads"}]},{"@type":"WebSite","@id":"https:\/\/ohmtalschule.de\/#website","url":"https:\/\/ohmtalschule.de\/","name":"Ohmtalschule Homberg","description":"Gesamtschule des Vogelsbergkreises","potentialAction":[{"@type":"SearchAction","target":{"@type":"EntryPoint","urlTemplate":"https:\/\/ohmtalschule.de\/?s={search_term_string}"},"query-input":{"@type":"PropertyValueSpecification","valueRequired":true,"valueName":"search_term_string"}}],"inLanguage":"de"}]}},"_links":{"self":[{"href":"https:\/\/ohmtalschule.de\/index.php?rest_route=\/wp\/v2\/pages\/218","targetHints":{"allow":["GET"]}}],"collection":[{"href":"https:\/\/ohmtalschule.de\/index.php?rest_route=\/wp\/v2\/pages"}],"about":[{"href":"https:\/\/ohmtalschule.de\/index.php?rest_route=\/wp\/v2\/types\/page"}],"author":[{"embeddable":true,"href":"https:\/\/ohmtalschule.de\/index.php?rest_route=\/wp\/v2\/users\/2"}],"replies":[{"embeddable":true,"href":"https:\/\/ohmtalschule.de\/index.php?rest_route=%2Fwp%2Fv2%2Fcomments&post=218"}],"version-history":[{"count":25,"href":"https:\/\/ohmtalschule.de\/index.php?rest_route=\/wp\/v2\/pages\/218\/revisions"}],"predecessor-version":[{"id":5643,"href":"https:\/\/ohmtalschule.de\/index.php?rest_route=\/wp\/v2\/pages\/218\/revisions\/5643"}],"up":[{"embeddable":true,"href":"https:\/\/ohmtalschule.de\/index.php?rest_route=\/wp\/v2\/pages\/141"}],"wp:attachment":[{"href":"https:\/\/ohmtalschule.de\/index.php?rest_route=%2Fwp%2Fv2%2Fmedia&parent=218"}],"curies":[{"name":"wp","href":"https:\/\/api.w.org\/{rel}","templated":true}]}}