{"id":2,"date":"2014-02-16T11:59:57","date_gmt":"2014-02-16T11:59:57","guid":{"rendered":"http:\/\/wp.ohmtalschule.de\/wordpress\/?page_id=2"},"modified":"2025-09-08T11:47:49","modified_gmt":"2025-09-08T09:47:49","slug":"home","status":"publish","type":"page","link":"https:\/\/ohmtalschule.de\/","title":{"rendered":"Willkommen"},"content":{"rendered":"\n<p>&#8230; auf der Homepage der Ohmtalschule!<\/p>\n\n\n\n<p><strong>Letzte Meldungen:<\/strong> <div id=\"mtphr-dnt-4855\" class=\"mtphr-dnt mtphr-dnt-4855 mtphr-dnt-default mtphr-dnt-scroll mtphr-dnt-scroll-left\"><div class=\"mtphr-dnt-wrapper mtphr-dnt-clearfix\"><div class=\"mtphr-dnt-tick-container\"><div class=\"mtphr-dnt-tick-contents\"><div class=\"mtphr-dnt-tick mtphr-dnt-default-tick mtphr-dnt-clearfix \">Herzliche Gr\u00fc\u00dfe aus der Ohmtalschule und die besten W\u00fcnsche f\u00fcr eine gute Woche! &#8211; &#8211; &#8211; Sobald es Neuigkeiten gibt, informieren wir an dieser Stelle! &#8211; &#8211; &#8211;<\/div><\/div><\/div><\/div><\/div> <div id=\"mtphr-dnt-4855\" class=\"mtphr-dnt mtphr-dnt-4855 mtphr-dnt-default mtphr-dnt-scroll mtphr-dnt-scroll-left\"><div class=\"mtphr-dnt-wrapper mtphr-dnt-clearfix\"><div class=\"mtphr-dnt-tick-container\"><div class=\"mtphr-dnt-tick-contents\"><div class=\"mtphr-dnt-tick mtphr-dnt-default-tick mtphr-dnt-clearfix \">Herzliche Gr\u00fc\u00dfe aus der Ohmtalschule und die besten W\u00fcnsche f\u00fcr eine gute Woche! &#8211; &#8211; &#8211; Sobald es Neuigkeiten gibt, informieren wir an dieser Stelle! &#8211; &#8211; &#8211;<\/div><\/div><\/div><\/div><\/div> <div id=\"mtphr-dnt-4855\" class=\"mtphr-dnt mtphr-dnt-4855 mtphr-dnt-default mtphr-dnt-scroll mtphr-dnt-scroll-left\"><div class=\"mtphr-dnt-wrapper mtphr-dnt-clearfix\"><div class=\"mtphr-dnt-tick-container\"><div class=\"mtphr-dnt-tick-contents\"><div class=\"mtphr-dnt-tick mtphr-dnt-default-tick mtphr-dnt-clearfix \">Herzliche Gr\u00fc\u00dfe aus der Ohmtalschule und die besten W\u00fcnsche f\u00fcr eine gute Woche! &#8211; &#8211; &#8211; Sobald es Neuigkeiten gibt, informieren wir an dieser Stelle! &#8211; &#8211; &#8211;<\/div><\/div><\/div><\/div><\/div><\/p>\n\n\n\n<p><\/p>\n\n\n\n<h2 class=\"wp-block-heading\">Aktuelle Beitr\u00e4ge<\/h2>\n\n\n\n<section class=\"latest-post-selection\" id=\"lps-35de45d90fba419cb970f3744f582d71\" style=\"\" role=\"list\"><article class=\"post-5842 post type-post status-publish format-standard hentry category-allgemein has-link\" data-lps-id=\"5842\" role=\"listitem\"><a href=\"https:\/\/ohmtalschule.de\/?p=5842\" title=\"Jahreshauptversammlung des F\u00f6rdervereins\" class=\"article__link main-link read-more-wrap\"><h3 class=\"article__title item-title-tag\">Jahreshauptversammlung des F\u00f6rdervereins<\/h3><div class=\"article__text item-text\"><p>Der F\u00f6rderverein der Ohmtalschule l\u00e4dt alle Mitglieder ganz herzlich zur Jahreshauptversammlung 2026 am Montag, dem 27.04.2026 um 19 Uhr in die Cafeteria der Ohmtalschule ein. WeiterleitenEmail<\/p>\n<ul id='sp-sharer-5842' class='sp-sharer sp-sharer-default' data-id='5842'>\n<li><span class='share-title'>Weiterleiten<\/span><\/li>\n<li><a id='spsharer-mail-5842' class='spsharer-email' title='Share by email to a friend' href='https:\/\/ohmtalschule.de\/?p=5842' rel='nofollow'><span>Email<\/span><span class='count'><\/span><\/a><\/li>\n<\/ul>\n<\/div><\/a><\/article><article class=\"post-5822 post type-post status-publish format-standard has-post-thumbnail hentry category-allgemein has-link\" data-lps-id=\"5822\" role=\"listitem\"><a href=\"https:\/\/ohmtalschule.de\/?p=5822\" title=\"Wie wird man B\u00fcrgermeister?\" class=\"article__link main-link read-more-wrap\"><h3 class=\"article__title item-title-tag\">Wie wird man B\u00fcrgermeister?<\/h3><img decoding=\"async\" src=\"https:\/\/ohmtalschule.de\/wordpress\/wp-content\/uploads\/2026\/03\/IMG_2406-scaled-e1774430406951-150x150.jpeg\" class=\"lps-tile-main-image lps-custom-thumbnail\" loading=\"lazy\" alt=\"Wie wird man B\u00fcrgermeister?\" width=\"150\" height=\"150\" srcset=\"https:\/\/ohmtalschule.de\/wordpress\/wp-content\/uploads\/2026\/03\/IMG_2406-scaled-e1774430406951-150x150.jpeg 150w, https:\/\/ohmtalschule.de\/wordpress\/wp-content\/uploads\/2026\/03\/IMG_2406-scaled-e1774430406951-64x64.jpeg 64w\"><div class=\"article__text item-text\"><p>Leopold Bach aus Feldatal informiert Sch\u00fcler an der Ohmtalschule Kurz vor den Osterferien fand an der Ohmtalschule (OTS) eine besondere Politikstunde f\u00fcr interessierte Sch\u00fclerinnen und Sch\u00fcler der Jahrg\u00e4nge 5 bis 7 statt. Ziel war es, kommunale Politik anschaulich zu vermitteln und zu zeigen, wie Entscheidungen<\/p>\n<ul id='sp-sharer-5822' class='sp-sharer sp-sharer-default' data-id='5822'>\n<li><span class='share-title'>Weiterleiten<\/span><\/li>\n<li><a id='spsharer-mail-5822' class='spsharer-email' title='Share by email to a friend' href='https:\/\/ohmtalschule.de\/?p=5822' rel='nofollow'><span>Email<\/span><span class='count'><\/span><\/a><\/li>\n<\/ul>\n<\/div><\/a><\/article><article class=\"post-5815 post type-post status-publish format-standard has-post-thumbnail hentry category-allgemein tag-mathematikwettbewerb has-link\" data-lps-id=\"5815\" role=\"listitem\"><a href=\"https:\/\/ohmtalschule.de\/?p=5815\" title=\"Gleich drei Schulsieger\" class=\"article__link main-link read-more-wrap\"><h3 class=\"article__title item-title-tag\">Gleich drei Schulsieger<\/h3><img decoding=\"async\" src=\"https:\/\/ohmtalschule.de\/wordpress\/wp-content\/uploads\/2026\/03\/Mathewettbewerb-25_26-Sieger-OTS-Allesio-Michel-8b-Leon-Claus-8a-Pelle-Gutmann-8G-scaled-e1773732451347-150x150.jpg\" class=\"lps-tile-main-image lps-custom-thumbnail\" loading=\"lazy\" alt=\"Gleich drei Schulsieger\" width=\"150\" height=\"150\" srcset=\"https:\/\/ohmtalschule.de\/wordpress\/wp-content\/uploads\/2026\/03\/Mathewettbewerb-25_26-Sieger-OTS-Allesio-Michel-8b-Leon-Claus-8a-Pelle-Gutmann-8G-scaled-e1773732451347-150x150.jpg 150w, https:\/\/ohmtalschule.de\/wordpress\/wp-content\/uploads\/2026\/03\/Mathewettbewerb-25_26-Sieger-OTS-Allesio-Michel-8b-Leon-Claus-8a-Pelle-Gutmann-8G-scaled-e1773732451347-64x64.jpg 64w\"><div class=\"article__text item-text\"><p>Erfolgreiche Teilnehmer beim Mathematikwettbewerb 2025\/26 Gro\u00dfer Erfolg f\u00fcr drei Achtkl\u00e4ssler der Ohmtalschule (OTS) beim diesj\u00e4hrigen Mathematikwettbewerb: Drei Sch\u00fcler aus unterschiedlichen Bildungsg\u00e4ngen konnten sich als Schulsieger durchsetzen und wurden gemeinsam mit ihren Lehrern sowie der Schulleitung<\/p>\n<ul id='sp-sharer-5815' class='sp-sharer sp-sharer-default' data-id='5815'>\n<li><span class='share-title'>Weiterleiten<\/span><\/li>\n<li><a id='spsharer-mail-5815' class='spsharer-email' title='Share by email to a friend' href='https:\/\/ohmtalschule.de\/?p=5815' rel='nofollow'><span>Email<\/span><span class='count'><\/span><\/a><\/li>\n<\/ul>\n<\/div><\/a><\/article><article class=\"post-5825 post type-post status-publish format-standard has-post-thumbnail hentry category-allgemein has-link\" data-lps-id=\"5825\" role=\"listitem\"><a href=\"https:\/\/ohmtalschule.de\/?p=5825\" title=\"Tolle Zeit in Homberg\" class=\"article__link main-link read-more-wrap\"><h3 class=\"article__title item-title-tag\">Tolle Zeit in Homberg<\/h3><img decoding=\"async\" src=\"https:\/\/ohmtalschule.de\/wordpress\/wp-content\/uploads\/2026\/03\/Heuchelheim-Faschingsdienstag-Umzug-150x150.jpg\" class=\"lps-tile-main-image lps-custom-thumbnail\" loading=\"lazy\" alt=\"Tolle Zeit in Homberg\" width=\"150\" height=\"150\" srcset=\"https:\/\/ohmtalschule.de\/wordpress\/wp-content\/uploads\/2026\/03\/Heuchelheim-Faschingsdienstag-Umzug-150x150.jpg 150w, https:\/\/ohmtalschule.de\/wordpress\/wp-content\/uploads\/2026\/03\/Heuchelheim-Faschingsdienstag-Umzug-300x300.jpg 300w, https:\/\/ohmtalschule.de\/wordpress\/wp-content\/uploads\/2026\/03\/Heuchelheim-Faschingsdienstag-Umzug-1024x1024.jpg 1024w, https:\/\/ohmtalschule.de\/wordpress\/wp-content\/uploads\/2026\/03\/Heuchelheim-Faschingsdienstag-Umzug-768x768.jpg 768w, https:\/\/ohmtalschule.de\/wordpress\/wp-content\/uploads\/2026\/03\/Heuchelheim-Faschingsdienstag-Umzug-64x64.jpg 64w, https:\/\/ohmtalschule.de\/wordpress\/wp-content\/uploads\/2026\/03\/Heuchelheim-Faschingsdienstag-Umzug.jpg 1500w\"><div class=\"article__text item-text\"><p>G\u00e4ste aus Thouar\u00e9 auf Erkundungstour rund um Homberg Der Jugendaustausch Thouar\u00e9-Homberg fand auch in diesem Jahr wieder mit spannendem Programm statt.Viele Familien waren am ersten Tag nach Ankunft der franz\u00f6sischen G\u00e4ste mit ihren Austauschsch\u00fclern auf Faschingsumz\u00fcgen, um diesen einen Eindruck von<\/p>\n<ul id='sp-sharer-5825' class='sp-sharer sp-sharer-default' data-id='5825'>\n<li><span class='share-title'>Weiterleiten<\/span><\/li>\n<li><a id='spsharer-mail-5825' class='spsharer-email' title='Share by email to a friend' href='https:\/\/ohmtalschule.de\/?p=5825' rel='nofollow'><span>Email<\/span><span class='count'><\/span><\/a><\/li>\n<\/ul>\n<\/div><\/a><\/article><article class=\"post-5803 post type-post status-publish format-standard has-post-thumbnail hentry category-allgemein has-link\" data-lps-id=\"5803\" role=\"listitem\"><a href=\"https:\/\/ohmtalschule.de\/?p=5803\" title=\"Sehr gute Leistung gezeigt\" class=\"article__link main-link read-more-wrap\"><h3 class=\"article__title item-title-tag\">Sehr gute Leistung gezeigt<\/h3><img decoding=\"async\" src=\"https:\/\/ohmtalschule.de\/wordpress\/wp-content\/uploads\/2026\/02\/Einser-150x150.jpg\" class=\"lps-tile-main-image lps-custom-thumbnail\" loading=\"lazy\" alt=\"Sehr gute Leistung gezeigt\" width=\"150\" height=\"150\"><div class=\"article__text item-text\"><p>Abgangssch\u00fcler erzielen Traumnote Eins in ihren Pr\u00fcfungen Viele Wochen intensiver Vorbereitung liegen hinter den Abgangssch\u00fclern der Ohmtalschule (OTS). Sowohl die Realsch\u00fcler der Klasse 10R als auch die Hauptsch\u00fcler der 9. Klassen haben viel Zeit investiert, um eine H\u00fcrde zu nehmen, die wichtiger Bestandteil<\/p>\n<ul id='sp-sharer-5803' class='sp-sharer sp-sharer-default' data-id='5803'>\n<li><span class='share-title'>Weiterleiten<\/span><\/li>\n<li><a id='spsharer-mail-5803' class='spsharer-email' title='Share by email to a friend' href='https:\/\/ohmtalschule.de\/?p=5803' rel='nofollow'><span>Email<\/span><span class='count'><\/span><\/a><\/li>\n<\/ul>\n<\/div><\/a><\/article><article class=\"post-5790 post type-post status-publish format-standard has-post-thumbnail hentry category-allgemein has-link\" data-lps-id=\"5790\" role=\"listitem\"><a href=\"https:\/\/ohmtalschule.de\/?p=5790\" title=\"Zauberhafte Vorweihnachtszeit in der Bibo\" class=\"article__link main-link read-more-wrap\"><h3 class=\"article__title item-title-tag\">Zauberhafte Vorweihnachtszeit in der Bibo<\/h3><img decoding=\"async\" src=\"https:\/\/ohmtalschule.de\/wordpress\/wp-content\/uploads\/2026\/01\/20251217_095921-150x150.jpg\" class=\"lps-tile-main-image lps-custom-thumbnail\" loading=\"lazy\" alt=\"Zauberhafte Vorweihnachtszeit in der Bibo\" width=\"150\" height=\"150\" srcset=\"https:\/\/ohmtalschule.de\/wordpress\/wp-content\/uploads\/2026\/01\/20251217_095921-150x150.jpg 150w, https:\/\/ohmtalschule.de\/wordpress\/wp-content\/uploads\/2026\/01\/20251217_095921-64x64.jpg 64w\"><div class=\"article__text item-text\"><p>Eine ganz besondere \u00dcberraschung erlebten k\u00fcrzlich Sch\u00fclerinnen und Sch\u00fcler der Grundschule in Homberg Ohm: Das Biboteam der Ohmtalschule lud zu einer stimmungsvollen Erz\u00e4hltheaterlesung (Kamishibai) in die Bibliothek ein. In der gem\u00fctlich vorbereiteten Leseecke der Bibo erwarteten die Grundsch\u00fcler<\/p>\n<ul id='sp-sharer-5790' class='sp-sharer sp-sharer-default' data-id='5790'>\n<li><span class='share-title'>Weiterleiten<\/span><\/li>\n<li><a id='spsharer-mail-5790' class='spsharer-email' title='Share by email to a friend' href='https:\/\/ohmtalschule.de\/?p=5790' rel='nofollow'><span>Email<\/span><span class='count'><\/span><\/a><\/li>\n<\/ul>\n<\/div><\/a><\/article><article class=\"post-5773 post type-post status-publish format-standard has-post-thumbnail hentry category-allgemein has-link\" data-lps-id=\"5773\" role=\"listitem\"><a href=\"https:\/\/ohmtalschule.de\/?p=5773\" title=\"Sch\u00f6ne Weihnachten!\" class=\"article__link main-link read-more-wrap\"><h3 class=\"article__title item-title-tag\">Sch\u00f6ne Weihnachten!<\/h3><img decoding=\"async\" src=\"https:\/\/ohmtalschule.de\/wordpress\/wp-content\/uploads\/2025\/12\/STF_6002-Kopie-2-150x150.jpg\" class=\"lps-tile-main-image lps-custom-thumbnail\" loading=\"lazy\" alt=\"Sch\u00f6ne Weihnachten!\" width=\"150\" height=\"150\"><div class=\"article__text item-text\"><p>Feierlichkeiten in der Adventszeit an der Ohmtalschule In der Adventszeit fanden an der Ohmtalschule (OTS) mehrere sch\u00f6ne und gemeinschaftliche Veranstaltungen statt, die f\u00fcr eine festliche Stimmung sorgten. H\u00f6hepunkt war ein gro\u00dfer gemeinsamer Weihnachtsmarkt von OTS und Pestalozzischule, der in der<\/p>\n<ul id='sp-sharer-5773' class='sp-sharer sp-sharer-default' data-id='5773'>\n<li><span class='share-title'>Weiterleiten<\/span><\/li>\n<li><a id='spsharer-mail-5773' class='spsharer-email' title='Share by email to a friend' href='https:\/\/ohmtalschule.de\/?p=5773' rel='nofollow'><span>Email<\/span><span class='count'><\/span><\/a><\/li>\n<\/ul>\n<\/div><\/a><\/article><article class=\"post-5758 post type-post status-publish format-standard has-post-thumbnail hentry category-allgemein category-bibliothek tag-vorlesewettbewerb has-link\" data-lps-id=\"5758\" role=\"listitem\"><a href=\"https:\/\/ohmtalschule.de\/?p=5758\" title=\"Gro\u00dfe Sache f\u00fcr kleine Leser\" class=\"article__link main-link read-more-wrap\"><h3 class=\"article__title item-title-tag\">Gro\u00dfe Sache f\u00fcr kleine Leser<\/h3><img decoding=\"async\" src=\"https:\/\/ohmtalschule.de\/wordpress\/wp-content\/uploads\/2025\/12\/IMG_2579-e1765547255756-150x150.jpeg\" class=\"lps-tile-main-image lps-custom-thumbnail\" loading=\"lazy\" alt=\"Gro\u00dfe Sache f\u00fcr kleine Leser\" width=\"150\" height=\"150\" srcset=\"https:\/\/ohmtalschule.de\/wordpress\/wp-content\/uploads\/2025\/12\/IMG_2579-e1765547255756-150x150.jpeg 150w, https:\/\/ohmtalschule.de\/wordpress\/wp-content\/uploads\/2025\/12\/IMG_2579-e1765547255756-64x64.jpeg 64w\"><div class=\"article__text item-text\"><p>Rebecca Schmidt gewinnt Vorlesewettbewerb an der Ohmtalschule Man k\u00f6nnte sagen, es war wie bei ,,The Voice of Germany&#8221;: Anspannung und Nervosit\u00e4t waren gro\u00df, als sich die Jury des diesj\u00e4hrigen Vorlesewettbewerbs an der Ohmtalschule (OTS) zur Beratung zur\u00fcckzog. Wer w\u00fcrde diesmal das Rennen machen<\/p>\n<ul id='sp-sharer-5758' class='sp-sharer sp-sharer-default' data-id='5758'>\n<li><span class='share-title'>Weiterleiten<\/span><\/li>\n<li><a id='spsharer-mail-5758' class='spsharer-email' title='Share by email to a friend' href='https:\/\/ohmtalschule.de\/?p=5758' rel='nofollow'><span>Email<\/span><span class='count'><\/span><\/a><\/li>\n<\/ul>\n<\/div><\/a><\/article><article class=\"post-5751 post type-post status-publish format-standard has-post-thumbnail hentry category-allgemein has-link\" data-lps-id=\"5751\" role=\"listitem\"><a href=\"https:\/\/ohmtalschule.de\/?p=5751\" title=\"Welche Ausbildung ist die richtige?\" class=\"article__link main-link read-more-wrap\"><h3 class=\"article__title item-title-tag\">Welche Ausbildung ist die richtige?<\/h3><img decoding=\"async\" src=\"https:\/\/ohmtalschule.de\/wordpress\/wp-content\/uploads\/2025\/10\/Voca-e1759393283549-150x150.jpg\" class=\"lps-tile-main-image lps-custom-thumbnail\" loading=\"lazy\" alt=\"Welche Ausbildung ist die richtige?\" width=\"150\" height=\"150\" srcset=\"https:\/\/ohmtalschule.de\/wordpress\/wp-content\/uploads\/2025\/10\/Voca-e1759393283549-150x150.jpg 150w, https:\/\/ohmtalschule.de\/wordpress\/wp-content\/uploads\/2025\/10\/Voca-e1759393283549-64x64.jpg 64w\"><div class=\"article__text item-text\"><p>Vocatium Messe: Sch\u00fclerinnen und Sch\u00fcler der Ohmtalschule auf Entdeckungstour K\u00fcrzlich machten sich 26 Sch\u00fclerinnen und Sch\u00fcler der Ohmtalschule auf den Weg zur Vocatium Messe, einer Ausbildungs- und Berufsmesse in Gie\u00dfen. Begleitet von den Lehrkr\u00e4ften Aldona Wasik und Martin Linke erhielten die Jugendlichen<\/p>\n<ul id='sp-sharer-5751' class='sp-sharer sp-sharer-default' data-id='5751'>\n<li><span class='share-title'>Weiterleiten<\/span><\/li>\n<li><a id='spsharer-mail-5751' class='spsharer-email' title='Share by email to a friend' href='https:\/\/ohmtalschule.de\/?p=5751' rel='nofollow'><span>Email<\/span><span class='count'><\/span><\/a><\/li>\n<\/ul>\n<\/div><\/a><\/article><article class=\"post-5744 post type-post status-publish format-standard hentry category-allgemein tag-norwegenaustausch has-link\" data-lps-id=\"5744\" role=\"listitem\"><a href=\"https:\/\/ohmtalschule.de\/?p=5744\" title=\"Jede Menge Ausfl\u00fcge und Lektionen in Deutsch\" class=\"article__link main-link read-more-wrap\"><h3 class=\"article__title item-title-tag\">Jede Menge Ausfl\u00fcge und Lektionen in Deutsch<\/h3><div class=\"article__text item-text\"><p>Erneut norwegische Sch\u00fcler zu Gast in Homberg Dieses Jahr kamen zum 21. Mal Sch\u00fcler aus Norwegen an die Ohmtalschule (OTS) zum Austausch und erlebten hier drei ereignisreiche Wochen. Die sechs M\u00e4dchen und Jungs aus \u00c5fjord wurden nach ihrer Landung am Frankfurter Flughafen mit einem deutschen Picknick<\/p>\n<ul id='sp-sharer-5744' class='sp-sharer sp-sharer-default' data-id='5744'>\n<li><span class='share-title'>Weiterleiten<\/span><\/li>\n<li><a id='spsharer-mail-5744' class='spsharer-email' title='Share by email to a friend' href='https:\/\/ohmtalschule.de\/?p=5744' rel='nofollow'><span>Email<\/span><span class='count'><\/span><\/a><\/li>\n<\/ul>\n<\/div><\/a><\/article><\/section>\n\n\n\n<p><\/p>\n\n\n\n<div class=\"wp-block-group\"><div class=\"wp-block-group__inner-container is-layout-flow wp-block-group-is-layout-flow\"><\/div><\/div>\n\n\n\n<p><\/p>\n\n\n\n<p><\/p>\n","protected":false},"excerpt":{"rendered":"<p>&#8230; auf der Homepage der Ohmtalschule! Letzte Meldungen: Aktuelle Beitr\u00e4ge Weiterleiten Email<\/p>\n","protected":false},"author":1,"featured_media":0,"parent":0,"menu_order":0,"comment_status":"closed","ping_status":"closed","template":"","meta":{"footnotes":""},"class_list":["post-2","page","type-page","status-publish","hentry"],"yoast_head":"<!-- This site is optimized with the Yoast SEO plugin v27.5 - https:\/\/yoast.com\/product\/yoast-seo-wordpress\/ -->\n<title>Willkommen - Ohmtalschule Homberg<\/title>\n<meta name=\"description\" content=\"Die Ohmtalschule in Homberg (Ohm) ist eine kooperative Gesamtschule mit den Schulzweigen F\u00f6rderstufe, Hauptschule, Realschule und Gymnasium.\" \/>\n<meta name=\"robots\" content=\"index, follow, max-snippet:-1, max-image-preview:large, max-video-preview:-1\" \/>\n<link rel=\"canonical\" href=\"https:\/\/ohmtalschule.de\/\" \/>\n<meta property=\"og:locale\" content=\"de_DE\" \/>\n<meta property=\"og:type\" content=\"article\" \/>\n<meta property=\"og:title\" content=\"Willkommen - Ohmtalschule Homberg\" \/>\n<meta property=\"og:description\" content=\"Die Ohmtalschule in Homberg (Ohm) ist eine kooperative Gesamtschule mit den Schulzweigen F\u00f6rderstufe, Hauptschule, Realschule und Gymnasium.\" \/>\n<meta property=\"og:url\" content=\"https:\/\/ohmtalschule.de\/\" \/>\n<meta property=\"og:site_name\" content=\"Ohmtalschule Homberg\" \/>\n<meta property=\"article:modified_time\" content=\"2025-09-08T09:47:49+00:00\" \/>\n<meta name=\"twitter:card\" content=\"summary_large_image\" \/>\n<meta name=\"twitter:label1\" content=\"Gesch\u00e4tzte Lesezeit\" \/>\n\t<meta name=\"twitter:data1\" content=\"1\u00a0Minute\" \/>\n<script type=\"application\/ld+json\" class=\"yoast-schema-graph\">{\"@context\":\"https:\\\/\\\/schema.org\",\"@graph\":[{\"@type\":\"WebPage\",\"@id\":\"https:\\\/\\\/ohmtalschule.de\\\/\",\"url\":\"https:\\\/\\\/ohmtalschule.de\\\/\",\"name\":\"Willkommen - Ohmtalschule Homberg\",\"isPartOf\":{\"@id\":\"https:\\\/\\\/ohmtalschule.de\\\/#website\"},\"datePublished\":\"2014-02-16T11:59:57+00:00\",\"dateModified\":\"2025-09-08T09:47:49+00:00\",\"description\":\"Die Ohmtalschule in Homberg (Ohm) ist eine kooperative Gesamtschule mit den Schulzweigen F\u00f6rderstufe, Hauptschule, Realschule und Gymnasium.\",\"breadcrumb\":{\"@id\":\"https:\\\/\\\/ohmtalschule.de\\\/#breadcrumb\"},\"inLanguage\":\"de\",\"potentialAction\":[{\"@type\":\"ReadAction\",\"target\":[\"https:\\\/\\\/ohmtalschule.de\\\/\"]}]},{\"@type\":\"BreadcrumbList\",\"@id\":\"https:\\\/\\\/ohmtalschule.de\\\/#breadcrumb\",\"itemListElement\":[{\"@type\":\"ListItem\",\"position\":1,\"name\":\"Startseite\",\"item\":\"https:\\\/\\\/ohmtalschule.de\\\/\"},{\"@type\":\"ListItem\",\"position\":2,\"name\":\"Willkommen\"}]},{\"@type\":\"WebSite\",\"@id\":\"https:\\\/\\\/ohmtalschule.de\\\/#website\",\"url\":\"https:\\\/\\\/ohmtalschule.de\\\/\",\"name\":\"Ohmtalschule Homberg\",\"description\":\"Gesamtschule des Vogelsbergkreises\",\"potentialAction\":[{\"@type\":\"SearchAction\",\"target\":{\"@type\":\"EntryPoint\",\"urlTemplate\":\"https:\\\/\\\/ohmtalschule.de\\\/?s={search_term_string}\"},\"query-input\":{\"@type\":\"PropertyValueSpecification\",\"valueRequired\":true,\"valueName\":\"search_term_string\"}}],\"inLanguage\":\"de\"}]}<\/script>\n<!-- \/ Yoast SEO plugin. -->","yoast_head_json":{"title":"Willkommen - Ohmtalschule Homberg","description":"Die Ohmtalschule in Homberg (Ohm) ist eine kooperative Gesamtschule mit den Schulzweigen F\u00f6rderstufe, Hauptschule, Realschule und Gymnasium.","robots":{"index":"index","follow":"follow","max-snippet":"max-snippet:-1","max-image-preview":"max-image-preview:large","max-video-preview":"max-video-preview:-1"},"canonical":"https:\/\/ohmtalschule.de\/","og_locale":"de_DE","og_type":"article","og_title":"Willkommen - Ohmtalschule Homberg","og_description":"Die Ohmtalschule in Homberg (Ohm) ist eine kooperative Gesamtschule mit den Schulzweigen F\u00f6rderstufe, Hauptschule, Realschule und Gymnasium.","og_url":"https:\/\/ohmtalschule.de\/","og_site_name":"Ohmtalschule Homberg","article_modified_time":"2025-09-08T09:47:49+00:00","twitter_card":"summary_large_image","twitter_misc":{"Gesch\u00e4tzte Lesezeit":"1\u00a0Minute"},"schema":{"@context":"https:\/\/schema.org","@graph":[{"@type":"WebPage","@id":"https:\/\/ohmtalschule.de\/","url":"https:\/\/ohmtalschule.de\/","name":"Willkommen - Ohmtalschule Homberg","isPartOf":{"@id":"https:\/\/ohmtalschule.de\/#website"},"datePublished":"2014-02-16T11:59:57+00:00","dateModified":"2025-09-08T09:47:49+00:00","description":"Die Ohmtalschule in Homberg (Ohm) ist eine kooperative Gesamtschule mit den Schulzweigen F\u00f6rderstufe, Hauptschule, Realschule und Gymnasium.","breadcrumb":{"@id":"https:\/\/ohmtalschule.de\/#breadcrumb"},"inLanguage":"de","potentialAction":[{"@type":"ReadAction","target":["https:\/\/ohmtalschule.de\/"]}]},{"@type":"BreadcrumbList","@id":"https:\/\/ohmtalschule.de\/#breadcrumb","itemListElement":[{"@type":"ListItem","position":1,"name":"Startseite","item":"https:\/\/ohmtalschule.de\/"},{"@type":"ListItem","position":2,"name":"Willkommen"}]},{"@type":"WebSite","@id":"https:\/\/ohmtalschule.de\/#website","url":"https:\/\/ohmtalschule.de\/","name":"Ohmtalschule Homberg","description":"Gesamtschule des Vogelsbergkreises","potentialAction":[{"@type":"SearchAction","target":{"@type":"EntryPoint","urlTemplate":"https:\/\/ohmtalschule.de\/?s={search_term_string}"},"query-input":{"@type":"PropertyValueSpecification","valueRequired":true,"valueName":"search_term_string"}}],"inLanguage":"de"}]}},"_links":{"self":[{"href":"https:\/\/ohmtalschule.de\/index.php?rest_route=\/wp\/v2\/pages\/2","targetHints":{"allow":["GET"]}}],"collection":[{"href":"https:\/\/ohmtalschule.de\/index.php?rest_route=\/wp\/v2\/pages"}],"about":[{"href":"https:\/\/ohmtalschule.de\/index.php?rest_route=\/wp\/v2\/types\/page"}],"author":[{"embeddable":true,"href":"https:\/\/ohmtalschule.de\/index.php?rest_route=\/wp\/v2\/users\/1"}],"replies":[{"embeddable":true,"href":"https:\/\/ohmtalschule.de\/index.php?rest_route=%2Fwp%2Fv2%2Fcomments&post=2"}],"version-history":[{"count":67,"href":"https:\/\/ohmtalschule.de\/index.php?rest_route=\/wp\/v2\/pages\/2\/revisions"}],"predecessor-version":[{"id":5733,"href":"https:\/\/ohmtalschule.de\/index.php?rest_route=\/wp\/v2\/pages\/2\/revisions\/5733"}],"wp:attachment":[{"href":"https:\/\/ohmtalschule.de\/index.php?rest_route=%2Fwp%2Fv2%2Fmedia&parent=2"}],"curies":[{"name":"wp","href":"https:\/\/api.w.org\/{rel}","templated":true}]}}