{"id":161,"date":"2014-02-16T21:38:44","date_gmt":"2014-02-16T21:38:44","guid":{"rendered":"http:\/\/wp.ohmtalschule.de\/wordpress\/?page_id=161"},"modified":"2017-09-22T12:41:23","modified_gmt":"2017-09-22T10:41:23","slug":"nachmittagsangebot","status":"publish","type":"page","link":"https:\/\/ohmtalschule.de\/?page_id=161","title":{"rendered":"Ganztagsangebot"},"content":{"rendered":"<p><strong>Die Ohmtalschule ist Schule mit Ganztagsangebot (Profil 1).<br \/>\n<\/strong>(-&gt; <a title=\"Aktuelle AG-Angebote\" href=\"https:\/\/ohmtalschule.de\/wordpress\/?page_id=422\">AG-Angebote<\/a>; -&gt; <a title=\"Interessen wecken\" href=\"https:\/\/ohmtalschule.de\/wordpress\/?page_id=431\">IW-Angebote<\/a>)<strong><br \/>\n<\/strong><\/p>\n<ul>\n<li>Ab 07:30 Uhr findet Im Rahmen dieses Angebotes eine Betreuung der Sch\u00fclerinnen und Sch\u00fcler der Jahrgangsstufe 5 und 6 statt.<\/li>\n<li>Von 07:55 Uhr bis 14:20 Uhr wird der Pflichtunterricht erteilt.<\/li>\n<li>In der siebten Stunde\u00a0finden montags bis freitags von 13:35 Uhr bis 14:20 Uhr eine Hauaufgabenbetreuung und weitere Betreuungsangebote statt.<\/li>\n<li>Montags bis donnerstags findet von 14:25 Uhr bis 15:40 Uhr das freiwillige AG-Angebot statt.<\/li>\n<li>Als Vorbereitung f\u00fcr dieses AG-Angebot wird f\u00fcr die Klassen 5 und 6 donnerstags in der 5. und 6. Stunde der Wahlpflicht\u00adkurs \u201eInteressen wecken\u201c (IW) angeboten. Die Sch\u00fclerinnen und Sch\u00fcler sollen hier ihre musischen, k\u00fcnstlerischen, arbeitstechnischen und sportlichen Interessen weiterentwickeln, so dass sie sp\u00e4ter an entsprechenden AG-Angeboten teilnehmen und sich eventuell auch im lokalen Vereinswesen engagieren.<\/li>\n<li>\u00a0Das IW-Angebot ist jahrgangs- und schulform\u00fcbergreifend organisiert. Die Einwahl in die IW-Kurse erfolgt zu Beginn eines Schuljahres und gilt f\u00fcr die Dauer desselben.<\/li>\n<li>Die\u00a0 AG-Angebote werden ebenfalls zu Beginn des Schuljahrs f\u00fcr die Dauer desselben gew\u00e4hlt. Das AG-Angebot soll den Interessen der Sch\u00fclerinnen und Sch\u00fcler in besonderem Ma\u00dfe Rechnung tragen. Aus diesem Grund unterliegt die Angebotspalette einer st\u00e4ndigen \u00c4nderung.<\/li>\n<li>Die Angebote umfasst einen sportlichen Bereich und einen\u00a0 einen musisch-k\u00fcnstlerischen Schwerpunkt umfassen.<\/li>\n<li>Die AG- und IW- Angebote werden zum Teil in Kooperation mit den \u00f6rtlichen Vereinen angeboten.<\/li>\n<\/ul>\n","protected":false},"excerpt":{"rendered":"<p>Die Ohmtalschule ist Schule mit Ganztagsangebot (Profil 1). (-&gt; AG-Angebote; -&gt; IW-Angebote) Ab 07:30 Uhr findet Im Rahmen dieses Angebotes eine Betreuung der Sch\u00fclerinnen und Sch\u00fcler der Jahrgangsstufe 5 und 6 statt. Von 07:55 Uhr bis 14:20 Uhr wird der Pflichtunterricht erteilt. In der siebten Stunde\u00a0finden montags bis freitags von 13:35 Uhr bis 14:20 Uhr &hellip; <a href=\"https:\/\/ohmtalschule.de\/?page_id=161\" class=\"more-link\"><span class=\"screen-reader-text\">Ganztagsangebot<\/span> weiterlesen <span class=\"meta-nav\">&rarr;<\/span><\/a><\/p>\n","protected":false},"author":1,"featured_media":0,"parent":157,"menu_order":1,"comment_status":"closed","ping_status":"closed","template":"page-templates\/full-width.php","meta":{"footnotes":""},"class_list":["post-161","page","type-page","status-publish","hentry"],"yoast_head":"<!-- This site is optimized with the Yoast SEO plugin v27.4 - https:\/\/yoast.com\/product\/yoast-seo-wordpress\/ -->\n<title>Ganztagsangebot - Ohmtalschule Homberg<\/title>\n<meta name=\"robots\" content=\"index, follow, max-snippet:-1, max-image-preview:large, max-video-preview:-1\" \/>\n<link rel=\"canonical\" href=\"https:\/\/ohmtalschule.de\/?page_id=161\" \/>\n<meta property=\"og:locale\" content=\"de_DE\" \/>\n<meta property=\"og:type\" content=\"article\" \/>\n<meta property=\"og:title\" content=\"Ganztagsangebot - Ohmtalschule Homberg\" \/>\n<meta property=\"og:description\" content=\"Die Ohmtalschule ist Schule mit Ganztagsangebot (Profil 1). (-&gt; AG-Angebote; -&gt; IW-Angebote) Ab 07:30 Uhr findet Im Rahmen dieses Angebotes eine Betreuung der Sch\u00fclerinnen und Sch\u00fcler der Jahrgangsstufe 5 und 6 statt. Von 07:55 Uhr bis 14:20 Uhr wird der Pflichtunterricht erteilt. In der siebten Stunde\u00a0finden montags bis freitags von 13:35 Uhr bis 14:20 Uhr &hellip; Ganztagsangebot weiterlesen &rarr;\" \/>\n<meta property=\"og:url\" content=\"https:\/\/ohmtalschule.de\/?page_id=161\" \/>\n<meta property=\"og:site_name\" content=\"Ohmtalschule Homberg\" \/>\n<meta property=\"article:modified_time\" content=\"2017-09-22T10:41:23+00:00\" \/>\n<meta name=\"twitter:card\" content=\"summary_large_image\" \/>\n<meta name=\"twitter:label1\" content=\"Gesch\u00e4tzte Lesezeit\" \/>\n\t<meta name=\"twitter:data1\" content=\"1\u00a0Minute\" \/>\n<script type=\"application\/ld+json\" class=\"yoast-schema-graph\">{\"@context\":\"https:\\\/\\\/schema.org\",\"@graph\":[{\"@type\":\"WebPage\",\"@id\":\"https:\\\/\\\/ohmtalschule.de\\\/?page_id=161\",\"url\":\"https:\\\/\\\/ohmtalschule.de\\\/?page_id=161\",\"name\":\"Ganztagsangebot - Ohmtalschule Homberg\",\"isPartOf\":{\"@id\":\"https:\\\/\\\/ohmtalschule.de\\\/#website\"},\"datePublished\":\"2014-02-16T21:38:44+00:00\",\"dateModified\":\"2017-09-22T10:41:23+00:00\",\"breadcrumb\":{\"@id\":\"https:\\\/\\\/ohmtalschule.de\\\/?page_id=161#breadcrumb\"},\"inLanguage\":\"de\",\"potentialAction\":[{\"@type\":\"ReadAction\",\"target\":[\"https:\\\/\\\/ohmtalschule.de\\\/?page_id=161\"]}]},{\"@type\":\"BreadcrumbList\",\"@id\":\"https:\\\/\\\/ohmtalschule.de\\\/?page_id=161#breadcrumb\",\"itemListElement\":[{\"@type\":\"ListItem\",\"position\":1,\"name\":\"Startseite\",\"item\":\"https:\\\/\\\/ohmtalschule.de\\\/\"},{\"@type\":\"ListItem\",\"position\":2,\"name\":\"Unsere Ohmtalschule\",\"item\":\"https:\\\/\\\/ohmtalschule.de\\\/?page_id=21\"},{\"@type\":\"ListItem\",\"position\":3,\"name\":\"Organisation\",\"item\":\"https:\\\/\\\/ohmtalschule.de\\\/?page_id=157\"},{\"@type\":\"ListItem\",\"position\":4,\"name\":\"Ganztagsangebot\"}]},{\"@type\":\"WebSite\",\"@id\":\"https:\\\/\\\/ohmtalschule.de\\\/#website\",\"url\":\"https:\\\/\\\/ohmtalschule.de\\\/\",\"name\":\"Ohmtalschule Homberg\",\"description\":\"Gesamtschule des Vogelsbergkreises\",\"potentialAction\":[{\"@type\":\"SearchAction\",\"target\":{\"@type\":\"EntryPoint\",\"urlTemplate\":\"https:\\\/\\\/ohmtalschule.de\\\/?s={search_term_string}\"},\"query-input\":{\"@type\":\"PropertyValueSpecification\",\"valueRequired\":true,\"valueName\":\"search_term_string\"}}],\"inLanguage\":\"de\"}]}<\/script>\n<!-- \/ Yoast SEO plugin. -->","yoast_head_json":{"title":"Ganztagsangebot - Ohmtalschule Homberg","robots":{"index":"index","follow":"follow","max-snippet":"max-snippet:-1","max-image-preview":"max-image-preview:large","max-video-preview":"max-video-preview:-1"},"canonical":"https:\/\/ohmtalschule.de\/?page_id=161","og_locale":"de_DE","og_type":"article","og_title":"Ganztagsangebot - Ohmtalschule Homberg","og_description":"Die Ohmtalschule ist Schule mit Ganztagsangebot (Profil 1). (-&gt; AG-Angebote; -&gt; IW-Angebote) Ab 07:30 Uhr findet Im Rahmen dieses Angebotes eine Betreuung der Sch\u00fclerinnen und Sch\u00fcler der Jahrgangsstufe 5 und 6 statt. Von 07:55 Uhr bis 14:20 Uhr wird der Pflichtunterricht erteilt. In der siebten Stunde\u00a0finden montags bis freitags von 13:35 Uhr bis 14:20 Uhr &hellip; Ganztagsangebot weiterlesen &rarr;","og_url":"https:\/\/ohmtalschule.de\/?page_id=161","og_site_name":"Ohmtalschule Homberg","article_modified_time":"2017-09-22T10:41:23+00:00","twitter_card":"summary_large_image","twitter_misc":{"Gesch\u00e4tzte Lesezeit":"1\u00a0Minute"},"schema":{"@context":"https:\/\/schema.org","@graph":[{"@type":"WebPage","@id":"https:\/\/ohmtalschule.de\/?page_id=161","url":"https:\/\/ohmtalschule.de\/?page_id=161","name":"Ganztagsangebot - Ohmtalschule Homberg","isPartOf":{"@id":"https:\/\/ohmtalschule.de\/#website"},"datePublished":"2014-02-16T21:38:44+00:00","dateModified":"2017-09-22T10:41:23+00:00","breadcrumb":{"@id":"https:\/\/ohmtalschule.de\/?page_id=161#breadcrumb"},"inLanguage":"de","potentialAction":[{"@type":"ReadAction","target":["https:\/\/ohmtalschule.de\/?page_id=161"]}]},{"@type":"BreadcrumbList","@id":"https:\/\/ohmtalschule.de\/?page_id=161#breadcrumb","itemListElement":[{"@type":"ListItem","position":1,"name":"Startseite","item":"https:\/\/ohmtalschule.de\/"},{"@type":"ListItem","position":2,"name":"Unsere Ohmtalschule","item":"https:\/\/ohmtalschule.de\/?page_id=21"},{"@type":"ListItem","position":3,"name":"Organisation","item":"https:\/\/ohmtalschule.de\/?page_id=157"},{"@type":"ListItem","position":4,"name":"Ganztagsangebot"}]},{"@type":"WebSite","@id":"https:\/\/ohmtalschule.de\/#website","url":"https:\/\/ohmtalschule.de\/","name":"Ohmtalschule Homberg","description":"Gesamtschule des Vogelsbergkreises","potentialAction":[{"@type":"SearchAction","target":{"@type":"EntryPoint","urlTemplate":"https:\/\/ohmtalschule.de\/?s={search_term_string}"},"query-input":{"@type":"PropertyValueSpecification","valueRequired":true,"valueName":"search_term_string"}}],"inLanguage":"de"}]}},"_links":{"self":[{"href":"https:\/\/ohmtalschule.de\/index.php?rest_route=\/wp\/v2\/pages\/161","targetHints":{"allow":["GET"]}}],"collection":[{"href":"https:\/\/ohmtalschule.de\/index.php?rest_route=\/wp\/v2\/pages"}],"about":[{"href":"https:\/\/ohmtalschule.de\/index.php?rest_route=\/wp\/v2\/types\/page"}],"author":[{"embeddable":true,"href":"https:\/\/ohmtalschule.de\/index.php?rest_route=\/wp\/v2\/users\/1"}],"replies":[{"embeddable":true,"href":"https:\/\/ohmtalschule.de\/index.php?rest_route=%2Fwp%2Fv2%2Fcomments&post=161"}],"version-history":[{"count":0,"href":"https:\/\/ohmtalschule.de\/index.php?rest_route=\/wp\/v2\/pages\/161\/revisions"}],"up":[{"embeddable":true,"href":"https:\/\/ohmtalschule.de\/index.php?rest_route=\/wp\/v2\/pages\/157"}],"wp:attachment":[{"href":"https:\/\/ohmtalschule.de\/index.php?rest_route=%2Fwp%2Fv2%2Fmedia&parent=161"}],"curies":[{"name":"wp","href":"https:\/\/api.w.org\/{rel}","templated":true}]}}