{"id":159,"date":"2014-02-16T21:38:11","date_gmt":"2014-02-16T21:38:11","guid":{"rendered":"http:\/\/wp.ohmtalschule.de\/wordpress\/?page_id=159"},"modified":"2014-02-27T09:31:30","modified_gmt":"2014-02-27T09:31:30","slug":"leitziele","status":"publish","type":"page","link":"https:\/\/ohmtalschule.de\/?page_id=159","title":{"rendered":"Leitziele"},"content":{"rendered":"<h3>Die Schulgemeinde der Ohmtalschule orientiert sich in ihrer Arbeit an sechs Leitzielen<\/h3>\n<h4><a title=\"Unsere Ohmtalschule \u2013 wir sind gemeinsam aktiv\" href=\"https:\/\/ohmtalschule.de\/wordpress\/?page_id=662\">Unsere Ohmtalschule \u2013 wir sind gemeinsam aktiv<\/a><\/h4>\n<ul>\n<ul>\n<li><span style=\"font-size: 14px;\">Wir wollen uns \u00fcber den Unterrichtsalltag hinaus aktiv ins Schulleben einbringen.<\/span><\/li>\n<li><span style=\"font-size: 14px;\">Wir wollen die gemeinsame Identifikation mit der Schule erh\u00f6hen.<\/span><\/li>\n<li><span style=\"font-size: 14px;\">Wir finden Angebote, die unseren Interessen und F\u00e4higkeiten entsprechen.<\/span><\/li>\n<li><span style=\"font-size: 14px;\">Wir erreichen unsere Ziele durch Integration und Kooperation.<\/span><\/li>\n<li><span style=\"font-size: 14px;\">Wir pr\u00e4sentieren selbstbewusst unsere Schule.<\/span><\/li>\n<\/ul>\n<\/ul>\n<h4><span style=\"font-size: 20px; font-weight: bold; line-height: 1.2;\">\u00a0<a title=\"Stark sein im Miteinander\" href=\"https:\/\/ohmtalschule.de\/wordpress\/?page_id=667\">Stark sein im Miteinander<\/a><\/span><\/h4>\n<ul>\n<ul>\n<li><span style=\"font-size: 14px;\">Wir f\u00fchlen uns in der Schulgemeinde wohl durch gegenseitigen Respekt und Achtung voreinander.<\/span><\/li>\n<li><span style=\"font-size: 14px;\">Wir wollen die Pers\u00f6nlichkeit und das Selbstwertgef\u00fchl aller st\u00e4rken.<\/span><\/li>\n<li><span style=\"font-size: 14px;\">Wir k\u00f6nnen Konflikte gewaltfrei l\u00f6sen.<\/span><\/li>\n<li><span style=\"font-size: 14px;\">Wir wollen den Unterricht st\u00f6rungsfrei erleben und eine angenehme Atmosph\u00e4re haben.<\/span><\/li>\n<li><span style=\"font-size: 14px;\">Wir \u00fcbernehmen (aktiv) Verantwortung f\u00fcr uns und andere.<\/span><\/li>\n<\/ul>\n<\/ul>\n<h4><span style=\"font-size: 20px; font-weight: bold; line-height: 1.2;\">\u00a0<a title=\"Lernen k\u00f6nnen wir \u00fcberall\" href=\"https:\/\/ohmtalschule.de\/wordpress\/?page_id=671\">Lernen k\u00f6nnen wir \u00fcberall<\/a><\/span><\/h4>\n<ul>\n<ul>\n<li><span style=\"font-size: 14px;\">Wir entwickeln (inter-)kulturelle Kompetenzen.<\/span><\/li>\n<li><span style=\"font-size: 14px;\">Wir sammeln historische, politische, wirtschaftliche, kulturelle, landeskundliche, naturwissenschaftliche und sportliche Erfahrungen.<\/span><\/li>\n<li><span style=\"font-size: 14px;\">Wir erweitern unsere Fremdsprachenkenntnisse.<\/span><\/li>\n<\/ul>\n<\/ul>\n<h3><a title=\"Fit f\u00fcr die Berufswahl\" href=\"https:\/\/ohmtalschule.de\/wordpress\/?page_id=677\"><span style=\"font-size: 20px; font-weight: bold; line-height: 1.2;\">\u00a0Fit f\u00fcr die Berufswahl<\/span><\/a><\/h3>\n<ul>\n<ul>\n<li><span style=\"font-size: 14px;\">Wir m\u00f6chten, dass Sch\u00fclerinnen und Sch\u00fcler eine begr\u00fcndete Berufswahlentscheidung treffen.<\/span><\/li>\n<li><span style=\"font-size: 14px;\">Wir unterst\u00fctzen sie beginnend ab der Jahrgangsstufe 7 beim Erkennen ihrer Interessen und St\u00e4rken, erm\u00f6glichen vielf\u00e4ltige Praxiserfahrungen und unterst\u00fctzen insbesondere die Haupt- und Realsch\u00fcler bei Bewerbung und Ausbildungsplatzsuche.<\/span><\/li>\n<\/ul>\n<\/ul>\n<h3><a title=\"Fordern, f\u00f6rdern, kooperieren!\" href=\"https:\/\/ohmtalschule.de\/wordpress\/?page_id=681\"><span style=\"font-size: 20px; font-weight: bold; line-height: 1.2;\">\u00a0Fordern, f\u00f6rdern, kooperieren!<\/span><\/a><\/h3>\n<ul>\n<ul>\n<li><span style=\"font-size: 14px;\">Wir bieten vielf\u00e4ltige Angebote zur F\u00f6rderung der individuellen St\u00e4rken.<\/span><\/li>\n<li><span style=\"font-size: 14px;\">Wir erkennen Schw\u00e4chen und mindern diese durch entsprechende Angebote.<\/span><\/li>\n<li><span style=\"font-size: 14px;\">Wir bieten Unterst\u00fctzung und Beratung im Umgang mit problematischem Verhalten.<\/span><\/li>\n<li><span style=\"font-size: 14px;\">Wir stellen einen behutsamen \u00dcbergang in die 5. Klasse durch Kooperation mit den Grundschulen sicher.<\/span><\/li>\n<li><span style=\"font-size: 14px;\">Wir bieten kontinuierliche Beratung in allen Jahrgangsstufen und begleiten den \u00dcbergang in die weiterf\u00fchrenden Schulen.<\/span><\/li>\n<\/ul>\n<\/ul>\n<h3><span style=\"font-size: 20px; font-weight: bold; line-height: 1.2;\">\u00a0<a title=\"Methoden lernen und Schwerpunkte bilden\" href=\"https:\/\/ohmtalschule.de\/wordpress\/?page_id=679\">Methoden lernen und Schwerpunkte bilden<\/a><\/span><\/h3>\n<ul>\n<ul>\n<li><span style=\"font-size: 14px;\">Wir vermitteln den Sch\u00fclerinnen und Sch\u00fclern wichtige Lernmethoden und grundlegende Arbeitstechniken. Besondere Ber\u00fccksichtigung findet dabei die F\u00f6rderung der Teamf\u00e4higkeit im Rahmen des kooperativen Lernens.<\/span><\/li>\n<li><span style=\"font-size: 14px;\">Wir bieten den Sch\u00fclerinnen und Sch\u00fclern die M\u00f6glichkeit, entsprechend der pers\u00f6nlichen Neigungen und Interessen Schwerpunkte in ihrer schulischen Ausbildung zu setzen. Dies geschieht vorwiegend praxisorientiert in Erg\u00e4nzung der verbindlichen Stundentafel in Form von Wahlangeboten.<\/span><\/li>\n<\/ul>\n<\/ul>\n","protected":false},"excerpt":{"rendered":"<p>Die Schulgemeinde der Ohmtalschule orientiert sich in ihrer Arbeit an sechs Leitzielen Unsere Ohmtalschule \u2013 wir sind gemeinsam aktiv Wir wollen uns \u00fcber den Unterrichtsalltag hinaus aktiv ins Schulleben einbringen. Wir wollen die gemeinsame Identifikation mit der Schule erh\u00f6hen. Wir finden Angebote, die unseren Interessen und F\u00e4higkeiten entsprechen. Wir erreichen unsere Ziele durch Integration und &hellip; <a href=\"https:\/\/ohmtalschule.de\/?page_id=159\" class=\"more-link\"><span class=\"screen-reader-text\">Leitziele<\/span> weiterlesen <span class=\"meta-nav\">&rarr;<\/span><\/a><\/p>\n","protected":false},"author":1,"featured_media":0,"parent":21,"menu_order":3,"comment_status":"closed","ping_status":"closed","template":"page-templates\/full-width.php","meta":{"footnotes":""},"class_list":["post-159","page","type-page","status-publish","hentry"],"yoast_head":"<!-- This site is optimized with the Yoast SEO plugin v27.4 - https:\/\/yoast.com\/product\/yoast-seo-wordpress\/ -->\n<title>Leitziele - Ohmtalschule Homberg<\/title>\n<meta name=\"robots\" content=\"index, follow, max-snippet:-1, max-image-preview:large, max-video-preview:-1\" \/>\n<link rel=\"canonical\" href=\"https:\/\/ohmtalschule.de\/?page_id=159\" \/>\n<meta property=\"og:locale\" content=\"de_DE\" \/>\n<meta property=\"og:type\" content=\"article\" \/>\n<meta property=\"og:title\" content=\"Leitziele - Ohmtalschule Homberg\" \/>\n<meta property=\"og:description\" content=\"Die Schulgemeinde der Ohmtalschule orientiert sich in ihrer Arbeit an sechs Leitzielen Unsere Ohmtalschule \u2013 wir sind gemeinsam aktiv Wir wollen uns \u00fcber den Unterrichtsalltag hinaus aktiv ins Schulleben einbringen. Wir wollen die gemeinsame Identifikation mit der Schule erh\u00f6hen. Wir finden Angebote, die unseren Interessen und F\u00e4higkeiten entsprechen. Wir erreichen unsere Ziele durch Integration und &hellip; Leitziele weiterlesen &rarr;\" \/>\n<meta property=\"og:url\" content=\"https:\/\/ohmtalschule.de\/?page_id=159\" \/>\n<meta property=\"og:site_name\" content=\"Ohmtalschule Homberg\" \/>\n<meta property=\"article:modified_time\" content=\"2014-02-27T09:31:30+00:00\" \/>\n<meta name=\"twitter:card\" content=\"summary_large_image\" \/>\n<meta name=\"twitter:label1\" content=\"Gesch\u00e4tzte Lesezeit\" \/>\n\t<meta name=\"twitter:data1\" content=\"2\u00a0Minuten\" \/>\n<script type=\"application\/ld+json\" class=\"yoast-schema-graph\">{\"@context\":\"https:\\\/\\\/schema.org\",\"@graph\":[{\"@type\":\"WebPage\",\"@id\":\"https:\\\/\\\/ohmtalschule.de\\\/?page_id=159\",\"url\":\"https:\\\/\\\/ohmtalschule.de\\\/?page_id=159\",\"name\":\"Leitziele - Ohmtalschule Homberg\",\"isPartOf\":{\"@id\":\"https:\\\/\\\/ohmtalschule.de\\\/#website\"},\"datePublished\":\"2014-02-16T21:38:11+00:00\",\"dateModified\":\"2014-02-27T09:31:30+00:00\",\"breadcrumb\":{\"@id\":\"https:\\\/\\\/ohmtalschule.de\\\/?page_id=159#breadcrumb\"},\"inLanguage\":\"de\",\"potentialAction\":[{\"@type\":\"ReadAction\",\"target\":[\"https:\\\/\\\/ohmtalschule.de\\\/?page_id=159\"]}]},{\"@type\":\"BreadcrumbList\",\"@id\":\"https:\\\/\\\/ohmtalschule.de\\\/?page_id=159#breadcrumb\",\"itemListElement\":[{\"@type\":\"ListItem\",\"position\":1,\"name\":\"Startseite\",\"item\":\"https:\\\/\\\/ohmtalschule.de\\\/\"},{\"@type\":\"ListItem\",\"position\":2,\"name\":\"Unsere Ohmtalschule\",\"item\":\"https:\\\/\\\/ohmtalschule.de\\\/?page_id=21\"},{\"@type\":\"ListItem\",\"position\":3,\"name\":\"Leitziele\"}]},{\"@type\":\"WebSite\",\"@id\":\"https:\\\/\\\/ohmtalschule.de\\\/#website\",\"url\":\"https:\\\/\\\/ohmtalschule.de\\\/\",\"name\":\"Ohmtalschule Homberg\",\"description\":\"Gesamtschule des Vogelsbergkreises\",\"potentialAction\":[{\"@type\":\"SearchAction\",\"target\":{\"@type\":\"EntryPoint\",\"urlTemplate\":\"https:\\\/\\\/ohmtalschule.de\\\/?s={search_term_string}\"},\"query-input\":{\"@type\":\"PropertyValueSpecification\",\"valueRequired\":true,\"valueName\":\"search_term_string\"}}],\"inLanguage\":\"de\"}]}<\/script>\n<!-- \/ Yoast SEO plugin. -->","yoast_head_json":{"title":"Leitziele - Ohmtalschule Homberg","robots":{"index":"index","follow":"follow","max-snippet":"max-snippet:-1","max-image-preview":"max-image-preview:large","max-video-preview":"max-video-preview:-1"},"canonical":"https:\/\/ohmtalschule.de\/?page_id=159","og_locale":"de_DE","og_type":"article","og_title":"Leitziele - Ohmtalschule Homberg","og_description":"Die Schulgemeinde der Ohmtalschule orientiert sich in ihrer Arbeit an sechs Leitzielen Unsere Ohmtalschule \u2013 wir sind gemeinsam aktiv Wir wollen uns \u00fcber den Unterrichtsalltag hinaus aktiv ins Schulleben einbringen. Wir wollen die gemeinsame Identifikation mit der Schule erh\u00f6hen. Wir finden Angebote, die unseren Interessen und F\u00e4higkeiten entsprechen. Wir erreichen unsere Ziele durch Integration und &hellip; Leitziele weiterlesen &rarr;","og_url":"https:\/\/ohmtalschule.de\/?page_id=159","og_site_name":"Ohmtalschule Homberg","article_modified_time":"2014-02-27T09:31:30+00:00","twitter_card":"summary_large_image","twitter_misc":{"Gesch\u00e4tzte Lesezeit":"2\u00a0Minuten"},"schema":{"@context":"https:\/\/schema.org","@graph":[{"@type":"WebPage","@id":"https:\/\/ohmtalschule.de\/?page_id=159","url":"https:\/\/ohmtalschule.de\/?page_id=159","name":"Leitziele - Ohmtalschule Homberg","isPartOf":{"@id":"https:\/\/ohmtalschule.de\/#website"},"datePublished":"2014-02-16T21:38:11+00:00","dateModified":"2014-02-27T09:31:30+00:00","breadcrumb":{"@id":"https:\/\/ohmtalschule.de\/?page_id=159#breadcrumb"},"inLanguage":"de","potentialAction":[{"@type":"ReadAction","target":["https:\/\/ohmtalschule.de\/?page_id=159"]}]},{"@type":"BreadcrumbList","@id":"https:\/\/ohmtalschule.de\/?page_id=159#breadcrumb","itemListElement":[{"@type":"ListItem","position":1,"name":"Startseite","item":"https:\/\/ohmtalschule.de\/"},{"@type":"ListItem","position":2,"name":"Unsere Ohmtalschule","item":"https:\/\/ohmtalschule.de\/?page_id=21"},{"@type":"ListItem","position":3,"name":"Leitziele"}]},{"@type":"WebSite","@id":"https:\/\/ohmtalschule.de\/#website","url":"https:\/\/ohmtalschule.de\/","name":"Ohmtalschule Homberg","description":"Gesamtschule des Vogelsbergkreises","potentialAction":[{"@type":"SearchAction","target":{"@type":"EntryPoint","urlTemplate":"https:\/\/ohmtalschule.de\/?s={search_term_string}"},"query-input":{"@type":"PropertyValueSpecification","valueRequired":true,"valueName":"search_term_string"}}],"inLanguage":"de"}]}},"_links":{"self":[{"href":"https:\/\/ohmtalschule.de\/index.php?rest_route=\/wp\/v2\/pages\/159","targetHints":{"allow":["GET"]}}],"collection":[{"href":"https:\/\/ohmtalschule.de\/index.php?rest_route=\/wp\/v2\/pages"}],"about":[{"href":"https:\/\/ohmtalschule.de\/index.php?rest_route=\/wp\/v2\/types\/page"}],"author":[{"embeddable":true,"href":"https:\/\/ohmtalschule.de\/index.php?rest_route=\/wp\/v2\/users\/1"}],"replies":[{"embeddable":true,"href":"https:\/\/ohmtalschule.de\/index.php?rest_route=%2Fwp%2Fv2%2Fcomments&post=159"}],"version-history":[{"count":0,"href":"https:\/\/ohmtalschule.de\/index.php?rest_route=\/wp\/v2\/pages\/159\/revisions"}],"up":[{"embeddable":true,"href":"https:\/\/ohmtalschule.de\/index.php?rest_route=\/wp\/v2\/pages\/21"}],"wp:attachment":[{"href":"https:\/\/ohmtalschule.de\/index.php?rest_route=%2Fwp%2Fv2%2Fmedia&parent=159"}],"curies":[{"name":"wp","href":"https:\/\/api.w.org\/{rel}","templated":true}]}}