{"id":143,"date":"2014-02-16T20:11:44","date_gmt":"2014-02-16T20:11:44","guid":{"rendered":"http:\/\/wp.ohmtalschule.de\/wordpress\/?page_id=143"},"modified":"2024-06-27T14:48:19","modified_gmt":"2024-06-27T12:48:19","slug":"bibliothek","status":"publish","type":"page","link":"https:\/\/ohmtalschule.de\/?page_id=143","title":{"rendered":"Stadt- &#038; Schulbibliothek"},"content":{"rendered":"<p>Die Stadt- und Schulbibliothek ist eine gemeinsame Einrichtung der <a href=\"http:\/\/www.homberg.de\">Stadt Homberg (Ohm)<\/a> und der Ohmtalschule.<\/p>\n<p>Das Angebot unserer Bibliothek ist <strong>kostenlos<\/strong> und steht den Einwohnern\/innen von Homberg und Umgebung zur Verf\u00fcgung.<\/p>\n<p>Au\u00dfer B\u00fcchern f\u00fcr jedes Alter bieten wir Ihnen u.a.<\/p>\n<ul>\n<li>Zeitschriften<\/li>\n<li>Tonies und Tonieboxen<\/li>\n<li>Mangas und Comics<\/li>\n<li>Spiele<\/li>\n<\/ul>\n<p><strong>Wir freuen uns auf Ihren Besuch!<\/strong><\/p>\n<h3>\u00d6ffnungszeiten der Stadt:<\/h3>\n\n<table id=\"tablepress-31\" class=\"tablepress tablepress-id-31\">\n<tbody class=\"row-striping row-hover\">\n<tr class=\"row-1\">\n\t<td class=\"column-1\">dienstags:<\/td><td class=\"column-2\">14:30 - 18:30 Uhr<\/td>\n<\/tr>\n<tr class=\"row-2\">\n\t<td class=\"column-1\">mittwochs:<\/td><td class=\"column-2\">10:00 - 11:30 Uhr<\/td>\n<\/tr>\n<tr class=\"row-3\">\n\t<td class=\"column-1\">freitags:<\/td><td class=\"column-2\">14:30 - 17:30 Uhr<\/td>\n<\/tr>\n<tr class=\"row-4\">\n\t<td class=\"column-1\">in den Schulferien und an Br\u00fcckentagen:<\/td><td class=\"column-2\">geschlossen<\/td>\n<\/tr>\n<\/tbody>\n<\/table>\n<!-- #tablepress-31 from cache -->\n<p>Auch in diesem Jahr ist die Bibliothek am Freitag vor den Sommerferien (12.07.2024) von 14.30 &#8211; 17.30 Uhr ge\u00f6ffnet.<\/p>\n<p>Wir wollen unseren Lesern so die Gelegenheit bieten, sich f\u00fcr die Sommerferien mit Lesestoff, Spielen und Tonies auszustatten.<\/p>\n<h3>Kontakt:<\/h3>\n\n<table id=\"tablepress-13\" class=\"tablepress tablepress-id-13\">\n<tbody class=\"row-striping row-hover\">\n<tr class=\"row-1\">\n\t<td class=\"column-1\">Tel.:<\/td><td class=\"column-2\">06633\/642 293<\/td><td class=\"column-3\">w\u00e4hrend der<br \/>\n \u00d6ffnungszeiten<\/td>\n<\/tr>\n<tr class=\"row-2\">\n\t<td class=\"column-1\">E-Mail:<\/td><td class=\"column-2\">ariana.jende@schule-homberg.de<\/td><td class=\"column-3\"><\/td>\n<\/tr>\n<tr class=\"row-3\">\n\t<td class=\"column-1\">Best\u00e4nde Online:<\/td><td class=\"column-2\"><a href=\"https:\/\/bibo-homberg.web-opac.de\" rel=\"noopener noreferrer\" target=\"_blank\">https:\/\/bibo-homberg.web-opac.de<\/a><\/td><td class=\"column-3\"><\/td>\n<\/tr>\n<\/tbody>\n<\/table>\n<!-- #tablepress-13 from cache -->\n<h3>\u00a0Ansprechpartner:<\/h3>\n\n<table id=\"tablepress-12\" class=\"tablepress tablepress-id-12\">\n<tbody class=\"row-striping row-hover\">\n<tr class=\"row-1\">\n\t<td class=\"column-1\">Herr R\u00f6hrscheid<\/td><td class=\"column-2\">Verantwortliche Leitung der Bibliothek<\/td>\n<\/tr>\n<tr class=\"row-2\">\n\t<td class=\"column-1\">Frau Jende<\/td><td class=\"column-2\">Angestellte<\/td>\n<\/tr>\n<tr class=\"row-3\">\n\t<td class=\"column-1\">Frau Loogen-Leifhelm<\/td><td class=\"column-2\">Schulbezogene Leitung der Bibliotheksarbeit<\/td>\n<\/tr>\n<\/tbody>\n<\/table>\n<!-- #tablepress-12 from cache -->\n","protected":false},"excerpt":{"rendered":"<p>Die Stadt- und Schulbibliothek ist eine gemeinsame Einrichtung der Stadt Homberg (Ohm) und der Ohmtalschule. Das Angebot unserer Bibliothek ist kostenlos und steht den Einwohnern\/innen von Homberg und Umgebung zur Verf\u00fcgung. Au\u00dfer B\u00fcchern f\u00fcr jedes Alter bieten wir Ihnen u.a. Zeitschriften Tonies und Tonieboxen Mangas und Comics Spiele Wir freuen uns auf Ihren Besuch! \u00d6ffnungszeiten &hellip; <a href=\"https:\/\/ohmtalschule.de\/?page_id=143\" class=\"more-link\"><span class=\"screen-reader-text\">Stadt- &#038; Schulbibliothek<\/span> weiterlesen <span class=\"meta-nav\">&rarr;<\/span><\/a><\/p>\n","protected":false},"author":1,"featured_media":0,"parent":0,"menu_order":80,"comment_status":"closed","ping_status":"closed","template":"page-templates\/full-width.php","meta":{"footnotes":""},"class_list":["post-143","page","type-page","status-publish","hentry"],"yoast_head":"<!-- This site is optimized with the Yoast SEO plugin v27.4 - https:\/\/yoast.com\/product\/yoast-seo-wordpress\/ -->\n<title>Stadt- &amp; Schulbibliothek - Ohmtalschule Homberg<\/title>\n<meta name=\"robots\" content=\"index, follow, max-snippet:-1, max-image-preview:large, max-video-preview:-1\" \/>\n<link rel=\"canonical\" href=\"https:\/\/ohmtalschule.de\/?page_id=143\" \/>\n<meta property=\"og:locale\" content=\"de_DE\" \/>\n<meta property=\"og:type\" content=\"article\" \/>\n<meta property=\"og:title\" content=\"Stadt- &amp; Schulbibliothek - Ohmtalschule Homberg\" \/>\n<meta property=\"og:description\" content=\"Die Stadt- und Schulbibliothek ist eine gemeinsame Einrichtung der Stadt Homberg (Ohm) und der Ohmtalschule. Das Angebot unserer Bibliothek ist kostenlos und steht den Einwohnern\/innen von Homberg und Umgebung zur Verf\u00fcgung. Au\u00dfer B\u00fcchern f\u00fcr jedes Alter bieten wir Ihnen u.a. Zeitschriften Tonies und Tonieboxen Mangas und Comics Spiele Wir freuen uns auf Ihren Besuch! \u00d6ffnungszeiten &hellip; Stadt- &#038; Schulbibliothek weiterlesen &rarr;\" \/>\n<meta property=\"og:url\" content=\"https:\/\/ohmtalschule.de\/?page_id=143\" \/>\n<meta property=\"og:site_name\" content=\"Ohmtalschule Homberg\" \/>\n<meta property=\"article:modified_time\" content=\"2024-06-27T12:48:19+00:00\" \/>\n<meta name=\"twitter:card\" content=\"summary_large_image\" \/>\n<meta name=\"twitter:label1\" content=\"Gesch\u00e4tzte Lesezeit\" \/>\n\t<meta name=\"twitter:data1\" content=\"1\u00a0Minute\" \/>\n<script type=\"application\/ld+json\" class=\"yoast-schema-graph\">{\"@context\":\"https:\\\/\\\/schema.org\",\"@graph\":[{\"@type\":\"WebPage\",\"@id\":\"https:\\\/\\\/ohmtalschule.de\\\/?page_id=143\",\"url\":\"https:\\\/\\\/ohmtalschule.de\\\/?page_id=143\",\"name\":\"Stadt- & Schulbibliothek - Ohmtalschule Homberg\",\"isPartOf\":{\"@id\":\"https:\\\/\\\/ohmtalschule.de\\\/#website\"},\"datePublished\":\"2014-02-16T20:11:44+00:00\",\"dateModified\":\"2024-06-27T12:48:19+00:00\",\"breadcrumb\":{\"@id\":\"https:\\\/\\\/ohmtalschule.de\\\/?page_id=143#breadcrumb\"},\"inLanguage\":\"de\",\"potentialAction\":[{\"@type\":\"ReadAction\",\"target\":[\"https:\\\/\\\/ohmtalschule.de\\\/?page_id=143\"]}]},{\"@type\":\"BreadcrumbList\",\"@id\":\"https:\\\/\\\/ohmtalschule.de\\\/?page_id=143#breadcrumb\",\"itemListElement\":[{\"@type\":\"ListItem\",\"position\":1,\"name\":\"Startseite\",\"item\":\"https:\\\/\\\/ohmtalschule.de\\\/\"},{\"@type\":\"ListItem\",\"position\":2,\"name\":\"Stadt- &#038; Schulbibliothek\"}]},{\"@type\":\"WebSite\",\"@id\":\"https:\\\/\\\/ohmtalschule.de\\\/#website\",\"url\":\"https:\\\/\\\/ohmtalschule.de\\\/\",\"name\":\"Ohmtalschule Homberg\",\"description\":\"Gesamtschule des Vogelsbergkreises\",\"potentialAction\":[{\"@type\":\"SearchAction\",\"target\":{\"@type\":\"EntryPoint\",\"urlTemplate\":\"https:\\\/\\\/ohmtalschule.de\\\/?s={search_term_string}\"},\"query-input\":{\"@type\":\"PropertyValueSpecification\",\"valueRequired\":true,\"valueName\":\"search_term_string\"}}],\"inLanguage\":\"de\"}]}<\/script>\n<!-- \/ Yoast SEO plugin. -->","yoast_head_json":{"title":"Stadt- & Schulbibliothek - Ohmtalschule Homberg","robots":{"index":"index","follow":"follow","max-snippet":"max-snippet:-1","max-image-preview":"max-image-preview:large","max-video-preview":"max-video-preview:-1"},"canonical":"https:\/\/ohmtalschule.de\/?page_id=143","og_locale":"de_DE","og_type":"article","og_title":"Stadt- & Schulbibliothek - Ohmtalschule Homberg","og_description":"Die Stadt- und Schulbibliothek ist eine gemeinsame Einrichtung der Stadt Homberg (Ohm) und der Ohmtalschule. Das Angebot unserer Bibliothek ist kostenlos und steht den Einwohnern\/innen von Homberg und Umgebung zur Verf\u00fcgung. Au\u00dfer B\u00fcchern f\u00fcr jedes Alter bieten wir Ihnen u.a. Zeitschriften Tonies und Tonieboxen Mangas und Comics Spiele Wir freuen uns auf Ihren Besuch! \u00d6ffnungszeiten &hellip; Stadt- &#038; Schulbibliothek weiterlesen &rarr;","og_url":"https:\/\/ohmtalschule.de\/?page_id=143","og_site_name":"Ohmtalschule Homberg","article_modified_time":"2024-06-27T12:48:19+00:00","twitter_card":"summary_large_image","twitter_misc":{"Gesch\u00e4tzte Lesezeit":"1\u00a0Minute"},"schema":{"@context":"https:\/\/schema.org","@graph":[{"@type":"WebPage","@id":"https:\/\/ohmtalschule.de\/?page_id=143","url":"https:\/\/ohmtalschule.de\/?page_id=143","name":"Stadt- & Schulbibliothek - Ohmtalschule Homberg","isPartOf":{"@id":"https:\/\/ohmtalschule.de\/#website"},"datePublished":"2014-02-16T20:11:44+00:00","dateModified":"2024-06-27T12:48:19+00:00","breadcrumb":{"@id":"https:\/\/ohmtalschule.de\/?page_id=143#breadcrumb"},"inLanguage":"de","potentialAction":[{"@type":"ReadAction","target":["https:\/\/ohmtalschule.de\/?page_id=143"]}]},{"@type":"BreadcrumbList","@id":"https:\/\/ohmtalschule.de\/?page_id=143#breadcrumb","itemListElement":[{"@type":"ListItem","position":1,"name":"Startseite","item":"https:\/\/ohmtalschule.de\/"},{"@type":"ListItem","position":2,"name":"Stadt- &#038; Schulbibliothek"}]},{"@type":"WebSite","@id":"https:\/\/ohmtalschule.de\/#website","url":"https:\/\/ohmtalschule.de\/","name":"Ohmtalschule Homberg","description":"Gesamtschule des Vogelsbergkreises","potentialAction":[{"@type":"SearchAction","target":{"@type":"EntryPoint","urlTemplate":"https:\/\/ohmtalschule.de\/?s={search_term_string}"},"query-input":{"@type":"PropertyValueSpecification","valueRequired":true,"valueName":"search_term_string"}}],"inLanguage":"de"}]}},"_links":{"self":[{"href":"https:\/\/ohmtalschule.de\/index.php?rest_route=\/wp\/v2\/pages\/143","targetHints":{"allow":["GET"]}}],"collection":[{"href":"https:\/\/ohmtalschule.de\/index.php?rest_route=\/wp\/v2\/pages"}],"about":[{"href":"https:\/\/ohmtalschule.de\/index.php?rest_route=\/wp\/v2\/types\/page"}],"author":[{"embeddable":true,"href":"https:\/\/ohmtalschule.de\/index.php?rest_route=\/wp\/v2\/users\/1"}],"replies":[{"embeddable":true,"href":"https:\/\/ohmtalschule.de\/index.php?rest_route=%2Fwp%2Fv2%2Fcomments&post=143"}],"version-history":[{"count":4,"href":"https:\/\/ohmtalschule.de\/index.php?rest_route=\/wp\/v2\/pages\/143\/revisions"}],"predecessor-version":[{"id":5413,"href":"https:\/\/ohmtalschule.de\/index.php?rest_route=\/wp\/v2\/pages\/143\/revisions\/5413"}],"wp:attachment":[{"href":"https:\/\/ohmtalschule.de\/index.php?rest_route=%2Fwp%2Fv2%2Fmedia&parent=143"}],"curies":[{"name":"wp","href":"https:\/\/api.w.org\/{rel}","templated":true}]}}