{"id":141,"date":"2014-02-16T20:11:17","date_gmt":"2014-02-16T20:11:17","guid":{"rendered":"http:\/\/wp.ohmtalschule.de\/wordpress\/?page_id=141"},"modified":"2014-02-25T11:19:18","modified_gmt":"2014-02-25T11:19:18","slug":"foerderverein","status":"publish","type":"page","link":"https:\/\/ohmtalschule.de\/?page_id=141","title":{"rendered":"F\u00f6rderverein"},"content":{"rendered":"<p>Der F\u00f6rderverein der Gesamtschule Ohmtal e.V. ist ein eingetragener und anerkannt gemeinn\u00fctziger Verein.<\/p>\n<p>Das Ziel des Vereins ist die zweckgebundene Verwaltung der Gelder aus der j\u00e4hrlichen Elternspende, der Mitgliegsbeitr\u00e4ge der ca. 150 Mitglieder und Spendenbeitr\u00e4ge Dritter.<\/p>\n<p>In regelm\u00e4\u00dfigen Sitzungen entscheidet der Vorstand \u00fcber Antr\u00e4ge von Eltern, Sch\u00fclerinnen und Sch\u00fclern und Lehrkr\u00e4ften. F\u00fcr die Zustimmung gibt es von der Satzung des Vereins vorgegebene Kriterien; im Vordergrund steht die Unterst\u00fctzung der Sch\u00fclerschaft im Allgemeinen. Einzelne Sch\u00fclerinnen oder Sch\u00fcler werden finanziell nicht gef\u00f6rdert.<span style=\"line-height: 1.5;\"><br \/>\n<\/span><\/p>\n<p>Die Ausstattung der Stadt- und Schulbibliothek mit neuer Fachliteratur geh\u00f6rt seit langem zu den F\u00f6rderprojekten. In den vergangenen Jahren wurden zahlreiche Projekte finanziell begleitet, so die Ausstattung der Pausenr\u00e4ume und -h\u00f6fe, die Neuausstattung der Lernwerkstatt und des Musikraumes. Neue Sportger\u00e4te konnten angeschafft werden, ebenso wie Experimentierk\u00e4sten f\u00fcr den naturwissenschaftlichen Unterricht.<\/p>\n<p>Werden auch Sie Mitglied im F\u00f6rderverein der Ohmtalschule!<\/p>\n<p><a title=\"Downloads des F\u00f6rdervereins\" href=\"https:\/\/ohmtalschule.de\/wordpress\/?page_id=218\">&gt;&gt;Downloads<\/a>\u00a0 \u00a0 \u00a0 \u00a0 \u00a0 <a title=\"Kontakt\" href=\"https:\/\/ohmtalschule.de\/wordpress\/?page_id=235\">&gt;&gt;Kontakt<\/a><a href=\"mailto:forderverein(at)ohmtalschule.de\"><br \/>\n<\/a><\/p>\n","protected":false},"excerpt":{"rendered":"<p>Der F\u00f6rderverein der Gesamtschule Ohmtal e.V. ist ein eingetragener und anerkannt gemeinn\u00fctziger Verein. Das Ziel des Vereins ist die zweckgebundene Verwaltung der Gelder aus der j\u00e4hrlichen Elternspende, der Mitgliegsbeitr\u00e4ge der ca. 150 Mitglieder und Spendenbeitr\u00e4ge Dritter. In regelm\u00e4\u00dfigen Sitzungen entscheidet der Vorstand \u00fcber Antr\u00e4ge von Eltern, Sch\u00fclerinnen und Sch\u00fclern und Lehrkr\u00e4ften. F\u00fcr die Zustimmung gibt &hellip; <a href=\"https:\/\/ohmtalschule.de\/?page_id=141\" class=\"more-link\"><span class=\"screen-reader-text\">F\u00f6rderverein<\/span> weiterlesen <span class=\"meta-nav\">&rarr;<\/span><\/a><\/p>\n","protected":false},"author":1,"featured_media":0,"parent":0,"menu_order":70,"comment_status":"closed","ping_status":"closed","template":"page-templates\/full-width.php","meta":{"footnotes":""},"class_list":["post-141","page","type-page","status-publish","hentry"],"yoast_head":"<!-- This site is optimized with the Yoast SEO plugin v27.4 - https:\/\/yoast.com\/product\/yoast-seo-wordpress\/ -->\n<title>F\u00f6rderverein - Ohmtalschule Homberg<\/title>\n<meta name=\"robots\" content=\"index, follow, max-snippet:-1, max-image-preview:large, max-video-preview:-1\" \/>\n<link rel=\"canonical\" href=\"https:\/\/ohmtalschule.de\/?page_id=141\" \/>\n<meta property=\"og:locale\" content=\"de_DE\" \/>\n<meta property=\"og:type\" content=\"article\" \/>\n<meta property=\"og:title\" content=\"F\u00f6rderverein - Ohmtalschule Homberg\" \/>\n<meta property=\"og:description\" content=\"Der F\u00f6rderverein der Gesamtschule Ohmtal e.V. ist ein eingetragener und anerkannt gemeinn\u00fctziger Verein. Das Ziel des Vereins ist die zweckgebundene Verwaltung der Gelder aus der j\u00e4hrlichen Elternspende, der Mitgliegsbeitr\u00e4ge der ca. 150 Mitglieder und Spendenbeitr\u00e4ge Dritter. In regelm\u00e4\u00dfigen Sitzungen entscheidet der Vorstand \u00fcber Antr\u00e4ge von Eltern, Sch\u00fclerinnen und Sch\u00fclern und Lehrkr\u00e4ften. F\u00fcr die Zustimmung gibt &hellip; F\u00f6rderverein weiterlesen &rarr;\" \/>\n<meta property=\"og:url\" content=\"https:\/\/ohmtalschule.de\/?page_id=141\" \/>\n<meta property=\"og:site_name\" content=\"Ohmtalschule Homberg\" \/>\n<meta property=\"article:modified_time\" content=\"2014-02-25T11:19:18+00:00\" \/>\n<meta name=\"twitter:card\" content=\"summary_large_image\" \/>\n<meta name=\"twitter:label1\" content=\"Gesch\u00e4tzte Lesezeit\" \/>\n\t<meta name=\"twitter:data1\" content=\"1\u00a0Minute\" \/>\n<script type=\"application\/ld+json\" class=\"yoast-schema-graph\">{\"@context\":\"https:\\\/\\\/schema.org\",\"@graph\":[{\"@type\":\"WebPage\",\"@id\":\"https:\\\/\\\/ohmtalschule.de\\\/?page_id=141\",\"url\":\"https:\\\/\\\/ohmtalschule.de\\\/?page_id=141\",\"name\":\"F\u00f6rderverein - Ohmtalschule Homberg\",\"isPartOf\":{\"@id\":\"https:\\\/\\\/ohmtalschule.de\\\/#website\"},\"datePublished\":\"2014-02-16T20:11:17+00:00\",\"dateModified\":\"2014-02-25T11:19:18+00:00\",\"breadcrumb\":{\"@id\":\"https:\\\/\\\/ohmtalschule.de\\\/?page_id=141#breadcrumb\"},\"inLanguage\":\"de\",\"potentialAction\":[{\"@type\":\"ReadAction\",\"target\":[\"https:\\\/\\\/ohmtalschule.de\\\/?page_id=141\"]}]},{\"@type\":\"BreadcrumbList\",\"@id\":\"https:\\\/\\\/ohmtalschule.de\\\/?page_id=141#breadcrumb\",\"itemListElement\":[{\"@type\":\"ListItem\",\"position\":1,\"name\":\"Startseite\",\"item\":\"https:\\\/\\\/ohmtalschule.de\\\/\"},{\"@type\":\"ListItem\",\"position\":2,\"name\":\"F\u00f6rderverein\"}]},{\"@type\":\"WebSite\",\"@id\":\"https:\\\/\\\/ohmtalschule.de\\\/#website\",\"url\":\"https:\\\/\\\/ohmtalschule.de\\\/\",\"name\":\"Ohmtalschule Homberg\",\"description\":\"Gesamtschule des Vogelsbergkreises\",\"potentialAction\":[{\"@type\":\"SearchAction\",\"target\":{\"@type\":\"EntryPoint\",\"urlTemplate\":\"https:\\\/\\\/ohmtalschule.de\\\/?s={search_term_string}\"},\"query-input\":{\"@type\":\"PropertyValueSpecification\",\"valueRequired\":true,\"valueName\":\"search_term_string\"}}],\"inLanguage\":\"de\"}]}<\/script>\n<!-- \/ Yoast SEO plugin. -->","yoast_head_json":{"title":"F\u00f6rderverein - Ohmtalschule Homberg","robots":{"index":"index","follow":"follow","max-snippet":"max-snippet:-1","max-image-preview":"max-image-preview:large","max-video-preview":"max-video-preview:-1"},"canonical":"https:\/\/ohmtalschule.de\/?page_id=141","og_locale":"de_DE","og_type":"article","og_title":"F\u00f6rderverein - Ohmtalschule Homberg","og_description":"Der F\u00f6rderverein der Gesamtschule Ohmtal e.V. ist ein eingetragener und anerkannt gemeinn\u00fctziger Verein. Das Ziel des Vereins ist die zweckgebundene Verwaltung der Gelder aus der j\u00e4hrlichen Elternspende, der Mitgliegsbeitr\u00e4ge der ca. 150 Mitglieder und Spendenbeitr\u00e4ge Dritter. In regelm\u00e4\u00dfigen Sitzungen entscheidet der Vorstand \u00fcber Antr\u00e4ge von Eltern, Sch\u00fclerinnen und Sch\u00fclern und Lehrkr\u00e4ften. F\u00fcr die Zustimmung gibt &hellip; F\u00f6rderverein weiterlesen &rarr;","og_url":"https:\/\/ohmtalschule.de\/?page_id=141","og_site_name":"Ohmtalschule Homberg","article_modified_time":"2014-02-25T11:19:18+00:00","twitter_card":"summary_large_image","twitter_misc":{"Gesch\u00e4tzte Lesezeit":"1\u00a0Minute"},"schema":{"@context":"https:\/\/schema.org","@graph":[{"@type":"WebPage","@id":"https:\/\/ohmtalschule.de\/?page_id=141","url":"https:\/\/ohmtalschule.de\/?page_id=141","name":"F\u00f6rderverein - Ohmtalschule Homberg","isPartOf":{"@id":"https:\/\/ohmtalschule.de\/#website"},"datePublished":"2014-02-16T20:11:17+00:00","dateModified":"2014-02-25T11:19:18+00:00","breadcrumb":{"@id":"https:\/\/ohmtalschule.de\/?page_id=141#breadcrumb"},"inLanguage":"de","potentialAction":[{"@type":"ReadAction","target":["https:\/\/ohmtalschule.de\/?page_id=141"]}]},{"@type":"BreadcrumbList","@id":"https:\/\/ohmtalschule.de\/?page_id=141#breadcrumb","itemListElement":[{"@type":"ListItem","position":1,"name":"Startseite","item":"https:\/\/ohmtalschule.de\/"},{"@type":"ListItem","position":2,"name":"F\u00f6rderverein"}]},{"@type":"WebSite","@id":"https:\/\/ohmtalschule.de\/#website","url":"https:\/\/ohmtalschule.de\/","name":"Ohmtalschule Homberg","description":"Gesamtschule des Vogelsbergkreises","potentialAction":[{"@type":"SearchAction","target":{"@type":"EntryPoint","urlTemplate":"https:\/\/ohmtalschule.de\/?s={search_term_string}"},"query-input":{"@type":"PropertyValueSpecification","valueRequired":true,"valueName":"search_term_string"}}],"inLanguage":"de"}]}},"_links":{"self":[{"href":"https:\/\/ohmtalschule.de\/index.php?rest_route=\/wp\/v2\/pages\/141","targetHints":{"allow":["GET"]}}],"collection":[{"href":"https:\/\/ohmtalschule.de\/index.php?rest_route=\/wp\/v2\/pages"}],"about":[{"href":"https:\/\/ohmtalschule.de\/index.php?rest_route=\/wp\/v2\/types\/page"}],"author":[{"embeddable":true,"href":"https:\/\/ohmtalschule.de\/index.php?rest_route=\/wp\/v2\/users\/1"}],"replies":[{"embeddable":true,"href":"https:\/\/ohmtalschule.de\/index.php?rest_route=%2Fwp%2Fv2%2Fcomments&post=141"}],"version-history":[{"count":0,"href":"https:\/\/ohmtalschule.de\/index.php?rest_route=\/wp\/v2\/pages\/141\/revisions"}],"wp:attachment":[{"href":"https:\/\/ohmtalschule.de\/index.php?rest_route=%2Fwp%2Fv2%2Fmedia&parent=141"}],"curies":[{"name":"wp","href":"https:\/\/api.w.org\/{rel}","templated":true}]}}