{"id":126,"date":"2014-02-16T18:11:44","date_gmt":"2014-02-16T18:11:44","guid":{"rendered":"http:\/\/wp.ohmtalschule.de\/wordpress\/?page_id=126"},"modified":"2023-11-21T19:59:22","modified_gmt":"2023-11-21T18:59:22","slug":"menueplan-speiseplan","status":"publish","type":"page","link":"https:\/\/ohmtalschule.de\/?page_id=126","title":{"rendered":"Men\u00fcplan &#8211; Speiseplan"},"content":{"rendered":"\n<p><strong><a href=\"https:\/\/ohmtalschule.de\/wordpress\/?page_id=110\" target=\"_blank\" rel=\"noopener\">Cafeteria<\/a> <br><\/strong><\/p>\n\n\n\n<p><span style=\"color: #ff0000;\">&nbsp;<\/span><\/p>\n\n\n\n<table id=\"tablepress-34\" class=\"tablepress tablepress-id-34\">\n<tbody class=\"row-striping row-hover\">\n<tr class=\"row-1\">\n\t<td class=\"column-1\">Essensbestellungen <br \/>\nf\u00fcr Sch\u00fcler\/innen der OTS:<\/td><td class=\"column-2\">Mo. bis Do. bis 11.30 Uhr<\/td>\n<\/tr>\n<tr class=\"row-2\">\n\t<td class=\"column-1\">Essensausgabe:<\/td><td class=\"column-2\">13.05 - 13.30 Uhr<\/td>\n<\/tr>\n<tr class=\"row-3\">\n\t<td class=\"column-1\">Preis:  <\/td><td class=\"column-2\">3,90 \u20ac<\/td>\n<\/tr>\n<tr class=\"row-4\">\n\t<td class=\"column-1\">Sonstiges:<\/td><td class=\"column-2\">Zus\u00e4tzlich zur Hauptspeise kann Salat oder eine Nachspeise bestellt werden.<br \/>\n<br \/>\n<br \/>\n<br \/>\n<\/td>\n<\/tr>\n<tr class=\"row-5\">\n\t<td class=\"column-1\">Speiseplan<\/td><td class=\"column-2\">Der aktuelle Speiseplan wird regelm\u00e4\u00dfig bei IServ ver\u00f6ffentlicht. <\/td>\n<\/tr>\n<\/tbody>\n<\/table>\n<!-- #tablepress-34 from cache -->\n\n\n\n<p><\/p>\n\n\n\n<p><\/p>\n\n\n\n<p><\/p>\n\n\n\n<p><\/p>\n\n\n\n<p><\/p>\n","protected":false},"excerpt":{"rendered":"<p>Cafeteria &nbsp;<\/p>\n","protected":false},"author":1,"featured_media":0,"parent":110,"menu_order":0,"comment_status":"closed","ping_status":"closed","template":"page-templates\/full-width.php","meta":{"footnotes":""},"class_list":["post-126","page","type-page","status-publish","hentry"],"yoast_head":"<!-- This site is optimized with the Yoast SEO plugin v27.4 - https:\/\/yoast.com\/product\/yoast-seo-wordpress\/ -->\n<title>Men\u00fcplan - Speiseplan - Ohmtalschule Homberg<\/title>\n<meta name=\"description\" content=\"Speisepl\u00e4ne der Cafeteria der Ohmtalschule am Schulstandort Homberg f\u00fcr die kommenden Wochen. Der aktuelle Speiseplan steht zu oberst.\" \/>\n<meta name=\"robots\" content=\"index, follow, max-snippet:-1, max-image-preview:large, max-video-preview:-1\" \/>\n<link rel=\"canonical\" href=\"https:\/\/ohmtalschule.de\/?page_id=126\" \/>\n<meta property=\"og:locale\" content=\"de_DE\" \/>\n<meta property=\"og:type\" content=\"article\" \/>\n<meta property=\"og:title\" content=\"Men\u00fcplan - Speiseplan - Ohmtalschule Homberg\" \/>\n<meta property=\"og:description\" content=\"Speisepl\u00e4ne der Cafeteria der Ohmtalschule am Schulstandort Homberg f\u00fcr die kommenden Wochen. Der aktuelle Speiseplan steht zu oberst.\" \/>\n<meta property=\"og:url\" content=\"https:\/\/ohmtalschule.de\/?page_id=126\" \/>\n<meta property=\"og:site_name\" content=\"Ohmtalschule Homberg\" \/>\n<meta property=\"article:modified_time\" content=\"2023-11-21T18:59:22+00:00\" \/>\n<meta name=\"twitter:card\" content=\"summary_large_image\" \/>\n<meta name=\"twitter:label1\" content=\"Gesch\u00e4tzte Lesezeit\" \/>\n\t<meta name=\"twitter:data1\" content=\"1\u00a0Minute\" \/>\n<script type=\"application\/ld+json\" class=\"yoast-schema-graph\">{\"@context\":\"https:\\\/\\\/schema.org\",\"@graph\":[{\"@type\":\"WebPage\",\"@id\":\"https:\\\/\\\/ohmtalschule.de\\\/?page_id=126\",\"url\":\"https:\\\/\\\/ohmtalschule.de\\\/?page_id=126\",\"name\":\"Men\u00fcplan - Speiseplan - Ohmtalschule Homberg\",\"isPartOf\":{\"@id\":\"https:\\\/\\\/ohmtalschule.de\\\/#website\"},\"datePublished\":\"2014-02-16T18:11:44+00:00\",\"dateModified\":\"2023-11-21T18:59:22+00:00\",\"description\":\"Speisepl\u00e4ne der Cafeteria der Ohmtalschule am Schulstandort Homberg f\u00fcr die kommenden Wochen. Der aktuelle Speiseplan steht zu oberst.\",\"breadcrumb\":{\"@id\":\"https:\\\/\\\/ohmtalschule.de\\\/?page_id=126#breadcrumb\"},\"inLanguage\":\"de\",\"potentialAction\":[{\"@type\":\"ReadAction\",\"target\":[\"https:\\\/\\\/ohmtalschule.de\\\/?page_id=126\"]}]},{\"@type\":\"BreadcrumbList\",\"@id\":\"https:\\\/\\\/ohmtalschule.de\\\/?page_id=126#breadcrumb\",\"itemListElement\":[{\"@type\":\"ListItem\",\"position\":1,\"name\":\"Startseite\",\"item\":\"https:\\\/\\\/ohmtalschule.de\\\/\"},{\"@type\":\"ListItem\",\"position\":2,\"name\":\"Cafeteria\",\"item\":\"https:\\\/\\\/ohmtalschule.de\\\/?page_id=110\"},{\"@type\":\"ListItem\",\"position\":3,\"name\":\"Men\u00fcplan &#8211; Speiseplan\"}]},{\"@type\":\"WebSite\",\"@id\":\"https:\\\/\\\/ohmtalschule.de\\\/#website\",\"url\":\"https:\\\/\\\/ohmtalschule.de\\\/\",\"name\":\"Ohmtalschule Homberg\",\"description\":\"Gesamtschule des Vogelsbergkreises\",\"potentialAction\":[{\"@type\":\"SearchAction\",\"target\":{\"@type\":\"EntryPoint\",\"urlTemplate\":\"https:\\\/\\\/ohmtalschule.de\\\/?s={search_term_string}\"},\"query-input\":{\"@type\":\"PropertyValueSpecification\",\"valueRequired\":true,\"valueName\":\"search_term_string\"}}],\"inLanguage\":\"de\"}]}<\/script>\n<!-- \/ Yoast SEO plugin. -->","yoast_head_json":{"title":"Men\u00fcplan - Speiseplan - Ohmtalschule Homberg","description":"Speisepl\u00e4ne der Cafeteria der Ohmtalschule am Schulstandort Homberg f\u00fcr die kommenden Wochen. Der aktuelle Speiseplan steht zu oberst.","robots":{"index":"index","follow":"follow","max-snippet":"max-snippet:-1","max-image-preview":"max-image-preview:large","max-video-preview":"max-video-preview:-1"},"canonical":"https:\/\/ohmtalschule.de\/?page_id=126","og_locale":"de_DE","og_type":"article","og_title":"Men\u00fcplan - Speiseplan - Ohmtalschule Homberg","og_description":"Speisepl\u00e4ne der Cafeteria der Ohmtalschule am Schulstandort Homberg f\u00fcr die kommenden Wochen. Der aktuelle Speiseplan steht zu oberst.","og_url":"https:\/\/ohmtalschule.de\/?page_id=126","og_site_name":"Ohmtalschule Homberg","article_modified_time":"2023-11-21T18:59:22+00:00","twitter_card":"summary_large_image","twitter_misc":{"Gesch\u00e4tzte Lesezeit":"1\u00a0Minute"},"schema":{"@context":"https:\/\/schema.org","@graph":[{"@type":"WebPage","@id":"https:\/\/ohmtalschule.de\/?page_id=126","url":"https:\/\/ohmtalschule.de\/?page_id=126","name":"Men\u00fcplan - Speiseplan - Ohmtalschule Homberg","isPartOf":{"@id":"https:\/\/ohmtalschule.de\/#website"},"datePublished":"2014-02-16T18:11:44+00:00","dateModified":"2023-11-21T18:59:22+00:00","description":"Speisepl\u00e4ne der Cafeteria der Ohmtalschule am Schulstandort Homberg f\u00fcr die kommenden Wochen. Der aktuelle Speiseplan steht zu oberst.","breadcrumb":{"@id":"https:\/\/ohmtalschule.de\/?page_id=126#breadcrumb"},"inLanguage":"de","potentialAction":[{"@type":"ReadAction","target":["https:\/\/ohmtalschule.de\/?page_id=126"]}]},{"@type":"BreadcrumbList","@id":"https:\/\/ohmtalschule.de\/?page_id=126#breadcrumb","itemListElement":[{"@type":"ListItem","position":1,"name":"Startseite","item":"https:\/\/ohmtalschule.de\/"},{"@type":"ListItem","position":2,"name":"Cafeteria","item":"https:\/\/ohmtalschule.de\/?page_id=110"},{"@type":"ListItem","position":3,"name":"Men\u00fcplan &#8211; Speiseplan"}]},{"@type":"WebSite","@id":"https:\/\/ohmtalschule.de\/#website","url":"https:\/\/ohmtalschule.de\/","name":"Ohmtalschule Homberg","description":"Gesamtschule des Vogelsbergkreises","potentialAction":[{"@type":"SearchAction","target":{"@type":"EntryPoint","urlTemplate":"https:\/\/ohmtalschule.de\/?s={search_term_string}"},"query-input":{"@type":"PropertyValueSpecification","valueRequired":true,"valueName":"search_term_string"}}],"inLanguage":"de"}]}},"_links":{"self":[{"href":"https:\/\/ohmtalschule.de\/index.php?rest_route=\/wp\/v2\/pages\/126","targetHints":{"allow":["GET"]}}],"collection":[{"href":"https:\/\/ohmtalschule.de\/index.php?rest_route=\/wp\/v2\/pages"}],"about":[{"href":"https:\/\/ohmtalschule.de\/index.php?rest_route=\/wp\/v2\/types\/page"}],"author":[{"embeddable":true,"href":"https:\/\/ohmtalschule.de\/index.php?rest_route=\/wp\/v2\/users\/1"}],"replies":[{"embeddable":true,"href":"https:\/\/ohmtalschule.de\/index.php?rest_route=%2Fwp%2Fv2%2Fcomments&post=126"}],"version-history":[{"count":14,"href":"https:\/\/ohmtalschule.de\/index.php?rest_route=\/wp\/v2\/pages\/126\/revisions"}],"predecessor-version":[{"id":5155,"href":"https:\/\/ohmtalschule.de\/index.php?rest_route=\/wp\/v2\/pages\/126\/revisions\/5155"}],"up":[{"embeddable":true,"href":"https:\/\/ohmtalschule.de\/index.php?rest_route=\/wp\/v2\/pages\/110"}],"wp:attachment":[{"href":"https:\/\/ohmtalschule.de\/index.php?rest_route=%2Fwp%2Fv2%2Fmedia&parent=126"}],"curies":[{"name":"wp","href":"https:\/\/api.w.org\/{rel}","templated":true}]}}