{"id":110,"date":"2014-02-16T17:42:01","date_gmt":"2014-02-16T17:42:01","guid":{"rendered":"http:\/\/wp.ohmtalschule.de\/wordpress\/?page_id=110"},"modified":"2018-04-23T09:18:29","modified_gmt":"2018-04-23T07:18:29","slug":"cafeteria","status":"publish","type":"page","link":"https:\/\/ohmtalschule.de\/?page_id=110","title":{"rendered":"Cafeteria"},"content":{"rendered":"<p><a href=\"https:\/\/ohmtalschule.de\/wordpress\/wp-content\/uploads\/2014\/02\/Mensa-e1510650098633.jpg\"><img loading=\"lazy\" decoding=\"async\" class=\"alignnone size-large wp-image-2959\" src=\"https:\/\/ohmtalschule.de\/wordpress\/wp-content\/uploads\/2014\/02\/Mensa-1024x811.jpg\" alt=\"\" width=\"474\" height=\"375\" \/><\/a><br \/>\n<em>Das Mensateam der Ohmtalschule; im Vordergrund die Betreiber Karina und Klaus Schepp<\/em><\/p>\n<p><span style=\"color: #000000;\"><b><strong>Bestens versorgt durch den Schultag &#8211; die Schulmensa<\/strong><\/b><\/span><\/p>\n<p>Neue Mensa an der OTS seit Sommer 2017 in Betrieb \/ Kreis investiert 430.000 Euro<\/p>\n<p>Gr\u00f6\u00dfer, sch\u00f6ner und mehr Auswahl \u2013 so l\u00e4sst sich die Mensa der Ohmtalschule (OTS) nach dem gro\u00dfen Umbau knapp beschreiben. Rund 430.000 Euro hat der Kreis investiert, damit Sch\u00fcler und Kollegen der OTS und der benachbarten Grundschule kulinarisch rundum gut versorgt sind. Entstanden ist ein gro\u00dfer, modern eingerichteter Speisesaal, in dem sich die Sch\u00fcler in den Pausen gerne aufhalten, ein moderne K\u00fcche mit Hightech-Ger\u00e4ten und eine neue, gro\u00dfz\u00fcgig gestaltete Essensausgabe.<\/p>\n<p><a href=\"https:\/\/ohmtalschule.de\/wordpress\/wp-content\/uploads\/2017\/11\/STF_2192-1_kleiner-2.jpg\"><img loading=\"lazy\" decoding=\"async\" class=\"alignnone size-full wp-image-2976\" src=\"https:\/\/ohmtalschule.de\/wordpress\/wp-content\/uploads\/2017\/11\/STF_2192-1_kleiner-2.jpg\" alt=\"\" width=\"800\" height=\"519\" \/><\/a><\/p>\n<p><em>Die ersten &#8220;G\u00e4ste&#8221; nach der Neuer\u00f6ffnung; im Hintergrund freut sich Schulleiter Carsten R\u00f6hrscheid<\/em><\/p>\n<p><a href=\"https:\/\/ohmtalschule.de\/wordpress\/wp-content\/uploads\/2017\/11\/STF_2216-1_kleiner.jpg\"><img loading=\"lazy\" decoding=\"async\" class=\"alignnone size-full wp-image-2977\" src=\"https:\/\/ohmtalschule.de\/wordpress\/wp-content\/uploads\/2017\/11\/STF_2216-1_kleiner.jpg\" alt=\"\" width=\"800\" height=\"531\" \/><\/a><\/p>\n<p><em>Das neue Angebot wird sehr gut angenommen<\/em><\/p>\n<p>\u201eWir sind sehr gl\u00fccklich mit der Ausstattung hier, es macht wirklich Spa\u00df, hier zu arbeiten\u201c, sagt Karina Schepp und lacht. Karina Schepp, Betreiberin der Homberger Gastst\u00e4tte \u201ePletschm\u00fchle\u201c, ist seit 2007 Chefin der Cafeteria der OTS, weshalb neulich erst auf das zehnj\u00e4hrige Jubil\u00e4um angesto\u00dfen wurde. \u201eAngefangen haben wir hier mit einem kleinen Backofen und einem Tisch als Ablage\u201c, erz\u00e4hlt sie. Kaum zu glauben, wie sich das alles in den vergangenen Jahren und insbesondere seit der Neuer\u00f6ffnung der Mensa im Sommer 2017 ver\u00e4ndert hat.<br \/>\nT\u00e4glich k\u00f6nnen Sch\u00fcler und Lehrer nun zwischen zwei warmen Mittagessen f\u00fcr drei Euro w\u00e4hlen, eines der Gerichte ist stets vegetarisch. Dar\u00fcber hinaus gibt es jede Menge belegte Br\u00f6tchen und Baguette, K\u00e4sestangen und Obststpie\u00dfe, verschiedene Salate, Vollkornbrote und nat\u00fcrlich auch Getr\u00e4nke sowie etwas S\u00fc\u00dfes f\u00fcr Zwischendurch. Da zunehmend mehr Kinder die Nachmittagsangebote der beiden Schulen nutzen, ist so sichergestellt, dass alle zu jeder Zeit gut versorgt sind. \u201eWir achten sehr auf frische, gesunde Ern\u00e4hrung. Jeden Tag wird frisch gekocht, was viel einfacher geworden ist mit der moderne K\u00fcche\u201c, sagt Karina Schepp.<\/p>\n<p><span style=\"color: #000000;\">Ansprechpartnerin: Karina Schepp, Pletschm\u00fchle 06633\/5886 oder 9110814 (Mensa)<\/span><\/p>\n<p>Text und Fotos: Presseteam der Ohmtalschule<\/p>\n<p>Information:<br \/>\n<a title=\"Info Mittagessen\" href=\"https:\/\/ohmtalschule.de\/wordpress\/wp-content\/uploads\/2014\/02\/Mittagessen-Info-Blatt.pdf\" target=\"_blank\" rel=\"noopener noreferrer\">Mittagessen&gt;&gt;<\/a>\u00a0\u00a0\u00a0\u00a0\u00a0 <a title=\"Info Salate\" href=\"https:\/\/ohmtalschule.de\/wordpress\/wp-content\/uploads\/2014\/02\/Salate-Mittagessen-Schule.pdf\" target=\"_blank\" rel=\"noopener noreferrer\">Salate&gt;&gt;<\/a>\u00a0\u00a0\u00a0 <a title=\"Preisliste\" href=\"https:\/\/ohmtalschule.de\/wordpress\/wp-content\/uploads\/2014\/02\/Preisliste-Cafeteria-Stand-Aug-12.pdf\" target=\"_blank\" rel=\"noopener noreferrer\">Preisliste&gt;&gt;<\/a>\u00a0\u00a0 <a title=\"Men\u00fcplan\" href=\"https:\/\/ohmtalschule.de\/wordpress\/?page_id=126\" target=\"_blank\" rel=\"noopener noreferrer\">Men\u00fcplan&gt;&gt;<\/a><\/p>\n","protected":false},"excerpt":{"rendered":"<p>Das Mensateam der Ohmtalschule; im Vordergrund die Betreiber Karina und Klaus Schepp Bestens versorgt durch den Schultag &#8211; die Schulmensa Neue Mensa an der OTS seit Sommer 2017 in Betrieb \/ Kreis investiert 430.000 Euro Gr\u00f6\u00dfer, sch\u00f6ner und mehr Auswahl \u2013 so l\u00e4sst sich die Mensa der Ohmtalschule (OTS) nach dem gro\u00dfen Umbau knapp beschreiben. &hellip; <a href=\"https:\/\/ohmtalschule.de\/?page_id=110\" class=\"more-link\"><span class=\"screen-reader-text\">Cafeteria<\/span> weiterlesen <span class=\"meta-nav\">&rarr;<\/span><\/a><\/p>\n","protected":false},"author":1,"featured_media":0,"parent":0,"menu_order":60,"comment_status":"closed","ping_status":"closed","template":"page-templates\/full-width.php","meta":{"footnotes":""},"class_list":["post-110","page","type-page","status-publish","hentry"],"yoast_head":"<!-- This site is optimized with the Yoast SEO plugin v27.4 - https:\/\/yoast.com\/product\/yoast-seo-wordpress\/ -->\n<title>Cafeteria - Ohmtalschule Homberg<\/title>\n<meta name=\"robots\" content=\"index, follow, max-snippet:-1, max-image-preview:large, max-video-preview:-1\" \/>\n<link rel=\"canonical\" href=\"https:\/\/ohmtalschule.de\/?page_id=110\" \/>\n<meta property=\"og:locale\" content=\"de_DE\" \/>\n<meta property=\"og:type\" content=\"article\" \/>\n<meta property=\"og:title\" content=\"Cafeteria - Ohmtalschule Homberg\" \/>\n<meta property=\"og:description\" content=\"Das Mensateam der Ohmtalschule; im Vordergrund die Betreiber Karina und Klaus Schepp Bestens versorgt durch den Schultag &#8211; die Schulmensa Neue Mensa an der OTS seit Sommer 2017 in Betrieb \/ Kreis investiert 430.000 Euro Gr\u00f6\u00dfer, sch\u00f6ner und mehr Auswahl \u2013 so l\u00e4sst sich die Mensa der Ohmtalschule (OTS) nach dem gro\u00dfen Umbau knapp beschreiben. &hellip; Cafeteria weiterlesen &rarr;\" \/>\n<meta property=\"og:url\" content=\"https:\/\/ohmtalschule.de\/?page_id=110\" \/>\n<meta property=\"og:site_name\" content=\"Ohmtalschule Homberg\" \/>\n<meta property=\"article:modified_time\" content=\"2018-04-23T07:18:29+00:00\" \/>\n<meta property=\"og:image\" content=\"https:\/\/ohmtalschule.de\/wordpress\/wp-content\/uploads\/2014\/02\/Mensa-1024x811.jpg\" \/>\n<meta name=\"twitter:card\" content=\"summary_large_image\" \/>\n<meta name=\"twitter:label1\" content=\"Gesch\u00e4tzte Lesezeit\" \/>\n\t<meta name=\"twitter:data1\" content=\"2\u00a0Minuten\" \/>\n<script type=\"application\/ld+json\" class=\"yoast-schema-graph\">{\"@context\":\"https:\\\/\\\/schema.org\",\"@graph\":[{\"@type\":\"WebPage\",\"@id\":\"https:\\\/\\\/ohmtalschule.de\\\/?page_id=110\",\"url\":\"https:\\\/\\\/ohmtalschule.de\\\/?page_id=110\",\"name\":\"Cafeteria - Ohmtalschule Homberg\",\"isPartOf\":{\"@id\":\"https:\\\/\\\/ohmtalschule.de\\\/#website\"},\"primaryImageOfPage\":{\"@id\":\"https:\\\/\\\/ohmtalschule.de\\\/?page_id=110#primaryimage\"},\"image\":{\"@id\":\"https:\\\/\\\/ohmtalschule.de\\\/?page_id=110#primaryimage\"},\"thumbnailUrl\":\"https:\\\/\\\/ohmtalschule.de\\\/wordpress\\\/wp-content\\\/uploads\\\/2014\\\/02\\\/Mensa-1024x811.jpg\",\"datePublished\":\"2014-02-16T17:42:01+00:00\",\"dateModified\":\"2018-04-23T07:18:29+00:00\",\"breadcrumb\":{\"@id\":\"https:\\\/\\\/ohmtalschule.de\\\/?page_id=110#breadcrumb\"},\"inLanguage\":\"de\",\"potentialAction\":[{\"@type\":\"ReadAction\",\"target\":[\"https:\\\/\\\/ohmtalschule.de\\\/?page_id=110\"]}]},{\"@type\":\"ImageObject\",\"inLanguage\":\"de\",\"@id\":\"https:\\\/\\\/ohmtalschule.de\\\/?page_id=110#primaryimage\",\"url\":\"https:\\\/\\\/ohmtalschule.de\\\/wordpress\\\/wp-content\\\/uploads\\\/2014\\\/02\\\/Mensa-1024x811.jpg\",\"contentUrl\":\"https:\\\/\\\/ohmtalschule.de\\\/wordpress\\\/wp-content\\\/uploads\\\/2014\\\/02\\\/Mensa-1024x811.jpg\"},{\"@type\":\"BreadcrumbList\",\"@id\":\"https:\\\/\\\/ohmtalschule.de\\\/?page_id=110#breadcrumb\",\"itemListElement\":[{\"@type\":\"ListItem\",\"position\":1,\"name\":\"Startseite\",\"item\":\"https:\\\/\\\/ohmtalschule.de\\\/\"},{\"@type\":\"ListItem\",\"position\":2,\"name\":\"Cafeteria\"}]},{\"@type\":\"WebSite\",\"@id\":\"https:\\\/\\\/ohmtalschule.de\\\/#website\",\"url\":\"https:\\\/\\\/ohmtalschule.de\\\/\",\"name\":\"Ohmtalschule Homberg\",\"description\":\"Gesamtschule des Vogelsbergkreises\",\"potentialAction\":[{\"@type\":\"SearchAction\",\"target\":{\"@type\":\"EntryPoint\",\"urlTemplate\":\"https:\\\/\\\/ohmtalschule.de\\\/?s={search_term_string}\"},\"query-input\":{\"@type\":\"PropertyValueSpecification\",\"valueRequired\":true,\"valueName\":\"search_term_string\"}}],\"inLanguage\":\"de\"}]}<\/script>\n<!-- \/ Yoast SEO plugin. -->","yoast_head_json":{"title":"Cafeteria - Ohmtalschule Homberg","robots":{"index":"index","follow":"follow","max-snippet":"max-snippet:-1","max-image-preview":"max-image-preview:large","max-video-preview":"max-video-preview:-1"},"canonical":"https:\/\/ohmtalschule.de\/?page_id=110","og_locale":"de_DE","og_type":"article","og_title":"Cafeteria - Ohmtalschule Homberg","og_description":"Das Mensateam der Ohmtalschule; im Vordergrund die Betreiber Karina und Klaus Schepp Bestens versorgt durch den Schultag &#8211; die Schulmensa Neue Mensa an der OTS seit Sommer 2017 in Betrieb \/ Kreis investiert 430.000 Euro Gr\u00f6\u00dfer, sch\u00f6ner und mehr Auswahl \u2013 so l\u00e4sst sich die Mensa der Ohmtalschule (OTS) nach dem gro\u00dfen Umbau knapp beschreiben. &hellip; Cafeteria weiterlesen &rarr;","og_url":"https:\/\/ohmtalschule.de\/?page_id=110","og_site_name":"Ohmtalschule Homberg","article_modified_time":"2018-04-23T07:18:29+00:00","og_image":[{"url":"https:\/\/ohmtalschule.de\/wordpress\/wp-content\/uploads\/2014\/02\/Mensa-1024x811.jpg","type":"","width":"","height":""}],"twitter_card":"summary_large_image","twitter_misc":{"Gesch\u00e4tzte Lesezeit":"2\u00a0Minuten"},"schema":{"@context":"https:\/\/schema.org","@graph":[{"@type":"WebPage","@id":"https:\/\/ohmtalschule.de\/?page_id=110","url":"https:\/\/ohmtalschule.de\/?page_id=110","name":"Cafeteria - Ohmtalschule Homberg","isPartOf":{"@id":"https:\/\/ohmtalschule.de\/#website"},"primaryImageOfPage":{"@id":"https:\/\/ohmtalschule.de\/?page_id=110#primaryimage"},"image":{"@id":"https:\/\/ohmtalschule.de\/?page_id=110#primaryimage"},"thumbnailUrl":"https:\/\/ohmtalschule.de\/wordpress\/wp-content\/uploads\/2014\/02\/Mensa-1024x811.jpg","datePublished":"2014-02-16T17:42:01+00:00","dateModified":"2018-04-23T07:18:29+00:00","breadcrumb":{"@id":"https:\/\/ohmtalschule.de\/?page_id=110#breadcrumb"},"inLanguage":"de","potentialAction":[{"@type":"ReadAction","target":["https:\/\/ohmtalschule.de\/?page_id=110"]}]},{"@type":"ImageObject","inLanguage":"de","@id":"https:\/\/ohmtalschule.de\/?page_id=110#primaryimage","url":"https:\/\/ohmtalschule.de\/wordpress\/wp-content\/uploads\/2014\/02\/Mensa-1024x811.jpg","contentUrl":"https:\/\/ohmtalschule.de\/wordpress\/wp-content\/uploads\/2014\/02\/Mensa-1024x811.jpg"},{"@type":"BreadcrumbList","@id":"https:\/\/ohmtalschule.de\/?page_id=110#breadcrumb","itemListElement":[{"@type":"ListItem","position":1,"name":"Startseite","item":"https:\/\/ohmtalschule.de\/"},{"@type":"ListItem","position":2,"name":"Cafeteria"}]},{"@type":"WebSite","@id":"https:\/\/ohmtalschule.de\/#website","url":"https:\/\/ohmtalschule.de\/","name":"Ohmtalschule Homberg","description":"Gesamtschule des Vogelsbergkreises","potentialAction":[{"@type":"SearchAction","target":{"@type":"EntryPoint","urlTemplate":"https:\/\/ohmtalschule.de\/?s={search_term_string}"},"query-input":{"@type":"PropertyValueSpecification","valueRequired":true,"valueName":"search_term_string"}}],"inLanguage":"de"}]}},"_links":{"self":[{"href":"https:\/\/ohmtalschule.de\/index.php?rest_route=\/wp\/v2\/pages\/110","targetHints":{"allow":["GET"]}}],"collection":[{"href":"https:\/\/ohmtalschule.de\/index.php?rest_route=\/wp\/v2\/pages"}],"about":[{"href":"https:\/\/ohmtalschule.de\/index.php?rest_route=\/wp\/v2\/types\/page"}],"author":[{"embeddable":true,"href":"https:\/\/ohmtalschule.de\/index.php?rest_route=\/wp\/v2\/users\/1"}],"replies":[{"embeddable":true,"href":"https:\/\/ohmtalschule.de\/index.php?rest_route=%2Fwp%2Fv2%2Fcomments&post=110"}],"version-history":[{"count":0,"href":"https:\/\/ohmtalschule.de\/index.php?rest_route=\/wp\/v2\/pages\/110\/revisions"}],"wp:attachment":[{"href":"https:\/\/ohmtalschule.de\/index.php?rest_route=%2Fwp%2Fv2%2Fmedia&parent=110"}],"curies":[{"name":"wp","href":"https:\/\/api.w.org\/{rel}","templated":true}]}}