{"id":108,"date":"2014-02-16T17:40:59","date_gmt":"2014-02-16T17:40:59","guid":{"rendered":"http:\/\/wp.ohmtalschule.de\/wordpress\/?page_id=108"},"modified":"2018-04-23T09:38:01","modified_gmt":"2018-04-23T07:38:01","slug":"informationen-fuer-schueler","status":"publish","type":"page","link":"https:\/\/ohmtalschule.de\/?page_id=108","title":{"rendered":"Informationen f\u00fcr Sch\u00fcler"},"content":{"rendered":"<p><span style=\"text-decoration: underline;\">Die Schulordnung:<\/span><\/p>\n<p>Gemeinsam haben Eltern, Lehrer und Sch\u00fcler die Schulordnung erarbeitet. Die Sch\u00fclervertretung hat am 31.05.2010 diesem Regelwerk zugestimmt. Alle Personen der Schulgemeinde sollten die Schulordnung kennen und auf die Einhaltung der Regeln achten! Unter dem folgenden Link kannst Du die Schulordnung nachlesen: <a title=\"Die Schulordnung\" href=\"https:\/\/ohmtalschule.de\/wordpress\/?page_id=729\">Die Schulordnung<\/a><\/p>\n<p><span style=\"text-decoration: underline;\">Beratung:<\/span><\/p>\n<p>Die Ohmtalschule bietet Dir und Deinen Eltern verschiedene Beratungsangebote. Genaueres hierzu findest Du auf der folgenden Seite: <a title=\"Beratungsangebote \/Zust\u00e4ndigkeiten\" href=\"https:\/\/ohmtalschule.de\/wordpress\/?page_id=776\">Beratungsangebote und Zust\u00e4ndigkeiten<\/a><\/p>\n<p><span style=\"text-decoration: underline;\">Der Schulterminkalender<\/span><\/p>\n<p>Der <a href=\"https:\/\/ohmtalschule.de\/wordpress\/?page_id=1772\" target=\"_blank\" rel=\"noopener\">Schulterminkalender<\/a> wird st\u00e4ndig aktualisiert. Die aktuelle Version findest Du auf der Startseite.<\/p>\n<p>&nbsp;<\/p>\n<p>&nbsp;<\/p>\n<p>&nbsp;<\/p>\n<p>&nbsp;<\/p>\n","protected":false},"excerpt":{"rendered":"<p>Die Schulordnung: Gemeinsam haben Eltern, Lehrer und Sch\u00fcler die Schulordnung erarbeitet. Die Sch\u00fclervertretung hat am 31.05.2010 diesem Regelwerk zugestimmt. Alle Personen der Schulgemeinde sollten die Schulordnung kennen und auf die Einhaltung der Regeln achten! Unter dem folgenden Link kannst Du die Schulordnung nachlesen: Die Schulordnung Beratung: Die Ohmtalschule bietet Dir und Deinen Eltern verschiedene Beratungsangebote. &hellip; <a href=\"https:\/\/ohmtalschule.de\/?page_id=108\" class=\"more-link\"><span class=\"screen-reader-text\">Informationen f\u00fcr Sch\u00fcler<\/span> weiterlesen <span class=\"meta-nav\">&rarr;<\/span><\/a><\/p>\n","protected":false},"author":1,"featured_media":0,"parent":104,"menu_order":1,"comment_status":"closed","ping_status":"closed","template":"","meta":{"footnotes":""},"class_list":["post-108","page","type-page","status-publish","hentry"],"yoast_head":"<!-- This site is optimized with the Yoast SEO plugin v27.4 - https:\/\/yoast.com\/product\/yoast-seo-wordpress\/ -->\n<title>Informationen f\u00fcr Sch\u00fcler - Ohmtalschule Homberg<\/title>\n<meta name=\"robots\" content=\"index, follow, max-snippet:-1, max-image-preview:large, max-video-preview:-1\" \/>\n<link rel=\"canonical\" href=\"https:\/\/ohmtalschule.de\/?page_id=108\" \/>\n<meta property=\"og:locale\" content=\"de_DE\" \/>\n<meta property=\"og:type\" content=\"article\" \/>\n<meta property=\"og:title\" content=\"Informationen f\u00fcr Sch\u00fcler - Ohmtalschule Homberg\" \/>\n<meta property=\"og:description\" content=\"Die Schulordnung: Gemeinsam haben Eltern, Lehrer und Sch\u00fcler die Schulordnung erarbeitet. Die Sch\u00fclervertretung hat am 31.05.2010 diesem Regelwerk zugestimmt. Alle Personen der Schulgemeinde sollten die Schulordnung kennen und auf die Einhaltung der Regeln achten! Unter dem folgenden Link kannst Du die Schulordnung nachlesen: Die Schulordnung Beratung: Die Ohmtalschule bietet Dir und Deinen Eltern verschiedene Beratungsangebote. &hellip; Informationen f\u00fcr Sch\u00fcler weiterlesen &rarr;\" \/>\n<meta property=\"og:url\" content=\"https:\/\/ohmtalschule.de\/?page_id=108\" \/>\n<meta property=\"og:site_name\" content=\"Ohmtalschule Homberg\" \/>\n<meta property=\"article:modified_time\" content=\"2018-04-23T07:38:01+00:00\" \/>\n<meta name=\"twitter:card\" content=\"summary_large_image\" \/>\n<script type=\"application\/ld+json\" class=\"yoast-schema-graph\">{\"@context\":\"https:\\\/\\\/schema.org\",\"@graph\":[{\"@type\":\"WebPage\",\"@id\":\"https:\\\/\\\/ohmtalschule.de\\\/?page_id=108\",\"url\":\"https:\\\/\\\/ohmtalschule.de\\\/?page_id=108\",\"name\":\"Informationen f\u00fcr Sch\u00fcler - Ohmtalschule Homberg\",\"isPartOf\":{\"@id\":\"https:\\\/\\\/ohmtalschule.de\\\/#website\"},\"datePublished\":\"2014-02-16T17:40:59+00:00\",\"dateModified\":\"2018-04-23T07:38:01+00:00\",\"breadcrumb\":{\"@id\":\"https:\\\/\\\/ohmtalschule.de\\\/?page_id=108#breadcrumb\"},\"inLanguage\":\"de\",\"potentialAction\":[{\"@type\":\"ReadAction\",\"target\":[\"https:\\\/\\\/ohmtalschule.de\\\/?page_id=108\"]}]},{\"@type\":\"BreadcrumbList\",\"@id\":\"https:\\\/\\\/ohmtalschule.de\\\/?page_id=108#breadcrumb\",\"itemListElement\":[{\"@type\":\"ListItem\",\"position\":1,\"name\":\"Startseite\",\"item\":\"https:\\\/\\\/ohmtalschule.de\\\/\"},{\"@type\":\"ListItem\",\"position\":2,\"name\":\"Sch\u00fcler\",\"item\":\"https:\\\/\\\/ohmtalschule.de\\\/?page_id=104\"},{\"@type\":\"ListItem\",\"position\":3,\"name\":\"Informationen f\u00fcr Sch\u00fcler\"}]},{\"@type\":\"WebSite\",\"@id\":\"https:\\\/\\\/ohmtalschule.de\\\/#website\",\"url\":\"https:\\\/\\\/ohmtalschule.de\\\/\",\"name\":\"Ohmtalschule Homberg\",\"description\":\"Gesamtschule des Vogelsbergkreises\",\"potentialAction\":[{\"@type\":\"SearchAction\",\"target\":{\"@type\":\"EntryPoint\",\"urlTemplate\":\"https:\\\/\\\/ohmtalschule.de\\\/?s={search_term_string}\"},\"query-input\":{\"@type\":\"PropertyValueSpecification\",\"valueRequired\":true,\"valueName\":\"search_term_string\"}}],\"inLanguage\":\"de\"}]}<\/script>\n<!-- \/ Yoast SEO plugin. -->","yoast_head_json":{"title":"Informationen f\u00fcr Sch\u00fcler - Ohmtalschule Homberg","robots":{"index":"index","follow":"follow","max-snippet":"max-snippet:-1","max-image-preview":"max-image-preview:large","max-video-preview":"max-video-preview:-1"},"canonical":"https:\/\/ohmtalschule.de\/?page_id=108","og_locale":"de_DE","og_type":"article","og_title":"Informationen f\u00fcr Sch\u00fcler - Ohmtalschule Homberg","og_description":"Die Schulordnung: Gemeinsam haben Eltern, Lehrer und Sch\u00fcler die Schulordnung erarbeitet. Die Sch\u00fclervertretung hat am 31.05.2010 diesem Regelwerk zugestimmt. Alle Personen der Schulgemeinde sollten die Schulordnung kennen und auf die Einhaltung der Regeln achten! Unter dem folgenden Link kannst Du die Schulordnung nachlesen: Die Schulordnung Beratung: Die Ohmtalschule bietet Dir und Deinen Eltern verschiedene Beratungsangebote. &hellip; Informationen f\u00fcr Sch\u00fcler weiterlesen &rarr;","og_url":"https:\/\/ohmtalschule.de\/?page_id=108","og_site_name":"Ohmtalschule Homberg","article_modified_time":"2018-04-23T07:38:01+00:00","twitter_card":"summary_large_image","schema":{"@context":"https:\/\/schema.org","@graph":[{"@type":"WebPage","@id":"https:\/\/ohmtalschule.de\/?page_id=108","url":"https:\/\/ohmtalschule.de\/?page_id=108","name":"Informationen f\u00fcr Sch\u00fcler - Ohmtalschule Homberg","isPartOf":{"@id":"https:\/\/ohmtalschule.de\/#website"},"datePublished":"2014-02-16T17:40:59+00:00","dateModified":"2018-04-23T07:38:01+00:00","breadcrumb":{"@id":"https:\/\/ohmtalschule.de\/?page_id=108#breadcrumb"},"inLanguage":"de","potentialAction":[{"@type":"ReadAction","target":["https:\/\/ohmtalschule.de\/?page_id=108"]}]},{"@type":"BreadcrumbList","@id":"https:\/\/ohmtalschule.de\/?page_id=108#breadcrumb","itemListElement":[{"@type":"ListItem","position":1,"name":"Startseite","item":"https:\/\/ohmtalschule.de\/"},{"@type":"ListItem","position":2,"name":"Sch\u00fcler","item":"https:\/\/ohmtalschule.de\/?page_id=104"},{"@type":"ListItem","position":3,"name":"Informationen f\u00fcr Sch\u00fcler"}]},{"@type":"WebSite","@id":"https:\/\/ohmtalschule.de\/#website","url":"https:\/\/ohmtalschule.de\/","name":"Ohmtalschule Homberg","description":"Gesamtschule des Vogelsbergkreises","potentialAction":[{"@type":"SearchAction","target":{"@type":"EntryPoint","urlTemplate":"https:\/\/ohmtalschule.de\/?s={search_term_string}"},"query-input":{"@type":"PropertyValueSpecification","valueRequired":true,"valueName":"search_term_string"}}],"inLanguage":"de"}]}},"_links":{"self":[{"href":"https:\/\/ohmtalschule.de\/index.php?rest_route=\/wp\/v2\/pages\/108","targetHints":{"allow":["GET"]}}],"collection":[{"href":"https:\/\/ohmtalschule.de\/index.php?rest_route=\/wp\/v2\/pages"}],"about":[{"href":"https:\/\/ohmtalschule.de\/index.php?rest_route=\/wp\/v2\/types\/page"}],"author":[{"embeddable":true,"href":"https:\/\/ohmtalschule.de\/index.php?rest_route=\/wp\/v2\/users\/1"}],"replies":[{"embeddable":true,"href":"https:\/\/ohmtalschule.de\/index.php?rest_route=%2Fwp%2Fv2%2Fcomments&post=108"}],"version-history":[{"count":0,"href":"https:\/\/ohmtalschule.de\/index.php?rest_route=\/wp\/v2\/pages\/108\/revisions"}],"up":[{"embeddable":true,"href":"https:\/\/ohmtalschule.de\/index.php?rest_route=\/wp\/v2\/pages\/104"}],"wp:attachment":[{"href":"https:\/\/ohmtalschule.de\/index.php?rest_route=%2Fwp%2Fv2%2Fmedia&parent=108"}],"curies":[{"name":"wp","href":"https:\/\/api.w.org\/{rel}","templated":true}]}}