{"id":1049,"date":"2014-04-07T19:08:49","date_gmt":"2014-04-07T19:08:49","guid":{"rendered":"http:\/\/wp.ohmtalschule.de\/wordpress\/?page_id=1049"},"modified":"2014-04-07T19:08:49","modified_gmt":"2014-04-07T19:08:49","slug":"vorstand","status":"publish","type":"page","link":"https:\/\/ohmtalschule.de\/?page_id=1049","title":{"rendered":"Vorstand"},"content":{"rendered":"<p style=\"text-align: justify;\">Der Vorstand des F\u00f6rdervereins Gesamtschule Ohmtal e.V. besteht aus sieben Mitgliedern. Der Vorstand trifft sich in regelm\u00e4\u00dfigen Abst\u00e4nden, um z.B. \u00fcber vorliegende F\u00f6rderantr\u00e4ge zu beraten und abzustimmen sowie die Elternspende vorzubereiten und auszuwerten. Bei der Auswertung der Elternspende sind keine Lehrkr\u00e4fte anwesend. Die Wahlen zum Vorstand sind in der <a title=\"Downloads\" href=\"https:\/\/ohmtalschule.de\/wordpress\/?page_id=218\">Satzung<\/a> geregelt.<\/p>\n\n<table id=\"tablepress-30\" class=\"tablepress tablepress-id-30\">\n<tbody class=\"row-striping row-hover\">\n<tr class=\"row-1\">\n\t<td class=\"column-1\">Vorsitzende<\/td><td class=\"column-2\">Frau Julia Braun-Seibert<\/td>\n<\/tr>\n<tr class=\"row-2\">\n\t<td class=\"column-1\">Stellvertretende Vorsitzende<\/td><td class=\"column-2\">Frau Yvonne Schmidt<\/td>\n<\/tr>\n<tr class=\"row-3\">\n\t<td class=\"column-1\">Rechner<\/td><td class=\"column-2\">Herr Dr. Peter Zieger<\/td>\n<\/tr>\n<tr class=\"row-4\">\n\t<td class=\"column-1\">Schriftf\u00fchrer<\/td><td class=\"column-2\">Herr Peter Dr\u00f6\u00dfler<\/td>\n<\/tr>\n<tr class=\"row-5\">\n\t<td class=\"column-1\">Beisitzerin<\/td><td class=\"column-2\">Frau Melanie Franke<\/td>\n<\/tr>\n<tr class=\"row-6\">\n\t<td class=\"column-1\">Beisitzerin<\/td><td class=\"column-2\">Frau Christina Nau<\/td>\n<\/tr>\n<tr class=\"row-7\">\n\t<td class=\"column-1\">Beisitzerin<\/td><td class=\"column-2\">Frau Christa Seim<\/td>\n<\/tr>\n<\/tbody>\n<\/table>\n<!-- #tablepress-30 from cache -->\n","protected":false},"excerpt":{"rendered":"<p>Der Vorstand des F\u00f6rdervereins Gesamtschule Ohmtal e.V. besteht aus sieben Mitgliedern. Der Vorstand trifft sich in regelm\u00e4\u00dfigen Abst\u00e4nden, um z.B. \u00fcber vorliegende F\u00f6rderantr\u00e4ge zu beraten und abzustimmen sowie die Elternspende vorzubereiten und auszuwerten. Bei der Auswertung der Elternspende sind keine Lehrkr\u00e4fte anwesend. Die Wahlen zum Vorstand sind in der Satzung geregelt.<\/p>\n","protected":false},"author":2,"featured_media":0,"parent":141,"menu_order":0,"comment_status":"closed","ping_status":"closed","template":"page-templates\/full-width.php","meta":{"footnotes":""},"class_list":["post-1049","page","type-page","status-publish","hentry"],"yoast_head":"<!-- This site is optimized with the Yoast SEO plugin v27.4 - https:\/\/yoast.com\/product\/yoast-seo-wordpress\/ -->\n<title>Vorstand - Ohmtalschule Homberg<\/title>\n<meta name=\"robots\" content=\"index, follow, max-snippet:-1, max-image-preview:large, max-video-preview:-1\" \/>\n<link rel=\"canonical\" href=\"https:\/\/ohmtalschule.de\/?page_id=1049\" \/>\n<meta property=\"og:locale\" content=\"de_DE\" \/>\n<meta property=\"og:type\" content=\"article\" \/>\n<meta property=\"og:title\" content=\"Vorstand - Ohmtalschule Homberg\" \/>\n<meta property=\"og:description\" content=\"Der Vorstand des F\u00f6rdervereins Gesamtschule Ohmtal e.V. besteht aus sieben Mitgliedern. Der Vorstand trifft sich in regelm\u00e4\u00dfigen Abst\u00e4nden, um z.B. \u00fcber vorliegende F\u00f6rderantr\u00e4ge zu beraten und abzustimmen sowie die Elternspende vorzubereiten und auszuwerten. Bei der Auswertung der Elternspende sind keine Lehrkr\u00e4fte anwesend. Die Wahlen zum Vorstand sind in der Satzung geregelt.\" \/>\n<meta property=\"og:url\" content=\"https:\/\/ohmtalschule.de\/?page_id=1049\" \/>\n<meta property=\"og:site_name\" content=\"Ohmtalschule Homberg\" \/>\n<meta name=\"twitter:card\" content=\"summary_large_image\" \/>\n<script type=\"application\/ld+json\" class=\"yoast-schema-graph\">{\"@context\":\"https:\\\/\\\/schema.org\",\"@graph\":[{\"@type\":\"WebPage\",\"@id\":\"https:\\\/\\\/ohmtalschule.de\\\/?page_id=1049\",\"url\":\"https:\\\/\\\/ohmtalschule.de\\\/?page_id=1049\",\"name\":\"Vorstand - Ohmtalschule Homberg\",\"isPartOf\":{\"@id\":\"https:\\\/\\\/ohmtalschule.de\\\/#website\"},\"datePublished\":\"2014-04-07T19:08:49+00:00\",\"breadcrumb\":{\"@id\":\"https:\\\/\\\/ohmtalschule.de\\\/?page_id=1049#breadcrumb\"},\"inLanguage\":\"de\",\"potentialAction\":[{\"@type\":\"ReadAction\",\"target\":[\"https:\\\/\\\/ohmtalschule.de\\\/?page_id=1049\"]}]},{\"@type\":\"BreadcrumbList\",\"@id\":\"https:\\\/\\\/ohmtalschule.de\\\/?page_id=1049#breadcrumb\",\"itemListElement\":[{\"@type\":\"ListItem\",\"position\":1,\"name\":\"Startseite\",\"item\":\"https:\\\/\\\/ohmtalschule.de\\\/\"},{\"@type\":\"ListItem\",\"position\":2,\"name\":\"F\u00f6rderverein\",\"item\":\"https:\\\/\\\/ohmtalschule.de\\\/?page_id=141\"},{\"@type\":\"ListItem\",\"position\":3,\"name\":\"Vorstand\"}]},{\"@type\":\"WebSite\",\"@id\":\"https:\\\/\\\/ohmtalschule.de\\\/#website\",\"url\":\"https:\\\/\\\/ohmtalschule.de\\\/\",\"name\":\"Ohmtalschule Homberg\",\"description\":\"Gesamtschule des Vogelsbergkreises\",\"potentialAction\":[{\"@type\":\"SearchAction\",\"target\":{\"@type\":\"EntryPoint\",\"urlTemplate\":\"https:\\\/\\\/ohmtalschule.de\\\/?s={search_term_string}\"},\"query-input\":{\"@type\":\"PropertyValueSpecification\",\"valueRequired\":true,\"valueName\":\"search_term_string\"}}],\"inLanguage\":\"de\"}]}<\/script>\n<!-- \/ Yoast SEO plugin. -->","yoast_head_json":{"title":"Vorstand - Ohmtalschule Homberg","robots":{"index":"index","follow":"follow","max-snippet":"max-snippet:-1","max-image-preview":"max-image-preview:large","max-video-preview":"max-video-preview:-1"},"canonical":"https:\/\/ohmtalschule.de\/?page_id=1049","og_locale":"de_DE","og_type":"article","og_title":"Vorstand - Ohmtalschule Homberg","og_description":"Der Vorstand des F\u00f6rdervereins Gesamtschule Ohmtal e.V. besteht aus sieben Mitgliedern. Der Vorstand trifft sich in regelm\u00e4\u00dfigen Abst\u00e4nden, um z.B. \u00fcber vorliegende F\u00f6rderantr\u00e4ge zu beraten und abzustimmen sowie die Elternspende vorzubereiten und auszuwerten. Bei der Auswertung der Elternspende sind keine Lehrkr\u00e4fte anwesend. Die Wahlen zum Vorstand sind in der Satzung geregelt.","og_url":"https:\/\/ohmtalschule.de\/?page_id=1049","og_site_name":"Ohmtalschule Homberg","twitter_card":"summary_large_image","schema":{"@context":"https:\/\/schema.org","@graph":[{"@type":"WebPage","@id":"https:\/\/ohmtalschule.de\/?page_id=1049","url":"https:\/\/ohmtalschule.de\/?page_id=1049","name":"Vorstand - Ohmtalschule Homberg","isPartOf":{"@id":"https:\/\/ohmtalschule.de\/#website"},"datePublished":"2014-04-07T19:08:49+00:00","breadcrumb":{"@id":"https:\/\/ohmtalschule.de\/?page_id=1049#breadcrumb"},"inLanguage":"de","potentialAction":[{"@type":"ReadAction","target":["https:\/\/ohmtalschule.de\/?page_id=1049"]}]},{"@type":"BreadcrumbList","@id":"https:\/\/ohmtalschule.de\/?page_id=1049#breadcrumb","itemListElement":[{"@type":"ListItem","position":1,"name":"Startseite","item":"https:\/\/ohmtalschule.de\/"},{"@type":"ListItem","position":2,"name":"F\u00f6rderverein","item":"https:\/\/ohmtalschule.de\/?page_id=141"},{"@type":"ListItem","position":3,"name":"Vorstand"}]},{"@type":"WebSite","@id":"https:\/\/ohmtalschule.de\/#website","url":"https:\/\/ohmtalschule.de\/","name":"Ohmtalschule Homberg","description":"Gesamtschule des Vogelsbergkreises","potentialAction":[{"@type":"SearchAction","target":{"@type":"EntryPoint","urlTemplate":"https:\/\/ohmtalschule.de\/?s={search_term_string}"},"query-input":{"@type":"PropertyValueSpecification","valueRequired":true,"valueName":"search_term_string"}}],"inLanguage":"de"}]}},"_links":{"self":[{"href":"https:\/\/ohmtalschule.de\/index.php?rest_route=\/wp\/v2\/pages\/1049","targetHints":{"allow":["GET"]}}],"collection":[{"href":"https:\/\/ohmtalschule.de\/index.php?rest_route=\/wp\/v2\/pages"}],"about":[{"href":"https:\/\/ohmtalschule.de\/index.php?rest_route=\/wp\/v2\/types\/page"}],"author":[{"embeddable":true,"href":"https:\/\/ohmtalschule.de\/index.php?rest_route=\/wp\/v2\/users\/2"}],"replies":[{"embeddable":true,"href":"https:\/\/ohmtalschule.de\/index.php?rest_route=%2Fwp%2Fv2%2Fcomments&post=1049"}],"version-history":[{"count":0,"href":"https:\/\/ohmtalschule.de\/index.php?rest_route=\/wp\/v2\/pages\/1049\/revisions"}],"up":[{"embeddable":true,"href":"https:\/\/ohmtalschule.de\/index.php?rest_route=\/wp\/v2\/pages\/141"}],"wp:attachment":[{"href":"https:\/\/ohmtalschule.de\/index.php?rest_route=%2Fwp%2Fv2%2Fmedia&parent=1049"}],"curies":[{"name":"wp","href":"https:\/\/api.w.org\/{rel}","templated":true}]}}