{"id":104,"date":"2014-02-16T17:40:05","date_gmt":"2014-02-16T17:40:05","guid":{"rendered":"http:\/\/wp.ohmtalschule.de\/wordpress\/?page_id=104"},"modified":"2014-09-09T11:31:46","modified_gmt":"2014-09-09T11:31:46","slug":"schueler","status":"publish","type":"page","link":"https:\/\/ohmtalschule.de\/?page_id=104","title":{"rendered":"Sch\u00fcler"},"content":{"rendered":"<p><!--%subpages%--><\/p>\n<p>&nbsp;<\/p>\n<p><strong>Aktuelle Beitr\u00e4ge : <\/strong><\/p>\n<div class=\"sya_container\" id=\"sya_container\"><h3><a id=\"year2020\"><\/a>2020<\/h3><ul><li class=\"\"><div class=\"sya_postcontent\"><span class=\"sya_date\">01. Juli <span class=\"sya_sep\">- <\/span><\/span><a href=\"https:\/\/ohmtalschule.de\/?p=4027\" class=\"sya_postlink post-4027\" rel=\"bookmark\">Als kolumbianische Gastsch\u00fclerin  in Zeiten von Corona<\/a><div style=\"padding-left:10px\" class=\"robots-nocontent\"><cite>Antonia in Homberg, 8. Februar bis 27. Juni 2020 Ich bin Antonia Gonzalez Pinzon, bin 15 Jahre alt...<\/cite><\/div><\/div><\/li><\/ul><h3><a id=\"year2018\"><\/a>2018<\/h3><ul><li class=\"\"><div class=\"sya_postcontent\"><span class=\"sya_date\">21. Juni <span class=\"sya_sep\">- <\/span><\/span><a href=\"https:\/\/ohmtalschule.de\/?p=3309\" class=\"sya_postlink post-3309\" rel=\"bookmark\">25 Jahre F\u00d6V + SV = Tolle Sitzm\u00f6bel<\/a><div style=\"padding-left:10px\" class=\"robots-nocontent\"><cite>&#8220;Man kann sehr viel erreichen, wenn man sich engagiert.&#8221; So k\u00f6nnte das gemeinsame...<\/cite><\/div><\/div><\/li><li class=\"\"><div class=\"sya_postcontent\"><span class=\"sya_date\">22. April <span class=\"sya_sep\">- <\/span><\/span><a href=\"https:\/\/ohmtalschule.de\/?p=3270\" class=\"sya_postlink post-3270\" rel=\"bookmark\">Wenn Torben mit Lenni Stress hat&#8230;<\/a><div style=\"padding-left:10px\" class=\"robots-nocontent\"><cite>ist das ein Fall f\u00fcr die Streitschlichter \u2013 Projekt Sch\u00fcler helfen Sch\u00fcler seit Jahren...<\/cite><\/div><\/div><\/li><\/ul><h3><a id=\"year2017\"><\/a>2017<\/h3><ul><li class=\"\"><div class=\"sya_postcontent\"><span class=\"sya_date\">13. Juni <span class=\"sya_sep\">- <\/span><\/span><a href=\"https:\/\/ohmtalschule.de\/?p=2568\" class=\"sya_postlink post-2568\" rel=\"bookmark\">Beachvolleyball &#8211; Dritter Platz<\/a><div style=\"padding-left:10px\" class=\"robots-nocontent\"><cite>(DRL) Dieser Tage reiste unser Beachvolleyball-Team nach Weilburg. Im Regionalentscheid ging es um...<\/cite><\/div><\/div><\/li><li class=\"\"><div class=\"sya_postcontent\"><span class=\"sya_date\">01. Juni <span class=\"sya_sep\">- <\/span><\/span><a href=\"https:\/\/ohmtalschule.de\/?p=2532\" class=\"sya_postlink post-2532\" rel=\"bookmark\">Vorabgangsklassen besuchen Bildungsmesse<\/a><div style=\"padding-left:10px\" class=\"robots-nocontent\"><cite>&#8211; F\u00d6RDERVEREIN BETEILIGT SICH AN FAHRTKOSTEN &#8211; (DRL) Alle Sch\u00fclerinnen und Sch\u00fcler...<\/cite><\/div><\/div><\/li><li class=\"\"><div class=\"sya_postcontent\"><span class=\"sya_date\">16. Mai <span class=\"sya_sep\">- <\/span><\/span><a href=\"https:\/\/ohmtalschule.de\/?p=2498\" class=\"sya_postlink post-2498\" rel=\"bookmark\">Exkursion der &#8220;Lateiner\/innen&#8221; nach Trier<\/a><div style=\"padding-left:10px\" class=\"robots-nocontent\"><cite>(KOM) 24 Sch\u00fcerInnen aus den Jahrgangsstufen 8 und 9, viele mit Latein als zweiter Fremdsprache,...<\/cite><\/div><\/div><\/li><li class=\"\"><div class=\"sya_postcontent\"><span class=\"sya_date\">27. April <span class=\"sya_sep\">- <\/span><\/span><a href=\"https:\/\/ohmtalschule.de\/?p=2475\" class=\"sya_postlink post-2475\" rel=\"bookmark\">Elternspende &#8211; Schule gestalten<\/a><div style=\"padding-left:10px\" class=\"robots-nocontent\"><cite>(Drl) Die Phase der Elternspende ist angelaufen. Der F\u00f6rderverein der Ohmtalschule organisiert die...<\/cite><\/div><\/div><\/li><li class=\"\"><div class=\"sya_postcontent\"><span class=\"sya_date\">22. Februar <span class=\"sya_sep\">- <\/span><\/span><a href=\"https:\/\/ohmtalschule.de\/?p=2431\" class=\"sya_postlink post-2431\" rel=\"bookmark\">Sch\u00fcler freuen sich \u00fcber neuen Tischkicker<\/a><div style=\"padding-left:10px\" class=\"robots-nocontent\"><cite>Ohmtalschule schafft beliebtes Spielger\u00e4t f\u00fcr die Pausen an (PrT)\u00a0 Ein neuer Tischkicker gl\u00e4nzt...<\/cite><\/div><\/div><\/li><\/ul><h3><a id=\"year2016\"><\/a>2016<\/h3><ul><li class=\"\"><div class=\"sya_postcontent\"><span class=\"sya_date\">23. November <span class=\"sya_sep\">- <\/span><\/span><a href=\"https:\/\/ohmtalschule.de\/?p=2333\" class=\"sya_postlink post-2333\" rel=\"bookmark\">Roboter-Crowdfunding erfolgreich<\/a><div style=\"padding-left:10px\" class=\"robots-nocontent\"><cite>Gemeinsam sind wir stark! 48 Fans und 52 Unterst\u00fctzer hauchen dem Projekt &#8220;Roboter an der...<\/cite><\/div><\/div><\/li><li class=\"\"><div class=\"sya_postcontent\"><span class=\"sya_date\">19. November <span class=\"sya_sep\">- <\/span><\/span><a href=\"https:\/\/ohmtalschule.de\/?p=2327\" class=\"sya_postlink post-2327\" rel=\"bookmark\">Lesen verbindet<\/a><div style=\"padding-left:10px\" class=\"robots-nocontent\"><cite>Lesepatenprojekt der Grund- und Ohmtalschule gestartet! (EPf) Die Sch\u00fclerinnen und Sch\u00fcler der 8....<\/cite><\/div><\/div><\/li><li class=\"\"><div class=\"sya_postcontent\"><span class=\"sya_date\">08. November <span class=\"sya_sep\">- <\/span><\/span><a href=\"https:\/\/ohmtalschule.de\/?p=2315\" class=\"sya_postlink post-2315\" rel=\"bookmark\">Sparkasse Oberhessen spendet 200 \u20ac an F\u00f6rderverein<\/a><div style=\"padding-left:10px\" class=\"robots-nocontent\"><cite>(DRL) Der F\u00f6rderverein der Ohmtalschule freut sich \u00fcber eine Spende der Sparkasse Oberhessen, die...<\/cite><\/div><\/div><\/li><li class=\"\"><div class=\"sya_postcontent\"><span class=\"sya_date\">08. November <span class=\"sya_sep\">- <\/span><\/span><a href=\"https:\/\/ohmtalschule.de\/?p=2301\" class=\"sya_postlink post-2301\" rel=\"bookmark\">Informationsveranstaltungen f\u00fcr Lernende der Abschlussklassen 10R<\/a><div style=\"padding-left:10px\" class=\"robots-nocontent\"><cite>Sch\u00fclerinnen und Sch\u00fcler der Ohmtalschule haben im November und Dezember die M\u00f6glichkeit, sich...<\/cite><\/div><\/div><\/li><li class=\"\"><div class=\"sya_postcontent\"><span class=\"sya_date\">01. November <span class=\"sya_sep\">- <\/span><\/span><a href=\"https:\/\/ohmtalschule.de\/?p=2284\" class=\"sya_postlink post-2284\" rel=\"bookmark\">Ohmtalschule feierte 50-j\u00e4hriges Bestehen mit zahlreichen G\u00e4sten<\/a><div style=\"padding-left:10px\" class=\"robots-nocontent\"><cite>Spannendes Quiz, interessante Bunkerf\u00fchrung, rasanter Weltrekordversuch &#8230; (PT) \u201eI see a...<\/cite><\/div><\/div><\/li><li class=\"\"><div class=\"sya_postcontent\"><span class=\"sya_date\">19. September <span class=\"sya_sep\">- <\/span><\/span><a href=\"https:\/\/ohmtalschule.de\/?p=2252\" class=\"sya_postlink post-2252\" rel=\"bookmark\">Gro\u00dfe Party und ein Weltrekord &#8211; unser Schulfest am Samstag<\/a><div style=\"padding-left:10px\" class=\"robots-nocontent\"><cite>Ohmtalschule feiert Ende September 50-j\u00e4hriges Bestehen \/ Alle Interessierten sind herzlich...<\/cite><\/div><\/div><\/li><li class=\"\"><div class=\"sya_postcontent\"><span class=\"sya_date\">16. September <span class=\"sya_sep\">- <\/span><\/span><a href=\"https:\/\/ohmtalschule.de\/?p=2258\" class=\"sya_postlink post-2258\" rel=\"bookmark\">Forschen in Neu-Ulrichstein<\/a><div style=\"padding-left:10px\" class=\"robots-nocontent\"><cite>(DRL) Die Sch\u00fclerinnen und Sch\u00fcler der Ohmtalschule k\u00f6nnen zuk\u00fcnftig am ortsnahen...<\/cite><\/div><\/div><\/li><li class=\"\"><div class=\"sya_postcontent\"><span class=\"sya_date\">15. September <span class=\"sya_sep\">- <\/span><\/span><a href=\"https:\/\/ohmtalschule.de\/?p=2255\" class=\"sya_postlink post-2255\" rel=\"bookmark\">Bewerbertag an der Ohmtalschule \u2013 Betriebe stellen sich vor<\/a><div style=\"padding-left:10px\" class=\"robots-nocontent\"><cite>Infos zu Studium und Beruf (SIM). Worauf legen Betriebe bei der Ausbildungsplatz-Vergabe besonderen...<\/cite><\/div><\/div><\/li><li class=\"\"><div class=\"sya_postcontent\"><span class=\"sya_date\">05. September <span class=\"sya_sep\">- <\/span><\/span><a href=\"https:\/\/ohmtalschule.de\/?p=2241\" class=\"sya_postlink post-2241\" rel=\"bookmark\">Finanzf\u00fchrerschein<\/a><div style=\"padding-left:10px\" class=\"robots-nocontent\"><cite>Per \u201eF\u00fchrerschein\u201c zum Geldprofi. Neues Projekt von VR Bank und Ohmtalschule soll Jugendliche...<\/cite><\/div><\/div><\/li><li class=\"\"><div class=\"sya_postcontent\"><span class=\"sya_date\">19. Juli <span class=\"sya_sep\">- <\/span><\/span><a href=\"https:\/\/ohmtalschule.de\/?p=2141\" class=\"sya_postlink post-2141\" rel=\"bookmark\">Goldene Sterne zum Abschied<\/a><div style=\"padding-left:10px\" class=\"robots-nocontent\"><cite>Abg\u00e4ngerklassen in der Stadthalle feierlich verabschiedet (SIM). Goldene und silberne Sterne...<\/cite><\/div><\/div><\/li><li class=\"\"><div class=\"sya_postcontent\"><span class=\"sya_date\">14. Juli <span class=\"sya_sep\">- <\/span><\/span><a href=\"https:\/\/ohmtalschule.de\/?p=2134\" class=\"sya_postlink post-2134\" rel=\"bookmark\">Abschlusssch\u00fcler spenden an F\u00f6rderverein<\/a><div style=\"padding-left:10px\" class=\"robots-nocontent\"><cite>(DRL). Der F\u00f6rderverein bedankt sich bei den Abschlusssch\u00fclerinnen und -sch\u00fclern f\u00fcr die Spende...<\/cite><\/div><\/div><\/li><li class=\"\"><div class=\"sya_postcontent\"><span class=\"sya_date\">02. Mai <span class=\"sya_sep\">- <\/span><\/span><a href=\"https:\/\/ohmtalschule.de\/?p=2055\" class=\"sya_postlink post-2055\" rel=\"bookmark\">Maximilian Ried &#8211; Kreissieger des Mathematikwettbewerbs<\/a><div style=\"padding-left:10px\" class=\"robots-nocontent\"><cite>(Drl) Maximilian Ried ist als erster Sch\u00fcler der Ohmtalschule\u00a0 Kreissieger beim landesweiten...<\/cite><\/div><\/div><\/li><li class=\"\"><div class=\"sya_postcontent\"><span class=\"sya_date\">08. Februar <span class=\"sya_sep\">- <\/span><\/span><a href=\"https:\/\/ohmtalschule.de\/?p=1988\" class=\"sya_postlink post-1988\" rel=\"bookmark\">F\u00f6rderverein l\u00e4dt zur Jahreshauptversammlung<\/a><div style=\"padding-left:10px\" class=\"robots-nocontent\"><cite>Der Vorstand des F\u00f6rdervereins der Ohmtalschule e.V. l\u00e4dt alle Mitglieder zur...<\/cite><\/div><\/div><\/li><li class=\"\"><div class=\"sya_postcontent\"><span class=\"sya_date\">27. Januar <span class=\"sya_sep\">- <\/span><\/span><a href=\"https:\/\/ohmtalschule.de\/?p=1979\" class=\"sya_postlink post-1979\" rel=\"bookmark\">Projektpr\u00fcfung bestanden!<\/a><div style=\"padding-left:10px\" class=\"robots-nocontent\"><cite>(Drl) 13 Sch\u00fclerinnen und Sch\u00fcler der 9. Hauptschulklasse der Ohmtalschule stellten sich vor...<\/cite><\/div><\/div><\/li><\/ul><h3><a id=\"year2015\"><\/a>2015<\/h3><ul><li class=\"\"><div class=\"sya_postcontent\"><span class=\"sya_date\">18. November <span class=\"sya_sep\">- <\/span><\/span><a href=\"https:\/\/ohmtalschule.de\/?p=1881\" class=\"sya_postlink post-1881\" rel=\"bookmark\">Vorzeitiger Unterrichtsschluss am 19.11.2015<\/a><div style=\"padding-left:10px\" class=\"robots-nocontent\"><cite>Aufgrund einer Trauerfeier endet der Unterricht am Donnerstag, den 19. November 2015 nach der 4....<\/cite><\/div><\/div><\/li><li class=\"\"><div class=\"sya_postcontent\"><span class=\"sya_date\">24. Juli <span class=\"sya_sep\">- <\/span><\/span><a href=\"https:\/\/ohmtalschule.de\/?p=1784\" class=\"sya_postlink post-1784\" rel=\"bookmark\">Endlich Ferien!<\/a><div style=\"padding-left:10px\" class=\"robots-nocontent\"><cite>Die Schulleitung w\u00fcnscht allen Sch\u00fclerinnen und Sch\u00fclern, Lehrkr\u00e4ften, Eltern und Bediensteten...<\/cite><\/div><\/div><\/li><li class=\"\"><div class=\"sya_postcontent\"><span class=\"sya_date\">04. Februar <span class=\"sya_sep\">- <\/span><\/span><a href=\"https:\/\/ohmtalschule.de\/?p=1489\" class=\"sya_postlink post-1489\" rel=\"bookmark\">F\u00f6rderverein l\u00e4dt zur Jahreshauptversammlung 2015<\/a><div style=\"padding-left:10px\" class=\"robots-nocontent\"><cite>Sehr geehrte Mitglieder des F\u00f6rdervereins der Ohmtalschule, wir laden Sie recht herzlich zur...<\/cite><\/div><\/div><\/li><\/ul><h3><a id=\"year2014\"><\/a>2014<\/h3><ul><li class=\"\"><div class=\"sya_postcontent\"><span class=\"sya_date\">14. Oktober <span class=\"sya_sep\">- <\/span><\/span><a href=\"https:\/\/ohmtalschule.de\/?p=1355\" class=\"sya_postlink post-1355\" rel=\"bookmark\">Cambridge Certificate<\/a><div style=\"padding-left:10px\" class=\"robots-nocontent\"><cite>Sch\u00fcler der Ohmtalschule erwerben Sprachzertifikat mit Unterst\u00fctzung der Monika &amp; Dieter...<\/cite><\/div><\/div><\/li><li class=\"\"><div class=\"sya_postcontent\"><span class=\"sya_date\">06. Oktober <span class=\"sya_sep\">- <\/span><\/span><a href=\"https:\/\/ohmtalschule.de\/?p=1300\" class=\"sya_postlink post-1300\" rel=\"bookmark\">F\u00f6rderverein bedankt sich f\u00fcr Spendenbereitschaft<\/a><div style=\"padding-left:10px\" class=\"robots-nocontent\"><cite>(Drl) Der Vorstand des F\u00f6rdervereins der Ohmtalschule bedankt sich bei der Sparkasse Oberhessen...<\/cite><\/div><\/div><\/li><li class=\"\"><div class=\"sya_postcontent\"><span class=\"sya_date\">29. September <span class=\"sya_sep\">- <\/span><\/span><a href=\"https:\/\/ohmtalschule.de\/?p=1291\" class=\"sya_postlink post-1291\" rel=\"bookmark\">Erfolgreicher Bewerbertag an der Ohmtalschule<\/a><div style=\"padding-left:10px\" class=\"robots-nocontent\"><cite>(PrT) Zum Beginn des neuen Schuljahres fand an der Ohmtalschule erneut der Bewerbertag f\u00fcr die...<\/cite><\/div><\/div><\/li><li class=\"\"><div class=\"sya_postcontent\"><span class=\"sya_date\">03. September <span class=\"sya_sep\">- <\/span><\/span><a href=\"https:\/\/ohmtalschule.de\/?p=1262\" class=\"sya_postlink post-1262\" rel=\"bookmark\">Ge\u00e4ndertes Zeitraster und \u00c4nderung der Bef\u00f6rderungszeiten<\/a><div style=\"padding-left:10px\" class=\"robots-nocontent\"><cite>Das Zeitraster der Ohmtalschule und die Bef\u00f6rderungszeiten haben sich ge\u00e4ndert. Im folgenden...<\/cite><\/div><\/div><\/li><li class=\"\"><div class=\"sya_postcontent\"><span class=\"sya_date\">24. Juli <span class=\"sya_sep\">- <\/span><\/span><a href=\"https:\/\/ohmtalschule.de\/?p=1211\" class=\"sya_postlink post-1211\" rel=\"bookmark\">Feierstunde f\u00fcr die Abg\u00e4nger der Ohmtalschule<\/a><div style=\"padding-left:10px\" class=\"robots-nocontent\"><cite>Kurzweiliges Programm mit Gesang, Dankesreden und Gl\u00fcckw\u00fcnschen (JRS) Das Motto der diesj\u00e4hrigen...<\/cite><\/div><\/div><\/li><li class=\"\"><div class=\"sya_postcontent\"><span class=\"sya_date\">07. Juli <span class=\"sya_sep\">- <\/span><\/span><a href=\"https:\/\/ohmtalschule.de\/?p=1184\" class=\"sya_postlink post-1184\" rel=\"bookmark\">Ausflug zu den &#8220;Dicken Steinen&#8221;<\/a><div style=\"padding-left:10px\" class=\"robots-nocontent\"><cite>(D\u00f6g) In der diesj\u00e4hrigen Projektwoche (22.6. \u2013 27.6.2014) haben gleich\u00a0 mehrere Klassen einen...<\/cite><\/div><\/div><\/li><li class=\"\"><div class=\"sya_postcontent\"><span class=\"sya_date\">12. Juni <span class=\"sya_sep\">- <\/span><\/span><a href=\"https:\/\/ohmtalschule.de\/?p=1131\" class=\"sya_postlink post-1131\" rel=\"bookmark\">M\u00e4dchen-Mannschaften der OTS siegten beim Ohmtal-Cup<\/a><div style=\"padding-left:10px\" class=\"robots-nocontent\"><cite>(SCM). Am vergangenen Donnerstag konnte man in der Sporthalle der Ohmtalschule spannende...<\/cite><\/div><\/div><\/li><li class=\"\"><div class=\"sya_postcontent\"><span class=\"sya_date\">09. Juni <span class=\"sya_sep\">- <\/span><\/span><a href=\"https:\/\/ohmtalschule.de\/?p=1126\" class=\"sya_postlink post-1126\" rel=\"bookmark\">Bundesjugendspiele am 7. Juli<\/a><div style=\"padding-left:10px\" class=\"robots-nocontent\"><cite>(SCM). Die Sch\u00fcler\/innen k\u00f6nnen in diesem Jahr selbst entscheiden, ob sie die BJS in der...<\/cite><\/div><\/div><\/li><li class=\"\"><div class=\"sya_postcontent\"><span class=\"sya_date\">28. Mai <span class=\"sya_sep\">- <\/span><\/span><a href=\"https:\/\/ohmtalschule.de\/?p=1124\" class=\"sya_postlink post-1124\" rel=\"bookmark\">Handyverbot &#8211; Muss das sein?<\/a><div style=\"padding-left:10px\" class=\"robots-nocontent\"><cite>(R\u00f6h) Die Sch\u00fclervertretung hat vor kurzem einen Antrag gestellt, indem sie darum bittet,...<\/cite><\/div><\/div><\/li><li class=\"\"><div class=\"sya_postcontent\"><span class=\"sya_date\">08. Mai <span class=\"sya_sep\">- <\/span><\/span><a href=\"https:\/\/ohmtalschule.de\/?p=1086\" class=\"sya_postlink post-1086\" rel=\"bookmark\">Theaterauff\u00fchrung am Freitag<\/a><div style=\"padding-left:10px\" class=\"robots-nocontent\"><cite>(DRL) Die Theatergruppe der Jahrg\u00e4nge 5 und 6 f\u00fchrt am morgigen Freitag das Theaterst\u00fcck...<\/cite><\/div><\/div><\/li><li class=\"\"><div class=\"sya_postcontent\"><span class=\"sya_date\">10. April <span class=\"sya_sep\">- <\/span><\/span><a href=\"https:\/\/ohmtalschule.de\/?p=1061\" class=\"sya_postlink post-1061\" rel=\"bookmark\">Jetzt f\u00fcr die n\u00e4chste Jugendbegegnungsfahrt nach Thouar\u00e9 anmelden!<\/a><div style=\"padding-left:10px\" class=\"robots-nocontent\"><cite>(R\u00f6h\/Bar) Vom 11. bis 18. Oktober findet in diesem Jahr die Jugendbegegnungsfahrt nach Thouar\u00e9...<\/cite><\/div><\/div><\/li><li class=\"\"><div class=\"sya_postcontent\"><span class=\"sya_date\">07. April <span class=\"sya_sep\">- <\/span><\/span><a href=\"https:\/\/ohmtalschule.de\/?p=1030\" class=\"sya_postlink post-1030\" rel=\"bookmark\">Aufruf zur Elternspende 2014<\/a><div style=\"padding-left:10px\" class=\"robots-nocontent\"><cite>Die Schulgemeinde freut sich \u00fcber jede Spende. Bitte lesen Sie...<\/cite><\/div><\/div><\/li><li class=\"\"><div class=\"sya_postcontent\"><span class=\"sya_date\">04. April <span class=\"sya_sep\">- <\/span><\/span><a href=\"https:\/\/ohmtalschule.de\/?p=1024\" class=\"sya_postlink post-1024\" rel=\"bookmark\">Ohmtalsch\u00fcler waren begeistert vom \u201eK\u00f6nig der L\u00f6wen\u201c<\/a><div style=\"padding-left:10px\" class=\"robots-nocontent\"><cite>(H. Kress) Nachdem im Dezember 2013 die geplante Fahrt nach Hamburg zum Musical \u201eK\u00f6nig der...<\/cite><\/div><\/div><\/li><li class=\"\"><div class=\"sya_postcontent\"><span class=\"sya_date\">28. M\u00e4rz <span class=\"sya_sep\">- <\/span><\/span><a href=\"https:\/\/ohmtalschule.de\/?p=1011\" class=\"sya_postlink post-1011\" rel=\"bookmark\">Vampire an der Ohmtalschule<\/a><div style=\"padding-left:10px\" class=\"robots-nocontent\"><cite>(Fr. Loogen-Leifhelm) Ohren spitzen und gut aufgepasst \u2013 so hie\u00df es vergangene Woche an der...<\/cite><\/div><\/div><\/li><li class=\"\"><div class=\"sya_postcontent\"><span class=\"sya_date\">24. M\u00e4rz <span class=\"sya_sep\">- <\/span><\/span><a href=\"https:\/\/ohmtalschule.de\/?p=988\" class=\"sya_postlink post-988\" rel=\"bookmark\">7. Klassen beim Girls\u2019- und Boys\u2019-Day<\/a><div style=\"padding-left:10px\" class=\"robots-nocontent\"><cite>(Fr. Ebert) Alle Sch\u00fclerinnen und Sch\u00fcler der 7. Klassen nehmen auch dieses Jahr wieder an einem...<\/cite><\/div><\/div><\/li><li class=\"\"><div class=\"sya_postcontent\"><span class=\"sya_date\">11. M\u00e4rz <span class=\"sya_sep\">- <\/span><\/span><a href=\"https:\/\/ohmtalschule.de\/?p=940\" class=\"sya_postlink post-940\" rel=\"bookmark\">Ohmtal-Sch\u00fcler bestehen ECDL-Computerf\u00fchrerschein<\/a><div style=\"padding-left:10px\" class=\"robots-nocontent\"><cite>Erfolgreich absolvierten\u00a0 Simon B\u00f6ttner,\u00a0 Robin Jan Zeger de Haan,\u00a0 Leon Fleischhauer,\u00a0...<\/cite><\/div><\/div><\/li><li class=\"\"><div class=\"sya_postcontent\"><span class=\"sya_date\">11. M\u00e4rz <span class=\"sya_sep\">- <\/span><\/span><a href=\"https:\/\/ohmtalschule.de\/?p=935\" class=\"sya_postlink post-935\" rel=\"bookmark\">Musicalfahrt nach Hamburg<\/a><div style=\"padding-left:10px\" class=\"robots-nocontent\"><cite>(Hr. Kress) Ab nach Hamburg im zweiten Anlauf. Nachdem die Musicalfahrt aufgrund der bedrohlichen...<\/cite><\/div><\/div><\/li><li class=\"\"><div class=\"sya_postcontent\"><span class=\"sya_date\">10. M\u00e4rz <span class=\"sya_sep\">- <\/span><\/span><a href=\"https:\/\/ohmtalschule.de\/?p=924\" class=\"sya_postlink post-924\" rel=\"bookmark\">Realsch\u00fcler erfolgreich bei Pr\u00e4sentationspr\u00fcfungen<\/a><div style=\"padding-left:10px\" class=\"robots-nocontent\"><cite>\u00a0 \u201eHat die Ultrabewegung im deutschen Fu\u00dfball eine Zukunft?\u201c, \u201eWarum richten Menschen ihre...<\/cite><\/div><\/div><\/li><li class=\"\"><div class=\"sya_postcontent\"><span class=\"sya_date\">04. M\u00e4rz <span class=\"sya_sep\">- <\/span><\/span><a href=\"https:\/\/ohmtalschule.de\/?p=805\" class=\"sya_postlink post-805\" rel=\"bookmark\">Hauptsch\u00fcler meistern Projektpr\u00fcfung<\/a><div style=\"padding-left:10px\" class=\"robots-nocontent\"><cite>20 Sch\u00fclerinnen und Sch\u00fcler der 9. Hauptschulklasse der Ohmtalschule mussten sich vor Kurzem im...<\/cite><\/div><\/div><\/li><\/ul><\/div>\n","protected":false},"excerpt":{"rendered":"<p>&nbsp; Aktuelle Beitr\u00e4ge :<\/p>\n","protected":false},"author":1,"featured_media":0,"parent":0,"menu_order":50,"comment_status":"closed","ping_status":"closed","template":"page-templates\/full-width.php","meta":{"footnotes":""},"class_list":["post-104","page","type-page","status-publish","hentry"],"yoast_head":"<!-- This site is optimized with the Yoast SEO plugin v27.4 - https:\/\/yoast.com\/product\/yoast-seo-wordpress\/ -->\n<title>Sch\u00fcler - Ohmtalschule Homberg<\/title>\n<meta name=\"robots\" content=\"index, follow, max-snippet:-1, max-image-preview:large, max-video-preview:-1\" \/>\n<link rel=\"canonical\" href=\"https:\/\/ohmtalschule.de\/?page_id=104\" \/>\n<meta property=\"og:locale\" content=\"de_DE\" \/>\n<meta property=\"og:type\" content=\"article\" \/>\n<meta property=\"og:title\" content=\"Sch\u00fcler - Ohmtalschule Homberg\" \/>\n<meta property=\"og:description\" content=\"&nbsp; Aktuelle Beitr\u00e4ge :\" \/>\n<meta property=\"og:url\" content=\"https:\/\/ohmtalschule.de\/?page_id=104\" \/>\n<meta property=\"og:site_name\" content=\"Ohmtalschule Homberg\" \/>\n<meta property=\"article:modified_time\" content=\"2014-09-09T11:31:46+00:00\" \/>\n<meta name=\"twitter:card\" content=\"summary_large_image\" \/>\n<script type=\"application\/ld+json\" class=\"yoast-schema-graph\">{\"@context\":\"https:\\\/\\\/schema.org\",\"@graph\":[{\"@type\":\"WebPage\",\"@id\":\"https:\\\/\\\/ohmtalschule.de\\\/?page_id=104\",\"url\":\"https:\\\/\\\/ohmtalschule.de\\\/?page_id=104\",\"name\":\"Sch\u00fcler - Ohmtalschule Homberg\",\"isPartOf\":{\"@id\":\"https:\\\/\\\/ohmtalschule.de\\\/#website\"},\"datePublished\":\"2014-02-16T17:40:05+00:00\",\"dateModified\":\"2014-09-09T11:31:46+00:00\",\"breadcrumb\":{\"@id\":\"https:\\\/\\\/ohmtalschule.de\\\/?page_id=104#breadcrumb\"},\"inLanguage\":\"de\",\"potentialAction\":[{\"@type\":\"ReadAction\",\"target\":[\"https:\\\/\\\/ohmtalschule.de\\\/?page_id=104\"]}]},{\"@type\":\"BreadcrumbList\",\"@id\":\"https:\\\/\\\/ohmtalschule.de\\\/?page_id=104#breadcrumb\",\"itemListElement\":[{\"@type\":\"ListItem\",\"position\":1,\"name\":\"Startseite\",\"item\":\"https:\\\/\\\/ohmtalschule.de\\\/\"},{\"@type\":\"ListItem\",\"position\":2,\"name\":\"Sch\u00fcler\"}]},{\"@type\":\"WebSite\",\"@id\":\"https:\\\/\\\/ohmtalschule.de\\\/#website\",\"url\":\"https:\\\/\\\/ohmtalschule.de\\\/\",\"name\":\"Ohmtalschule Homberg\",\"description\":\"Gesamtschule des Vogelsbergkreises\",\"potentialAction\":[{\"@type\":\"SearchAction\",\"target\":{\"@type\":\"EntryPoint\",\"urlTemplate\":\"https:\\\/\\\/ohmtalschule.de\\\/?s={search_term_string}\"},\"query-input\":{\"@type\":\"PropertyValueSpecification\",\"valueRequired\":true,\"valueName\":\"search_term_string\"}}],\"inLanguage\":\"de\"}]}<\/script>\n<!-- \/ Yoast SEO plugin. -->","yoast_head_json":{"title":"Sch\u00fcler - Ohmtalschule Homberg","robots":{"index":"index","follow":"follow","max-snippet":"max-snippet:-1","max-image-preview":"max-image-preview:large","max-video-preview":"max-video-preview:-1"},"canonical":"https:\/\/ohmtalschule.de\/?page_id=104","og_locale":"de_DE","og_type":"article","og_title":"Sch\u00fcler - Ohmtalschule Homberg","og_description":"&nbsp; Aktuelle Beitr\u00e4ge :","og_url":"https:\/\/ohmtalschule.de\/?page_id=104","og_site_name":"Ohmtalschule Homberg","article_modified_time":"2014-09-09T11:31:46+00:00","twitter_card":"summary_large_image","schema":{"@context":"https:\/\/schema.org","@graph":[{"@type":"WebPage","@id":"https:\/\/ohmtalschule.de\/?page_id=104","url":"https:\/\/ohmtalschule.de\/?page_id=104","name":"Sch\u00fcler - Ohmtalschule Homberg","isPartOf":{"@id":"https:\/\/ohmtalschule.de\/#website"},"datePublished":"2014-02-16T17:40:05+00:00","dateModified":"2014-09-09T11:31:46+00:00","breadcrumb":{"@id":"https:\/\/ohmtalschule.de\/?page_id=104#breadcrumb"},"inLanguage":"de","potentialAction":[{"@type":"ReadAction","target":["https:\/\/ohmtalschule.de\/?page_id=104"]}]},{"@type":"BreadcrumbList","@id":"https:\/\/ohmtalschule.de\/?page_id=104#breadcrumb","itemListElement":[{"@type":"ListItem","position":1,"name":"Startseite","item":"https:\/\/ohmtalschule.de\/"},{"@type":"ListItem","position":2,"name":"Sch\u00fcler"}]},{"@type":"WebSite","@id":"https:\/\/ohmtalschule.de\/#website","url":"https:\/\/ohmtalschule.de\/","name":"Ohmtalschule Homberg","description":"Gesamtschule des Vogelsbergkreises","potentialAction":[{"@type":"SearchAction","target":{"@type":"EntryPoint","urlTemplate":"https:\/\/ohmtalschule.de\/?s={search_term_string}"},"query-input":{"@type":"PropertyValueSpecification","valueRequired":true,"valueName":"search_term_string"}}],"inLanguage":"de"}]}},"_links":{"self":[{"href":"https:\/\/ohmtalschule.de\/index.php?rest_route=\/wp\/v2\/pages\/104","targetHints":{"allow":["GET"]}}],"collection":[{"href":"https:\/\/ohmtalschule.de\/index.php?rest_route=\/wp\/v2\/pages"}],"about":[{"href":"https:\/\/ohmtalschule.de\/index.php?rest_route=\/wp\/v2\/types\/page"}],"author":[{"embeddable":true,"href":"https:\/\/ohmtalschule.de\/index.php?rest_route=\/wp\/v2\/users\/1"}],"replies":[{"embeddable":true,"href":"https:\/\/ohmtalschule.de\/index.php?rest_route=%2Fwp%2Fv2%2Fcomments&post=104"}],"version-history":[{"count":0,"href":"https:\/\/ohmtalschule.de\/index.php?rest_route=\/wp\/v2\/pages\/104\/revisions"}],"wp:attachment":[{"href":"https:\/\/ohmtalschule.de\/index.php?rest_route=%2Fwp%2Fv2%2Fmedia&parent=104"}],"curies":[{"name":"wp","href":"https:\/\/api.w.org\/{rel}","templated":true}]}}